{"id":5670,"date":"2026-01-11T11:48:07","date_gmt":"2026-01-11T11:48:07","guid":{"rendered":"https:\/\/allbiomorocco.com\/?page_id=5670"},"modified":"2026-02-02T12:30:03","modified_gmt":"2026-02-02T12:30:03","slug":"contact-allbiomorocco","status":"publish","type":"page","link":"https:\/\/allbiomorocco.com\/en\/contact-allbiomorocco\/","title":{"rendered":"contact allbiomorocco"},"content":{"rendered":"<style id=\"wpforms-css-vars-5666-block-de68debe-329f-481a-820d-a55e634cf122\">\n\t\t\t\t#wpforms-5666.wpforms-block-de68debe-329f-481a-820d-a55e634cf122 {\n\t\t\t\t--wpforms-field-size-input-height: 43px;\n--wpforms-field-size-input-spacing: 15px;\n--wpforms-field-size-font-size: 16px;\n--wpforms-field-size-line-height: 19px;\n--wpforms-field-size-padding-h: 14px;\n--wpforms-field-size-checkbox-size: 16px;\n--wpforms-field-size-sublabel-spacing: 5px;\n--wpforms-field-size-icon-size: 1;\n--wpforms-label-size-font-size: 16px;\n--wpforms-label-size-line-height: 19px;\n--wpforms-label-size-sublabel-font-size: 14px;\n--wpforms-label-size-sublabel-line-height: 17px;\n--wpforms-button-size-font-size: 17px;\n--wpforms-button-size-height: 41px;\n--wpforms-button-size-padding-h: 15px;\n--wpforms-button-size-margin-top: 10px;\n\t\t\t}\n\t\t\t<\/style><div class=\"wpforms-container wpforms-container-full wpforms-block wpforms-block-de68debe-329f-481a-820d-a55e634cf122 wpforms-render-modern\" id=\"wpforms-5666\"><form id=\"wpforms-form-5666\" class=\"wpforms-validate wpforms-form wpforms-ajax-form\" data-formid=\"5666\" method=\"post\" enctype=\"multipart\/form-data\" action=\"\/en\/wp-json\/wp\/v2\/pages\/5670\" data-token=\"26ab22f0006abf79bae7425796c67550\" data-token-time=\"1778075196\"><noscript class=\"wpforms-error-noscript\">Please enable JavaScript in your browser to complete this form.<\/noscript><div id=\"wpforms-error-noscript\" style=\"display: none;\">Please enable JavaScript in your browser to complete this form.<\/div><div class=\"wpforms-field-container\"><div id=\"wpforms-5666-field_1-container\" class=\"wpforms-field wpforms-field-name\" data-field-id=\"1\"><fieldset><legend class=\"wpforms-field-label\">Nom<\/legend><div class=\"wpforms-field-row wpforms-field-medium\"><div class=\"wpforms-field-row-block wpforms-first wpforms-one-half\"><input type=\"text\" id=\"wpforms-5666-field_1\" class=\"wpforms-field-name-first\" name=\"wpforms[fields][1][first]\" aria-errormessage=\"wpforms-5666-field_1-error\" ><label for=\"wpforms-5666-field_1\" class=\"wpforms-field-sublabel after\">First<\/label><\/div><div class=\"wpforms-field-row-block wpforms-one-half\"><input type=\"text\" id=\"wpforms-5666-field_1-last\" class=\"wpforms-field-name-last\" name=\"wpforms[fields][1][last]\" aria-errormessage=\"wpforms-5666-field_1-last-error\" ><label for=\"wpforms-5666-field_1-last\" class=\"wpforms-field-sublabel after\">Last<\/label><\/div><\/div><\/fieldset><\/div><div id=\"wpforms-5666-field_2-container\" class=\"wpforms-field wpforms-field-email\" data-field-id=\"2\"><label class=\"wpforms-field-label\" for=\"wpforms-5666-field_2\">Email<\/label><input type=\"email\" id=\"wpforms-5666-field_2\" class=\"wpforms-field-medium\" name=\"wpforms[fields][2]\" spellcheck=\"false\" aria-errormessage=\"wpforms-5666-field_2-error\" ><\/div><div id=\"wpforms-5666-field_4-container\" class=\"wpforms-field wpforms-field-text\" data-field-id=\"4\"><label class=\"wpforms-field-label\" for=\"wpforms-5666-field_4\">Sujet<\/label><input type=\"text\" id=\"wpforms-5666-field_4\" class=\"wpforms-field-medium\" name=\"wpforms[fields][4]\" aria-errormessage=\"wpforms-5666-field_4-error\" ><\/div>\t\t<div id=\"wpforms-5666-field_3-container\"\n\t\t\tclass=\"wpforms-field wpforms-field-text\"\n\t\t\tdata-field-type=\"text\"\n\t\t\tdata-field-id=\"3\"\n\t\t\t>\n\t\t\t<label class=\"wpforms-field-label\" for=\"wpforms-5666-field_3\" >Message Email Sujet<\/label>\n\t\t\t<input type=\"text\" id=\"wpforms-5666-field_3\" class=\"wpforms-field-medium\" name=\"wpforms[fields][3]\" >\n\t\t<\/div>\n\t\t<div id=\"wpforms-5666-field_5-container\" class=\"wpforms-field wpforms-field-textarea\" data-field-id=\"5\"><label class=\"wpforms-field-label\" for=\"wpforms-5666-field_5\">Message<\/label><textarea id=\"wpforms-5666-field_5\" class=\"wpforms-field-medium\" name=\"wpforms[fields][5]\" aria-errormessage=\"wpforms-5666-field_5-error\" ><\/textarea><\/div><script>\n\t\t\t\t( function() {\n\t\t\t\t\tconst style = document.createElement( 'style' );\n\t\t\t\t\tstyle.appendChild( document.createTextNode( '#wpforms-5666-field_3-container { position: absolute !important; overflow: hidden !important; display: inline !important; height: 1px !important; width: 1px !important; z-index: -1000 !important; padding: 0 !important; } #wpforms-5666-field_3-container input { visibility: hidden; } #wpforms-conversational-form-page #wpforms-5666-field_3-container label { counter-increment: none; }' ) );\n\t\t\t\t\tdocument.head.appendChild( style );\n\t\t\t\t\tdocument.currentScript?.remove();\n\t\t\t\t} )();\n\t\t\t<\/script><\/div><!-- .wpforms-field-container --><div class=\"wpforms-submit-container\" ><input type=\"hidden\" name=\"wpforms[id]\" value=\"5666\"><input type=\"hidden\" name=\"page_title\" value=\"\"><input type=\"hidden\" name=\"page_url\" value=\"https:\/\/allbiomorocco.com\/en\/wp-json\/wp\/v2\/pages\/5670\"><input type=\"hidden\" name=\"url_referer\" value=\"\"><button type=\"submit\" name=\"wpforms[submit]\" id=\"wpforms-submit-5666\" class=\"wpforms-submit\" data-alt-text=\"Envoi...\" data-submit-text=\"Envoyer\" aria-live=\"assertive\" value=\"wpforms-submit\">Envoyer<\/button><img loading=\"lazy\" decoding=\"async\" src=\"https:\/\/allbiomorocco.com\/wp-content\/plugins\/wpforms-lite\/assets\/images\/submit-spin.svg\" class=\"wpforms-submit-spinner\" style=\"display: none;\" width=\"26\" height=\"26\" alt=\"Loading\" title=\"contact allbiomorocco\"><\/div><\/form><\/div>  <!-- .wpforms-container -->\n\n<div data-spectra-id=\"spectra-mk9ox1vp-j44cn7\"\tstyle=\"overflow: visible;\" class=\"spectra-is-root-container alignfull spectra-overlay-color spectra-overflow wp-block-spectra-container\" data-orientation=\"vertical\"\t>\n\t\n<div data-spectra-id=\"spectra-3d50af3c-root\" style=\"overflow: visible\" class=\"spectra-overlay-color spectra-overflow wp-block-spectra-container\" data-orientation=\"vertical\">\n\t\n\n<div data-spectra-id=\"spectra-3d50af3c-icons\" class=\"wp-block-spectra-icons\">\n\t\n<div data-spectra-id=\"spectra-3d50af3c-icon\" style=\"--spectra-text-color: var(--ast-global-color-0);--spectra-background-color: #6EC1E3\" class=\"spectra-text-color spectra-background-color wp-block-spectra-icon has-background has-6-ec-1-e-3-background-color\">\n\t\t\t\t\t\t<svg class=\"spectra-icon\" xmlns=\"https:\/\/www.w3.org\/2000\/svg\" viewBox=\"0 0 512 512\" focusable=\"false\" style=\"fill: currentColor\" aria-hidden=\"true\"><path d=\"M18.92 351.2l108.5-46.52c12.78-5.531 27.77-1.801 36.45 8.98l44.09 53.82c69.25-34 125.5-90.31 159.5-159.5l-53.81-44.04c-10.75-8.781-14.41-23.69-8.974-36.47l46.51-108.5c6.094-13.91 21.1-21.52 35.79-18.11l100.8 23.25c14.25 3.25 24.22 15.8 24.22 30.46c0 252.3-205.2 457.5-457.5 457.5c-14.67 0-27.18-9.968-30.45-24.22l-23.25-100.8C-2.571 372.4 5.018 357.2 18.92 351.2z\"><\/path><\/svg>\n\t\t\t\t<\/div>\n\n<\/div>\n\n\n\t<p data-spectra-id=\"spectra-3d50af3c-desc\" style=\"--spectra-text-color: var(--ast-global-color-3)\" class=\"has-text-color spectra-text-color wp-block-spectra-content has-text-color has-var-ast-global-color-3-color\">\n\t\t(+212) 06 66 26 16 07\t<\/p>\n\n<\/div>\n\n\n<div data-spectra-id=\"spectra-1a3260f5-root\" style=\"overflow: visible\" class=\"spectra-overlay-color spectra-overflow wp-block-spectra-container\" data-orientation=\"vertical\">\n\t\n\n<div data-spectra-id=\"spectra-1a3260f5-icons\" class=\"wp-block-spectra-icons has-background\">\n\t\n<div data-spectra-id=\"spectra-1a3260f5-icon\" style=\"--spectra-text-color: var(--ast-global-color-0);--spectra-background-color: #6EC1E3\" class=\"spectra-text-color spectra-background-color wp-block-spectra-icon has-background has-6-ec-1-e-3-background-color\">\n\t\t\t\t\t\t<svg class=\"spectra-icon\" xmlns=\"https:\/\/www.w3.org\/2000\/svg\" viewBox=\"0 0 512 512\" focusable=\"false\" style=\"fill: currentColor\" aria-hidden=\"true\"><path d=\"M464 64C490.5 64 512 85.49 512 112C512 127.1 504.9 141.3 492.8 150.4L275.2 313.6C263.8 322.1 248.2 322.1 236.8 313.6L19.2 150.4C7.113 141.3 0 127.1 0 112C0 85.49 21.49 64 48 64H464zM217.6 339.2C240.4 356.3 271.6 356.3 294.4 339.2L512 176V384C512 419.3 483.3 448 448 448H64C28.65 448 0 419.3 0 384V176L217.6 339.2z\"><\/path><\/svg>\n\t\t\t\t<\/div>\n\n<\/div>\n\n\n\t<p data-spectra-id=\"spectra-1a3260f5-content\" style=\"--spectra-text-color: var(--ast-global-color-3)\" class=\"has-text-color spectra-text-color wp-block-spectra-content has-text-color has-var-ast-global-color-3-color\">\n\t\tallbiomorocco@gmail.com\t<\/p>\n\n<\/div>\n\n\n<div data-spectra-id=\"spectra-06238fd8-infobox\" style=\"overflow: visible\" class=\"spectra-overlay-color spectra-overflow wp-block-spectra-container\" data-orientation=\"vertical\">\n\t\n\n<div data-spectra-id=\"spectra-06238fd8-iconrow\" class=\"wp-block-spectra-icons has-background\">\n\t\n<div data-spectra-id=\"spectra-06238fd8-icon\" style=\"--spectra-text-color: var(--ast-global-color-0);--spectra-background-color: #6EC1E3\" class=\"spectra-text-color spectra-background-color wp-block-spectra-icon has-background has-6-ec-1-e-3-background-color\">\n\t\t\t\t\t\t<svg class=\"spectra-icon\" xmlns=\"https:\/\/www.w3.org\/2000\/svg\" viewBox=\"0 0 384 512\" focusable=\"false\" style=\"fill: currentColor\" aria-hidden=\"true\"><path d=\"M168.3 499.2C116.1 435 0 279.4 0 192C0 85.96 85.96 0 192 0C298 0 384 85.96 384 192C384 279.4 267 435 215.7 499.2C203.4 514.5 180.6 514.5 168.3 499.2H168.3zM192 256C227.3 256 256 227.3 256 192C256 156.7 227.3 128 192 128C156.7 128 128 156.7 128 192C128 227.3 156.7 256 192 256z\"><\/path><\/svg>\n\t\t\t\t<\/div>\n\n<\/div>\n\n\n\n<figure data-spectra-id=\"spectra-mkikvj0p-e7i6tu\" class=\"wp-block-image size-full\"><img loading=\"lazy\" decoding=\"async\" width=\"410\" height=\"410\" src=\"https:\/\/allbiomorocco.com\/wp-content\/uploads\/2026\/01\/qr_allbiomorocco.png\" alt=\"qr allbiomorocco\" class=\"wp-image-6821\" title=\"contact allbiomorocco\" srcset=\"https:\/\/allbiomorocco.com\/wp-content\/uploads\/2026\/01\/qr_allbiomorocco.png 410w, https:\/\/allbiomorocco.com\/wp-content\/uploads\/2026\/01\/qr_allbiomorocco-300x300.png 300w, https:\/\/allbiomorocco.com\/wp-content\/uploads\/2026\/01\/qr_allbiomorocco-150x150.png 150w, https:\/\/allbiomorocco.com\/wp-content\/uploads\/2026\/01\/qr_allbiomorocco-100x100.png 100w\" sizes=\"auto, (max-width: 410px) 100vw, 410px\" \/><\/figure>\n\n\n\t<p data-spectra-id=\"spectra-06238fd8-desc\" style=\"--spectra-text-color: var(--ast-global-color-3)\" class=\"has-text-color spectra-text-color wp-block-spectra-content has-text-color has-var-ast-global-color-3-color\">\n\t\tancienne medina, rue mohamed elhansali numero 73, \u00e0 c\u00f4t\u00e9 du centre d&rsquo;artisanat et de la mosqu\u00e9e almakhzen, Casablanca, Maroc\t<\/p>\n\n<\/div>\n\n<\/div>\n\n\n\n<figure data-spectra-id=\"spectra-ml54wbh1-gwr8sc\" class=\"wp-block-image aligncenter size-large\"><img loading=\"lazy\" decoding=\"async\" width=\"1024\" height=\"579\" src=\"https:\/\/allbiomorocco.com\/wp-content\/uploads\/2026\/02\/allbio-morocco-adress-1024x579.png\" alt=\"allbio morocco adress\" class=\"wp-image-7758\" title=\"contact allbiomorocco\" srcset=\"https:\/\/allbiomorocco.com\/wp-content\/uploads\/2026\/02\/allbio-morocco-adress-1024x579.png 1024w, https:\/\/allbiomorocco.com\/wp-content\/uploads\/2026\/02\/allbio-morocco-adress-300x170.png 300w, https:\/\/allbiomorocco.com\/wp-content\/uploads\/2026\/02\/allbio-morocco-adress-768x435.png 768w, https:\/\/allbiomorocco.com\/wp-content\/uploads\/2026\/02\/allbio-morocco-adress-18x10.png 18w, https:\/\/allbiomorocco.com\/wp-content\/uploads\/2026\/02\/allbio-morocco-adress-600x340.png 600w, https:\/\/allbiomorocco.com\/wp-content\/uploads\/2026\/02\/allbio-morocco-adress.png 1525w\" sizes=\"auto, (max-width: 1024px) 100vw, 1024px\" \/><\/figure>\n","protected":false},"excerpt":{"rendered":"","protected":false},"author":1,"featured_media":0,"parent":0,"menu_order":0,"comment_status":"closed","ping_status":"closed","template":"","meta":{"_uag_custom_page_level_css":"","site-sidebar-layout":"default","site-content-layout":"","ast-site-content-layout":"default","site-content-style":"default","site-sidebar-style":"default","ast-global-header-display":"","ast-banner-title-visibility":"","ast-main-header-display":"","ast-hfb-above-header-display":"","ast-hfb-below-header-display":"","ast-hfb-mobile-header-display":"","site-post-title":"","ast-breadcrumbs-content":"","ast-featured-img":"","footer-sml-layout":"","ast-disable-related-posts":"","theme-transparent-header-meta":"","adv-header-id-meta":"","stick-header-meta":"","header-above-stick-meta":"","header-main-stick-meta":"","header-below-stick-meta":"","astra-migrate-meta-layouts":"set","ast-page-background-enabled":"default","ast-page-background-meta":{"desktop":{"background-color":"","background-image":"","background-repeat":"repeat","background-position":"center center","background-size":"auto","background-attachment":"scroll","background-type":"","background-media":"","overlay-type":"","overlay-color":"","overlay-opacity":"","overlay-gradient":""},"tablet":{"background-color":"","background-image":"","background-repeat":"repeat","background-position":"center center","background-size":"auto","background-attachment":"scroll","background-type":"","background-media":"","overlay-type":"","overlay-color":"","overlay-opacity":"","overlay-gradient":""},"mobile":{"background-color":"","background-image":"","background-repeat":"repeat","background-position":"center center","background-size":"auto","background-attachment":"scroll","background-type":"","background-media":"","overlay-type":"","overlay-color":"","overlay-opacity":"","overlay-gradient":""}},"ast-content-background-meta":{"desktop":{"background-color":"var(--ast-global-color-5)","background-image":"","background-repeat":"repeat","background-position":"center center","background-size":"auto","background-attachment":"scroll","background-type":"","background-media":"","overlay-type":"","overlay-color":"","overlay-opacity":"","overlay-gradient":""},"tablet":{"background-color":"var(--ast-global-color-5)","background-image":"","background-repeat":"repeat","background-position":"center center","background-size":"auto","background-attachment":"scroll","background-type":"","background-media":"","overlay-type":"","overlay-color":"","overlay-opacity":"","overlay-gradient":""},"mobile":{"background-color":"var(--ast-global-color-5)","background-image":"","background-repeat":"repeat","background-position":"center center","background-size":"auto","background-attachment":"scroll","background-type":"","background-media":"","overlay-type":"","overlay-color":"","overlay-opacity":"","overlay-gradient":""}},"footnotes":""},"class_list":["post-5670","page","type-page","status-publish","hentry"],"aioseo_notices":[],"_hostinger_reach_plugin_has_subscription_block":false,"_hostinger_reach_plugin_is_elementor":false,"uagb_featured_image_src":{"full":false,"thumbnail":false,"medium":false,"medium_large":false,"large":false,"1536x1536":false,"2048x2048":false,"trp-custom-language-flag":false,"woocommerce_thumbnail":false,"woocommerce_single":false,"woocommerce_gallery_thumbnail":false},"uagb_author_info":{"display_name":"NOUZHA ABARDAQ","author_link":"https:\/\/allbiomorocco.com\/en\/author\/allbiomoroccogmail-com\/"},"uagb_comment_info":0,"uagb_excerpt":null,"_links":{"self":[{"href":"https:\/\/allbiomorocco.com\/en\/wp-json\/wp\/v2\/pages\/5670","targetHints":{"allow":["GET"]}}],"collection":[{"href":"https:\/\/allbiomorocco.com\/en\/wp-json\/wp\/v2\/pages"}],"about":[{"href":"https:\/\/allbiomorocco.com\/en\/wp-json\/wp\/v2\/types\/page"}],"author":[{"embeddable":true,"href":"https:\/\/allbiomorocco.com\/en\/wp-json\/wp\/v2\/users\/1"}],"replies":[{"embeddable":true,"href":"https:\/\/allbiomorocco.com\/en\/wp-json\/wp\/v2\/comments?post=5670"}],"version-history":[{"count":4,"href":"https:\/\/allbiomorocco.com\/en\/wp-json\/wp\/v2\/pages\/5670\/revisions"}],"predecessor-version":[{"id":7759,"href":"https:\/\/allbiomorocco.com\/en\/wp-json\/wp\/v2\/pages\/5670\/revisions\/7759"}],"wp:attachment":[{"href":"https:\/\/allbiomorocco.com\/en\/wp-json\/wp\/v2\/media?parent=5670"}],"curies":[{"name":"wp","href":"https:\/\/api.w.org\/{rel}","templated":true}]}}