{"id":7427,"date":"2026-01-21T13:49:06","date_gmt":"2026-01-21T13:49:06","guid":{"rendered":"https:\/\/allbiomorocco.com\/?post_type=product&#038;p=7427"},"modified":"2026-04-10T17:40:06","modified_gmt":"2026-04-10T17:40:06","slug":"huile-argan-hibiscus","status":"publish","type":"product","link":"https:\/\/allbiomorocco.com\/en\/product\/huile-argan-hibiscus\/","title":{"rendered":"Huile Argan Hibiscus"},"content":{"rendered":"<p>L\u2019huile d\u2019argan hibiscus joint les vertus hydratantes et protectrices de l\u2019un \u00e0 la sensualit\u00e9 fleurie de<\/p>\n<p>l\u2019autre. Le rose, symbole de la beaut\u00e9 et de la s\u00e9duction f\u00e9minine, est subtilement odorant. Son<\/p>\n<p>parfum capiteux et fleuri est tr\u00e8s recherch\u00e9 dans l\u2019Orient depuis la nuit des temps. L\u2019huile d\u2019argan<\/p>\n<p>est un des tr\u00e9sors du Maroc. Issue de cet arbre qui ne pousse \u00e0 l\u2019\u00e9tat naturel qu\u2019au Maroc et<\/p>\n<p>consomm\u00e9e depuis des temps imm\u00e9moriaux, elle poss\u00e8de des vertus r\u00e9g\u00e9n\u00e9rantes et<\/p>\n<p>nourrissantes exceptionnelles. Son action au niveau de la peau est connue de longue date. Elle<\/p>\n<p>prot\u00e8ge et assouplit la peau, nourrit les cheveux, les prot\u00e8ge des agressions et leur redonne de<\/p>\n<p>l\u2019\u00e9clat. Elle soigne les ongles cassants. Elle doit ses exceptionnelles qualit\u00e9s \u00e0 sa richesse en actifs<\/p>\n<p>insaponifiables recherch\u00e9s en cosm\u00e9tique, comme la vitamine E, les om\u00e9gas 6 et 9, les st\u00e9rols et<\/p>\n<p>les compos\u00e9s ph\u00e9noliques, et a ses propri\u00e9t\u00e9s antioxydantes qui ralentissent le vieillissement<\/p>\n<p>cutan\u00e9. L\u2019huile d\u2019argan Sublime Jasmin est conditionn\u00e9e en spray pour un usage pratique. Ce spray<\/p>\n<p>tient dans votre sac \u00e0 main et permet d\u2019utiliser votre huile \u00e0 tout moment de la journ\u00e9e, sur le<\/p>\n<p>visage, les mains, les l\u00e8vres. huile d\u2019Argan 100 % naturelle est votre compagnon beaut\u00e9 et sant\u00e9.<\/p>","protected":false},"excerpt":{"rendered":"<p>L\u2019huile d\u2019argan hibiscus joint les vertus hydratantes et protectrices de l\u2019un \u00e0 la sensualit\u00e9 fleurie de l\u2019autre. Le rose, symbole de la beaut\u00e9 et de la s\u00e9duction f\u00e9minine, est subtilement odorant. Son parfum capiteux et fleuri est tr\u00e8s recherch\u00e9 dans l\u2019Orient depuis la nuit des temps. L\u2019huile d\u2019argan est un des tr\u00e9sors du Maroc. Issue [&hellip;]<\/p>\n","protected":false},"featured_media":6061,"comment_status":"open","ping_status":"closed","template":"","meta":{"_uag_custom_page_level_css":"","site-sidebar-layout":"default","site-content-layout":"","ast-site-content-layout":"default","site-content-style":"default","site-sidebar-style":"default","ast-global-header-display":"","ast-banner-title-visibility":"","ast-main-header-display":"","ast-hfb-above-header-display":"","ast-hfb-below-header-display":"","ast-hfb-mobile-header-display":"","site-post-title":"","ast-breadcrumbs-content":"","ast-featured-img":"","footer-sml-layout":"","ast-disable-related-posts":"","theme-transparent-header-meta":"default","adv-header-id-meta":"","stick-header-meta":"","header-above-stick-meta":"","header-main-stick-meta":"","header-below-stick-meta":"","astra-migrate-meta-layouts":"set","ast-page-background-enabled":"default","ast-page-background-meta":{"desktop":{"background-color":"","background-image":"","background-repeat":"repeat","background-position":"center center","background-size":"auto","background-attachment":"scroll","background-type":"","background-media":"","overlay-type":"","overlay-color":"","overlay-opacity":"","overlay-gradient":""},"tablet":{"background-color":"","background-image":"","background-repeat":"repeat","background-position":"center center","background-size":"auto","background-attachment":"scroll","background-type":"","background-media":"","overlay-type":"","overlay-color":"","overlay-opacity":"","overlay-gradient":""},"mobile":{"background-color":"","background-image":"","background-repeat":"repeat","background-position":"center center","background-size":"auto","background-attachment":"scroll","background-type":"","background-media":"","overlay-type":"","overlay-color":"","overlay-opacity":"","overlay-gradient":""}},"ast-content-background-meta":{"desktop":{"background-color":"var(--ast-global-color-5)","background-image":"","background-repeat":"repeat","background-position":"center center","background-size":"auto","background-attachment":"scroll","background-type":"","background-media":"","overlay-type":"","overlay-color":"","overlay-opacity":"","overlay-gradient":""},"tablet":{"background-color":"var(--ast-global-color-5)","background-image":"","background-repeat":"repeat","background-position":"center center","background-size":"auto","background-attachment":"scroll","background-type":"","background-media":"","overlay-type":"","overlay-color":"","overlay-opacity":"","overlay-gradient":""},"mobile":{"background-color":"var(--ast-global-color-5)","background-image":"","background-repeat":"repeat","background-position":"center center","background-size":"auto","background-attachment":"scroll","background-type":"","background-media":"","overlay-type":"","overlay-color":"","overlay-opacity":"","overlay-gradient":""}}},"product_brand":[],"product_cat":[33,16],"product_tag":[],"class_list":{"0":"post-7427","1":"product","2":"type-product","3":"status-publish","4":"has-post-thumbnail","6":"product_cat-best_seller","7":"product_cat-cosmetique","8":"desktop-align-center","9":"tablet-align-center","10":"mobile-align-center","12":"first","13":"instock","14":"featured","15":"shipping-taxable","16":"purchasable","17":"product-type-simple"},"aioseo_notices":[],"uagb_featured_image_src":{"full":["https:\/\/allbiomorocco.com\/wp-content\/uploads\/2026\/01\/huile_argan_hibiscus.png",1024,1536,false],"thumbnail":["https:\/\/allbiomorocco.com\/wp-content\/uploads\/2026\/01\/huile_argan_hibiscus-150x150.png",150,150,true],"medium":["https:\/\/allbiomorocco.com\/wp-content\/uploads\/2026\/01\/huile_argan_hibiscus-200x300.png",200,300,true],"medium_large":["https:\/\/allbiomorocco.com\/wp-content\/uploads\/2026\/01\/huile_argan_hibiscus-768x1152.png",768,1152,true],"large":["https:\/\/allbiomorocco.com\/wp-content\/uploads\/2026\/01\/huile_argan_hibiscus-683x1024.png",683,1024,true],"1536x1536":["https:\/\/allbiomorocco.com\/wp-content\/uploads\/2026\/01\/huile_argan_hibiscus.png",1024,1536,false],"2048x2048":["https:\/\/allbiomorocco.com\/wp-content\/uploads\/2026\/01\/huile_argan_hibiscus.png",1024,1536,false],"trp-custom-language-flag":["https:\/\/allbiomorocco.com\/wp-content\/uploads\/2026\/01\/huile_argan_hibiscus.png",8,12,false],"woocommerce_thumbnail":["https:\/\/allbiomorocco.com\/wp-content\/uploads\/2026\/01\/huile_argan_hibiscus-300x300.png",300,300,true],"woocommerce_single":["https:\/\/allbiomorocco.com\/wp-content\/uploads\/2026\/01\/huile_argan_hibiscus-600x900.png",600,900,true],"woocommerce_gallery_thumbnail":["https:\/\/allbiomorocco.com\/wp-content\/uploads\/2026\/01\/huile_argan_hibiscus-100x100.png",100,100,true]},"uagb_author_info":{"display_name":"NOUZHA ABARDAQ","author_link":"https:\/\/allbiomorocco.com\/en\/author\/"},"uagb_comment_info":0,"uagb_excerpt":"L\u2019huile d\u2019argan hibiscus joint les vertus hydratantes et protectrices de l\u2019un \u00e0 la sensualit\u00e9 fleurie de l\u2019autre. Le rose, symbole de la beaut\u00e9 et de la s\u00e9duction f\u00e9minine, est subtilement odorant. Son parfum capiteux et fleuri est tr\u00e8s recherch\u00e9 dans l\u2019Orient depuis la nuit des temps. L\u2019huile d\u2019argan est un des tr\u00e9sors du Maroc. Issue&hellip;","_links":{"self":[{"href":"https:\/\/allbiomorocco.com\/en\/wp-json\/wp\/v2\/product\/7427","targetHints":{"allow":["GET"]}}],"collection":[{"href":"https:\/\/allbiomorocco.com\/en\/wp-json\/wp\/v2\/product"}],"about":[{"href":"https:\/\/allbiomorocco.com\/en\/wp-json\/wp\/v2\/types\/product"}],"replies":[{"embeddable":true,"href":"https:\/\/allbiomorocco.com\/en\/wp-json\/wp\/v2\/comments?post=7427"}],"wp:featuredmedia":[{"embeddable":true,"href":"https:\/\/allbiomorocco.com\/en\/wp-json\/wp\/v2\/media\/6061"}],"wp:attachment":[{"href":"https:\/\/allbiomorocco.com\/en\/wp-json\/wp\/v2\/media?parent=7427"}],"wp:term":[{"taxonomy":"product_brand","embeddable":true,"href":"https:\/\/allbiomorocco.com\/en\/wp-json\/wp\/v2\/product_brand?post=7427"},{"taxonomy":"product_cat","embeddable":true,"href":"https:\/\/allbiomorocco.com\/en\/wp-json\/wp\/v2\/product_cat?post=7427"},{"taxonomy":"product_tag","embeddable":true,"href":"https:\/\/allbiomorocco.com\/en\/wp-json\/wp\/v2\/product_tag?post=7427"}],"curies":[{"name":"wp","href":"https:\/\/api.w.org\/{rel}","templated":true}]}}