{"id":7429,"date":"2026-01-21T13:49:07","date_gmt":"2026-01-21T13:49:07","guid":{"rendered":"https:\/\/allbiomorocco.com\/?post_type=product&#038;p=7429"},"modified":"2026-01-21T15:04:06","modified_gmt":"2026-01-21T15:04:06","slug":"creme-huile-argan-et-beurre-chia-nuit","status":"publish","type":"product","link":"https:\/\/allbiomorocco.com\/en\/product\/creme-huile-argan-et-beurre-chia-nuit\/","title":{"rendered":"Cr\u00e8me huile argan Et beurre chia nuit"},"content":{"rendered":"<p>La cr\u00e8me de jour \u00e0 l\u2019huile d\u2019Argan, enrichie au beurre de Karit\u00e9 et \u00e0 la gel\u00e9e royale, est une cr\u00e8me<\/p>\n<p>protectrice et r\u00e9paratrice. Elle hydrate et nourrit votre peau pour lui redonner jeunesse, douceur<\/p>\n<p>et beaut\u00e9. L\u2019huile d\u2019argan est tr\u00e8s riche en actifs insaponifiables recherch\u00e9s en cosm\u00e9tique, comme<\/p>\n<p>la vitamine E, les om\u00e9gas 6 et 9, les st\u00e9rols et les compos\u00e9s ph\u00e9noliques. Elle poss\u00e8de des<\/p>\n<p>propri\u00e9t\u00e9s antioxydants qui ralentissent le vieillissement cutan\u00e9. Elle prot\u00e8ge et assouplit la peau.<\/p>\n<p>Le beurre de karit\u00e9 hydrate et prot\u00e8ge la peau. Il apporte \u00e9lasticit\u00e9 et souplesse. Gr\u00e2ce \u00e0 la<\/p>\n<p>vitamine F et aux acides gras contenus dans ce beurre naturel, il permet d\u2019att\u00e9nuer les rides et<\/p>\n<p>favorise le renouvellement cellulaire. La gel\u00e9e royale renforce l\u2019immunit\u00e9 et permet de lutter<\/p>\n<p>contre la fatigue. La gamme soins visage offrent \u00e0 votre peau tous les bienfaits de la nature<\/p>\n<p>marocaine. Fabriqu\u00e9s \u00e0 base des composantes naturelles! Appliquer g\u00e9n\u00e9reusement chaque jour<\/p>\n<p>sur le visage, en insistant sur les zones s\u00e8che<\/p>","protected":false},"excerpt":{"rendered":"<p>La cr\u00e8me de jour \u00e0 l\u2019huile d\u2019Argan, enrichie au beurre de Karit\u00e9 et \u00e0 la gel\u00e9e royale, est une cr\u00e8me protectrice et r\u00e9paratrice. Elle hydrate et nourrit votre peau pour lui redonner jeunesse, douceur et beaut\u00e9. L\u2019huile d\u2019argan est tr\u00e8s riche en actifs insaponifiables recherch\u00e9s en cosm\u00e9tique, comme la vitamine E, les om\u00e9gas 6 et [&hellip;]<\/p>","protected":false},"featured_media":6055,"comment_status":"open","ping_status":"closed","template":"","meta":{"_uag_custom_page_level_css":"","site-sidebar-layout":"default","site-content-layout":"","ast-site-content-layout":"default","site-content-style":"default","site-sidebar-style":"default","ast-global-header-display":"","ast-banner-title-visibility":"","ast-main-header-display":"","ast-hfb-above-header-display":"","ast-hfb-below-header-display":"","ast-hfb-mobile-header-display":"","site-post-title":"","ast-breadcrumbs-content":"","ast-featured-img":"","footer-sml-layout":"","ast-disable-related-posts":"","theme-transparent-header-meta":"","adv-header-id-meta":"","stick-header-meta":"","header-above-stick-meta":"","header-main-stick-meta":"","header-below-stick-meta":"","astra-migrate-meta-layouts":"default","ast-page-background-enabled":"default","ast-page-background-meta":{"desktop":{"background-color":"","background-image":"","background-repeat":"repeat","background-position":"center center","background-size":"auto","background-attachment":"scroll","background-type":"","background-media":"","overlay-type":"","overlay-color":"","overlay-opacity":"","overlay-gradient":""},"tablet":{"background-color":"","background-image":"","background-repeat":"repeat","background-position":"center center","background-size":"auto","background-attachment":"scroll","background-type":"","background-media":"","overlay-type":"","overlay-color":"","overlay-opacity":"","overlay-gradient":""},"mobile":{"background-color":"","background-image":"","background-repeat":"repeat","background-position":"center center","background-size":"auto","background-attachment":"scroll","background-type":"","background-media":"","overlay-type":"","overlay-color":"","overlay-opacity":"","overlay-gradient":""}},"ast-content-background-meta":{"desktop":{"background-color":"var(--ast-global-color-5)","background-image":"","background-repeat":"repeat","background-position":"center center","background-size":"auto","background-attachment":"scroll","background-type":"","background-media":"","overlay-type":"","overlay-color":"","overlay-opacity":"","overlay-gradient":""},"tablet":{"background-color":"var(--ast-global-color-5)","background-image":"","background-repeat":"repeat","background-position":"center center","background-size":"auto","background-attachment":"scroll","background-type":"","background-media":"","overlay-type":"","overlay-color":"","overlay-opacity":"","overlay-gradient":""},"mobile":{"background-color":"var(--ast-global-color-5)","background-image":"","background-repeat":"repeat","background-position":"center center","background-size":"auto","background-attachment":"scroll","background-type":"","background-media":"","overlay-type":"","overlay-color":"","overlay-opacity":"","overlay-gradient":""}}},"product_brand":[],"product_cat":[16],"product_tag":[],"class_list":{"0":"post-7429","1":"product","2":"type-product","3":"status-publish","4":"has-post-thumbnail","6":"product_cat-cosmetique","7":"desktop-align-center","8":"tablet-align-center","9":"mobile-align-center","11":"first","12":"instock","13":"sale","14":"featured","15":"shipping-taxable","16":"purchasable","17":"product-type-simple"},"aioseo_notices":[],"uagb_featured_image_src":{"full":["https:\/\/allbiomorocco.com\/wp-content\/uploads\/2026\/01\/creme_nuit_argan.png",1024,1024,false],"thumbnail":["https:\/\/allbiomorocco.com\/wp-content\/uploads\/2026\/01\/creme_nuit_argan-150x150.png",150,150,true],"medium":["https:\/\/allbiomorocco.com\/wp-content\/uploads\/2026\/01\/creme_nuit_argan-300x300.png",300,300,true],"medium_large":["https:\/\/allbiomorocco.com\/wp-content\/uploads\/2026\/01\/creme_nuit_argan-768x768.png",768,768,true],"large":["https:\/\/allbiomorocco.com\/wp-content\/uploads\/2026\/01\/creme_nuit_argan.png",1024,1024,false],"1536x1536":["https:\/\/allbiomorocco.com\/wp-content\/uploads\/2026\/01\/creme_nuit_argan.png",1024,1024,false],"2048x2048":["https:\/\/allbiomorocco.com\/wp-content\/uploads\/2026\/01\/creme_nuit_argan.png",1024,1024,false],"trp-custom-language-flag":["https:\/\/allbiomorocco.com\/wp-content\/uploads\/2026\/01\/creme_nuit_argan.png",12,12,false],"woocommerce_thumbnail":["https:\/\/allbiomorocco.com\/wp-content\/uploads\/2026\/01\/creme_nuit_argan-300x300.png",300,300,true],"woocommerce_single":["https:\/\/allbiomorocco.com\/wp-content\/uploads\/2026\/01\/creme_nuit_argan-600x600.png",600,600,true],"woocommerce_gallery_thumbnail":["https:\/\/allbiomorocco.com\/wp-content\/uploads\/2026\/01\/creme_nuit_argan-100x100.png",100,100,true]},"uagb_author_info":{"display_name":"allbiomorocco@gmail.com","author_link":"https:\/\/allbiomorocco.com\/en\/author\/"},"uagb_comment_info":0,"uagb_excerpt":"La cr\u00e8me de jour \u00e0 l\u2019huile d\u2019Argan, enrichie au beurre de Karit\u00e9 et \u00e0 la gel\u00e9e royale, est une cr\u00e8me protectrice et r\u00e9paratrice. Elle hydrate et nourrit votre peau pour lui redonner jeunesse, douceur et beaut\u00e9. L\u2019huile d\u2019argan est tr\u00e8s riche en actifs insaponifiables recherch\u00e9s en cosm\u00e9tique, comme la vitamine E, les om\u00e9gas 6 et&hellip;","_links":{"self":[{"href":"https:\/\/allbiomorocco.com\/en\/wp-json\/wp\/v2\/product\/7429","targetHints":{"allow":["GET"]}}],"collection":[{"href":"https:\/\/allbiomorocco.com\/en\/wp-json\/wp\/v2\/product"}],"about":[{"href":"https:\/\/allbiomorocco.com\/en\/wp-json\/wp\/v2\/types\/product"}],"replies":[{"embeddable":true,"href":"https:\/\/allbiomorocco.com\/en\/wp-json\/wp\/v2\/comments?post=7429"}],"wp:featuredmedia":[{"embeddable":true,"href":"https:\/\/allbiomorocco.com\/en\/wp-json\/wp\/v2\/media\/6055"}],"wp:attachment":[{"href":"https:\/\/allbiomorocco.com\/en\/wp-json\/wp\/v2\/media?parent=7429"}],"wp:term":[{"taxonomy":"product_brand","embeddable":true,"href":"https:\/\/allbiomorocco.com\/en\/wp-json\/wp\/v2\/product_brand?post=7429"},{"taxonomy":"product_cat","embeddable":true,"href":"https:\/\/allbiomorocco.com\/en\/wp-json\/wp\/v2\/product_cat?post=7429"},{"taxonomy":"product_tag","embeddable":true,"href":"https:\/\/allbiomorocco.com\/en\/wp-json\/wp\/v2\/product_tag?post=7429"}],"curies":[{"name":"wp","href":"https:\/\/api.w.org\/{rel}","templated":true}]}}