{"id":7431,"date":"2026-01-21T13:49:07","date_gmt":"2026-01-21T13:49:07","guid":{"rendered":"https:\/\/allbiomorocco.com\/?post_type=product&#038;p=7431"},"modified":"2026-01-21T13:49:09","modified_gmt":"2026-01-21T13:49:09","slug":"lait-corporel-argan","status":"publish","type":"product","link":"https:\/\/allbiomorocco.com\/en\/product\/lait-corporel-argan\/","title":{"rendered":"Lait corporel argan"},"content":{"rendered":"<p>La lotion corps et visage \u00e0 l\u2019huile d\u2019argan prot\u00e8ge et nourrit votre peau au quotidien. 100 %<\/p>\n<p>naturelle, elle convient \u00e0 toutes les parties du corps. L\u2019huile d\u2019argan est tr\u00e8s riche en actifs<\/p>\n<p>insaponifiables recherch\u00e9s en cosm\u00e9tique, comme la vitamine E, les om\u00e9gas 6 et 9, les st\u00e9rols et<\/p>\n<p>les compos\u00e9s ph\u00e9noliques. Elle poss\u00e8de des propri\u00e9t\u00e9s antioxydantes qui ralentissent le<\/p>\n<p>vieillissement cutan\u00e9. Elle a des effet th\u00e9rapeutique remarquables sur la peau constat\u00e9s sur des<\/p>\n<p>maladies telles que l\u2019 ecz\u00e9ma, l\u2019 acn\u00e9, la varicelle ou les ger\u00e7ures. Et ce, gr\u00e2ce \u00e0 son taux \u00e9lev\u00e9<\/p>\n<p>acide gras qui contribue \u00e0 calmer les br\u00fblures et \u00e0 soulager les irritations de la peau. Autant de<\/p>\n<p>bienfaits qui en font \u00e9galement un soin id\u00e9al pour les peaux tr\u00e8s dess\u00e9ch\u00e9es ou les coups de soleil<\/p>\n<p>superficiels. Allbiomorocco ganrantie une huile d\u2019argan 100 % naturelle d\u2019une qualit\u00e9<\/p>\n<p>exceptionnelle gr\u00e2ce au soin m\u00e9ticuleux apport\u00e9 \u00e0 toutes les \u00e9tapes d\u2019un processus ma\u00eetris\u00e9<\/p>","protected":false},"excerpt":{"rendered":"<p>La lotion corps et visage \u00e0 l\u2019huile d\u2019argan prot\u00e8ge et nourrit votre peau au quotidien. 100 % naturelle, elle convient \u00e0 toutes les parties du corps. L\u2019huile d\u2019argan est tr\u00e8s riche en actifs insaponifiables recherch\u00e9s en cosm\u00e9tique, comme la vitamine E, les om\u00e9gas 6 et 9, les st\u00e9rols et les compos\u00e9s ph\u00e9noliques. Elle poss\u00e8de des [&hellip;]<\/p>","protected":false},"featured_media":6066,"comment_status":"open","ping_status":"closed","template":"","meta":{"_uag_custom_page_level_css":"","site-sidebar-layout":"default","site-content-layout":"","ast-site-content-layout":"default","site-content-style":"default","site-sidebar-style":"default","ast-global-header-display":"","ast-banner-title-visibility":"","ast-main-header-display":"","ast-hfb-above-header-display":"","ast-hfb-below-header-display":"","ast-hfb-mobile-header-display":"","site-post-title":"","ast-breadcrumbs-content":"","ast-featured-img":"","footer-sml-layout":"","ast-disable-related-posts":"","theme-transparent-header-meta":"","adv-header-id-meta":"","stick-header-meta":"","header-above-stick-meta":"","header-main-stick-meta":"","header-below-stick-meta":"","astra-migrate-meta-layouts":"default","ast-page-background-enabled":"default","ast-page-background-meta":{"desktop":{"background-color":"","background-image":"","background-repeat":"repeat","background-position":"center center","background-size":"auto","background-attachment":"scroll","background-type":"","background-media":"","overlay-type":"","overlay-color":"","overlay-opacity":"","overlay-gradient":""},"tablet":{"background-color":"","background-image":"","background-repeat":"repeat","background-position":"center center","background-size":"auto","background-attachment":"scroll","background-type":"","background-media":"","overlay-type":"","overlay-color":"","overlay-opacity":"","overlay-gradient":""},"mobile":{"background-color":"","background-image":"","background-repeat":"repeat","background-position":"center center","background-size":"auto","background-attachment":"scroll","background-type":"","background-media":"","overlay-type":"","overlay-color":"","overlay-opacity":"","overlay-gradient":""}},"ast-content-background-meta":{"desktop":{"background-color":"var(--ast-global-color-5)","background-image":"","background-repeat":"repeat","background-position":"center center","background-size":"auto","background-attachment":"scroll","background-type":"","background-media":"","overlay-type":"","overlay-color":"","overlay-opacity":"","overlay-gradient":""},"tablet":{"background-color":"var(--ast-global-color-5)","background-image":"","background-repeat":"repeat","background-position":"center center","background-size":"auto","background-attachment":"scroll","background-type":"","background-media":"","overlay-type":"","overlay-color":"","overlay-opacity":"","overlay-gradient":""},"mobile":{"background-color":"var(--ast-global-color-5)","background-image":"","background-repeat":"repeat","background-position":"center center","background-size":"auto","background-attachment":"scroll","background-type":"","background-media":"","overlay-type":"","overlay-color":"","overlay-opacity":"","overlay-gradient":""}}},"product_brand":[],"product_cat":[16],"product_tag":[],"class_list":{"0":"post-7431","1":"product","2":"type-product","3":"status-publish","4":"has-post-thumbnail","6":"product_cat-cosmetique","7":"desktop-align-center","8":"tablet-align-center","9":"mobile-align-center","11":"first","12":"instock","13":"featured","14":"shipping-taxable","15":"purchasable","16":"product-type-simple"},"aioseo_notices":[],"uagb_featured_image_src":{"full":["https:\/\/allbiomorocco.com\/wp-content\/uploads\/2026\/01\/lait_corporel_argan.png",1536,1024,false],"thumbnail":["https:\/\/allbiomorocco.com\/wp-content\/uploads\/2026\/01\/lait_corporel_argan-150x150.png",150,150,true],"medium":["https:\/\/allbiomorocco.com\/wp-content\/uploads\/2026\/01\/lait_corporel_argan-300x200.png",300,200,true],"medium_large":["https:\/\/allbiomorocco.com\/wp-content\/uploads\/2026\/01\/lait_corporel_argan-768x512.png",768,512,true],"large":["https:\/\/allbiomorocco.com\/wp-content\/uploads\/2026\/01\/lait_corporel_argan-1024x683.png",1024,683,true],"1536x1536":["https:\/\/allbiomorocco.com\/wp-content\/uploads\/2026\/01\/lait_corporel_argan.png",1536,1024,false],"2048x2048":["https:\/\/allbiomorocco.com\/wp-content\/uploads\/2026\/01\/lait_corporel_argan.png",1536,1024,false],"trp-custom-language-flag":["https:\/\/allbiomorocco.com\/wp-content\/uploads\/2026\/01\/lait_corporel_argan.png",18,12,false],"woocommerce_thumbnail":["https:\/\/allbiomorocco.com\/wp-content\/uploads\/2026\/01\/lait_corporel_argan-300x300.png",300,300,true],"woocommerce_single":["https:\/\/allbiomorocco.com\/wp-content\/uploads\/2026\/01\/lait_corporel_argan-600x400.png",600,400,true],"woocommerce_gallery_thumbnail":["https:\/\/allbiomorocco.com\/wp-content\/uploads\/2026\/01\/lait_corporel_argan-100x100.png",100,100,true]},"uagb_author_info":{"display_name":"allbiomorocco@gmail.com","author_link":"https:\/\/allbiomorocco.com\/en\/author\/"},"uagb_comment_info":0,"uagb_excerpt":"La lotion corps et visage \u00e0 l\u2019huile d\u2019argan prot\u00e8ge et nourrit votre peau au quotidien. 100 % naturelle, elle convient \u00e0 toutes les parties du corps. L\u2019huile d\u2019argan est tr\u00e8s riche en actifs insaponifiables recherch\u00e9s en cosm\u00e9tique, comme la vitamine E, les om\u00e9gas 6 et 9, les st\u00e9rols et les compos\u00e9s ph\u00e9noliques. Elle poss\u00e8de des&hellip;","_links":{"self":[{"href":"https:\/\/allbiomorocco.com\/en\/wp-json\/wp\/v2\/product\/7431","targetHints":{"allow":["GET"]}}],"collection":[{"href":"https:\/\/allbiomorocco.com\/en\/wp-json\/wp\/v2\/product"}],"about":[{"href":"https:\/\/allbiomorocco.com\/en\/wp-json\/wp\/v2\/types\/product"}],"replies":[{"embeddable":true,"href":"https:\/\/allbiomorocco.com\/en\/wp-json\/wp\/v2\/comments?post=7431"}],"wp:featuredmedia":[{"embeddable":true,"href":"https:\/\/allbiomorocco.com\/en\/wp-json\/wp\/v2\/media\/6066"}],"wp:attachment":[{"href":"https:\/\/allbiomorocco.com\/en\/wp-json\/wp\/v2\/media?parent=7431"}],"wp:term":[{"taxonomy":"product_brand","embeddable":true,"href":"https:\/\/allbiomorocco.com\/en\/wp-json\/wp\/v2\/product_brand?post=7431"},{"taxonomy":"product_cat","embeddable":true,"href":"https:\/\/allbiomorocco.com\/en\/wp-json\/wp\/v2\/product_cat?post=7431"},{"taxonomy":"product_tag","embeddable":true,"href":"https:\/\/allbiomorocco.com\/en\/wp-json\/wp\/v2\/product_tag?post=7431"}],"curies":[{"name":"wp","href":"https:\/\/api.w.org\/{rel}","templated":true}]}}