{"id":7432,"date":"2026-01-21T13:49:07","date_gmt":"2026-01-21T13:49:07","guid":{"rendered":"https:\/\/allbiomorocco.com\/?post_type=product&#038;p=7432"},"modified":"2026-01-21T13:49:09","modified_gmt":"2026-01-21T13:49:09","slug":"shampoing-argan","status":"publish","type":"product","link":"https:\/\/allbiomorocco.com\/en\/product\/shampoing-argan\/","title":{"rendered":"Shampoing argan"},"content":{"rendered":"<p>Le shampoing \u00e0 l\u2019huile d\u2019Argan sans sulfate et sans paraben, est un soin 100 % naturel fait pour<\/p>\n<p>prot\u00e9ger en douceur vos cheveux. Sa formule naturelle permet un usage fr\u00e9quent sur tous types<\/p>\n<p>de cheveux. Sa composition est riche en huile d\u2019Argan bio et permet de nourrir vos cheveux en<\/p>\n<p>profondeur et d\u2019y apporter brillance et force. Tr\u00e8s doux, il permet de restructurer, fortifier et<\/p>\n<p>prot\u00e9ger la fibre capillaire. Il est particuli\u00e8rement recommand\u00e9 pour les cheveux ab\u00eem\u00e9s. L\u2019huile<\/p>\n<p>d\u2019argan est tr\u00e8s riche en actifs insaponifiables recherch\u00e9s en cosm\u00e9tique, comme la vitamine E, les<\/p>\n<p>om\u00e9gas 6 et 9, les st\u00e9rols et les compos\u00e9s ph\u00e9noliques. Elle poss\u00e8de des propri\u00e9t\u00e9s antioxydantes<\/p>\n<p>qui ralentissent le vieillissement cutan\u00e9. Elle prot\u00e8ge et assouplit la peau. Ainsi, Allbiomorocco<\/p>\n<p>vous garantit une huile d\u2019argan 100 % naturelle. Une qualit\u00e9 exceptionnelle gr\u00e2ce au soin m\u00e9ticuleux apport\u00e9 \u00e0 toutes les \u00e9tapes d\u2019un processus ma\u00eetris\u00e9. Pour un meilleur r\u00e9sultat, utiliser<\/p>\n<p>aussi le masque capillaire Apia \u00e0 l\u2019huile d\u2019Argan. Le shampoing \u00e0 l\u2019huile d\u2019argan sans sulfate est un<\/p>\n<p>soin capillaire permet de prot\u00e9ger vos cheveux et les soigner contre la chute. Ils servent aux<\/p>\n<p>diff\u00e9rents types de cheveux que se soient: les cheveux raides, ondul\u00e9s, fris\u00e9s ou cr\u00e9pus<\/p>","protected":false},"excerpt":{"rendered":"<p>Le shampoing \u00e0 l\u2019huile d\u2019Argan sans sulfate et sans paraben, est un soin 100 % naturel fait pour prot\u00e9ger en douceur vos cheveux. Sa formule naturelle permet un usage fr\u00e9quent sur tous types de cheveux. Sa composition est riche en huile d\u2019Argan bio et permet de nourrir vos cheveux en profondeur et d\u2019y apporter brillance [&hellip;]<\/p>","protected":false},"featured_media":6068,"comment_status":"open","ping_status":"closed","template":"","meta":{"_uag_custom_page_level_css":"","site-sidebar-layout":"default","site-content-layout":"","ast-site-content-layout":"default","site-content-style":"default","site-sidebar-style":"default","ast-global-header-display":"","ast-banner-title-visibility":"","ast-main-header-display":"","ast-hfb-above-header-display":"","ast-hfb-below-header-display":"","ast-hfb-mobile-header-display":"","site-post-title":"","ast-breadcrumbs-content":"","ast-featured-img":"","footer-sml-layout":"","ast-disable-related-posts":"","theme-transparent-header-meta":"","adv-header-id-meta":"","stick-header-meta":"","header-above-stick-meta":"","header-main-stick-meta":"","header-below-stick-meta":"","astra-migrate-meta-layouts":"default","ast-page-background-enabled":"default","ast-page-background-meta":{"desktop":{"background-color":"","background-image":"","background-repeat":"repeat","background-position":"center center","background-size":"auto","background-attachment":"scroll","background-type":"","background-media":"","overlay-type":"","overlay-color":"","overlay-opacity":"","overlay-gradient":""},"tablet":{"background-color":"","background-image":"","background-repeat":"repeat","background-position":"center center","background-size":"auto","background-attachment":"scroll","background-type":"","background-media":"","overlay-type":"","overlay-color":"","overlay-opacity":"","overlay-gradient":""},"mobile":{"background-color":"","background-image":"","background-repeat":"repeat","background-position":"center center","background-size":"auto","background-attachment":"scroll","background-type":"","background-media":"","overlay-type":"","overlay-color":"","overlay-opacity":"","overlay-gradient":""}},"ast-content-background-meta":{"desktop":{"background-color":"var(--ast-global-color-5)","background-image":"","background-repeat":"repeat","background-position":"center center","background-size":"auto","background-attachment":"scroll","background-type":"","background-media":"","overlay-type":"","overlay-color":"","overlay-opacity":"","overlay-gradient":""},"tablet":{"background-color":"var(--ast-global-color-5)","background-image":"","background-repeat":"repeat","background-position":"center center","background-size":"auto","background-attachment":"scroll","background-type":"","background-media":"","overlay-type":"","overlay-color":"","overlay-opacity":"","overlay-gradient":""},"mobile":{"background-color":"var(--ast-global-color-5)","background-image":"","background-repeat":"repeat","background-position":"center center","background-size":"auto","background-attachment":"scroll","background-type":"","background-media":"","overlay-type":"","overlay-color":"","overlay-opacity":"","overlay-gradient":""}}},"product_brand":[],"product_cat":[16],"product_tag":[],"class_list":{"0":"post-7432","1":"product","2":"type-product","3":"status-publish","4":"has-post-thumbnail","6":"product_cat-cosmetique","7":"desktop-align-center","8":"tablet-align-center","9":"mobile-align-center","11":"first","12":"instock","13":"sale","14":"featured","15":"shipping-taxable","16":"purchasable","17":"product-type-simple"},"aioseo_notices":[],"uagb_featured_image_src":{"full":["https:\/\/allbiomorocco.com\/wp-content\/uploads\/2026\/01\/shampoing_argan.png",1024,1024,false],"thumbnail":["https:\/\/allbiomorocco.com\/wp-content\/uploads\/2026\/01\/shampoing_argan-150x150.png",150,150,true],"medium":["https:\/\/allbiomorocco.com\/wp-content\/uploads\/2026\/01\/shampoing_argan-300x300.png",300,300,true],"medium_large":["https:\/\/allbiomorocco.com\/wp-content\/uploads\/2026\/01\/shampoing_argan-768x768.png",768,768,true],"large":["https:\/\/allbiomorocco.com\/wp-content\/uploads\/2026\/01\/shampoing_argan.png",1024,1024,false],"1536x1536":["https:\/\/allbiomorocco.com\/wp-content\/uploads\/2026\/01\/shampoing_argan.png",1024,1024,false],"2048x2048":["https:\/\/allbiomorocco.com\/wp-content\/uploads\/2026\/01\/shampoing_argan.png",1024,1024,false],"trp-custom-language-flag":["https:\/\/allbiomorocco.com\/wp-content\/uploads\/2026\/01\/shampoing_argan.png",12,12,false],"woocommerce_thumbnail":["https:\/\/allbiomorocco.com\/wp-content\/uploads\/2026\/01\/shampoing_argan-300x300.png",300,300,true],"woocommerce_single":["https:\/\/allbiomorocco.com\/wp-content\/uploads\/2026\/01\/shampoing_argan-600x600.png",600,600,true],"woocommerce_gallery_thumbnail":["https:\/\/allbiomorocco.com\/wp-content\/uploads\/2026\/01\/shampoing_argan-100x100.png",100,100,true]},"uagb_author_info":{"display_name":"allbiomorocco@gmail.com","author_link":"https:\/\/allbiomorocco.com\/en\/author\/"},"uagb_comment_info":0,"uagb_excerpt":"Le shampoing \u00e0 l\u2019huile d\u2019Argan sans sulfate et sans paraben, est un soin 100 % naturel fait pour prot\u00e9ger en douceur vos cheveux. Sa formule naturelle permet un usage fr\u00e9quent sur tous types de cheveux. Sa composition est riche en huile d\u2019Argan bio et permet de nourrir vos cheveux en profondeur et d\u2019y apporter brillance&hellip;","_links":{"self":[{"href":"https:\/\/allbiomorocco.com\/en\/wp-json\/wp\/v2\/product\/7432","targetHints":{"allow":["GET"]}}],"collection":[{"href":"https:\/\/allbiomorocco.com\/en\/wp-json\/wp\/v2\/product"}],"about":[{"href":"https:\/\/allbiomorocco.com\/en\/wp-json\/wp\/v2\/types\/product"}],"replies":[{"embeddable":true,"href":"https:\/\/allbiomorocco.com\/en\/wp-json\/wp\/v2\/comments?post=7432"}],"wp:featuredmedia":[{"embeddable":true,"href":"https:\/\/allbiomorocco.com\/en\/wp-json\/wp\/v2\/media\/6068"}],"wp:attachment":[{"href":"https:\/\/allbiomorocco.com\/en\/wp-json\/wp\/v2\/media?parent=7432"}],"wp:term":[{"taxonomy":"product_brand","embeddable":true,"href":"https:\/\/allbiomorocco.com\/en\/wp-json\/wp\/v2\/product_brand?post=7432"},{"taxonomy":"product_cat","embeddable":true,"href":"https:\/\/allbiomorocco.com\/en\/wp-json\/wp\/v2\/product_cat?post=7432"},{"taxonomy":"product_tag","embeddable":true,"href":"https:\/\/allbiomorocco.com\/en\/wp-json\/wp\/v2\/product_tag?post=7432"}],"curies":[{"name":"wp","href":"https:\/\/api.w.org\/{rel}","templated":true}]}}