{"id":7433,"date":"2026-01-21T13:49:07","date_gmt":"2026-01-21T13:49:07","guid":{"rendered":"https:\/\/allbiomorocco.com\/?post_type=product&#038;p=7433"},"modified":"2026-01-21T13:49:09","modified_gmt":"2026-01-21T13:49:09","slug":"serum-anticernes-figue-debarbarie","status":"publish","type":"product","link":"https:\/\/allbiomorocco.com\/en\/product\/serum-anticernes-figue-debarbarie\/","title":{"rendered":"S\u00e9rum Anticernes Figue DeBarbarie"},"content":{"rendered":"<p>Le s\u00e9rum anti-cernes \u00e0 l\u2019huile de figue de barbarie 100 % naturel, a \u00e9t\u00e9 con\u00e7u pour faire<\/p>\n<p>dispara\u00eetre les cernes de fatigue autour de vos yeux. Pr\u00e9par\u00e9 en s\u00e9rum, l\u2019huile p\u00e9pins de figue de<\/p>\n<p>Barbarie p\u00e9n\u00e8tre rapidement et agit la nuit, pendant votre sommeil pour effacer vos cernes.<\/p>\n<p>L\u2019huile de p\u00e9pins de figue de Barbarie est une panac\u00e9e pour lutter contre le vieillissement<\/p>\n<p>cutan\u00e9. Sa teneur en vitamine E hors du commun, les om\u00e9ga-6 et les st\u00e9rols qu\u2019elle contient lui<\/p>\n<p>conf\u00e8rent des capacit\u00e9s r\u00e9g\u00e9n\u00e9rantes en favorisant le processus naturel de r\u00e9paration de la<\/p>\n<p>peau. L\u2019huile de p\u00e9pins de figue de Barbarie redonne fermet\u00e9 et \u00e9lasticit\u00e9 \u00e0 votre peau. En outre,<\/p>\n<p>elle att\u00e9nue les effets de l\u2019\u00e2ge et permet de lutter contre le vieillissement cutan\u00e9. C\u2019est l\u2019huile<\/p>\n<p>id\u00e9ale pour les peaux matures, le contour des yeux et les rides. Elle redonne fermet\u00e9 et \u00e9lasticit\u00e9<\/p>\n<p>\u00e0 votre peau. L\u2019action simultan\u00e9e de ces composantes 100 % naturelles agira efficacement sur<\/p>\n<p>votre peau. En application le soir, avant de dormir. Appliquer par petites touches sur le contour<\/p>\n<p>circulatoires des yeux, en \u00e9talant d\u00e9licatement avec le bout des doigts. C\u2019est ainsi que le s\u00e9rum anti-cernes \u00e0<\/p>\n<p>l\u201dhuile de figue de barbarie est un soin anti-\u00e2ge exclusif chez Apia. En cas de contacts avec les<\/p>\n<p>yeux, rincer imm\u00e9diatement et abondamment \u00e0 l\u2019eau claire. N.B: Conserver hors de port\u00e9e des<\/p>\n<p>enfants.<\/p>","protected":false},"excerpt":{"rendered":"<p>Le s\u00e9rum anti-cernes \u00e0 l\u2019huile de figue de barbarie 100 % naturel, a \u00e9t\u00e9 con\u00e7u pour faire dispara\u00eetre les cernes de fatigue autour de vos yeux. Pr\u00e9par\u00e9 en s\u00e9rum, l\u2019huile p\u00e9pins de figue de Barbarie p\u00e9n\u00e8tre rapidement et agit la nuit, pendant votre sommeil pour effacer vos cernes. L\u2019huile de p\u00e9pins de figue de Barbarie [&hellip;]<\/p>","protected":false},"featured_media":6126,"comment_status":"open","ping_status":"closed","template":"","meta":{"_uag_custom_page_level_css":"","site-sidebar-layout":"default","site-content-layout":"","ast-site-content-layout":"default","site-content-style":"default","site-sidebar-style":"default","ast-global-header-display":"","ast-banner-title-visibility":"","ast-main-header-display":"","ast-hfb-above-header-display":"","ast-hfb-below-header-display":"","ast-hfb-mobile-header-display":"","site-post-title":"","ast-breadcrumbs-content":"","ast-featured-img":"","footer-sml-layout":"","ast-disable-related-posts":"","theme-transparent-header-meta":"","adv-header-id-meta":"","stick-header-meta":"","header-above-stick-meta":"","header-main-stick-meta":"","header-below-stick-meta":"","astra-migrate-meta-layouts":"default","ast-page-background-enabled":"default","ast-page-background-meta":{"desktop":{"background-color":"","background-image":"","background-repeat":"repeat","background-position":"center center","background-size":"auto","background-attachment":"scroll","background-type":"","background-media":"","overlay-type":"","overlay-color":"","overlay-opacity":"","overlay-gradient":""},"tablet":{"background-color":"","background-image":"","background-repeat":"repeat","background-position":"center center","background-size":"auto","background-attachment":"scroll","background-type":"","background-media":"","overlay-type":"","overlay-color":"","overlay-opacity":"","overlay-gradient":""},"mobile":{"background-color":"","background-image":"","background-repeat":"repeat","background-position":"center center","background-size":"auto","background-attachment":"scroll","background-type":"","background-media":"","overlay-type":"","overlay-color":"","overlay-opacity":"","overlay-gradient":""}},"ast-content-background-meta":{"desktop":{"background-color":"var(--ast-global-color-5)","background-image":"","background-repeat":"repeat","background-position":"center center","background-size":"auto","background-attachment":"scroll","background-type":"","background-media":"","overlay-type":"","overlay-color":"","overlay-opacity":"","overlay-gradient":""},"tablet":{"background-color":"var(--ast-global-color-5)","background-image":"","background-repeat":"repeat","background-position":"center center","background-size":"auto","background-attachment":"scroll","background-type":"","background-media":"","overlay-type":"","overlay-color":"","overlay-opacity":"","overlay-gradient":""},"mobile":{"background-color":"var(--ast-global-color-5)","background-image":"","background-repeat":"repeat","background-position":"center center","background-size":"auto","background-attachment":"scroll","background-type":"","background-media":"","overlay-type":"","overlay-color":"","overlay-opacity":"","overlay-gradient":""}}},"product_brand":[],"product_cat":[16],"product_tag":[],"class_list":{"0":"post-7433","1":"product","2":"type-product","3":"status-publish","4":"has-post-thumbnail","6":"product_cat-cosmetique","7":"desktop-align-center","8":"tablet-align-center","9":"mobile-align-center","11":"first","12":"instock","13":"featured","14":"shipping-taxable","15":"purchasable","16":"product-type-simple"},"aioseo_notices":[],"uagb_featured_image_src":{"full":["https:\/\/allbiomorocco.com\/wp-content\/uploads\/2026\/01\/serum_cernes_noires_figues_barbarie.png",512,512,false],"thumbnail":["https:\/\/allbiomorocco.com\/wp-content\/uploads\/2026\/01\/serum_cernes_noires_figues_barbarie-150x150.png",150,150,true],"medium":["https:\/\/allbiomorocco.com\/wp-content\/uploads\/2026\/01\/serum_cernes_noires_figues_barbarie-300x300.png",300,300,true],"medium_large":["https:\/\/allbiomorocco.com\/wp-content\/uploads\/2026\/01\/serum_cernes_noires_figues_barbarie.png",512,512,false],"large":["https:\/\/allbiomorocco.com\/wp-content\/uploads\/2026\/01\/serum_cernes_noires_figues_barbarie.png",512,512,false],"1536x1536":["https:\/\/allbiomorocco.com\/wp-content\/uploads\/2026\/01\/serum_cernes_noires_figues_barbarie.png",512,512,false],"2048x2048":["https:\/\/allbiomorocco.com\/wp-content\/uploads\/2026\/01\/serum_cernes_noires_figues_barbarie.png",512,512,false],"trp-custom-language-flag":["https:\/\/allbiomorocco.com\/wp-content\/uploads\/2026\/01\/serum_cernes_noires_figues_barbarie.png",12,12,false],"woocommerce_thumbnail":["https:\/\/allbiomorocco.com\/wp-content\/uploads\/2026\/01\/serum_cernes_noires_figues_barbarie-300x300.png",300,300,true],"woocommerce_single":["https:\/\/allbiomorocco.com\/wp-content\/uploads\/2026\/01\/serum_cernes_noires_figues_barbarie.png",512,512,false],"woocommerce_gallery_thumbnail":["https:\/\/allbiomorocco.com\/wp-content\/uploads\/2026\/01\/serum_cernes_noires_figues_barbarie-100x100.png",100,100,true]},"uagb_author_info":{"display_name":"allbiomorocco@gmail.com","author_link":"https:\/\/allbiomorocco.com\/en\/author\/"},"uagb_comment_info":0,"uagb_excerpt":"Le s\u00e9rum anti-cernes \u00e0 l\u2019huile de figue de barbarie 100 % naturel, a \u00e9t\u00e9 con\u00e7u pour faire dispara\u00eetre les cernes de fatigue autour de vos yeux. Pr\u00e9par\u00e9 en s\u00e9rum, l\u2019huile p\u00e9pins de figue de Barbarie p\u00e9n\u00e8tre rapidement et agit la nuit, pendant votre sommeil pour effacer vos cernes. L\u2019huile de p\u00e9pins de figue de Barbarie&hellip;","_links":{"self":[{"href":"https:\/\/allbiomorocco.com\/en\/wp-json\/wp\/v2\/product\/7433","targetHints":{"allow":["GET"]}}],"collection":[{"href":"https:\/\/allbiomorocco.com\/en\/wp-json\/wp\/v2\/product"}],"about":[{"href":"https:\/\/allbiomorocco.com\/en\/wp-json\/wp\/v2\/types\/product"}],"replies":[{"embeddable":true,"href":"https:\/\/allbiomorocco.com\/en\/wp-json\/wp\/v2\/comments?post=7433"}],"wp:featuredmedia":[{"embeddable":true,"href":"https:\/\/allbiomorocco.com\/en\/wp-json\/wp\/v2\/media\/6126"}],"wp:attachment":[{"href":"https:\/\/allbiomorocco.com\/en\/wp-json\/wp\/v2\/media?parent=7433"}],"wp:term":[{"taxonomy":"product_brand","embeddable":true,"href":"https:\/\/allbiomorocco.com\/en\/wp-json\/wp\/v2\/product_brand?post=7433"},{"taxonomy":"product_cat","embeddable":true,"href":"https:\/\/allbiomorocco.com\/en\/wp-json\/wp\/v2\/product_cat?post=7433"},{"taxonomy":"product_tag","embeddable":true,"href":"https:\/\/allbiomorocco.com\/en\/wp-json\/wp\/v2\/product_tag?post=7433"}],"curies":[{"name":"wp","href":"https:\/\/api.w.org\/{rel}","templated":true}]}}