{"id":7436,"date":"2026-01-21T13:49:07","date_gmt":"2026-01-21T13:49:07","guid":{"rendered":"https:\/\/allbiomorocco.com\/?post_type=product&#038;p=7436"},"modified":"2026-01-21T13:49:09","modified_gmt":"2026-01-21T13:49:09","slug":"masque-a-base-de-figue-de-barbarie","status":"publish","type":"product","link":"https:\/\/allbiomorocco.com\/en\/product\/masque-a-base-de-figue-de-barbarie\/","title":{"rendered":"Masque \u00e0 base de figue de Barbarie"},"content":{"rendered":"<p>Shampoing \u00e0 base de figues de barbarie offre une multitude de bienfaits pour vos cheveux.<\/p>\n<p>Enrichi en extraits naturels de figues de barbarie, ce produit est une v\u00e9ritable source de<\/p>\n<p>nutriments essentiels pour vos cheveux. Les antioxydants pr\u00e9sents dans les figues de barbarie<\/p>\n<p>aident \u00e0 prot\u00e9ger vos cheveux des agressions environnementales, tout en renfor\u00e7ant leur<\/p>\n<p>r\u00e9sistance.<\/p>\n<p>Hydrate en profondeur, aidant ainsi \u00e0 pr\u00e9venir la s\u00e9cheresse et les frisottis, tout en laissant vos<\/p>\n<p>cheveux d\u2019une douceur soyeuse. En outre, il contribue \u00e0 maintenir la couleur des cheveux blonds<\/p>\n<p>\u00e9clatante en \u00e9vitant les reflets jaunes ind\u00e9sirables. vos cheveux seront non seulement plus sains<\/p>\n<p>et nourris, mais \u00e9galement plus lumineux et \u00e9clatants, vous offrant ainsi une chevelure<\/p>\n<p>Resplendissante<\/p>","protected":false},"excerpt":{"rendered":"<p>Shampoing \u00e0 base de figues de barbarie offre une multitude de bienfaits pour vos cheveux. Enrichi en extraits naturels de figues de barbarie, ce produit est une v\u00e9ritable source de nutriments essentiels pour vos cheveux. Les antioxydants pr\u00e9sents dans les figues de barbarie aident \u00e0 prot\u00e9ger vos cheveux des agressions environnementales, tout en renfor\u00e7ant leur [&hellip;]<\/p>","protected":false},"featured_media":6114,"comment_status":"open","ping_status":"closed","template":"","meta":{"_uag_custom_page_level_css":"","site-sidebar-layout":"default","site-content-layout":"","ast-site-content-layout":"default","site-content-style":"default","site-sidebar-style":"default","ast-global-header-display":"","ast-banner-title-visibility":"","ast-main-header-display":"","ast-hfb-above-header-display":"","ast-hfb-below-header-display":"","ast-hfb-mobile-header-display":"","site-post-title":"","ast-breadcrumbs-content":"","ast-featured-img":"","footer-sml-layout":"","ast-disable-related-posts":"","theme-transparent-header-meta":"","adv-header-id-meta":"","stick-header-meta":"","header-above-stick-meta":"","header-main-stick-meta":"","header-below-stick-meta":"","astra-migrate-meta-layouts":"default","ast-page-background-enabled":"default","ast-page-background-meta":{"desktop":{"background-color":"","background-image":"","background-repeat":"repeat","background-position":"center center","background-size":"auto","background-attachment":"scroll","background-type":"","background-media":"","overlay-type":"","overlay-color":"","overlay-opacity":"","overlay-gradient":""},"tablet":{"background-color":"","background-image":"","background-repeat":"repeat","background-position":"center center","background-size":"auto","background-attachment":"scroll","background-type":"","background-media":"","overlay-type":"","overlay-color":"","overlay-opacity":"","overlay-gradient":""},"mobile":{"background-color":"","background-image":"","background-repeat":"repeat","background-position":"center center","background-size":"auto","background-attachment":"scroll","background-type":"","background-media":"","overlay-type":"","overlay-color":"","overlay-opacity":"","overlay-gradient":""}},"ast-content-background-meta":{"desktop":{"background-color":"var(--ast-global-color-5)","background-image":"","background-repeat":"repeat","background-position":"center center","background-size":"auto","background-attachment":"scroll","background-type":"","background-media":"","overlay-type":"","overlay-color":"","overlay-opacity":"","overlay-gradient":""},"tablet":{"background-color":"var(--ast-global-color-5)","background-image":"","background-repeat":"repeat","background-position":"center center","background-size":"auto","background-attachment":"scroll","background-type":"","background-media":"","overlay-type":"","overlay-color":"","overlay-opacity":"","overlay-gradient":""},"mobile":{"background-color":"var(--ast-global-color-5)","background-image":"","background-repeat":"repeat","background-position":"center center","background-size":"auto","background-attachment":"scroll","background-type":"","background-media":"","overlay-type":"","overlay-color":"","overlay-opacity":"","overlay-gradient":""}}},"product_brand":[],"product_cat":[16],"product_tag":[],"class_list":{"0":"post-7436","1":"product","2":"type-product","3":"status-publish","4":"has-post-thumbnail","6":"product_cat-cosmetique","7":"desktop-align-center","8":"tablet-align-center","9":"mobile-align-center","11":"first","12":"instock","13":"featured","14":"shipping-taxable","15":"purchasable","16":"product-type-simple"},"aioseo_notices":[],"uagb_featured_image_src":{"full":["https:\/\/allbiomorocco.com\/wp-content\/uploads\/2026\/01\/masque_cheveux_figue_barbarie.png",512,512,false],"thumbnail":["https:\/\/allbiomorocco.com\/wp-content\/uploads\/2026\/01\/masque_cheveux_figue_barbarie-150x150.png",150,150,true],"medium":["https:\/\/allbiomorocco.com\/wp-content\/uploads\/2026\/01\/masque_cheveux_figue_barbarie-300x300.png",300,300,true],"medium_large":["https:\/\/allbiomorocco.com\/wp-content\/uploads\/2026\/01\/masque_cheveux_figue_barbarie.png",512,512,false],"large":["https:\/\/allbiomorocco.com\/wp-content\/uploads\/2026\/01\/masque_cheveux_figue_barbarie.png",512,512,false],"1536x1536":["https:\/\/allbiomorocco.com\/wp-content\/uploads\/2026\/01\/masque_cheveux_figue_barbarie.png",512,512,false],"2048x2048":["https:\/\/allbiomorocco.com\/wp-content\/uploads\/2026\/01\/masque_cheveux_figue_barbarie.png",512,512,false],"trp-custom-language-flag":["https:\/\/allbiomorocco.com\/wp-content\/uploads\/2026\/01\/masque_cheveux_figue_barbarie.png",12,12,false],"woocommerce_thumbnail":["https:\/\/allbiomorocco.com\/wp-content\/uploads\/2026\/01\/masque_cheveux_figue_barbarie-300x300.png",300,300,true],"woocommerce_single":["https:\/\/allbiomorocco.com\/wp-content\/uploads\/2026\/01\/masque_cheveux_figue_barbarie.png",512,512,false],"woocommerce_gallery_thumbnail":["https:\/\/allbiomorocco.com\/wp-content\/uploads\/2026\/01\/masque_cheveux_figue_barbarie-100x100.png",100,100,true]},"uagb_author_info":{"display_name":"allbiomorocco@gmail.com","author_link":"https:\/\/allbiomorocco.com\/en\/author\/"},"uagb_comment_info":0,"uagb_excerpt":"Shampoing \u00e0 base de figues de barbarie offre une multitude de bienfaits pour vos cheveux. Enrichi en extraits naturels de figues de barbarie, ce produit est une v\u00e9ritable source de nutriments essentiels pour vos cheveux. Les antioxydants pr\u00e9sents dans les figues de barbarie aident \u00e0 prot\u00e9ger vos cheveux des agressions environnementales, tout en renfor\u00e7ant leur&hellip;","_links":{"self":[{"href":"https:\/\/allbiomorocco.com\/en\/wp-json\/wp\/v2\/product\/7436","targetHints":{"allow":["GET"]}}],"collection":[{"href":"https:\/\/allbiomorocco.com\/en\/wp-json\/wp\/v2\/product"}],"about":[{"href":"https:\/\/allbiomorocco.com\/en\/wp-json\/wp\/v2\/types\/product"}],"replies":[{"embeddable":true,"href":"https:\/\/allbiomorocco.com\/en\/wp-json\/wp\/v2\/comments?post=7436"}],"wp:featuredmedia":[{"embeddable":true,"href":"https:\/\/allbiomorocco.com\/en\/wp-json\/wp\/v2\/media\/6114"}],"wp:attachment":[{"href":"https:\/\/allbiomorocco.com\/en\/wp-json\/wp\/v2\/media?parent=7436"}],"wp:term":[{"taxonomy":"product_brand","embeddable":true,"href":"https:\/\/allbiomorocco.com\/en\/wp-json\/wp\/v2\/product_brand?post=7436"},{"taxonomy":"product_cat","embeddable":true,"href":"https:\/\/allbiomorocco.com\/en\/wp-json\/wp\/v2\/product_cat?post=7436"},{"taxonomy":"product_tag","embeddable":true,"href":"https:\/\/allbiomorocco.com\/en\/wp-json\/wp\/v2\/product_tag?post=7436"}],"curies":[{"name":"wp","href":"https:\/\/api.w.org\/{rel}","templated":true}]}}