{"id":7437,"date":"2026-01-21T13:49:07","date_gmt":"2026-01-21T13:49:07","guid":{"rendered":"https:\/\/allbiomorocco.com\/?post_type=product&#038;p=7437"},"modified":"2026-04-11T18:03:06","modified_gmt":"2026-04-11T18:03:06","slug":"serum-cheveux-figue-debarbarie","status":"publish","type":"product","link":"https:\/\/allbiomorocco.com\/en\/product\/serum-cheveux-figue-debarbarie\/","title":{"rendered":"S\u00e9rum cheveux figue deBarbarie"},"content":{"rendered":"<p>S\u00e9rum r\u00e9parateur \u00e0 base d\u2019huile de figue de barbarie.<\/p>\n<p>La k\u00e9ratine prot\u00e8ge, lisse, et redonne force et brillance \u00e0 vos cheveux. Le cheveu est compos\u00e9 \u00e0<\/p>\n<p>95 % de cette k\u00e9ratine qui le prot\u00e8ge contre les UV, l\u2019eau de mer et d\u2019autres facteurs ext\u00e9rieurs<\/p>\n<p>qui l\u2019agressent.<\/p>\n<p>Les bienfaits de l\u2019huile de figue de barbarie pour les cheveux sont nombreux :<\/p>\n<p>Elle stimule la circulation sanguine au niveau du cuir chevelu pr\u00e9venant ainsi la chute des<\/p>\n<p>cheveux et stimulant la croissance des follicules pileux. Les cheveux sont renforc\u00e9s et paraissent<\/p>\n<p>en meilleure sant\u00e9.<\/p>\n<p>Sa composition riche en vitamine E et om\u00e9ga-6 lui conf\u00e8re d\u2019excellentes propri\u00e9t\u00e9s hydratantes<\/p>\n<p>qui la rendent particuli\u00e8rement efficace pour \u00e9liminer les pellicules s\u00e8ches.<\/p>","protected":false},"excerpt":{"rendered":"<p>S\u00e9rum r\u00e9parateur \u00e0 base d\u2019huile de figue de barbarie. La k\u00e9ratine prot\u00e8ge, lisse, et redonne force et brillance \u00e0 vos cheveux. Le cheveu est compos\u00e9 \u00e0 95 % de cette k\u00e9ratine qui le prot\u00e8ge contre les UV, l\u2019eau de mer et d\u2019autres facteurs ext\u00e9rieurs qui l\u2019agressent. Les bienfaits de l\u2019huile de figue de barbarie pour [&hellip;]<\/p>","protected":false},"featured_media":8186,"comment_status":"open","ping_status":"closed","template":"","meta":{"_uag_custom_page_level_css":"","site-sidebar-layout":"default","site-content-layout":"","ast-site-content-layout":"default","site-content-style":"default","site-sidebar-style":"default","ast-global-header-display":"","ast-banner-title-visibility":"","ast-main-header-display":"","ast-hfb-above-header-display":"","ast-hfb-below-header-display":"","ast-hfb-mobile-header-display":"","site-post-title":"","ast-breadcrumbs-content":"","ast-featured-img":"","footer-sml-layout":"","ast-disable-related-posts":"","theme-transparent-header-meta":"default","adv-header-id-meta":"","stick-header-meta":"","header-above-stick-meta":"","header-main-stick-meta":"","header-below-stick-meta":"","astra-migrate-meta-layouts":"set","ast-page-background-enabled":"default","ast-page-background-meta":{"desktop":{"background-color":"","background-image":"","background-repeat":"repeat","background-position":"center center","background-size":"auto","background-attachment":"scroll","background-type":"","background-media":"","overlay-type":"","overlay-color":"","overlay-opacity":"","overlay-gradient":""},"tablet":{"background-color":"","background-image":"","background-repeat":"repeat","background-position":"center center","background-size":"auto","background-attachment":"scroll","background-type":"","background-media":"","overlay-type":"","overlay-color":"","overlay-opacity":"","overlay-gradient":""},"mobile":{"background-color":"","background-image":"","background-repeat":"repeat","background-position":"center center","background-size":"auto","background-attachment":"scroll","background-type":"","background-media":"","overlay-type":"","overlay-color":"","overlay-opacity":"","overlay-gradient":""}},"ast-content-background-meta":{"desktop":{"background-color":"var(--ast-global-color-5)","background-image":"","background-repeat":"repeat","background-position":"center center","background-size":"auto","background-attachment":"scroll","background-type":"","background-media":"","overlay-type":"","overlay-color":"","overlay-opacity":"","overlay-gradient":""},"tablet":{"background-color":"var(--ast-global-color-5)","background-image":"","background-repeat":"repeat","background-position":"center center","background-size":"auto","background-attachment":"scroll","background-type":"","background-media":"","overlay-type":"","overlay-color":"","overlay-opacity":"","overlay-gradient":""},"mobile":{"background-color":"var(--ast-global-color-5)","background-image":"","background-repeat":"repeat","background-position":"center center","background-size":"auto","background-attachment":"scroll","background-type":"","background-media":"","overlay-type":"","overlay-color":"","overlay-opacity":"","overlay-gradient":""}}},"product_brand":[],"product_cat":[16],"product_tag":[],"class_list":{"0":"post-7437","1":"product","2":"type-product","3":"status-publish","4":"has-post-thumbnail","6":"product_cat-cosmetique","7":"desktop-align-center","8":"tablet-align-center","9":"mobile-align-center","11":"first","12":"instock","13":"featured","14":"shipping-taxable","15":"purchasable","16":"product-type-simple"},"aioseo_notices":[],"uagb_featured_image_src":{"full":["https:\/\/allbiomorocco.com\/wp-content\/uploads\/2026\/01\/serume_cheveux_figue_barbarie-344x499-1.png",344,499,false],"thumbnail":["https:\/\/allbiomorocco.com\/wp-content\/uploads\/2026\/01\/serume_cheveux_figue_barbarie-344x499-1-150x150.png",150,150,true],"medium":["https:\/\/allbiomorocco.com\/wp-content\/uploads\/2026\/01\/serume_cheveux_figue_barbarie-344x499-1-207x300.png",207,300,true],"medium_large":["https:\/\/allbiomorocco.com\/wp-content\/uploads\/2026\/01\/serume_cheveux_figue_barbarie-344x499-1.png",344,499,false],"large":["https:\/\/allbiomorocco.com\/wp-content\/uploads\/2026\/01\/serume_cheveux_figue_barbarie-344x499-1.png",344,499,false],"1536x1536":["https:\/\/allbiomorocco.com\/wp-content\/uploads\/2026\/01\/serume_cheveux_figue_barbarie-344x499-1.png",344,499,false],"2048x2048":["https:\/\/allbiomorocco.com\/wp-content\/uploads\/2026\/01\/serume_cheveux_figue_barbarie-344x499-1.png",344,499,false],"trp-custom-language-flag":["https:\/\/allbiomorocco.com\/wp-content\/uploads\/2026\/01\/serume_cheveux_figue_barbarie-344x499-1-8x12.png",8,12,true],"woocommerce_thumbnail":["https:\/\/allbiomorocco.com\/wp-content\/uploads\/2026\/01\/serume_cheveux_figue_barbarie-344x499-1-300x300.png",300,300,true],"woocommerce_single":["https:\/\/allbiomorocco.com\/wp-content\/uploads\/2026\/01\/serume_cheveux_figue_barbarie-344x499-1.png",344,499,false],"woocommerce_gallery_thumbnail":["https:\/\/allbiomorocco.com\/wp-content\/uploads\/2026\/01\/serume_cheveux_figue_barbarie-344x499-1-100x100.png",100,100,true]},"uagb_author_info":{"display_name":"allbiomorocco@gmail.com","author_link":"https:\/\/allbiomorocco.com\/en\/author\/"},"uagb_comment_info":0,"uagb_excerpt":"S\u00e9rum r\u00e9parateur \u00e0 base d\u2019huile de figue de barbarie. La k\u00e9ratine prot\u00e8ge, lisse, et redonne force et brillance \u00e0 vos cheveux. Le cheveu est compos\u00e9 \u00e0 95 % de cette k\u00e9ratine qui le prot\u00e8ge contre les UV, l\u2019eau de mer et d\u2019autres facteurs ext\u00e9rieurs qui l\u2019agressent. Les bienfaits de l\u2019huile de figue de barbarie pour&hellip;","_links":{"self":[{"href":"https:\/\/allbiomorocco.com\/en\/wp-json\/wp\/v2\/product\/7437","targetHints":{"allow":["GET"]}}],"collection":[{"href":"https:\/\/allbiomorocco.com\/en\/wp-json\/wp\/v2\/product"}],"about":[{"href":"https:\/\/allbiomorocco.com\/en\/wp-json\/wp\/v2\/types\/product"}],"replies":[{"embeddable":true,"href":"https:\/\/allbiomorocco.com\/en\/wp-json\/wp\/v2\/comments?post=7437"}],"wp:featuredmedia":[{"embeddable":true,"href":"https:\/\/allbiomorocco.com\/en\/wp-json\/wp\/v2\/media\/8186"}],"wp:attachment":[{"href":"https:\/\/allbiomorocco.com\/en\/wp-json\/wp\/v2\/media?parent=7437"}],"wp:term":[{"taxonomy":"product_brand","embeddable":true,"href":"https:\/\/allbiomorocco.com\/en\/wp-json\/wp\/v2\/product_brand?post=7437"},{"taxonomy":"product_cat","embeddable":true,"href":"https:\/\/allbiomorocco.com\/en\/wp-json\/wp\/v2\/product_cat?post=7437"},{"taxonomy":"product_tag","embeddable":true,"href":"https:\/\/allbiomorocco.com\/en\/wp-json\/wp\/v2\/product_tag?post=7437"}],"curies":[{"name":"wp","href":"https:\/\/api.w.org\/{rel}","templated":true}]}}