{"id":7438,"date":"2026-01-21T13:49:07","date_gmt":"2026-01-21T13:49:07","guid":{"rendered":"https:\/\/allbiomorocco.com\/?post_type=product&#038;p=7438"},"modified":"2026-01-21T15:10:17","modified_gmt":"2026-01-21T15:10:17","slug":"gommage-figue-de-barbarie","status":"publish","type":"product","link":"https:\/\/allbiomorocco.com\/en\/product\/gommage-figue-de-barbarie\/","title":{"rendered":"Gommage figue de Barbarie"},"content":{"rendered":"<p>Le gommage figue de barbari est con\u00e7u pour offrir une exfoliation en douceur tout en nourrissant<\/p>\n<p>intens\u00e9ment la peau. Formul\u00e9 \u00e0 base d\u2019huile de graine de figue de barbarie, ce soin \u00e9limine<\/p>\n<p>efficacement les cellules mortes et impuret\u00e9s, r\u00e9v\u00e9lant un teint plus lumineux et une peau<\/p>\n<p>douce. Gr\u00e2ce \u00e0 ses actifs naturels, il assure une action r\u00e9paratrice, hydratante et purifiante,<\/p>\n<p>id\u00e9ale pour tous les types de peau<\/p>\n<p>Le gommage \u00e0 la figue de barbarie ne se contente pas d\u2019exfolier la peau. Il apporte \u00e9galement<\/p>\n<p>des nutriments essentiels pour la pr\u00e9server du dess\u00e8chement et stimuler son renouvellement<\/p>\n<p>cellulaire.<\/p>\n<p>Les bienfaits du gommage figue de barbarie<\/p>\n<p>Exfoliation en douceur : enl\u00e8ve les impuret\u00e9s sans agresser la peau<\/p>\n<p>Hydratation intense : l\u2019huile de graine de figue de barbarie nourrit en profondeur<\/p>\n<p>Effet r\u00e9g\u00e9n\u00e9rant : favorise la r\u00e9paration et le renouvellement cellulaire<\/p>\n<p>Peau revitalis\u00e9e : apporte souplesse et \u00e9clat pour un teint unifi\u00e9<\/p>\n<p>Purification : aide \u00e0 d\u00e9toxifier la peau et resserrer les pores<\/p>\n<p>Gr\u00e2ce \u00e0 cette combinaison d\u2019ingr\u00e9dients naturels, ce gommage \u00e0 la figue de barbarie offre une<\/p>\n<p>exp\u00e9rience de soin compl\u00e8te, parfaite pour retrouver une peau \u00e9clatante et en pleine sant\u00e9.<\/p>","protected":false},"excerpt":{"rendered":"<p>Le gommage figue de barbari est con\u00e7u pour offrir une exfoliation en douceur tout en nourrissant intens\u00e9ment la peau. Formul\u00e9 \u00e0 base d\u2019huile de graine de figue de barbarie, ce soin \u00e9limine efficacement les cellules mortes et impuret\u00e9s, r\u00e9v\u00e9lant un teint plus lumineux et une peau douce. Gr\u00e2ce \u00e0 ses actifs naturels, il assure une [&hellip;]<\/p>","protected":false},"featured_media":6522,"comment_status":"open","ping_status":"closed","template":"","meta":{"_uag_custom_page_level_css":"","site-sidebar-layout":"default","site-content-layout":"","ast-site-content-layout":"default","site-content-style":"default","site-sidebar-style":"default","ast-global-header-display":"","ast-banner-title-visibility":"","ast-main-header-display":"","ast-hfb-above-header-display":"","ast-hfb-below-header-display":"","ast-hfb-mobile-header-display":"","site-post-title":"","ast-breadcrumbs-content":"","ast-featured-img":"","footer-sml-layout":"","ast-disable-related-posts":"","theme-transparent-header-meta":"","adv-header-id-meta":"","stick-header-meta":"","header-above-stick-meta":"","header-main-stick-meta":"","header-below-stick-meta":"","astra-migrate-meta-layouts":"default","ast-page-background-enabled":"default","ast-page-background-meta":{"desktop":{"background-color":"","background-image":"","background-repeat":"repeat","background-position":"center center","background-size":"auto","background-attachment":"scroll","background-type":"","background-media":"","overlay-type":"","overlay-color":"","overlay-opacity":"","overlay-gradient":""},"tablet":{"background-color":"","background-image":"","background-repeat":"repeat","background-position":"center center","background-size":"auto","background-attachment":"scroll","background-type":"","background-media":"","overlay-type":"","overlay-color":"","overlay-opacity":"","overlay-gradient":""},"mobile":{"background-color":"","background-image":"","background-repeat":"repeat","background-position":"center center","background-size":"auto","background-attachment":"scroll","background-type":"","background-media":"","overlay-type":"","overlay-color":"","overlay-opacity":"","overlay-gradient":""}},"ast-content-background-meta":{"desktop":{"background-color":"var(--ast-global-color-5)","background-image":"","background-repeat":"repeat","background-position":"center center","background-size":"auto","background-attachment":"scroll","background-type":"","background-media":"","overlay-type":"","overlay-color":"","overlay-opacity":"","overlay-gradient":""},"tablet":{"background-color":"var(--ast-global-color-5)","background-image":"","background-repeat":"repeat","background-position":"center center","background-size":"auto","background-attachment":"scroll","background-type":"","background-media":"","overlay-type":"","overlay-color":"","overlay-opacity":"","overlay-gradient":""},"mobile":{"background-color":"var(--ast-global-color-5)","background-image":"","background-repeat":"repeat","background-position":"center center","background-size":"auto","background-attachment":"scroll","background-type":"","background-media":"","overlay-type":"","overlay-color":"","overlay-opacity":"","overlay-gradient":""}}},"product_brand":[],"product_cat":[16],"product_tag":[],"class_list":{"0":"post-7438","1":"product","2":"type-product","3":"status-publish","4":"has-post-thumbnail","6":"product_cat-cosmetique","7":"desktop-align-center","8":"tablet-align-center","9":"mobile-align-center","11":"first","12":"instock","13":"featured","14":"shipping-taxable","15":"purchasable","16":"product-type-simple"},"aioseo_notices":[],"uagb_featured_image_src":{"full":["https:\/\/allbiomorocco.com\/wp-content\/uploads\/2026\/01\/gommage_figue_barbarie.png",432,624,false],"thumbnail":["https:\/\/allbiomorocco.com\/wp-content\/uploads\/2026\/01\/gommage_figue_barbarie-150x150.png",150,150,true],"medium":["https:\/\/allbiomorocco.com\/wp-content\/uploads\/2026\/01\/gommage_figue_barbarie-208x300.png",208,300,true],"medium_large":["https:\/\/allbiomorocco.com\/wp-content\/uploads\/2026\/01\/gommage_figue_barbarie.png",432,624,false],"large":["https:\/\/allbiomorocco.com\/wp-content\/uploads\/2026\/01\/gommage_figue_barbarie.png",432,624,false],"1536x1536":["https:\/\/allbiomorocco.com\/wp-content\/uploads\/2026\/01\/gommage_figue_barbarie.png",432,624,false],"2048x2048":["https:\/\/allbiomorocco.com\/wp-content\/uploads\/2026\/01\/gommage_figue_barbarie.png",432,624,false],"trp-custom-language-flag":["https:\/\/allbiomorocco.com\/wp-content\/uploads\/2026\/01\/gommage_figue_barbarie.png",8,12,false],"woocommerce_thumbnail":["https:\/\/allbiomorocco.com\/wp-content\/uploads\/2026\/01\/gommage_figue_barbarie-300x300.png",300,300,true],"woocommerce_single":["https:\/\/allbiomorocco.com\/wp-content\/uploads\/2026\/01\/gommage_figue_barbarie.png",432,624,false],"woocommerce_gallery_thumbnail":["https:\/\/allbiomorocco.com\/wp-content\/uploads\/2026\/01\/gommage_figue_barbarie-100x100.png",100,100,true]},"uagb_author_info":{"display_name":"allbiomorocco@gmail.com","author_link":"https:\/\/allbiomorocco.com\/en\/author\/"},"uagb_comment_info":0,"uagb_excerpt":"Le gommage figue de barbari est con\u00e7u pour offrir une exfoliation en douceur tout en nourrissant intens\u00e9ment la peau. Formul\u00e9 \u00e0 base d\u2019huile de graine de figue de barbarie, ce soin \u00e9limine efficacement les cellules mortes et impuret\u00e9s, r\u00e9v\u00e9lant un teint plus lumineux et une peau douce. Gr\u00e2ce \u00e0 ses actifs naturels, il assure une&hellip;","_links":{"self":[{"href":"https:\/\/allbiomorocco.com\/en\/wp-json\/wp\/v2\/product\/7438","targetHints":{"allow":["GET"]}}],"collection":[{"href":"https:\/\/allbiomorocco.com\/en\/wp-json\/wp\/v2\/product"}],"about":[{"href":"https:\/\/allbiomorocco.com\/en\/wp-json\/wp\/v2\/types\/product"}],"replies":[{"embeddable":true,"href":"https:\/\/allbiomorocco.com\/en\/wp-json\/wp\/v2\/comments?post=7438"}],"wp:featuredmedia":[{"embeddable":true,"href":"https:\/\/allbiomorocco.com\/en\/wp-json\/wp\/v2\/media\/6522"}],"wp:attachment":[{"href":"https:\/\/allbiomorocco.com\/en\/wp-json\/wp\/v2\/media?parent=7438"}],"wp:term":[{"taxonomy":"product_brand","embeddable":true,"href":"https:\/\/allbiomorocco.com\/en\/wp-json\/wp\/v2\/product_brand?post=7438"},{"taxonomy":"product_cat","embeddable":true,"href":"https:\/\/allbiomorocco.com\/en\/wp-json\/wp\/v2\/product_cat?post=7438"},{"taxonomy":"product_tag","embeddable":true,"href":"https:\/\/allbiomorocco.com\/en\/wp-json\/wp\/v2\/product_tag?post=7438"}],"curies":[{"name":"wp","href":"https:\/\/api.w.org\/{rel}","templated":true}]}}