{"id":7440,"date":"2026-01-21T13:49:07","date_gmt":"2026-01-21T13:49:07","guid":{"rendered":"https:\/\/allbiomorocco.com\/?post_type=product&#038;p=7440"},"modified":"2026-01-21T13:49:09","modified_gmt":"2026-01-21T13:49:09","slug":"lhuile-de-noyau-dabricot","status":"publish","type":"product","link":"https:\/\/allbiomorocco.com\/en\/product\/lhuile-de-noyau-dabricot\/","title":{"rendered":"L\u2019huile de noyau d\u2019abricot"},"content":{"rendered":"<p> L\u2019huile de noyau d\u2019abricot est une huile v\u00e9g\u00e9tale l\u00e9g\u00e8re et fluide extraite des amandes contenues dans le noyau de l\u2019abricot. Sa couleur varie du jaune p\u00e2le \u00e0 l\u2019or clair, avec une texture douce et une odeur discr\u00e8te. Gr\u00e2ce \u00e0 sa richesse en acides gras essentiels et en vitamines, elle est tr\u00e8s appr\u00e9ci\u00e9e en cosm\u00e9tique naturelle.<\/p>\n<p> Bienfaits<\/p>\n<p> Hydratation et nutrition : nourrit la peau en profondeur et restaure le film hydrolipidique.<\/p>\n<p> Anti-\u00e2ge : riche en vitamine E et en b\u00eata-carot\u00e8ne (provitamine A), elle aide \u00e0 lutter contre le vieillissement cutan\u00e9 et redonne \u00e9clat et \u00e9lasticit\u00e9.<\/p>\n<p> Peau sensible : apaise les irritations et convient aux peaux d\u00e9licates, s\u00e8ches ou r\u00e9actives.<\/p>\n<p> Effet bonne mine : illumine le teint et donne un aspect naturellement \u00e9clatant.<\/p>\n<p> Massage : sa texture l\u00e9g\u00e8re en fait une excellente huile de massage, p\u00e9n\u00e9trant rapidement sans laisser de film gras.<\/p>\n<p> Cheveux : nourrit et assouplit les cheveux secs et ternes, redonne brillance et douceur.<\/p>\n<p> \ud83d\udc49 En r\u00e9sum\u00e9, l\u2019huile de noyau d\u2019abricot est un v\u00e9ritable \u00e9lixir de beaut\u00e9 polyvalent, id\u00e9ale pour les soins du visage, du corps et des cheveux<\/p>","protected":false},"excerpt":{"rendered":"<p>L\u2019huile de noyau d\u2019abricot est une huile v\u00e9g\u00e9tale l\u00e9g\u00e8re et fluide extraite des amandes contenues dans le noyau de l\u2019abricot. Sa couleur varie du jaune p\u00e2le \u00e0 l\u2019or clair, avec une texture douce et une odeur discr\u00e8te. Gr\u00e2ce \u00e0 sa richesse en acides gras essentiels et en vitamines, elle est tr\u00e8s appr\u00e9ci\u00e9e en cosm\u00e9tique naturelle. [&hellip;]<\/p>","protected":false},"featured_media":6104,"comment_status":"open","ping_status":"closed","template":"","meta":{"_uag_custom_page_level_css":"","site-sidebar-layout":"default","site-content-layout":"","ast-site-content-layout":"default","site-content-style":"default","site-sidebar-style":"default","ast-global-header-display":"","ast-banner-title-visibility":"","ast-main-header-display":"","ast-hfb-above-header-display":"","ast-hfb-below-header-display":"","ast-hfb-mobile-header-display":"","site-post-title":"","ast-breadcrumbs-content":"","ast-featured-img":"","footer-sml-layout":"","ast-disable-related-posts":"","theme-transparent-header-meta":"","adv-header-id-meta":"","stick-header-meta":"","header-above-stick-meta":"","header-main-stick-meta":"","header-below-stick-meta":"","astra-migrate-meta-layouts":"default","ast-page-background-enabled":"default","ast-page-background-meta":{"desktop":{"background-color":"","background-image":"","background-repeat":"repeat","background-position":"center center","background-size":"auto","background-attachment":"scroll","background-type":"","background-media":"","overlay-type":"","overlay-color":"","overlay-opacity":"","overlay-gradient":""},"tablet":{"background-color":"","background-image":"","background-repeat":"repeat","background-position":"center center","background-size":"auto","background-attachment":"scroll","background-type":"","background-media":"","overlay-type":"","overlay-color":"","overlay-opacity":"","overlay-gradient":""},"mobile":{"background-color":"","background-image":"","background-repeat":"repeat","background-position":"center center","background-size":"auto","background-attachment":"scroll","background-type":"","background-media":"","overlay-type":"","overlay-color":"","overlay-opacity":"","overlay-gradient":""}},"ast-content-background-meta":{"desktop":{"background-color":"var(--ast-global-color-5)","background-image":"","background-repeat":"repeat","background-position":"center center","background-size":"auto","background-attachment":"scroll","background-type":"","background-media":"","overlay-type":"","overlay-color":"","overlay-opacity":"","overlay-gradient":""},"tablet":{"background-color":"var(--ast-global-color-5)","background-image":"","background-repeat":"repeat","background-position":"center center","background-size":"auto","background-attachment":"scroll","background-type":"","background-media":"","overlay-type":"","overlay-color":"","overlay-opacity":"","overlay-gradient":""},"mobile":{"background-color":"var(--ast-global-color-5)","background-image":"","background-repeat":"repeat","background-position":"center center","background-size":"auto","background-attachment":"scroll","background-type":"","background-media":"","overlay-type":"","overlay-color":"","overlay-opacity":"","overlay-gradient":""}}},"product_brand":[],"product_cat":[16],"product_tag":[],"class_list":{"0":"post-7440","1":"product","2":"type-product","3":"status-publish","4":"has-post-thumbnail","6":"product_cat-cosmetique","7":"desktop-align-center","8":"tablet-align-center","9":"mobile-align-center","11":"first","12":"instock","13":"shipping-taxable","14":"purchasable","15":"product-type-simple"},"aioseo_notices":[],"uagb_featured_image_src":{"full":["https:\/\/allbiomorocco.com\/wp-content\/uploads\/2026\/01\/huile_noix_abricot.png",512,512,false],"thumbnail":["https:\/\/allbiomorocco.com\/wp-content\/uploads\/2026\/01\/huile_noix_abricot-150x150.png",150,150,true],"medium":["https:\/\/allbiomorocco.com\/wp-content\/uploads\/2026\/01\/huile_noix_abricot-300x300.png",300,300,true],"medium_large":["https:\/\/allbiomorocco.com\/wp-content\/uploads\/2026\/01\/huile_noix_abricot.png",512,512,false],"large":["https:\/\/allbiomorocco.com\/wp-content\/uploads\/2026\/01\/huile_noix_abricot.png",512,512,false],"1536x1536":["https:\/\/allbiomorocco.com\/wp-content\/uploads\/2026\/01\/huile_noix_abricot.png",512,512,false],"2048x2048":["https:\/\/allbiomorocco.com\/wp-content\/uploads\/2026\/01\/huile_noix_abricot.png",512,512,false],"trp-custom-language-flag":["https:\/\/allbiomorocco.com\/wp-content\/uploads\/2026\/01\/huile_noix_abricot.png",12,12,false],"woocommerce_thumbnail":["https:\/\/allbiomorocco.com\/wp-content\/uploads\/2026\/01\/huile_noix_abricot-300x300.png",300,300,true],"woocommerce_single":["https:\/\/allbiomorocco.com\/wp-content\/uploads\/2026\/01\/huile_noix_abricot.png",512,512,false],"woocommerce_gallery_thumbnail":["https:\/\/allbiomorocco.com\/wp-content\/uploads\/2026\/01\/huile_noix_abricot-100x100.png",100,100,true]},"uagb_author_info":{"display_name":"allbiomorocco@gmail.com","author_link":"https:\/\/allbiomorocco.com\/en\/author\/"},"uagb_comment_info":0,"uagb_excerpt":"L\u2019huile de noyau d\u2019abricot est une huile v\u00e9g\u00e9tale l\u00e9g\u00e8re et fluide extraite des amandes contenues dans le noyau de l\u2019abricot. Sa couleur varie du jaune p\u00e2le \u00e0 l\u2019or clair, avec une texture douce et une odeur discr\u00e8te. Gr\u00e2ce \u00e0 sa richesse en acides gras essentiels et en vitamines, elle est tr\u00e8s appr\u00e9ci\u00e9e en cosm\u00e9tique naturelle.&hellip;","_links":{"self":[{"href":"https:\/\/allbiomorocco.com\/en\/wp-json\/wp\/v2\/product\/7440","targetHints":{"allow":["GET"]}}],"collection":[{"href":"https:\/\/allbiomorocco.com\/en\/wp-json\/wp\/v2\/product"}],"about":[{"href":"https:\/\/allbiomorocco.com\/en\/wp-json\/wp\/v2\/types\/product"}],"replies":[{"embeddable":true,"href":"https:\/\/allbiomorocco.com\/en\/wp-json\/wp\/v2\/comments?post=7440"}],"wp:featuredmedia":[{"embeddable":true,"href":"https:\/\/allbiomorocco.com\/en\/wp-json\/wp\/v2\/media\/6104"}],"wp:attachment":[{"href":"https:\/\/allbiomorocco.com\/en\/wp-json\/wp\/v2\/media?parent=7440"}],"wp:term":[{"taxonomy":"product_brand","embeddable":true,"href":"https:\/\/allbiomorocco.com\/en\/wp-json\/wp\/v2\/product_brand?post=7440"},{"taxonomy":"product_cat","embeddable":true,"href":"https:\/\/allbiomorocco.com\/en\/wp-json\/wp\/v2\/product_cat?post=7440"},{"taxonomy":"product_tag","embeddable":true,"href":"https:\/\/allbiomorocco.com\/en\/wp-json\/wp\/v2\/product_tag?post=7440"}],"curies":[{"name":"wp","href":"https:\/\/api.w.org\/{rel}","templated":true}]}}