{"id":7441,"date":"2026-01-21T13:49:07","date_gmt":"2026-01-21T13:49:07","guid":{"rendered":"https:\/\/allbiomorocco.com\/?post_type=product&#038;p=7441"},"modified":"2026-01-21T13:49:09","modified_gmt":"2026-01-21T13:49:09","slug":"creme-visage-a-labricot","status":"publish","type":"product","link":"https:\/\/allbiomorocco.com\/en\/product\/creme-visage-a-labricot\/","title":{"rendered":"Cr\u00e8me Visage \u00e0 l\u2019Abricot"},"content":{"rendered":"<p>La cr\u00e8me visage \u00e0 l\u2019abricot est un soin hydratant et revitalisant, formul\u00e9 \u00e0 base d\u2019huile ou d\u2019extrait de noyau d\u2019abricot. Sa texture l\u00e9g\u00e8re et onctueuse p\u00e9n\u00e8tre facilement la peau sans effet gras, laissant une agr\u00e9able sensation de douceur et de fra\u00eecheur. Elle est souvent enrichie en vitamines A et E, reconnues pour leur pouvoir antioxydant.<\/p>\n<p> Bienfaits<\/p>\n<p> Hydratation intense : nourrit la peau et aide \u00e0 maintenir son \u00e9quilibre naturel.<\/p>\n<p> \u00c9clat du teint : apporte un effet \u201cbonne mine\u201d gr\u00e2ce aux carot\u00e9no\u00efdes et \u00e0 la vitamine A.<\/p>\n<p> Anti-\u00e2ge : aide \u00e0 pr\u00e9venir l\u2019apparition des rides et ridules en am\u00e9liorant l\u2019\u00e9lasticit\u00e9 cutan\u00e9e.<\/p>\n<p> Adoucissante : rend la peau plus souple et plus douce au toucher.<\/p>\n<p> Convient aux peaux sensibles : apaise et prot\u00e8ge des agressions ext\u00e9rieures.<\/p>\n<p> \ud83d\udc49 Une cr\u00e8me id\u00e9ale pour redonner \u00e0 la peau fra\u00eecheur, luminosit\u00e9 et vitalit\u00e9, tout en l\u2019hydratant au quotidien<\/p>","protected":false},"excerpt":{"rendered":"<p>La cr\u00e8me visage \u00e0 l\u2019abricot est un soin hydratant et revitalisant, formul\u00e9 \u00e0 base d\u2019huile ou d\u2019extrait de noyau d\u2019abricot. Sa texture l\u00e9g\u00e8re et onctueuse p\u00e9n\u00e8tre facilement la peau sans effet gras, laissant une agr\u00e9able sensation de douceur et de fra\u00eecheur. Elle est souvent enrichie en vitamines A et E, reconnues pour leur pouvoir antioxydant. [&hellip;]<\/p>","protected":false},"featured_media":6083,"comment_status":"open","ping_status":"closed","template":"","meta":{"_uag_custom_page_level_css":"","site-sidebar-layout":"default","site-content-layout":"","ast-site-content-layout":"default","site-content-style":"default","site-sidebar-style":"default","ast-global-header-display":"","ast-banner-title-visibility":"","ast-main-header-display":"","ast-hfb-above-header-display":"","ast-hfb-below-header-display":"","ast-hfb-mobile-header-display":"","site-post-title":"","ast-breadcrumbs-content":"","ast-featured-img":"","footer-sml-layout":"","ast-disable-related-posts":"","theme-transparent-header-meta":"","adv-header-id-meta":"","stick-header-meta":"","header-above-stick-meta":"","header-main-stick-meta":"","header-below-stick-meta":"","astra-migrate-meta-layouts":"default","ast-page-background-enabled":"default","ast-page-background-meta":{"desktop":{"background-color":"","background-image":"","background-repeat":"repeat","background-position":"center center","background-size":"auto","background-attachment":"scroll","background-type":"","background-media":"","overlay-type":"","overlay-color":"","overlay-opacity":"","overlay-gradient":""},"tablet":{"background-color":"","background-image":"","background-repeat":"repeat","background-position":"center center","background-size":"auto","background-attachment":"scroll","background-type":"","background-media":"","overlay-type":"","overlay-color":"","overlay-opacity":"","overlay-gradient":""},"mobile":{"background-color":"","background-image":"","background-repeat":"repeat","background-position":"center center","background-size":"auto","background-attachment":"scroll","background-type":"","background-media":"","overlay-type":"","overlay-color":"","overlay-opacity":"","overlay-gradient":""}},"ast-content-background-meta":{"desktop":{"background-color":"var(--ast-global-color-5)","background-image":"","background-repeat":"repeat","background-position":"center center","background-size":"auto","background-attachment":"scroll","background-type":"","background-media":"","overlay-type":"","overlay-color":"","overlay-opacity":"","overlay-gradient":""},"tablet":{"background-color":"var(--ast-global-color-5)","background-image":"","background-repeat":"repeat","background-position":"center center","background-size":"auto","background-attachment":"scroll","background-type":"","background-media":"","overlay-type":"","overlay-color":"","overlay-opacity":"","overlay-gradient":""},"mobile":{"background-color":"var(--ast-global-color-5)","background-image":"","background-repeat":"repeat","background-position":"center center","background-size":"auto","background-attachment":"scroll","background-type":"","background-media":"","overlay-type":"","overlay-color":"","overlay-opacity":"","overlay-gradient":""}}},"product_brand":[],"product_cat":[16],"product_tag":[],"class_list":{"0":"post-7441","1":"product","2":"type-product","3":"status-publish","4":"has-post-thumbnail","6":"product_cat-cosmetique","7":"desktop-align-center","8":"tablet-align-center","9":"mobile-align-center","11":"first","12":"instock","13":"shipping-taxable","14":"purchasable","15":"product-type-simple"},"aioseo_notices":[],"uagb_featured_image_src":{"full":["https:\/\/allbiomorocco.com\/wp-content\/uploads\/2026\/01\/creme_noix_abricot.png",512,512,false],"thumbnail":["https:\/\/allbiomorocco.com\/wp-content\/uploads\/2026\/01\/creme_noix_abricot-150x150.png",150,150,true],"medium":["https:\/\/allbiomorocco.com\/wp-content\/uploads\/2026\/01\/creme_noix_abricot-300x300.png",300,300,true],"medium_large":["https:\/\/allbiomorocco.com\/wp-content\/uploads\/2026\/01\/creme_noix_abricot.png",512,512,false],"large":["https:\/\/allbiomorocco.com\/wp-content\/uploads\/2026\/01\/creme_noix_abricot.png",512,512,false],"1536x1536":["https:\/\/allbiomorocco.com\/wp-content\/uploads\/2026\/01\/creme_noix_abricot.png",512,512,false],"2048x2048":["https:\/\/allbiomorocco.com\/wp-content\/uploads\/2026\/01\/creme_noix_abricot.png",512,512,false],"trp-custom-language-flag":["https:\/\/allbiomorocco.com\/wp-content\/uploads\/2026\/01\/creme_noix_abricot.png",12,12,false],"woocommerce_thumbnail":["https:\/\/allbiomorocco.com\/wp-content\/uploads\/2026\/01\/creme_noix_abricot-300x300.png",300,300,true],"woocommerce_single":["https:\/\/allbiomorocco.com\/wp-content\/uploads\/2026\/01\/creme_noix_abricot.png",512,512,false],"woocommerce_gallery_thumbnail":["https:\/\/allbiomorocco.com\/wp-content\/uploads\/2026\/01\/creme_noix_abricot-100x100.png",100,100,true]},"uagb_author_info":{"display_name":"allbiomorocco@gmail.com","author_link":"https:\/\/allbiomorocco.com\/en\/author\/"},"uagb_comment_info":0,"uagb_excerpt":"La cr\u00e8me visage \u00e0 l\u2019abricot est un soin hydratant et revitalisant, formul\u00e9 \u00e0 base d\u2019huile ou d\u2019extrait de noyau d\u2019abricot. Sa texture l\u00e9g\u00e8re et onctueuse p\u00e9n\u00e8tre facilement la peau sans effet gras, laissant une agr\u00e9able sensation de douceur et de fra\u00eecheur. Elle est souvent enrichie en vitamines A et E, reconnues pour leur pouvoir antioxydant.&hellip;","_links":{"self":[{"href":"https:\/\/allbiomorocco.com\/en\/wp-json\/wp\/v2\/product\/7441","targetHints":{"allow":["GET"]}}],"collection":[{"href":"https:\/\/allbiomorocco.com\/en\/wp-json\/wp\/v2\/product"}],"about":[{"href":"https:\/\/allbiomorocco.com\/en\/wp-json\/wp\/v2\/types\/product"}],"replies":[{"embeddable":true,"href":"https:\/\/allbiomorocco.com\/en\/wp-json\/wp\/v2\/comments?post=7441"}],"wp:featuredmedia":[{"embeddable":true,"href":"https:\/\/allbiomorocco.com\/en\/wp-json\/wp\/v2\/media\/6083"}],"wp:attachment":[{"href":"https:\/\/allbiomorocco.com\/en\/wp-json\/wp\/v2\/media?parent=7441"}],"wp:term":[{"taxonomy":"product_brand","embeddable":true,"href":"https:\/\/allbiomorocco.com\/en\/wp-json\/wp\/v2\/product_brand?post=7441"},{"taxonomy":"product_cat","embeddable":true,"href":"https:\/\/allbiomorocco.com\/en\/wp-json\/wp\/v2\/product_cat?post=7441"},{"taxonomy":"product_tag","embeddable":true,"href":"https:\/\/allbiomorocco.com\/en\/wp-json\/wp\/v2\/product_tag?post=7441"}],"curies":[{"name":"wp","href":"https:\/\/api.w.org\/{rel}","templated":true}]}}