{"id":7442,"date":"2026-01-21T13:49:07","date_gmt":"2026-01-21T13:49:07","guid":{"rendered":"https:\/\/allbiomorocco.com\/?post_type=product&#038;p=7442"},"modified":"2026-01-21T13:49:09","modified_gmt":"2026-01-21T13:49:09","slug":"gomage-dabricot","status":"publish","type":"product","link":"https:\/\/allbiomorocco.com\/en\/product\/gomage-dabricot\/","title":{"rendered":"Gomage d\u2019abricot"},"content":{"rendered":"<p>Description<\/p>\n<p> Le gommage \u00e0 l\u2019abricot est un soin exfoliant naturel formul\u00e9 \u00e0 base de poudre ou de noyaux d\u2019abricot finement broy\u00e9s, associ\u00e9s \u00e0 des agents hydratants. Sa texture granuleuse mais douce permet d\u2019\u00e9liminer les cellules mortes et les impuret\u00e9s, tout en laissant la peau fra\u00eeche et lumineuse. Il est appr\u00e9ci\u00e9 pour son parfum fruit\u00e9 et sa douceur adapt\u00e9e \u00e0 tous types de peaux.<\/p>\n<p> Bienfaits<\/p>\n<p> Exfoliation douce : nettoie en profondeur et d\u00e9barrasse la peau des cellules mortes.<\/p>\n<p> \u00c9clat du teint : favorise le renouvellement cellulaire pour une peau plus lumineuse.<\/p>\n<p> Peau douce et lisse : affine le grain de peau et r\u00e9duit les zones rugueuses.<\/p>\n<p> Stimulation de la circulation : active la microcirculation, donnant un effet tonifiant.<\/p>\n<p> Pr\u00e9paration de la peau : facilite la p\u00e9n\u00e9tration des soins hydratants ou nourrissants appliqu\u00e9s ensuite.<\/p>\n<p> \ud83d\udc49 Le gommage \u00e0 l\u2019abricot est id\u00e9al pour retrouver une peau douce, \u00e9clatante et revitalis\u00e9e<\/p>","protected":false},"excerpt":{"rendered":"<p>Description Le gommage \u00e0 l\u2019abricot est un soin exfoliant naturel formul\u00e9 \u00e0 base de poudre ou de noyaux d\u2019abricot finement broy\u00e9s, associ\u00e9s \u00e0 des agents hydratants. Sa texture granuleuse mais douce permet d\u2019\u00e9liminer les cellules mortes et les impuret\u00e9s, tout en laissant la peau fra\u00eeche et lumineuse. Il est appr\u00e9ci\u00e9 pour son parfum fruit\u00e9 et [&hellip;]<\/p>","protected":false},"featured_media":6093,"comment_status":"open","ping_status":"closed","template":"","meta":{"_uag_custom_page_level_css":"","site-sidebar-layout":"default","site-content-layout":"","ast-site-content-layout":"default","site-content-style":"default","site-sidebar-style":"default","ast-global-header-display":"","ast-banner-title-visibility":"","ast-main-header-display":"","ast-hfb-above-header-display":"","ast-hfb-below-header-display":"","ast-hfb-mobile-header-display":"","site-post-title":"","ast-breadcrumbs-content":"","ast-featured-img":"","footer-sml-layout":"","ast-disable-related-posts":"","theme-transparent-header-meta":"","adv-header-id-meta":"","stick-header-meta":"","header-above-stick-meta":"","header-main-stick-meta":"","header-below-stick-meta":"","astra-migrate-meta-layouts":"default","ast-page-background-enabled":"default","ast-page-background-meta":{"desktop":{"background-color":"","background-image":"","background-repeat":"repeat","background-position":"center center","background-size":"auto","background-attachment":"scroll","background-type":"","background-media":"","overlay-type":"","overlay-color":"","overlay-opacity":"","overlay-gradient":""},"tablet":{"background-color":"","background-image":"","background-repeat":"repeat","background-position":"center center","background-size":"auto","background-attachment":"scroll","background-type":"","background-media":"","overlay-type":"","overlay-color":"","overlay-opacity":"","overlay-gradient":""},"mobile":{"background-color":"","background-image":"","background-repeat":"repeat","background-position":"center center","background-size":"auto","background-attachment":"scroll","background-type":"","background-media":"","overlay-type":"","overlay-color":"","overlay-opacity":"","overlay-gradient":""}},"ast-content-background-meta":{"desktop":{"background-color":"var(--ast-global-color-5)","background-image":"","background-repeat":"repeat","background-position":"center center","background-size":"auto","background-attachment":"scroll","background-type":"","background-media":"","overlay-type":"","overlay-color":"","overlay-opacity":"","overlay-gradient":""},"tablet":{"background-color":"var(--ast-global-color-5)","background-image":"","background-repeat":"repeat","background-position":"center center","background-size":"auto","background-attachment":"scroll","background-type":"","background-media":"","overlay-type":"","overlay-color":"","overlay-opacity":"","overlay-gradient":""},"mobile":{"background-color":"var(--ast-global-color-5)","background-image":"","background-repeat":"repeat","background-position":"center center","background-size":"auto","background-attachment":"scroll","background-type":"","background-media":"","overlay-type":"","overlay-color":"","overlay-opacity":"","overlay-gradient":""}}},"product_brand":[],"product_cat":[16],"product_tag":[],"class_list":{"0":"post-7442","1":"product","2":"type-product","3":"status-publish","4":"has-post-thumbnail","6":"product_cat-cosmetique","7":"desktop-align-center","8":"tablet-align-center","9":"mobile-align-center","11":"first","12":"instock","13":"shipping-taxable","14":"purchasable","15":"product-type-simple"},"aioseo_notices":[],"uagb_featured_image_src":{"full":["https:\/\/allbiomorocco.com\/wp-content\/uploads\/2026\/01\/gommage_abricot.png",512,512,false],"thumbnail":["https:\/\/allbiomorocco.com\/wp-content\/uploads\/2026\/01\/gommage_abricot-150x150.png",150,150,true],"medium":["https:\/\/allbiomorocco.com\/wp-content\/uploads\/2026\/01\/gommage_abricot-300x300.png",300,300,true],"medium_large":["https:\/\/allbiomorocco.com\/wp-content\/uploads\/2026\/01\/gommage_abricot.png",512,512,false],"large":["https:\/\/allbiomorocco.com\/wp-content\/uploads\/2026\/01\/gommage_abricot.png",512,512,false],"1536x1536":["https:\/\/allbiomorocco.com\/wp-content\/uploads\/2026\/01\/gommage_abricot.png",512,512,false],"2048x2048":["https:\/\/allbiomorocco.com\/wp-content\/uploads\/2026\/01\/gommage_abricot.png",512,512,false],"trp-custom-language-flag":["https:\/\/allbiomorocco.com\/wp-content\/uploads\/2026\/01\/gommage_abricot.png",12,12,false],"woocommerce_thumbnail":["https:\/\/allbiomorocco.com\/wp-content\/uploads\/2026\/01\/gommage_abricot-300x300.png",300,300,true],"woocommerce_single":["https:\/\/allbiomorocco.com\/wp-content\/uploads\/2026\/01\/gommage_abricot.png",512,512,false],"woocommerce_gallery_thumbnail":["https:\/\/allbiomorocco.com\/wp-content\/uploads\/2026\/01\/gommage_abricot-100x100.png",100,100,true]},"uagb_author_info":{"display_name":"allbiomorocco@gmail.com","author_link":"https:\/\/allbiomorocco.com\/en\/author\/"},"uagb_comment_info":0,"uagb_excerpt":"Description Le gommage \u00e0 l\u2019abricot est un soin exfoliant naturel formul\u00e9 \u00e0 base de poudre ou de noyaux d\u2019abricot finement broy\u00e9s, associ\u00e9s \u00e0 des agents hydratants. Sa texture granuleuse mais douce permet d\u2019\u00e9liminer les cellules mortes et les impuret\u00e9s, tout en laissant la peau fra\u00eeche et lumineuse. Il est appr\u00e9ci\u00e9 pour son parfum fruit\u00e9 et&hellip;","_links":{"self":[{"href":"https:\/\/allbiomorocco.com\/en\/wp-json\/wp\/v2\/product\/7442","targetHints":{"allow":["GET"]}}],"collection":[{"href":"https:\/\/allbiomorocco.com\/en\/wp-json\/wp\/v2\/product"}],"about":[{"href":"https:\/\/allbiomorocco.com\/en\/wp-json\/wp\/v2\/types\/product"}],"replies":[{"embeddable":true,"href":"https:\/\/allbiomorocco.com\/en\/wp-json\/wp\/v2\/comments?post=7442"}],"wp:featuredmedia":[{"embeddable":true,"href":"https:\/\/allbiomorocco.com\/en\/wp-json\/wp\/v2\/media\/6093"}],"wp:attachment":[{"href":"https:\/\/allbiomorocco.com\/en\/wp-json\/wp\/v2\/media?parent=7442"}],"wp:term":[{"taxonomy":"product_brand","embeddable":true,"href":"https:\/\/allbiomorocco.com\/en\/wp-json\/wp\/v2\/product_brand?post=7442"},{"taxonomy":"product_cat","embeddable":true,"href":"https:\/\/allbiomorocco.com\/en\/wp-json\/wp\/v2\/product_cat?post=7442"},{"taxonomy":"product_tag","embeddable":true,"href":"https:\/\/allbiomorocco.com\/en\/wp-json\/wp\/v2\/product_tag?post=7442"}],"curies":[{"name":"wp","href":"https:\/\/api.w.org\/{rel}","templated":true}]}}