{"id":7445,"date":"2026-01-21T13:49:08","date_gmt":"2026-01-21T13:49:08","guid":{"rendered":"https:\/\/allbiomorocco.com\/?post_type=product&#038;p=7445"},"modified":"2026-01-21T13:49:10","modified_gmt":"2026-01-21T13:49:10","slug":"lait-corporel-dabricot","status":"publish","type":"product","link":"https:\/\/allbiomorocco.com\/en\/product\/lait-corporel-dabricot\/","title":{"rendered":"Lait corporel d\u2019abricot"},"content":{"rendered":"<p>Description<\/p>\n<p>Le lait corporel \u00e0 l\u2019abricot est un soin hydratant onctueux et l\u00e9ger, enrichi en huile ou extrait de noyau d\u2019abricot. Sa texture fondante p\u00e9n\u00e8tre rapidement sans laisser de film gras, apportant confort et douceur \u00e0 la peau tout en laissant un parfum fruit\u00e9 d\u00e9licat.<\/p>\n<p>Bienfaits<\/p>\n<p>Hydratation durable : nourrit intens\u00e9ment et maintient l\u2019\u00e9quilibre hydrolipidique de la peau.<\/p>\n<p>Adoucissant : laisse la peau souple, soyeuse et velout\u00e9e.<\/p>\n<p>\u00c9clat naturel : redonne vitalit\u00e9 et luminosit\u00e9 au teint gr\u00e2ce \u00e0 la vitamine A et E.<\/p>\n<p>Apaisant : calme les tiraillements et prot\u00e8ge des agressions ext\u00e9rieures.<\/p>\n<p>Tous types de peaux : particuli\u00e8rement adapt\u00e9 aux peaux s\u00e8ches et sensibles.<\/p>\n<p>\ud83d\udc49 Le lait corporel \u00e0 l\u2019abricot est parfait pour une peau douce, \u00e9clatante et d\u00e9licatement parfum\u00e9e au quotidien<\/p>","protected":false},"excerpt":{"rendered":"<p>Description Le lait corporel \u00e0 l\u2019abricot est un soin hydratant onctueux et l\u00e9ger, enrichi en huile ou extrait de noyau d\u2019abricot. Sa texture fondante p\u00e9n\u00e8tre rapidement sans laisser de film gras, apportant confort et douceur \u00e0 la peau tout en laissant un parfum fruit\u00e9 d\u00e9licat. Bienfaits Hydratation durable : nourrit intens\u00e9ment et maintient l\u2019\u00e9quilibre hydrolipidique [&hellip;]<\/p>","protected":false},"featured_media":6491,"comment_status":"open","ping_status":"closed","template":"","meta":{"_uag_custom_page_level_css":"","site-sidebar-layout":"default","site-content-layout":"","ast-site-content-layout":"default","site-content-style":"default","site-sidebar-style":"default","ast-global-header-display":"","ast-banner-title-visibility":"","ast-main-header-display":"","ast-hfb-above-header-display":"","ast-hfb-below-header-display":"","ast-hfb-mobile-header-display":"","site-post-title":"","ast-breadcrumbs-content":"","ast-featured-img":"","footer-sml-layout":"","ast-disable-related-posts":"","theme-transparent-header-meta":"","adv-header-id-meta":"","stick-header-meta":"","header-above-stick-meta":"","header-main-stick-meta":"","header-below-stick-meta":"","astra-migrate-meta-layouts":"default","ast-page-background-enabled":"default","ast-page-background-meta":{"desktop":{"background-color":"","background-image":"","background-repeat":"repeat","background-position":"center center","background-size":"auto","background-attachment":"scroll","background-type":"","background-media":"","overlay-type":"","overlay-color":"","overlay-opacity":"","overlay-gradient":""},"tablet":{"background-color":"","background-image":"","background-repeat":"repeat","background-position":"center center","background-size":"auto","background-attachment":"scroll","background-type":"","background-media":"","overlay-type":"","overlay-color":"","overlay-opacity":"","overlay-gradient":""},"mobile":{"background-color":"","background-image":"","background-repeat":"repeat","background-position":"center center","background-size":"auto","background-attachment":"scroll","background-type":"","background-media":"","overlay-type":"","overlay-color":"","overlay-opacity":"","overlay-gradient":""}},"ast-content-background-meta":{"desktop":{"background-color":"var(--ast-global-color-5)","background-image":"","background-repeat":"repeat","background-position":"center center","background-size":"auto","background-attachment":"scroll","background-type":"","background-media":"","overlay-type":"","overlay-color":"","overlay-opacity":"","overlay-gradient":""},"tablet":{"background-color":"var(--ast-global-color-5)","background-image":"","background-repeat":"repeat","background-position":"center center","background-size":"auto","background-attachment":"scroll","background-type":"","background-media":"","overlay-type":"","overlay-color":"","overlay-opacity":"","overlay-gradient":""},"mobile":{"background-color":"var(--ast-global-color-5)","background-image":"","background-repeat":"repeat","background-position":"center center","background-size":"auto","background-attachment":"scroll","background-type":"","background-media":"","overlay-type":"","overlay-color":"","overlay-opacity":"","overlay-gradient":""}}},"product_brand":[],"product_cat":[16],"product_tag":[],"class_list":{"0":"post-7445","1":"product","2":"type-product","3":"status-publish","4":"has-post-thumbnail","6":"product_cat-cosmetique","7":"desktop-align-center","8":"tablet-align-center","9":"mobile-align-center","11":"first","12":"instock","13":"shipping-taxable","14":"purchasable","15":"product-type-simple"},"aioseo_notices":[],"uagb_featured_image_src":{"full":["https:\/\/allbiomorocco.com\/wp-content\/uploads\/2026\/01\/lait_corporel_abricot.png",1024,1536,false],"thumbnail":["https:\/\/allbiomorocco.com\/wp-content\/uploads\/2026\/01\/lait_corporel_abricot-150x150.png",150,150,true],"medium":["https:\/\/allbiomorocco.com\/wp-content\/uploads\/2026\/01\/lait_corporel_abricot-200x300.png",200,300,true],"medium_large":["https:\/\/allbiomorocco.com\/wp-content\/uploads\/2026\/01\/lait_corporel_abricot-768x1152.png",768,1152,true],"large":["https:\/\/allbiomorocco.com\/wp-content\/uploads\/2026\/01\/lait_corporel_abricot-683x1024.png",683,1024,true],"1536x1536":["https:\/\/allbiomorocco.com\/wp-content\/uploads\/2026\/01\/lait_corporel_abricot.png",1024,1536,false],"2048x2048":["https:\/\/allbiomorocco.com\/wp-content\/uploads\/2026\/01\/lait_corporel_abricot.png",1024,1536,false],"trp-custom-language-flag":["https:\/\/allbiomorocco.com\/wp-content\/uploads\/2026\/01\/lait_corporel_abricot.png",8,12,false],"woocommerce_thumbnail":["https:\/\/allbiomorocco.com\/wp-content\/uploads\/2026\/01\/lait_corporel_abricot-300x300.png",300,300,true],"woocommerce_single":["https:\/\/allbiomorocco.com\/wp-content\/uploads\/2026\/01\/lait_corporel_abricot-600x900.png",600,900,true],"woocommerce_gallery_thumbnail":["https:\/\/allbiomorocco.com\/wp-content\/uploads\/2026\/01\/lait_corporel_abricot-100x100.png",100,100,true]},"uagb_author_info":{"display_name":"allbiomorocco@gmail.com","author_link":"https:\/\/allbiomorocco.com\/en\/author\/"},"uagb_comment_info":0,"uagb_excerpt":"Description Le lait corporel \u00e0 l\u2019abricot est un soin hydratant onctueux et l\u00e9ger, enrichi en huile ou extrait de noyau d\u2019abricot. Sa texture fondante p\u00e9n\u00e8tre rapidement sans laisser de film gras, apportant confort et douceur \u00e0 la peau tout en laissant un parfum fruit\u00e9 d\u00e9licat. Bienfaits Hydratation durable : nourrit intens\u00e9ment et maintient l\u2019\u00e9quilibre hydrolipidique&hellip;","_links":{"self":[{"href":"https:\/\/allbiomorocco.com\/en\/wp-json\/wp\/v2\/product\/7445","targetHints":{"allow":["GET"]}}],"collection":[{"href":"https:\/\/allbiomorocco.com\/en\/wp-json\/wp\/v2\/product"}],"about":[{"href":"https:\/\/allbiomorocco.com\/en\/wp-json\/wp\/v2\/types\/product"}],"replies":[{"embeddable":true,"href":"https:\/\/allbiomorocco.com\/en\/wp-json\/wp\/v2\/comments?post=7445"}],"wp:featuredmedia":[{"embeddable":true,"href":"https:\/\/allbiomorocco.com\/en\/wp-json\/wp\/v2\/media\/6491"}],"wp:attachment":[{"href":"https:\/\/allbiomorocco.com\/en\/wp-json\/wp\/v2\/media?parent=7445"}],"wp:term":[{"taxonomy":"product_brand","embeddable":true,"href":"https:\/\/allbiomorocco.com\/en\/wp-json\/wp\/v2\/product_brand?post=7445"},{"taxonomy":"product_cat","embeddable":true,"href":"https:\/\/allbiomorocco.com\/en\/wp-json\/wp\/v2\/product_cat?post=7445"},{"taxonomy":"product_tag","embeddable":true,"href":"https:\/\/allbiomorocco.com\/en\/wp-json\/wp\/v2\/product_tag?post=7445"}],"curies":[{"name":"wp","href":"https:\/\/api.w.org\/{rel}","templated":true}]}}