{"id":7449,"date":"2026-01-21T13:49:08","date_gmt":"2026-01-21T13:49:08","guid":{"rendered":"https:\/\/allbiomorocco.com\/?post_type=product&#038;p=7449"},"modified":"2026-04-11T18:22:29","modified_gmt":"2026-04-11T18:22:29","slug":"apres-shampoing-demelant-reparateur-delice-de-karite","status":"publish","type":"product","link":"https:\/\/allbiomorocco.com\/en\/product\/apres-shampoing-demelant-reparateur-delice-de-karite\/","title":{"rendered":"Apr\u00e8s-Shampoing D\u00e9m\u00ealant &#038; R\u00e9parateur  de Karit\u00e9"},"content":{"rendered":"<p>Description<\/p>\n<p>L\u2019apr\u00e8s-shampoing d\u00e9m\u00ealant &amp; r\u00e9parateur D\u00e9lice de Karit\u00e9 est un soin capillaire cr\u00e9meux, enrichi en beurre de karit\u00e9 aux vertus nourrissantes et r\u00e9paratrices. Sa formule onctueuse p\u00e9n\u00e8tre la fibre capillaire, facilite le d\u00e9m\u00ealage et laisse les cheveux doux, souples et brillants, sans les alourdir.<\/p>\n<p>Bienfaits<\/p>\n<p>Nourrit en profondeur : restaure l\u2019hydratation des cheveux secs et ab\u00eem\u00e9s.<\/p>\n<p>R\u00e9pare et renforce : aide \u00e0 restructurer la fibre capillaire fragilis\u00e9e.<\/p>\n<p>D\u00e9m\u00eale facilement : facilite le coiffage en \u00e9vitant les n\u0153uds et la casse.<\/p>\n<p>Douceur et brillance : rend la chevelure soyeuse, souple et \u00e9clatante.<\/p>\n<p>Protection : pr\u00e9serve les cheveux des agressions ext\u00e9rieures et du dess\u00e8chement.<\/p>\n<p>\ud83d\udc49 L\u2019apr\u00e8s-shampoing D\u00e9lice de Karit\u00e9 est le soin id\u00e9al pour des cheveux nourris, r\u00e9par\u00e9s et faciles \u00e0 coiffer, au quotidien<\/p>","protected":false},"excerpt":{"rendered":"<p>Description L\u2019apr\u00e8s-shampoing d\u00e9m\u00ealant &amp; r\u00e9parateur D\u00e9lice de Karit\u00e9 est un soin capillaire cr\u00e9meux, enrichi en beurre de karit\u00e9 aux vertus nourrissantes et r\u00e9paratrices. Sa formule onctueuse p\u00e9n\u00e8tre la fibre capillaire, facilite le d\u00e9m\u00ealage et laisse les cheveux doux, souples et brillants, sans les alourdir. Bienfaits Nourrit en profondeur : restaure l\u2019hydratation des cheveux secs et [&hellip;]<\/p>","protected":false},"featured_media":8191,"comment_status":"open","ping_status":"closed","template":"","meta":{"_uag_custom_page_level_css":"","site-sidebar-layout":"default","site-content-layout":"","ast-site-content-layout":"default","site-content-style":"default","site-sidebar-style":"default","ast-global-header-display":"","ast-banner-title-visibility":"","ast-main-header-display":"","ast-hfb-above-header-display":"","ast-hfb-below-header-display":"","ast-hfb-mobile-header-display":"","site-post-title":"","ast-breadcrumbs-content":"","ast-featured-img":"","footer-sml-layout":"","ast-disable-related-posts":"","theme-transparent-header-meta":"default","adv-header-id-meta":"","stick-header-meta":"","header-above-stick-meta":"","header-main-stick-meta":"","header-below-stick-meta":"","astra-migrate-meta-layouts":"set","ast-page-background-enabled":"default","ast-page-background-meta":{"desktop":{"background-color":"","background-image":"","background-repeat":"repeat","background-position":"center center","background-size":"auto","background-attachment":"scroll","background-type":"","background-media":"","overlay-type":"","overlay-color":"","overlay-opacity":"","overlay-gradient":""},"tablet":{"background-color":"","background-image":"","background-repeat":"repeat","background-position":"center center","background-size":"auto","background-attachment":"scroll","background-type":"","background-media":"","overlay-type":"","overlay-color":"","overlay-opacity":"","overlay-gradient":""},"mobile":{"background-color":"","background-image":"","background-repeat":"repeat","background-position":"center center","background-size":"auto","background-attachment":"scroll","background-type":"","background-media":"","overlay-type":"","overlay-color":"","overlay-opacity":"","overlay-gradient":""}},"ast-content-background-meta":{"desktop":{"background-color":"var(--ast-global-color-5)","background-image":"","background-repeat":"repeat","background-position":"center center","background-size":"auto","background-attachment":"scroll","background-type":"","background-media":"","overlay-type":"","overlay-color":"","overlay-opacity":"","overlay-gradient":""},"tablet":{"background-color":"var(--ast-global-color-5)","background-image":"","background-repeat":"repeat","background-position":"center center","background-size":"auto","background-attachment":"scroll","background-type":"","background-media":"","overlay-type":"","overlay-color":"","overlay-opacity":"","overlay-gradient":""},"mobile":{"background-color":"var(--ast-global-color-5)","background-image":"","background-repeat":"repeat","background-position":"center center","background-size":"auto","background-attachment":"scroll","background-type":"","background-media":"","overlay-type":"","overlay-color":"","overlay-opacity":"","overlay-gradient":""}}},"product_brand":[],"product_cat":[16],"product_tag":[],"class_list":{"0":"post-7449","1":"product","2":"type-product","3":"status-publish","4":"has-post-thumbnail","6":"product_cat-cosmetique","7":"desktop-align-center","8":"tablet-align-center","9":"mobile-align-center","11":"first","12":"instock","13":"shipping-taxable","14":"purchasable","15":"product-type-simple"},"aioseo_notices":[],"uagb_featured_image_src":{"full":["https:\/\/allbiomorocco.com\/wp-content\/uploads\/2026\/01\/apre_shampoing_karite.jpg",1024,1024,false],"thumbnail":["https:\/\/allbiomorocco.com\/wp-content\/uploads\/2026\/01\/apre_shampoing_karite-150x150.jpg",150,150,true],"medium":["https:\/\/allbiomorocco.com\/wp-content\/uploads\/2026\/01\/apre_shampoing_karite-300x300.jpg",300,300,true],"medium_large":["https:\/\/allbiomorocco.com\/wp-content\/uploads\/2026\/01\/apre_shampoing_karite-768x768.jpg",768,768,true],"large":["https:\/\/allbiomorocco.com\/wp-content\/uploads\/2026\/01\/apre_shampoing_karite.jpg",1024,1024,false],"1536x1536":["https:\/\/allbiomorocco.com\/wp-content\/uploads\/2026\/01\/apre_shampoing_karite.jpg",1024,1024,false],"2048x2048":["https:\/\/allbiomorocco.com\/wp-content\/uploads\/2026\/01\/apre_shampoing_karite.jpg",1024,1024,false],"trp-custom-language-flag":["https:\/\/allbiomorocco.com\/wp-content\/uploads\/2026\/01\/apre_shampoing_karite-12x12.jpg",12,12,true],"woocommerce_thumbnail":["https:\/\/allbiomorocco.com\/wp-content\/uploads\/2026\/01\/apre_shampoing_karite-300x300.jpg",300,300,true],"woocommerce_single":["https:\/\/allbiomorocco.com\/wp-content\/uploads\/2026\/01\/apre_shampoing_karite-600x600.jpg",600,600,true],"woocommerce_gallery_thumbnail":["https:\/\/allbiomorocco.com\/wp-content\/uploads\/2026\/01\/apre_shampoing_karite-100x100.jpg",100,100,true]},"uagb_author_info":{"display_name":"allbiomorocco@gmail.com","author_link":"https:\/\/allbiomorocco.com\/en\/author\/"},"uagb_comment_info":0,"uagb_excerpt":"Description L\u2019apr\u00e8s-shampoing d\u00e9m\u00ealant &amp; r\u00e9parateur D\u00e9lice de Karit\u00e9 est un soin capillaire cr\u00e9meux, enrichi en beurre de karit\u00e9 aux vertus nourrissantes et r\u00e9paratrices. Sa formule onctueuse p\u00e9n\u00e8tre la fibre capillaire, facilite le d\u00e9m\u00ealage et laisse les cheveux doux, souples et brillants, sans les alourdir. Bienfaits Nourrit en profondeur : restaure l\u2019hydratation des cheveux secs et&hellip;","_links":{"self":[{"href":"https:\/\/allbiomorocco.com\/en\/wp-json\/wp\/v2\/product\/7449","targetHints":{"allow":["GET"]}}],"collection":[{"href":"https:\/\/allbiomorocco.com\/en\/wp-json\/wp\/v2\/product"}],"about":[{"href":"https:\/\/allbiomorocco.com\/en\/wp-json\/wp\/v2\/types\/product"}],"replies":[{"embeddable":true,"href":"https:\/\/allbiomorocco.com\/en\/wp-json\/wp\/v2\/comments?post=7449"}],"wp:featuredmedia":[{"embeddable":true,"href":"https:\/\/allbiomorocco.com\/en\/wp-json\/wp\/v2\/media\/8191"}],"wp:attachment":[{"href":"https:\/\/allbiomorocco.com\/en\/wp-json\/wp\/v2\/media?parent=7449"}],"wp:term":[{"taxonomy":"product_brand","embeddable":true,"href":"https:\/\/allbiomorocco.com\/en\/wp-json\/wp\/v2\/product_brand?post=7449"},{"taxonomy":"product_cat","embeddable":true,"href":"https:\/\/allbiomorocco.com\/en\/wp-json\/wp\/v2\/product_cat?post=7449"},{"taxonomy":"product_tag","embeddable":true,"href":"https:\/\/allbiomorocco.com\/en\/wp-json\/wp\/v2\/product_tag?post=7449"}],"curies":[{"name":"wp","href":"https:\/\/api.w.org\/{rel}","templated":true}]}}