{"id":7450,"date":"2026-01-21T13:49:08","date_gmt":"2026-01-21T13:49:08","guid":{"rendered":"https:\/\/allbiomorocco.com\/?post_type=product&#038;p=7450"},"modified":"2026-04-11T18:10:22","modified_gmt":"2026-04-11T18:10:22","slug":"shampoing-reparateur-delice-de-karite","status":"publish","type":"product","link":"https:\/\/allbiomorocco.com\/en\/product\/shampoing-reparateur-delice-de-karite\/","title":{"rendered":"Shampoing R\u00e9parateur  de Karit\u00e9"},"content":{"rendered":"<p>Description<\/p>\n<p>Le shampoing r\u00e9parateur\u00a0 de Karit\u00e9 est un soin capillaire riche, formul\u00e9 avec du beurre de karit\u00e9 reconnu pour ses vertus nourrissantes et r\u00e9paratrices. Sa texture cr\u00e9meuse nettoie en douceur tout en redonnant force et vitalit\u00e9 aux cheveux secs, ab\u00eem\u00e9s ou fragilis\u00e9s. Son parfum d\u00e9licat apporte une agr\u00e9able sensation de fra\u00eecheur et de bien-\u00eatre.<\/p>\n<p>Bienfaits<\/p>\n<p>Nourrit intens\u00e9ment : hydrate la fibre capillaire en profondeur gr\u00e2ce au beurre de karit\u00e9.<\/p>\n<p>R\u00e9pare et renforce : aide \u00e0 restructurer les cheveux fragilis\u00e9s et cassants.<\/p>\n<p>Revitalise : redonne souplesse, douceur et vitalit\u00e9 aux cheveux ternes et fatigu\u00e9s.<\/p>\n<p>Brillance naturelle : laisse les cheveux lumineux et \u00e9clatants de sant\u00e9.<\/p>\n<p>Convient \u00e0 tous types de cheveux : particuli\u00e8rement adapt\u00e9 aux cheveux secs, ab\u00eem\u00e9s ou trait\u00e9s.<\/p>\n<p>\ud83d\udc49 Le shampoing r\u00e9parateur D\u00e9lice de Karit\u00e9 est l\u2019alli\u00e9 parfait pour des cheveux fortifi\u00e9s, nourris et revitalis\u00e9s, jour apr\u00e8s jour<\/p>","protected":false},"excerpt":{"rendered":"<p>Description Le shampoing r\u00e9parateur\u00a0 de Karit\u00e9 est un soin capillaire riche, formul\u00e9 avec du beurre de karit\u00e9 reconnu pour ses vertus nourrissantes et r\u00e9paratrices. Sa texture cr\u00e9meuse nettoie en douceur tout en redonnant force et vitalit\u00e9 aux cheveux secs, ab\u00eem\u00e9s ou fragilis\u00e9s. Son parfum d\u00e9licat apporte une agr\u00e9able sensation de fra\u00eecheur et de bien-\u00eatre. Bienfaits [&hellip;]<\/p>","protected":false},"featured_media":8188,"comment_status":"open","ping_status":"closed","template":"","meta":{"_uag_custom_page_level_css":"","site-sidebar-layout":"default","site-content-layout":"","ast-site-content-layout":"default","site-content-style":"default","site-sidebar-style":"default","ast-global-header-display":"","ast-banner-title-visibility":"","ast-main-header-display":"","ast-hfb-above-header-display":"","ast-hfb-below-header-display":"","ast-hfb-mobile-header-display":"","site-post-title":"","ast-breadcrumbs-content":"","ast-featured-img":"","footer-sml-layout":"","ast-disable-related-posts":"","theme-transparent-header-meta":"default","adv-header-id-meta":"","stick-header-meta":"","header-above-stick-meta":"","header-main-stick-meta":"","header-below-stick-meta":"","astra-migrate-meta-layouts":"set","ast-page-background-enabled":"default","ast-page-background-meta":{"desktop":{"background-color":"","background-image":"","background-repeat":"repeat","background-position":"center center","background-size":"auto","background-attachment":"scroll","background-type":"","background-media":"","overlay-type":"","overlay-color":"","overlay-opacity":"","overlay-gradient":""},"tablet":{"background-color":"","background-image":"","background-repeat":"repeat","background-position":"center center","background-size":"auto","background-attachment":"scroll","background-type":"","background-media":"","overlay-type":"","overlay-color":"","overlay-opacity":"","overlay-gradient":""},"mobile":{"background-color":"","background-image":"","background-repeat":"repeat","background-position":"center center","background-size":"auto","background-attachment":"scroll","background-type":"","background-media":"","overlay-type":"","overlay-color":"","overlay-opacity":"","overlay-gradient":""}},"ast-content-background-meta":{"desktop":{"background-color":"var(--ast-global-color-5)","background-image":"","background-repeat":"repeat","background-position":"center center","background-size":"auto","background-attachment":"scroll","background-type":"","background-media":"","overlay-type":"","overlay-color":"","overlay-opacity":"","overlay-gradient":""},"tablet":{"background-color":"var(--ast-global-color-5)","background-image":"","background-repeat":"repeat","background-position":"center center","background-size":"auto","background-attachment":"scroll","background-type":"","background-media":"","overlay-type":"","overlay-color":"","overlay-opacity":"","overlay-gradient":""},"mobile":{"background-color":"var(--ast-global-color-5)","background-image":"","background-repeat":"repeat","background-position":"center center","background-size":"auto","background-attachment":"scroll","background-type":"","background-media":"","overlay-type":"","overlay-color":"","overlay-opacity":"","overlay-gradient":""}}},"product_brand":[],"product_cat":[16],"product_tag":[],"class_list":{"0":"post-7450","1":"product","2":"type-product","3":"status-publish","4":"has-post-thumbnail","6":"product_cat-cosmetique","7":"desktop-align-center","8":"tablet-align-center","9":"mobile-align-center","11":"first","12":"instock","13":"shipping-taxable","14":"purchasable","15":"product-type-simple"},"aioseo_notices":[],"uagb_featured_image_src":{"full":["https:\/\/allbiomorocco.com\/wp-content\/uploads\/2026\/01\/shampoo_beurre_karite.jpg",575,1024,false],"thumbnail":["https:\/\/allbiomorocco.com\/wp-content\/uploads\/2026\/01\/shampoo_beurre_karite-150x150.jpg",150,150,true],"medium":["https:\/\/allbiomorocco.com\/wp-content\/uploads\/2026\/01\/shampoo_beurre_karite-168x300.jpg",168,300,true],"medium_large":["https:\/\/allbiomorocco.com\/wp-content\/uploads\/2026\/01\/shampoo_beurre_karite.jpg",575,1024,false],"large":["https:\/\/allbiomorocco.com\/wp-content\/uploads\/2026\/01\/shampoo_beurre_karite.jpg",575,1024,false],"1536x1536":["https:\/\/allbiomorocco.com\/wp-content\/uploads\/2026\/01\/shampoo_beurre_karite.jpg",575,1024,false],"2048x2048":["https:\/\/allbiomorocco.com\/wp-content\/uploads\/2026\/01\/shampoo_beurre_karite.jpg",575,1024,false],"trp-custom-language-flag":["https:\/\/allbiomorocco.com\/wp-content\/uploads\/2026\/01\/shampoo_beurre_karite-7x12.jpg",7,12,true],"woocommerce_thumbnail":["https:\/\/allbiomorocco.com\/wp-content\/uploads\/2026\/01\/shampoo_beurre_karite-300x300.jpg",300,300,true],"woocommerce_single":["https:\/\/allbiomorocco.com\/wp-content\/uploads\/2026\/01\/shampoo_beurre_karite.jpg",575,1024,false],"woocommerce_gallery_thumbnail":["https:\/\/allbiomorocco.com\/wp-content\/uploads\/2026\/01\/shampoo_beurre_karite-100x100.jpg",100,100,true]},"uagb_author_info":{"display_name":"allbiomorocco@gmail.com","author_link":"https:\/\/allbiomorocco.com\/en\/author\/"},"uagb_comment_info":0,"uagb_excerpt":"Description Le shampoing r\u00e9parateur\u00a0 de Karit\u00e9 est un soin capillaire riche, formul\u00e9 avec du beurre de karit\u00e9 reconnu pour ses vertus nourrissantes et r\u00e9paratrices. Sa texture cr\u00e9meuse nettoie en douceur tout en redonnant force et vitalit\u00e9 aux cheveux secs, ab\u00eem\u00e9s ou fragilis\u00e9s. Son parfum d\u00e9licat apporte une agr\u00e9able sensation de fra\u00eecheur et de bien-\u00eatre. Bienfaits&hellip;","_links":{"self":[{"href":"https:\/\/allbiomorocco.com\/en\/wp-json\/wp\/v2\/product\/7450","targetHints":{"allow":["GET"]}}],"collection":[{"href":"https:\/\/allbiomorocco.com\/en\/wp-json\/wp\/v2\/product"}],"about":[{"href":"https:\/\/allbiomorocco.com\/en\/wp-json\/wp\/v2\/types\/product"}],"replies":[{"embeddable":true,"href":"https:\/\/allbiomorocco.com\/en\/wp-json\/wp\/v2\/comments?post=7450"}],"wp:featuredmedia":[{"embeddable":true,"href":"https:\/\/allbiomorocco.com\/en\/wp-json\/wp\/v2\/media\/8188"}],"wp:attachment":[{"href":"https:\/\/allbiomorocco.com\/en\/wp-json\/wp\/v2\/media?parent=7450"}],"wp:term":[{"taxonomy":"product_brand","embeddable":true,"href":"https:\/\/allbiomorocco.com\/en\/wp-json\/wp\/v2\/product_brand?post=7450"},{"taxonomy":"product_cat","embeddable":true,"href":"https:\/\/allbiomorocco.com\/en\/wp-json\/wp\/v2\/product_cat?post=7450"},{"taxonomy":"product_tag","embeddable":true,"href":"https:\/\/allbiomorocco.com\/en\/wp-json\/wp\/v2\/product_tag?post=7450"}],"curies":[{"name":"wp","href":"https:\/\/api.w.org\/{rel}","templated":true}]}}