{"id":7454,"date":"2026-01-21T13:49:08","date_gmt":"2026-01-21T13:49:08","guid":{"rendered":"https:\/\/allbiomorocco.com\/?post_type=product&#038;p=7454"},"modified":"2026-01-21T13:49:10","modified_gmt":"2026-01-21T13:49:10","slug":"huile-amande-douce","status":"publish","type":"product","link":"https:\/\/allbiomorocco.com\/en\/product\/huile-amande-douce\/","title":{"rendered":"Huile amande douce"},"content":{"rendered":"<p>L\u2019huile d\u2019amande douce est une huile v\u00e9g\u00e9tale obtenue par pression \u00e0 froid des amandes douces. Elle est fluide, l\u00e9g\u00e8re et de couleur jaune p\u00e2le, avec une odeur douce et agr\u00e9able. Riche en acides gras essentiels, en vitamines A, D et surtout E, elle est largement utilis\u00e9e en cosm\u00e9tique et en soins de beaut\u00e9 pour ses propri\u00e9t\u00e9s nourrissantes et adoucissantes.<\/p>\n<p> \ud83d\udd39 Bienfaits :<\/p>\n<p> Peau :<\/p>\n<p> Hydrate et nourrit en profondeur les peaux s\u00e8ches et sensibles.<\/p>\n<p> Apaise les irritations, d\u00e9mangeaisons et rougeurs.<\/p>\n<p> Att\u00e9nue les cicatrices, vergetures et ger\u00e7ures gr\u00e2ce \u00e0 sa richesse en vitamine E.<\/p>\n<p> Convient parfaitement pour les soins des b\u00e9b\u00e9s.<\/p>\n<p> Cheveux :<\/p>\n<p> Fortifie et nourrit les cheveux secs, cassants et ab\u00eem\u00e9s.<\/p>\n<p> Redonne brillance et souplesse \u00e0 la chevelure.<\/p>\n<p> Apaise les cuirs chevelus irrit\u00e9s ou sujets aux pellicules.<\/p>\n<p> Autres usages :<\/p>\n<p> Utilis\u00e9e en huile de massage pour sa texture douce et p\u00e9n\u00e9trante.<\/p>\n<p> Aide \u00e0 prot\u00e9ger la peau contre le dess\u00e8chement li\u00e9 au soleil ou au froid.<\/p>\n<p> \ud83d\udc49 En r\u00e9sum\u00e9, l\u2019huile d\u2019amande douce est un soin naturel polyvalent, id\u00e9al pour adoucir, nourrir et prot\u00e9ger la peau et les cheveux tout en apportant confort et bien-\u00eatre<\/p>","protected":false},"excerpt":{"rendered":"<p>L\u2019huile d\u2019amande douce est une huile v\u00e9g\u00e9tale obtenue par pression \u00e0 froid des amandes douces. Elle est fluide, l\u00e9g\u00e8re et de couleur jaune p\u00e2le, avec une odeur douce et agr\u00e9able. Riche en acides gras essentiels, en vitamines A, D et surtout E, elle est largement utilis\u00e9e en cosm\u00e9tique et en soins de beaut\u00e9 pour ses [&hellip;]<\/p>\n","protected":false},"featured_media":6098,"comment_status":"open","ping_status":"closed","template":"","meta":{"_uag_custom_page_level_css":"","site-sidebar-layout":"default","site-content-layout":"","ast-site-content-layout":"default","site-content-style":"default","site-sidebar-style":"default","ast-global-header-display":"","ast-banner-title-visibility":"","ast-main-header-display":"","ast-hfb-above-header-display":"","ast-hfb-below-header-display":"","ast-hfb-mobile-header-display":"","site-post-title":"","ast-breadcrumbs-content":"","ast-featured-img":"","footer-sml-layout":"","ast-disable-related-posts":"","theme-transparent-header-meta":"","adv-header-id-meta":"","stick-header-meta":"","header-above-stick-meta":"","header-main-stick-meta":"","header-below-stick-meta":"","astra-migrate-meta-layouts":"default","ast-page-background-enabled":"default","ast-page-background-meta":{"desktop":{"background-color":"","background-image":"","background-repeat":"repeat","background-position":"center center","background-size":"auto","background-attachment":"scroll","background-type":"","background-media":"","overlay-type":"","overlay-color":"","overlay-opacity":"","overlay-gradient":""},"tablet":{"background-color":"","background-image":"","background-repeat":"repeat","background-position":"center center","background-size":"auto","background-attachment":"scroll","background-type":"","background-media":"","overlay-type":"","overlay-color":"","overlay-opacity":"","overlay-gradient":""},"mobile":{"background-color":"","background-image":"","background-repeat":"repeat","background-position":"center center","background-size":"auto","background-attachment":"scroll","background-type":"","background-media":"","overlay-type":"","overlay-color":"","overlay-opacity":"","overlay-gradient":""}},"ast-content-background-meta":{"desktop":{"background-color":"var(--ast-global-color-5)","background-image":"","background-repeat":"repeat","background-position":"center center","background-size":"auto","background-attachment":"scroll","background-type":"","background-media":"","overlay-type":"","overlay-color":"","overlay-opacity":"","overlay-gradient":""},"tablet":{"background-color":"var(--ast-global-color-5)","background-image":"","background-repeat":"repeat","background-position":"center center","background-size":"auto","background-attachment":"scroll","background-type":"","background-media":"","overlay-type":"","overlay-color":"","overlay-opacity":"","overlay-gradient":""},"mobile":{"background-color":"var(--ast-global-color-5)","background-image":"","background-repeat":"repeat","background-position":"center center","background-size":"auto","background-attachment":"scroll","background-type":"","background-media":"","overlay-type":"","overlay-color":"","overlay-opacity":"","overlay-gradient":""}}},"product_brand":[],"product_cat":[16],"product_tag":[],"class_list":{"0":"post-7454","1":"product","2":"type-product","3":"status-publish","4":"has-post-thumbnail","6":"product_cat-cosmetique","7":"desktop-align-center","8":"tablet-align-center","9":"mobile-align-center","11":"first","12":"instock","13":"shipping-taxable","14":"purchasable","15":"product-type-simple"},"aioseo_notices":[],"uagb_featured_image_src":{"full":["https:\/\/allbiomorocco.com\/wp-content\/uploads\/2026\/01\/huile_amande_douce.png",512,768,false],"thumbnail":["https:\/\/allbiomorocco.com\/wp-content\/uploads\/2026\/01\/huile_amande_douce-150x150.png",150,150,true],"medium":["https:\/\/allbiomorocco.com\/wp-content\/uploads\/2026\/01\/huile_amande_douce-200x300.png",200,300,true],"medium_large":["https:\/\/allbiomorocco.com\/wp-content\/uploads\/2026\/01\/huile_amande_douce.png",512,768,false],"large":["https:\/\/allbiomorocco.com\/wp-content\/uploads\/2026\/01\/huile_amande_douce.png",512,768,false],"1536x1536":["https:\/\/allbiomorocco.com\/wp-content\/uploads\/2026\/01\/huile_amande_douce.png",512,768,false],"2048x2048":["https:\/\/allbiomorocco.com\/wp-content\/uploads\/2026\/01\/huile_amande_douce.png",512,768,false],"trp-custom-language-flag":["https:\/\/allbiomorocco.com\/wp-content\/uploads\/2026\/01\/huile_amande_douce.png",8,12,false],"woocommerce_thumbnail":["https:\/\/allbiomorocco.com\/wp-content\/uploads\/2026\/01\/huile_amande_douce-300x300.png",300,300,true],"woocommerce_single":["https:\/\/allbiomorocco.com\/wp-content\/uploads\/2026\/01\/huile_amande_douce.png",512,768,false],"woocommerce_gallery_thumbnail":["https:\/\/allbiomorocco.com\/wp-content\/uploads\/2026\/01\/huile_amande_douce-100x100.png",100,100,true]},"uagb_author_info":{"display_name":"NOUZHA ABARDAQ","author_link":"https:\/\/allbiomorocco.com\/en\/author\/"},"uagb_comment_info":0,"uagb_excerpt":"L\u2019huile d\u2019amande douce est une huile v\u00e9g\u00e9tale obtenue par pression \u00e0 froid des amandes douces. Elle est fluide, l\u00e9g\u00e8re et de couleur jaune p\u00e2le, avec une odeur douce et agr\u00e9able. Riche en acides gras essentiels, en vitamines A, D et surtout E, elle est largement utilis\u00e9e en cosm\u00e9tique et en soins de beaut\u00e9 pour ses&hellip;","_links":{"self":[{"href":"https:\/\/allbiomorocco.com\/en\/wp-json\/wp\/v2\/product\/7454","targetHints":{"allow":["GET"]}}],"collection":[{"href":"https:\/\/allbiomorocco.com\/en\/wp-json\/wp\/v2\/product"}],"about":[{"href":"https:\/\/allbiomorocco.com\/en\/wp-json\/wp\/v2\/types\/product"}],"replies":[{"embeddable":true,"href":"https:\/\/allbiomorocco.com\/en\/wp-json\/wp\/v2\/comments?post=7454"}],"wp:featuredmedia":[{"embeddable":true,"href":"https:\/\/allbiomorocco.com\/en\/wp-json\/wp\/v2\/media\/6098"}],"wp:attachment":[{"href":"https:\/\/allbiomorocco.com\/en\/wp-json\/wp\/v2\/media?parent=7454"}],"wp:term":[{"taxonomy":"product_brand","embeddable":true,"href":"https:\/\/allbiomorocco.com\/en\/wp-json\/wp\/v2\/product_brand?post=7454"},{"taxonomy":"product_cat","embeddable":true,"href":"https:\/\/allbiomorocco.com\/en\/wp-json\/wp\/v2\/product_cat?post=7454"},{"taxonomy":"product_tag","embeddable":true,"href":"https:\/\/allbiomorocco.com\/en\/wp-json\/wp\/v2\/product_tag?post=7454"}],"curies":[{"name":"wp","href":"https:\/\/api.w.org\/{rel}","templated":true}]}}