{"id":7465,"date":"2026-01-21T13:49:12","date_gmt":"2026-01-21T13:49:12","guid":{"rendered":"https:\/\/allbiomorocco.com\/?post_type=product&#038;p=7465"},"modified":"2026-04-11T16:44:31","modified_gmt":"2026-04-11T16:44:31","slug":"conditioner-de-cedre","status":"publish","type":"product","link":"https:\/\/allbiomorocco.com\/en\/product\/conditioner-de-cedre\/","title":{"rendered":"Conditionner de C\u00e8dre"},"content":{"rendered":"<p>Le conditioner au cidre est un soin capillaire naturel \u00e0 base d\u2019extrait de feuilles de jujubier (Ziziphus lotus \/ Ziziphus jujuba). Sa formule douce et onctueuse p\u00e9n\u00e8tre la fibre capillaire en profondeur pour nourrir et r\u00e9parer les cheveux sans les alourdir. Il compl\u00e8te parfaitement le shampooing au cidre pour un rituel de soin complet.<\/p>\n<p>\ud83c\udf38 Bienfaits pour les cheveux<\/p>\n<p>D\u00e9m\u00ealant efficace : facilite le coiffage et r\u00e9duit la casse.<\/p>\n<p>Nourrissant : hydrate et r\u00e9pare les cheveux secs et ab\u00eem\u00e9s.<\/p>\n<p>Fortifiant : renforce la fibre capillaire et la prot\u00e8ge des agressions ext\u00e9rieures.<\/p>\n<p>Anti-chute : stimule la vitalit\u00e9 du cuir chevelu et aide \u00e0 r\u00e9duire la perte de cheveux.<\/p>\n<p>Brillance &amp; douceur : redonne \u00e9clat, souplesse et volume aux cheveux ternes.<\/p>\n<p>\ud83c\udf3f Bienfaits pour le cuir chevelu<\/p>\n<p>Apaisant : calme les irritations et d\u00e9mangeaisons.<\/p>\n<p>Purifiant : aide \u00e0 \u00e9quilibrer l\u2019exc\u00e8s de s\u00e9bum.<\/p>\n<p>Revitalisant : stimule la circulation et favorise une pousse saine.<\/p>\n<p>\ud83d\udc86 Utilisation<\/p>\n<p>Apr\u00e8s le shampooing, appliquer une noisette de conditioner sur les longueurs et pointes, laisser agir 2 \u00e0 3 minutes puis rincer abondamment. Pour des cheveux plus secs, laisser poser jusqu\u2019\u00e0 10 minutes<\/p>","protected":false},"excerpt":{"rendered":"<p>Le conditioner au cidre est un soin capillaire naturel \u00e0 base d\u2019extrait de feuilles de jujubier (Ziziphus lotus \/ Ziziphus jujuba). Sa formule douce et onctueuse p\u00e9n\u00e8tre la fibre capillaire en profondeur pour nourrir et r\u00e9parer les cheveux sans les alourdir. Il compl\u00e8te parfaitement le shampooing au cidre pour un rituel de soin complet. \ud83c\udf38 [&hellip;]<\/p>\n","protected":false},"featured_media":8176,"comment_status":"open","ping_status":"closed","template":"","meta":{"_uag_custom_page_level_css":"","site-sidebar-layout":"default","site-content-layout":"","ast-site-content-layout":"default","site-content-style":"default","site-sidebar-style":"default","ast-global-header-display":"","ast-banner-title-visibility":"","ast-main-header-display":"","ast-hfb-above-header-display":"","ast-hfb-below-header-display":"","ast-hfb-mobile-header-display":"","site-post-title":"","ast-breadcrumbs-content":"","ast-featured-img":"","footer-sml-layout":"","ast-disable-related-posts":"","theme-transparent-header-meta":"default","adv-header-id-meta":"","stick-header-meta":"","header-above-stick-meta":"","header-main-stick-meta":"","header-below-stick-meta":"","astra-migrate-meta-layouts":"set","ast-page-background-enabled":"default","ast-page-background-meta":{"desktop":{"background-color":"","background-image":"","background-repeat":"repeat","background-position":"center center","background-size":"auto","background-attachment":"scroll","background-type":"","background-media":"","overlay-type":"","overlay-color":"","overlay-opacity":"","overlay-gradient":""},"tablet":{"background-color":"","background-image":"","background-repeat":"repeat","background-position":"center center","background-size":"auto","background-attachment":"scroll","background-type":"","background-media":"","overlay-type":"","overlay-color":"","overlay-opacity":"","overlay-gradient":""},"mobile":{"background-color":"","background-image":"","background-repeat":"repeat","background-position":"center center","background-size":"auto","background-attachment":"scroll","background-type":"","background-media":"","overlay-type":"","overlay-color":"","overlay-opacity":"","overlay-gradient":""}},"ast-content-background-meta":{"desktop":{"background-color":"var(--ast-global-color-5)","background-image":"","background-repeat":"repeat","background-position":"center center","background-size":"auto","background-attachment":"scroll","background-type":"","background-media":"","overlay-type":"","overlay-color":"","overlay-opacity":"","overlay-gradient":""},"tablet":{"background-color":"var(--ast-global-color-5)","background-image":"","background-repeat":"repeat","background-position":"center center","background-size":"auto","background-attachment":"scroll","background-type":"","background-media":"","overlay-type":"","overlay-color":"","overlay-opacity":"","overlay-gradient":""},"mobile":{"background-color":"var(--ast-global-color-5)","background-image":"","background-repeat":"repeat","background-position":"center center","background-size":"auto","background-attachment":"scroll","background-type":"","background-media":"","overlay-type":"","overlay-color":"","overlay-opacity":"","overlay-gradient":""}}},"product_brand":[],"product_cat":[16],"product_tag":[],"class_list":{"0":"post-7465","1":"product","2":"type-product","3":"status-publish","4":"has-post-thumbnail","6":"product_cat-cosmetique","7":"desktop-align-center","8":"tablet-align-center","9":"mobile-align-center","11":"first","12":"instock","13":"shipping-taxable","14":"purchasable","15":"product-type-simple"},"aioseo_notices":[],"uagb_featured_image_src":{"full":["https:\/\/allbiomorocco.com\/wp-content\/uploads\/2026\/01\/apre_shampoing_sidre.jpg",576,1024,false],"thumbnail":["https:\/\/allbiomorocco.com\/wp-content\/uploads\/2026\/01\/apre_shampoing_sidre-150x150.jpg",150,150,true],"medium":["https:\/\/allbiomorocco.com\/wp-content\/uploads\/2026\/01\/apre_shampoing_sidre-169x300.jpg",169,300,true],"medium_large":["https:\/\/allbiomorocco.com\/wp-content\/uploads\/2026\/01\/apre_shampoing_sidre.jpg",576,1024,false],"large":["https:\/\/allbiomorocco.com\/wp-content\/uploads\/2026\/01\/apre_shampoing_sidre.jpg",576,1024,false],"1536x1536":["https:\/\/allbiomorocco.com\/wp-content\/uploads\/2026\/01\/apre_shampoing_sidre.jpg",576,1024,false],"2048x2048":["https:\/\/allbiomorocco.com\/wp-content\/uploads\/2026\/01\/apre_shampoing_sidre.jpg",576,1024,false],"trp-custom-language-flag":["https:\/\/allbiomorocco.com\/wp-content\/uploads\/2026\/01\/apre_shampoing_sidre-7x12.jpg",7,12,true],"woocommerce_thumbnail":["https:\/\/allbiomorocco.com\/wp-content\/uploads\/2026\/01\/apre_shampoing_sidre-300x300.jpg",300,300,true],"woocommerce_single":["https:\/\/allbiomorocco.com\/wp-content\/uploads\/2026\/01\/apre_shampoing_sidre.jpg",576,1024,false],"woocommerce_gallery_thumbnail":["https:\/\/allbiomorocco.com\/wp-content\/uploads\/2026\/01\/apre_shampoing_sidre-100x100.jpg",100,100,true]},"uagb_author_info":{"display_name":"NOUZHA ABARDAQ","author_link":"https:\/\/allbiomorocco.com\/en\/author\/"},"uagb_comment_info":0,"uagb_excerpt":"Le conditioner au cidre est un soin capillaire naturel \u00e0 base d\u2019extrait de feuilles de jujubier (Ziziphus lotus \/ Ziziphus jujuba). Sa formule douce et onctueuse p\u00e9n\u00e8tre la fibre capillaire en profondeur pour nourrir et r\u00e9parer les cheveux sans les alourdir. Il compl\u00e8te parfaitement le shampooing au cidre pour un rituel de soin complet. \ud83c\udf38&hellip;","_links":{"self":[{"href":"https:\/\/allbiomorocco.com\/en\/wp-json\/wp\/v2\/product\/7465","targetHints":{"allow":["GET"]}}],"collection":[{"href":"https:\/\/allbiomorocco.com\/en\/wp-json\/wp\/v2\/product"}],"about":[{"href":"https:\/\/allbiomorocco.com\/en\/wp-json\/wp\/v2\/types\/product"}],"replies":[{"embeddable":true,"href":"https:\/\/allbiomorocco.com\/en\/wp-json\/wp\/v2\/comments?post=7465"}],"wp:featuredmedia":[{"embeddable":true,"href":"https:\/\/allbiomorocco.com\/en\/wp-json\/wp\/v2\/media\/8176"}],"wp:attachment":[{"href":"https:\/\/allbiomorocco.com\/en\/wp-json\/wp\/v2\/media?parent=7465"}],"wp:term":[{"taxonomy":"product_brand","embeddable":true,"href":"https:\/\/allbiomorocco.com\/en\/wp-json\/wp\/v2\/product_brand?post=7465"},{"taxonomy":"product_cat","embeddable":true,"href":"https:\/\/allbiomorocco.com\/en\/wp-json\/wp\/v2\/product_cat?post=7465"},{"taxonomy":"product_tag","embeddable":true,"href":"https:\/\/allbiomorocco.com\/en\/wp-json\/wp\/v2\/product_tag?post=7465"}],"curies":[{"name":"wp","href":"https:\/\/api.w.org\/{rel}","templated":true}]}}