{"id":7469,"date":"2026-01-21T13:49:13","date_gmt":"2026-01-21T13:49:13","guid":{"rendered":"https:\/\/allbiomorocco.com\/?post_type=product&#038;p=7469"},"modified":"2026-04-11T15:09:09","modified_gmt":"2026-04-11T15:09:09","slug":"huile-de-coco","status":"publish","type":"product","link":"https:\/\/allbiomorocco.com\/en\/product\/huile-de-coco\/","title":{"rendered":"Cr\u00e8me  de coco"},"content":{"rendered":"<p>L\u2019huile de coco poss\u00e8de de nombreux bienfaits aussi bien pour la sant\u00e9 que pour la beaut\u00e9. Voici un r\u00e9sum\u00e9 clair :<\/p>\n<p>\ud83c\udf3f Bienfaits pour la sant\u00e9<\/p>\n<p>\u00c9nergie rapide : gr\u00e2ce \u00e0 ses triglyc\u00e9rides \u00e0 cha\u00eene moyenne (TCM), elle est facilement dig\u00e9r\u00e9e et convertie en \u00e9nergie.<\/p>\n<p>Renforcement de l\u2019immunit\u00e9 : contient de l\u2019acide laurique, reconnu pour ses propri\u00e9t\u00e9s antimicrobiennes et antivirales.<\/p>\n<p>Digestion : favorise une bonne digestion et peut apaiser certains troubles intestinaux.<\/p>\n<p>\ud83d\udc86\u200d\u2640\ufe0f Bienfaits pour la peau<\/p>\n<p>Hydratation intense : nourrit en profondeur les peaux s\u00e8ches et apaise les irritations.<\/p>\n<p>Effet apaisant : utile contre les rougeurs, l\u2019ecz\u00e9ma et les inflammations cutan\u00e9es.<\/p>\n<p>Anti-\u00e2ge naturel : riche en antioxydants, aide \u00e0 r\u00e9duire l\u2019apparition des rides et ridules.<\/p>\n<p>\ud83d\udc87\u200d\u2640\ufe0f Bienfaits pour les cheveux<\/p>\n<p>Nourriture et brillance : p\u00e9n\u00e8tre la fibre capillaire et rend les cheveux doux et brillants.<\/p>\n<p>Antipelliculaire : apaise le cuir chevelu sec et limite les pellicules.<\/p>\n<p>Fortifiant : r\u00e9duit la casse et stimule la croissance capillaire.<\/p>","protected":false},"excerpt":{"rendered":"<p>L\u2019huile de coco poss\u00e8de de nombreux bienfaits aussi bien pour la sant\u00e9 que pour la beaut\u00e9. Voici un r\u00e9sum\u00e9 clair : \ud83c\udf3f Bienfaits pour la sant\u00e9 \u00c9nergie rapide : gr\u00e2ce \u00e0 ses triglyc\u00e9rides \u00e0 cha\u00eene moyenne (TCM), elle est facilement dig\u00e9r\u00e9e et convertie en \u00e9nergie. Renforcement de l\u2019immunit\u00e9 : contient de l\u2019acide laurique, reconnu pour [&hellip;]<\/p>\n","protected":false},"featured_media":8161,"comment_status":"open","ping_status":"closed","template":"","meta":{"_uag_custom_page_level_css":"","site-sidebar-layout":"default","site-content-layout":"","ast-site-content-layout":"default","site-content-style":"default","site-sidebar-style":"default","ast-global-header-display":"","ast-banner-title-visibility":"","ast-main-header-display":"","ast-hfb-above-header-display":"","ast-hfb-below-header-display":"","ast-hfb-mobile-header-display":"","site-post-title":"","ast-breadcrumbs-content":"","ast-featured-img":"","footer-sml-layout":"","ast-disable-related-posts":"","theme-transparent-header-meta":"default","adv-header-id-meta":"","stick-header-meta":"","header-above-stick-meta":"","header-main-stick-meta":"","header-below-stick-meta":"","astra-migrate-meta-layouts":"set","ast-page-background-enabled":"default","ast-page-background-meta":{"desktop":{"background-color":"","background-image":"","background-repeat":"repeat","background-position":"center center","background-size":"auto","background-attachment":"scroll","background-type":"","background-media":"","overlay-type":"","overlay-color":"","overlay-opacity":"","overlay-gradient":""},"tablet":{"background-color":"","background-image":"","background-repeat":"repeat","background-position":"center center","background-size":"auto","background-attachment":"scroll","background-type":"","background-media":"","overlay-type":"","overlay-color":"","overlay-opacity":"","overlay-gradient":""},"mobile":{"background-color":"","background-image":"","background-repeat":"repeat","background-position":"center center","background-size":"auto","background-attachment":"scroll","background-type":"","background-media":"","overlay-type":"","overlay-color":"","overlay-opacity":"","overlay-gradient":""}},"ast-content-background-meta":{"desktop":{"background-color":"var(--ast-global-color-5)","background-image":"","background-repeat":"repeat","background-position":"center center","background-size":"auto","background-attachment":"scroll","background-type":"","background-media":"","overlay-type":"","overlay-color":"","overlay-opacity":"","overlay-gradient":""},"tablet":{"background-color":"var(--ast-global-color-5)","background-image":"","background-repeat":"repeat","background-position":"center center","background-size":"auto","background-attachment":"scroll","background-type":"","background-media":"","overlay-type":"","overlay-color":"","overlay-opacity":"","overlay-gradient":""},"mobile":{"background-color":"var(--ast-global-color-5)","background-image":"","background-repeat":"repeat","background-position":"center center","background-size":"auto","background-attachment":"scroll","background-type":"","background-media":"","overlay-type":"","overlay-color":"","overlay-opacity":"","overlay-gradient":""}}},"product_brand":[],"product_cat":[16],"product_tag":[],"class_list":{"0":"post-7469","1":"product","2":"type-product","3":"status-publish","4":"has-post-thumbnail","6":"product_cat-cosmetique","7":"desktop-align-center","8":"tablet-align-center","9":"mobile-align-center","11":"first","12":"instock","13":"shipping-taxable","14":"purchasable","15":"product-type-simple"},"aioseo_notices":[],"uagb_featured_image_src":{"full":["https:\/\/allbiomorocco.com\/wp-content\/uploads\/2026\/01\/creme_coco.jpg",1024,1024,false],"thumbnail":["https:\/\/allbiomorocco.com\/wp-content\/uploads\/2026\/01\/creme_coco-150x150.jpg",150,150,true],"medium":["https:\/\/allbiomorocco.com\/wp-content\/uploads\/2026\/01\/creme_coco-300x300.jpg",300,300,true],"medium_large":["https:\/\/allbiomorocco.com\/wp-content\/uploads\/2026\/01\/creme_coco-768x768.jpg",768,768,true],"large":["https:\/\/allbiomorocco.com\/wp-content\/uploads\/2026\/01\/creme_coco.jpg",1024,1024,false],"1536x1536":["https:\/\/allbiomorocco.com\/wp-content\/uploads\/2026\/01\/creme_coco.jpg",1024,1024,false],"2048x2048":["https:\/\/allbiomorocco.com\/wp-content\/uploads\/2026\/01\/creme_coco.jpg",1024,1024,false],"trp-custom-language-flag":["https:\/\/allbiomorocco.com\/wp-content\/uploads\/2026\/01\/creme_coco-12x12.jpg",12,12,true],"woocommerce_thumbnail":["https:\/\/allbiomorocco.com\/wp-content\/uploads\/2026\/01\/creme_coco-300x300.jpg",300,300,true],"woocommerce_single":["https:\/\/allbiomorocco.com\/wp-content\/uploads\/2026\/01\/creme_coco-600x600.jpg",600,600,true],"woocommerce_gallery_thumbnail":["https:\/\/allbiomorocco.com\/wp-content\/uploads\/2026\/01\/creme_coco-100x100.jpg",100,100,true]},"uagb_author_info":{"display_name":"NOUZHA ABARDAQ","author_link":"https:\/\/allbiomorocco.com\/en\/author\/"},"uagb_comment_info":0,"uagb_excerpt":"L\u2019huile de coco poss\u00e8de de nombreux bienfaits aussi bien pour la sant\u00e9 que pour la beaut\u00e9. Voici un r\u00e9sum\u00e9 clair : \ud83c\udf3f Bienfaits pour la sant\u00e9 \u00c9nergie rapide : gr\u00e2ce \u00e0 ses triglyc\u00e9rides \u00e0 cha\u00eene moyenne (TCM), elle est facilement dig\u00e9r\u00e9e et convertie en \u00e9nergie. Renforcement de l\u2019immunit\u00e9 : contient de l\u2019acide laurique, reconnu pour&hellip;","_links":{"self":[{"href":"https:\/\/allbiomorocco.com\/en\/wp-json\/wp\/v2\/product\/7469","targetHints":{"allow":["GET"]}}],"collection":[{"href":"https:\/\/allbiomorocco.com\/en\/wp-json\/wp\/v2\/product"}],"about":[{"href":"https:\/\/allbiomorocco.com\/en\/wp-json\/wp\/v2\/types\/product"}],"replies":[{"embeddable":true,"href":"https:\/\/allbiomorocco.com\/en\/wp-json\/wp\/v2\/comments?post=7469"}],"wp:featuredmedia":[{"embeddable":true,"href":"https:\/\/allbiomorocco.com\/en\/wp-json\/wp\/v2\/media\/8161"}],"wp:attachment":[{"href":"https:\/\/allbiomorocco.com\/en\/wp-json\/wp\/v2\/media?parent=7469"}],"wp:term":[{"taxonomy":"product_brand","embeddable":true,"href":"https:\/\/allbiomorocco.com\/en\/wp-json\/wp\/v2\/product_brand?post=7469"},{"taxonomy":"product_cat","embeddable":true,"href":"https:\/\/allbiomorocco.com\/en\/wp-json\/wp\/v2\/product_cat?post=7469"},{"taxonomy":"product_tag","embeddable":true,"href":"https:\/\/allbiomorocco.com\/en\/wp-json\/wp\/v2\/product_tag?post=7469"}],"curies":[{"name":"wp","href":"https:\/\/api.w.org\/{rel}","templated":true}]}}