{"id":7471,"date":"2026-01-21T13:49:13","date_gmt":"2026-01-21T13:49:13","guid":{"rendered":"https:\/\/allbiomorocco.com\/?post_type=product&#038;p=7471"},"modified":"2026-04-11T19:02:12","modified_gmt":"2026-04-11T19:02:12","slug":"creme-de-coco","status":"publish","type":"product","link":"https:\/\/allbiomorocco.com\/en\/product\/creme-de-coco\/","title":{"rendered":"Huile Avocat"},"content":{"rendered":"<h3 data-section-id=\"1hbn6k2\" data-start=\"103\" data-end=\"142\"><span role=\"text\">\ud83e\udd51 <strong data-start=\"110\" data-end=\"142\">Huile d\u2019Avocat \u2013 Description<\/strong><\/span><\/h3>\n<p data-start=\"144\" data-end=\"420\">L\u2019huile d\u2019avocat est une huile v\u00e9g\u00e9tale riche et nourrissante extraite de la pulpe du <span class=\"hover:entity-accent entity-underline inline cursor-pointer align-baseline\"><span class=\"whitespace-normal\">Avocat (Persea americana)<\/span><\/span>. Tr\u00e8s concentr\u00e9e en vitamines A, D, E et en acides gras essentiels, elle est reconnue pour ses propri\u00e9t\u00e9s r\u00e9paratrices, assouplissantes et protectrices.<\/p>\n<p data-start=\"422\" data-end=\"563\">Sa texture onctueuse p\u00e9n\u00e8tre facilement et convient particuli\u00e8rement aux peaux s\u00e8ches, matures ou d\u00e9shydrat\u00e9es ainsi qu\u2019aux cheveux fragiles.<\/p>\n<h3 data-section-id=\"wf110d\" data-start=\"570\" data-end=\"609\"><span role=\"text\">\u2728 <strong data-start=\"576\" data-end=\"609\">Bienfaits de l\u2019Huile d\u2019Avocat<\/strong><\/span><\/h3>\n<h4 data-start=\"611\" data-end=\"631\">\ud83c\udf38 Pour la peau<\/h4>\n<ul data-start=\"632\" data-end=\"906\">\n<li data-section-id=\"1vv679o\" data-start=\"632\" data-end=\"695\">\ud83d\udca7 <strong data-start=\"637\" data-end=\"660\">Nourrit intens\u00e9ment<\/strong> les peaux s\u00e8ches et d\u00e9shydrat\u00e9es<\/li>\n<li data-section-id=\"q3s7st\" data-start=\"696\" data-end=\"745\">\ud83d\udee1\ufe0f <strong data-start=\"702\" data-end=\"723\">Prot\u00e8ge et r\u00e9pare<\/strong> la barri\u00e8re cutan\u00e9e<\/li>\n<li data-section-id=\"1dx1l5e\" data-start=\"746\" data-end=\"792\">\ud83d\udd04 <strong data-start=\"751\" data-end=\"790\">Favorise la r\u00e9g\u00e9n\u00e9ration cellulaire<\/strong><\/li>\n<li data-section-id=\"17fpppw\" data-start=\"793\" data-end=\"851\">\u2728 <strong data-start=\"797\" data-end=\"822\">Am\u00e9liore l\u2019\u00e9lasticit\u00e9<\/strong> et la souplesse de la peau<\/li>\n<li data-section-id=\"141oz64\" data-start=\"852\" data-end=\"906\">\ud83c\udf3f <strong data-start=\"857\" data-end=\"883\">Apaise les irritations<\/strong> et les tiraillements<\/li>\n<\/ul>\n<h4 data-start=\"908\" data-end=\"935\">\ud83d\udc86\u200d\u2640\ufe0f Pour les cheveux<\/h4>\n<ul data-start=\"936\" data-end=\"1102\">\n<li data-section-id=\"1o8izd8\" data-start=\"936\" data-end=\"984\">\ud83d\udcaa <strong data-start=\"941\" data-end=\"982\">Renforce les cheveux secs et cassants<\/strong><\/li>\n<li data-section-id=\"125z00k\" data-start=\"985\" data-end=\"1014\">\ud83c\udf31 <strong data-start=\"990\" data-end=\"1012\">Favorise la pousse<\/strong><\/li>\n<li data-section-id=\"irl5w3\" data-start=\"1015\" data-end=\"1053\">\u2728 <strong data-start=\"1019\" data-end=\"1051\">Apporte brillance et douceur<\/strong><\/li>\n<li data-section-id=\"v1zsuk\" data-start=\"1054\" data-end=\"1102\">\ud83e\uddf4 <strong data-start=\"1059\" data-end=\"1100\">Nourrit en profondeur le cuir chevelu<\/strong><\/li>\n<\/ul>\n<h4 data-start=\"1104\" data-end=\"1125\">\ud83c\udf43 Pour le corps<\/h4>\n<ul data-start=\"1126\" data-end=\"1269\">\n<li data-section-id=\"1xxhxki\" data-start=\"1126\" data-end=\"1164\">\ud83d\udca7 <strong data-start=\"1131\" data-end=\"1154\">Hydrate durablement<\/strong> la peau<\/li>\n<li data-section-id=\"jkoka8\" data-start=\"1165\" data-end=\"1200\">\ud83c\udf38 <strong data-start=\"1170\" data-end=\"1190\">Adoucit et lisse<\/strong> la peau<\/li>\n<li data-section-id=\"1hfhlfb\" data-start=\"1201\" data-end=\"1269\">\u2728 <strong data-start=\"1205\" data-end=\"1242\">Id\u00e9ale pour les zones tr\u00e8s s\u00e8ches<\/strong> (coudes, genoux, talons)<\/li>\n<\/ul>","protected":false},"excerpt":{"rendered":"<p>\ud83e\udd51 Huile d\u2019Avocat \u2013 Description L\u2019huile d\u2019avocat est une huile v\u00e9g\u00e9tale riche et nourrissante extraite de la pulpe du Avocat (Persea americana). Tr\u00e8s concentr\u00e9e en vitamines A, D, E et en acides gras essentiels, elle est reconnue pour ses propri\u00e9t\u00e9s r\u00e9paratrices, assouplissantes et protectrices. Sa texture onctueuse p\u00e9n\u00e8tre facilement et convient particuli\u00e8rement aux peaux s\u00e8ches, [&hellip;]<\/p>\n","protected":false},"featured_media":8201,"comment_status":"open","ping_status":"closed","template":"","meta":{"_uag_custom_page_level_css":"","site-sidebar-layout":"default","site-content-layout":"","ast-site-content-layout":"default","site-content-style":"default","site-sidebar-style":"default","ast-global-header-display":"","ast-banner-title-visibility":"","ast-main-header-display":"","ast-hfb-above-header-display":"","ast-hfb-below-header-display":"","ast-hfb-mobile-header-display":"","site-post-title":"","ast-breadcrumbs-content":"","ast-featured-img":"","footer-sml-layout":"","ast-disable-related-posts":"","theme-transparent-header-meta":"default","adv-header-id-meta":"","stick-header-meta":"","header-above-stick-meta":"","header-main-stick-meta":"","header-below-stick-meta":"","astra-migrate-meta-layouts":"set","ast-page-background-enabled":"default","ast-page-background-meta":{"desktop":{"background-color":"","background-image":"","background-repeat":"repeat","background-position":"center center","background-size":"auto","background-attachment":"scroll","background-type":"","background-media":"","overlay-type":"","overlay-color":"","overlay-opacity":"","overlay-gradient":""},"tablet":{"background-color":"","background-image":"","background-repeat":"repeat","background-position":"center center","background-size":"auto","background-attachment":"scroll","background-type":"","background-media":"","overlay-type":"","overlay-color":"","overlay-opacity":"","overlay-gradient":""},"mobile":{"background-color":"","background-image":"","background-repeat":"repeat","background-position":"center center","background-size":"auto","background-attachment":"scroll","background-type":"","background-media":"","overlay-type":"","overlay-color":"","overlay-opacity":"","overlay-gradient":""}},"ast-content-background-meta":{"desktop":{"background-color":"var(--ast-global-color-5)","background-image":"","background-repeat":"repeat","background-position":"center center","background-size":"auto","background-attachment":"scroll","background-type":"","background-media":"","overlay-type":"","overlay-color":"","overlay-opacity":"","overlay-gradient":""},"tablet":{"background-color":"var(--ast-global-color-5)","background-image":"","background-repeat":"repeat","background-position":"center center","background-size":"auto","background-attachment":"scroll","background-type":"","background-media":"","overlay-type":"","overlay-color":"","overlay-opacity":"","overlay-gradient":""},"mobile":{"background-color":"var(--ast-global-color-5)","background-image":"","background-repeat":"repeat","background-position":"center center","background-size":"auto","background-attachment":"scroll","background-type":"","background-media":"","overlay-type":"","overlay-color":"","overlay-opacity":"","overlay-gradient":""}}},"product_brand":[],"product_cat":[16],"product_tag":[],"class_list":{"0":"post-7471","1":"product","2":"type-product","3":"status-publish","4":"has-post-thumbnail","6":"product_cat-cosmetique","7":"desktop-align-center","8":"tablet-align-center","9":"mobile-align-center","11":"first","12":"instock","13":"shipping-taxable","14":"product-type-simple"},"aioseo_notices":[],"uagb_featured_image_src":{"full":["https:\/\/allbiomorocco.com\/wp-content\/uploads\/2026\/01\/huile_avocado-307x546-1.png",307,546,false],"thumbnail":["https:\/\/allbiomorocco.com\/wp-content\/uploads\/2026\/01\/huile_avocado-307x546-1-150x150.png",150,150,true],"medium":["https:\/\/allbiomorocco.com\/wp-content\/uploads\/2026\/01\/huile_avocado-307x546-1-169x300.png",169,300,true],"medium_large":["https:\/\/allbiomorocco.com\/wp-content\/uploads\/2026\/01\/huile_avocado-307x546-1.png",307,546,false],"large":["https:\/\/allbiomorocco.com\/wp-content\/uploads\/2026\/01\/huile_avocado-307x546-1.png",307,546,false],"1536x1536":["https:\/\/allbiomorocco.com\/wp-content\/uploads\/2026\/01\/huile_avocado-307x546-1.png",307,546,false],"2048x2048":["https:\/\/allbiomorocco.com\/wp-content\/uploads\/2026\/01\/huile_avocado-307x546-1.png",307,546,false],"trp-custom-language-flag":["https:\/\/allbiomorocco.com\/wp-content\/uploads\/2026\/01\/huile_avocado-307x546-1-7x12.png",7,12,true],"woocommerce_thumbnail":["https:\/\/allbiomorocco.com\/wp-content\/uploads\/2026\/01\/huile_avocado-307x546-1-300x300.png",300,300,true],"woocommerce_single":["https:\/\/allbiomorocco.com\/wp-content\/uploads\/2026\/01\/huile_avocado-307x546-1.png",307,546,false],"woocommerce_gallery_thumbnail":["https:\/\/allbiomorocco.com\/wp-content\/uploads\/2026\/01\/huile_avocado-307x546-1-100x100.png",100,100,true]},"uagb_author_info":{"display_name":"NOUZHA ABARDAQ","author_link":"https:\/\/allbiomorocco.com\/en\/author\/"},"uagb_comment_info":0,"uagb_excerpt":"\ud83e\udd51 Huile d\u2019Avocat \u2013 Description L\u2019huile d\u2019avocat est une huile v\u00e9g\u00e9tale riche et nourrissante extraite de la pulpe du Avocat (Persea americana). Tr\u00e8s concentr\u00e9e en vitamines A, D, E et en acides gras essentiels, elle est reconnue pour ses propri\u00e9t\u00e9s r\u00e9paratrices, assouplissantes et protectrices. Sa texture onctueuse p\u00e9n\u00e8tre facilement et convient particuli\u00e8rement aux peaux s\u00e8ches,&hellip;","_links":{"self":[{"href":"https:\/\/allbiomorocco.com\/en\/wp-json\/wp\/v2\/product\/7471","targetHints":{"allow":["GET"]}}],"collection":[{"href":"https:\/\/allbiomorocco.com\/en\/wp-json\/wp\/v2\/product"}],"about":[{"href":"https:\/\/allbiomorocco.com\/en\/wp-json\/wp\/v2\/types\/product"}],"replies":[{"embeddable":true,"href":"https:\/\/allbiomorocco.com\/en\/wp-json\/wp\/v2\/comments?post=7471"}],"wp:featuredmedia":[{"embeddable":true,"href":"https:\/\/allbiomorocco.com\/en\/wp-json\/wp\/v2\/media\/8201"}],"wp:attachment":[{"href":"https:\/\/allbiomorocco.com\/en\/wp-json\/wp\/v2\/media?parent=7471"}],"wp:term":[{"taxonomy":"product_brand","embeddable":true,"href":"https:\/\/allbiomorocco.com\/en\/wp-json\/wp\/v2\/product_brand?post=7471"},{"taxonomy":"product_cat","embeddable":true,"href":"https:\/\/allbiomorocco.com\/en\/wp-json\/wp\/v2\/product_cat?post=7471"},{"taxonomy":"product_tag","embeddable":true,"href":"https:\/\/allbiomorocco.com\/en\/wp-json\/wp\/v2\/product_tag?post=7471"}],"curies":[{"name":"wp","href":"https:\/\/api.w.org\/{rel}","templated":true}]}}