{"id":7474,"date":"2026-01-21T13:49:13","date_gmt":"2026-01-21T13:49:13","guid":{"rendered":"https:\/\/allbiomorocco.com\/?post_type=product&#038;p=7474"},"modified":"2026-04-11T15:14:18","modified_gmt":"2026-04-11T15:14:18","slug":"shampooing-coco","status":"publish","type":"product","link":"https:\/\/allbiomorocco.com\/en\/product\/shampooing-coco\/","title":{"rendered":"Shampooing Coco"},"content":{"rendered":"<p>Le shampooing est un soin lavant doux qui nettoie efficacement le cuir chevelu et les cheveux tout en respectant leur \u00e9quilibre naturel. Sa formule enrichie en extraits naturels nourrit la fibre capillaire, redonne vitalit\u00e9 et apporte une sensation de fra\u00eecheur et de l\u00e9g\u00e8ret\u00e9.<\/p>\n<p>Gr\u00e2ce \u00e0 sa texture l\u00e9g\u00e8re et moussante, il purifie en douceur et laisse les cheveux propres, brillants et faciles \u00e0 coiffer. Convient \u00e0 un usage fr\u00e9quent et \u00e0 tous types de cheveux<\/p>\n<p>Nettoie en douceur sans agresser le cuir chevelu.<\/p>\n<p>Nourrit et hydrate la fibre capillaire.<\/p>\n<p>Apporte brillance et souplesse aux cheveux.<\/p>\n<p>Fortifie et prot\u00e8ge contre les agressions ext\u00e9rieures.<\/p>\n<p>Procure fra\u00eecheur et l\u00e9g\u00e8ret\u00e9 \u00e0 la chevelure<\/p>","protected":false},"excerpt":{"rendered":"<p>Le shampooing est un soin lavant doux qui nettoie efficacement le cuir chevelu et les cheveux tout en respectant leur \u00e9quilibre naturel. Sa formule enrichie en extraits naturels nourrit la fibre capillaire, redonne vitalit\u00e9 et apporte une sensation de fra\u00eecheur et de l\u00e9g\u00e8ret\u00e9. Gr\u00e2ce \u00e0 sa texture l\u00e9g\u00e8re et moussante, il purifie en douceur et [&hellip;]<\/p>\n","protected":false},"featured_media":8164,"comment_status":"open","ping_status":"closed","template":"","meta":{"_uag_custom_page_level_css":"","site-sidebar-layout":"default","site-content-layout":"","ast-site-content-layout":"default","site-content-style":"default","site-sidebar-style":"default","ast-global-header-display":"","ast-banner-title-visibility":"","ast-main-header-display":"","ast-hfb-above-header-display":"","ast-hfb-below-header-display":"","ast-hfb-mobile-header-display":"","site-post-title":"","ast-breadcrumbs-content":"","ast-featured-img":"","footer-sml-layout":"","ast-disable-related-posts":"","theme-transparent-header-meta":"default","adv-header-id-meta":"","stick-header-meta":"","header-above-stick-meta":"","header-main-stick-meta":"","header-below-stick-meta":"","astra-migrate-meta-layouts":"set","ast-page-background-enabled":"default","ast-page-background-meta":{"desktop":{"background-color":"","background-image":"","background-repeat":"repeat","background-position":"center center","background-size":"auto","background-attachment":"scroll","background-type":"","background-media":"","overlay-type":"","overlay-color":"","overlay-opacity":"","overlay-gradient":""},"tablet":{"background-color":"","background-image":"","background-repeat":"repeat","background-position":"center center","background-size":"auto","background-attachment":"scroll","background-type":"","background-media":"","overlay-type":"","overlay-color":"","overlay-opacity":"","overlay-gradient":""},"mobile":{"background-color":"","background-image":"","background-repeat":"repeat","background-position":"center center","background-size":"auto","background-attachment":"scroll","background-type":"","background-media":"","overlay-type":"","overlay-color":"","overlay-opacity":"","overlay-gradient":""}},"ast-content-background-meta":{"desktop":{"background-color":"var(--ast-global-color-5)","background-image":"","background-repeat":"repeat","background-position":"center center","background-size":"auto","background-attachment":"scroll","background-type":"","background-media":"","overlay-type":"","overlay-color":"","overlay-opacity":"","overlay-gradient":""},"tablet":{"background-color":"var(--ast-global-color-5)","background-image":"","background-repeat":"repeat","background-position":"center center","background-size":"auto","background-attachment":"scroll","background-type":"","background-media":"","overlay-type":"","overlay-color":"","overlay-opacity":"","overlay-gradient":""},"mobile":{"background-color":"var(--ast-global-color-5)","background-image":"","background-repeat":"repeat","background-position":"center center","background-size":"auto","background-attachment":"scroll","background-type":"","background-media":"","overlay-type":"","overlay-color":"","overlay-opacity":"","overlay-gradient":""}}},"product_brand":[],"product_cat":[16],"product_tag":[],"class_list":{"0":"post-7474","1":"product","2":"type-product","3":"status-publish","4":"has-post-thumbnail","6":"product_cat-cosmetique","7":"desktop-align-center","8":"tablet-align-center","9":"mobile-align-center","11":"first","12":"instock","13":"shipping-taxable","14":"purchasable","15":"product-type-simple"},"aioseo_notices":[],"uagb_featured_image_src":{"full":["https:\/\/allbiomorocco.com\/wp-content\/uploads\/2026\/01\/shampoo_coco.jpg",1024,1024,false],"thumbnail":["https:\/\/allbiomorocco.com\/wp-content\/uploads\/2026\/01\/shampoo_coco-150x150.jpg",150,150,true],"medium":["https:\/\/allbiomorocco.com\/wp-content\/uploads\/2026\/01\/shampoo_coco-300x300.jpg",300,300,true],"medium_large":["https:\/\/allbiomorocco.com\/wp-content\/uploads\/2026\/01\/shampoo_coco-768x768.jpg",768,768,true],"large":["https:\/\/allbiomorocco.com\/wp-content\/uploads\/2026\/01\/shampoo_coco.jpg",1024,1024,false],"1536x1536":["https:\/\/allbiomorocco.com\/wp-content\/uploads\/2026\/01\/shampoo_coco.jpg",1024,1024,false],"2048x2048":["https:\/\/allbiomorocco.com\/wp-content\/uploads\/2026\/01\/shampoo_coco.jpg",1024,1024,false],"trp-custom-language-flag":["https:\/\/allbiomorocco.com\/wp-content\/uploads\/2026\/01\/shampoo_coco-12x12.jpg",12,12,true],"woocommerce_thumbnail":["https:\/\/allbiomorocco.com\/wp-content\/uploads\/2026\/01\/shampoo_coco-300x300.jpg",300,300,true],"woocommerce_single":["https:\/\/allbiomorocco.com\/wp-content\/uploads\/2026\/01\/shampoo_coco-600x600.jpg",600,600,true],"woocommerce_gallery_thumbnail":["https:\/\/allbiomorocco.com\/wp-content\/uploads\/2026\/01\/shampoo_coco-100x100.jpg",100,100,true]},"uagb_author_info":{"display_name":"NOUZHA ABARDAQ","author_link":"https:\/\/allbiomorocco.com\/en\/author\/"},"uagb_comment_info":0,"uagb_excerpt":"Le shampooing est un soin lavant doux qui nettoie efficacement le cuir chevelu et les cheveux tout en respectant leur \u00e9quilibre naturel. Sa formule enrichie en extraits naturels nourrit la fibre capillaire, redonne vitalit\u00e9 et apporte une sensation de fra\u00eecheur et de l\u00e9g\u00e8ret\u00e9. Gr\u00e2ce \u00e0 sa texture l\u00e9g\u00e8re et moussante, il purifie en douceur et&hellip;","_links":{"self":[{"href":"https:\/\/allbiomorocco.com\/en\/wp-json\/wp\/v2\/product\/7474","targetHints":{"allow":["GET"]}}],"collection":[{"href":"https:\/\/allbiomorocco.com\/en\/wp-json\/wp\/v2\/product"}],"about":[{"href":"https:\/\/allbiomorocco.com\/en\/wp-json\/wp\/v2\/types\/product"}],"replies":[{"embeddable":true,"href":"https:\/\/allbiomorocco.com\/en\/wp-json\/wp\/v2\/comments?post=7474"}],"wp:featuredmedia":[{"embeddable":true,"href":"https:\/\/allbiomorocco.com\/en\/wp-json\/wp\/v2\/media\/8164"}],"wp:attachment":[{"href":"https:\/\/allbiomorocco.com\/en\/wp-json\/wp\/v2\/media?parent=7474"}],"wp:term":[{"taxonomy":"product_brand","embeddable":true,"href":"https:\/\/allbiomorocco.com\/en\/wp-json\/wp\/v2\/product_brand?post=7474"},{"taxonomy":"product_cat","embeddable":true,"href":"https:\/\/allbiomorocco.com\/en\/wp-json\/wp\/v2\/product_cat?post=7474"},{"taxonomy":"product_tag","embeddable":true,"href":"https:\/\/allbiomorocco.com\/en\/wp-json\/wp\/v2\/product_tag?post=7474"}],"curies":[{"name":"wp","href":"https:\/\/api.w.org\/{rel}","templated":true}]}}