{"id":7475,"date":"2026-01-21T13:49:13","date_gmt":"2026-01-21T13:49:13","guid":{"rendered":"https:\/\/allbiomorocco.com\/?post_type=product&#038;p=7475"},"modified":"2026-04-11T15:21:01","modified_gmt":"2026-04-11T15:21:01","slug":"conditioner-coco","status":"publish","type":"product","link":"https:\/\/allbiomorocco.com\/en\/product\/conditioner-coco\/","title":{"rendered":"Conditionner Coco"},"content":{"rendered":"<p>Le conditioner est un soin capillaire adoucissant qui compl\u00e8te parfaitement le shampooing. Sa formule riche en actifs naturels p\u00e9n\u00e8tre la fibre capillaire pour la nourrir, l\u2019assouplir et la prot\u00e9ger. Il aide \u00e0 refermer les \u00e9cailles du cheveu, facilitant ainsi le d\u00e9m\u00ealage et laissant la chevelure douce, l\u00e9g\u00e8re et \u00e9clatante.<br \/>\nId\u00e9al pour tous types de cheveux, il apporte une touche de soin suppl\u00e9mentaire au quotidien et redonne vitalit\u00e9 aux cheveux ternes ou secs.<br \/>\nD\u00e9m\u00eale facilement et r\u00e9duit la casse lors du coiffage.<br \/>\nNourrit et hydrate en profondeur la fibre capillaire.<br \/>\nAdoucit et assouplit la chevelure.<br \/>\nApporte brillance et \u00e9clat naturels.<br \/>\nProt\u00e8ge contre les agressions ext\u00e9rieures et pr\u00e9vient les pointes fourchues<br \/>\nHydrate intens\u00e9ment et pr\u00e9vient le dess\u00e8chement cutan\u00e9.<br \/>\nNourrit la peau et lui redonne souplesse et douceur.<br \/>\nProt\u00e8ge contre les agressions ext\u00e9rieures.<br \/>\nApaise et calme les irritations et tiraillements.<br \/>\nApporte un toucher velout\u00e9 et un parfum d\u00e9licat<\/p>","protected":false},"excerpt":{"rendered":"<p>Le conditioner est un soin capillaire adoucissant qui compl\u00e8te parfaitement le shampooing. Sa formule riche en actifs naturels p\u00e9n\u00e8tre la fibre capillaire pour la nourrir, l\u2019assouplir et la prot\u00e9ger. Il aide \u00e0 refermer les \u00e9cailles du cheveu, facilitant ainsi le d\u00e9m\u00ealage et laissant la chevelure douce, l\u00e9g\u00e8re et \u00e9clatante. Id\u00e9al pour tous types de cheveux, [&hellip;]<\/p>\n","protected":false},"featured_media":8166,"comment_status":"open","ping_status":"closed","template":"","meta":{"_uag_custom_page_level_css":"","site-sidebar-layout":"default","site-content-layout":"","ast-site-content-layout":"default","site-content-style":"default","site-sidebar-style":"default","ast-global-header-display":"","ast-banner-title-visibility":"","ast-main-header-display":"","ast-hfb-above-header-display":"","ast-hfb-below-header-display":"","ast-hfb-mobile-header-display":"","site-post-title":"","ast-breadcrumbs-content":"","ast-featured-img":"","footer-sml-layout":"","ast-disable-related-posts":"","theme-transparent-header-meta":"default","adv-header-id-meta":"","stick-header-meta":"","header-above-stick-meta":"","header-main-stick-meta":"","header-below-stick-meta":"","astra-migrate-meta-layouts":"set","ast-page-background-enabled":"default","ast-page-background-meta":{"desktop":{"background-color":"","background-image":"","background-repeat":"repeat","background-position":"center center","background-size":"auto","background-attachment":"scroll","background-type":"","background-media":"","overlay-type":"","overlay-color":"","overlay-opacity":"","overlay-gradient":""},"tablet":{"background-color":"","background-image":"","background-repeat":"repeat","background-position":"center center","background-size":"auto","background-attachment":"scroll","background-type":"","background-media":"","overlay-type":"","overlay-color":"","overlay-opacity":"","overlay-gradient":""},"mobile":{"background-color":"","background-image":"","background-repeat":"repeat","background-position":"center center","background-size":"auto","background-attachment":"scroll","background-type":"","background-media":"","overlay-type":"","overlay-color":"","overlay-opacity":"","overlay-gradient":""}},"ast-content-background-meta":{"desktop":{"background-color":"var(--ast-global-color-5)","background-image":"","background-repeat":"repeat","background-position":"center center","background-size":"auto","background-attachment":"scroll","background-type":"","background-media":"","overlay-type":"","overlay-color":"","overlay-opacity":"","overlay-gradient":""},"tablet":{"background-color":"var(--ast-global-color-5)","background-image":"","background-repeat":"repeat","background-position":"center center","background-size":"auto","background-attachment":"scroll","background-type":"","background-media":"","overlay-type":"","overlay-color":"","overlay-opacity":"","overlay-gradient":""},"mobile":{"background-color":"var(--ast-global-color-5)","background-image":"","background-repeat":"repeat","background-position":"center center","background-size":"auto","background-attachment":"scroll","background-type":"","background-media":"","overlay-type":"","overlay-color":"","overlay-opacity":"","overlay-gradient":""}}},"product_brand":[],"product_cat":[16],"product_tag":[],"class_list":{"0":"post-7475","1":"product","2":"type-product","3":"status-publish","4":"has-post-thumbnail","6":"product_cat-cosmetique","7":"desktop-align-center","8":"tablet-align-center","9":"mobile-align-center","11":"first","12":"instock","13":"shipping-taxable","14":"purchasable","15":"product-type-simple"},"aioseo_notices":[],"uagb_featured_image_src":{"full":["https:\/\/allbiomorocco.com\/wp-content\/uploads\/2026\/01\/apre_shampo_coco.jpg",1024,1024,false],"thumbnail":["https:\/\/allbiomorocco.com\/wp-content\/uploads\/2026\/01\/apre_shampo_coco-150x150.jpg",150,150,true],"medium":["https:\/\/allbiomorocco.com\/wp-content\/uploads\/2026\/01\/apre_shampo_coco-300x300.jpg",300,300,true],"medium_large":["https:\/\/allbiomorocco.com\/wp-content\/uploads\/2026\/01\/apre_shampo_coco-768x768.jpg",768,768,true],"large":["https:\/\/allbiomorocco.com\/wp-content\/uploads\/2026\/01\/apre_shampo_coco.jpg",1024,1024,false],"1536x1536":["https:\/\/allbiomorocco.com\/wp-content\/uploads\/2026\/01\/apre_shampo_coco.jpg",1024,1024,false],"2048x2048":["https:\/\/allbiomorocco.com\/wp-content\/uploads\/2026\/01\/apre_shampo_coco.jpg",1024,1024,false],"trp-custom-language-flag":["https:\/\/allbiomorocco.com\/wp-content\/uploads\/2026\/01\/apre_shampo_coco-12x12.jpg",12,12,true],"woocommerce_thumbnail":["https:\/\/allbiomorocco.com\/wp-content\/uploads\/2026\/01\/apre_shampo_coco-300x300.jpg",300,300,true],"woocommerce_single":["https:\/\/allbiomorocco.com\/wp-content\/uploads\/2026\/01\/apre_shampo_coco-600x600.jpg",600,600,true],"woocommerce_gallery_thumbnail":["https:\/\/allbiomorocco.com\/wp-content\/uploads\/2026\/01\/apre_shampo_coco-100x100.jpg",100,100,true]},"uagb_author_info":{"display_name":"NOUZHA ABARDAQ","author_link":"https:\/\/allbiomorocco.com\/en\/author\/"},"uagb_comment_info":0,"uagb_excerpt":"Le conditioner est un soin capillaire adoucissant qui compl\u00e8te parfaitement le shampooing. Sa formule riche en actifs naturels p\u00e9n\u00e8tre la fibre capillaire pour la nourrir, l\u2019assouplir et la prot\u00e9ger. Il aide \u00e0 refermer les \u00e9cailles du cheveu, facilitant ainsi le d\u00e9m\u00ealage et laissant la chevelure douce, l\u00e9g\u00e8re et \u00e9clatante. Id\u00e9al pour tous types de cheveux,&hellip;","_links":{"self":[{"href":"https:\/\/allbiomorocco.com\/en\/wp-json\/wp\/v2\/product\/7475","targetHints":{"allow":["GET"]}}],"collection":[{"href":"https:\/\/allbiomorocco.com\/en\/wp-json\/wp\/v2\/product"}],"about":[{"href":"https:\/\/allbiomorocco.com\/en\/wp-json\/wp\/v2\/types\/product"}],"replies":[{"embeddable":true,"href":"https:\/\/allbiomorocco.com\/en\/wp-json\/wp\/v2\/comments?post=7475"}],"wp:featuredmedia":[{"embeddable":true,"href":"https:\/\/allbiomorocco.com\/en\/wp-json\/wp\/v2\/media\/8166"}],"wp:attachment":[{"href":"https:\/\/allbiomorocco.com\/en\/wp-json\/wp\/v2\/media?parent=7475"}],"wp:term":[{"taxonomy":"product_brand","embeddable":true,"href":"https:\/\/allbiomorocco.com\/en\/wp-json\/wp\/v2\/product_brand?post=7475"},{"taxonomy":"product_cat","embeddable":true,"href":"https:\/\/allbiomorocco.com\/en\/wp-json\/wp\/v2\/product_cat?post=7475"},{"taxonomy":"product_tag","embeddable":true,"href":"https:\/\/allbiomorocco.com\/en\/wp-json\/wp\/v2\/product_tag?post=7475"}],"curies":[{"name":"wp","href":"https:\/\/api.w.org\/{rel}","templated":true}]}}