{"id":7480,"date":"2026-01-21T13:49:13","date_gmt":"2026-01-21T13:49:13","guid":{"rendered":"https:\/\/allbiomorocco.com\/?post_type=product&#038;p=7480"},"modified":"2026-04-11T15:33:44","modified_gmt":"2026-04-11T15:33:44","slug":"lait-corporel-de-rose","status":"publish","type":"product","link":"https:\/\/allbiomorocco.com\/en\/product\/lait-corporel-de-rose\/","title":{"rendered":"Lait Corporel de Rose"},"content":{"rendered":"<p>1. Hydratation profonde<br \/>\nNourrit la peau gr\u00e2ce \u00e0 sa texture l\u00e9g\u00e8re et p\u00e9n\u00e9trante.<br \/>\nId\u00e9al pour les peaux s\u00e8ches et d\u00e9shydrat\u00e9es, il laisse une sensation douce et souple.<br \/>\n2. Apaisant &amp; calmant<br \/>\nL\u2019extrait de rose poss\u00e8de des propri\u00e9t\u00e9s anti-inflammatoires qui calment les irritations et rougeurs.<br \/>\nApaise apr\u00e8s l\u2019exposition au soleil ou en cas de tiraillement de la peau.<br \/>\n3. Antioxydant &amp; r\u00e9g\u00e9n\u00e9rant<br \/>\nRiche en vitamines (notamment vitamine C et E), il aide \u00e0 lutter contre les radicaux libres.<\/p>\n<p>Contribue \u00e0 ralentir le vieillissement cutan\u00e9 et \u00e0 stimuler le renouvellement cellulaire.<br \/>\n4. \u00c9clat &amp; unification du teint<br \/>\nRedonne de l\u2019\u00e9clat \u00e0 la peau fatigu\u00e9e et terne.<br \/>\nFavorise un teint plus lumineux et uniforme.<br \/>\n5. Parfum d\u00e9licat &amp; effet sensoriel<br \/>\nL\u2019odeur subtile de la rose procure une sensation de fra\u00eecheur, bien-\u00eatre et f\u00e9minit\u00e9.<br \/>\nEffet relaxant, souvent associ\u00e9 \u00e0 l\u2019aromath\u00e9rapie.<br \/>\n\ud83c\udf39 Utilisations conseill\u00e9es<br \/>\nQuotidiennement, apr\u00e8s la douche ou le bain, pour maintenir une peau douce.<br \/>\nApr\u00e8s une exposition au soleil pour hydrater et calmer.<br \/>\nComme soin cocooning le soir pour profiter de son parfum relaxant.<\/p>","protected":false},"excerpt":{"rendered":"<p>1. Hydratation profonde Nourrit la peau gr\u00e2ce \u00e0 sa texture l\u00e9g\u00e8re et p\u00e9n\u00e9trante. Id\u00e9al pour les peaux s\u00e8ches et d\u00e9shydrat\u00e9es, il laisse une sensation douce et souple. 2. Apaisant &amp; calmant L\u2019extrait de rose poss\u00e8de des propri\u00e9t\u00e9s anti-inflammatoires qui calment les irritations et rougeurs. Apaise apr\u00e8s l\u2019exposition au soleil ou en cas de tiraillement de [&hellip;]<\/p>\n","protected":false},"featured_media":8169,"comment_status":"open","ping_status":"closed","template":"","meta":{"_uag_custom_page_level_css":"","site-sidebar-layout":"default","site-content-layout":"","ast-site-content-layout":"default","site-content-style":"default","site-sidebar-style":"default","ast-global-header-display":"","ast-banner-title-visibility":"","ast-main-header-display":"","ast-hfb-above-header-display":"","ast-hfb-below-header-display":"","ast-hfb-mobile-header-display":"","site-post-title":"","ast-breadcrumbs-content":"","ast-featured-img":"","footer-sml-layout":"","ast-disable-related-posts":"","theme-transparent-header-meta":"default","adv-header-id-meta":"","stick-header-meta":"","header-above-stick-meta":"","header-main-stick-meta":"","header-below-stick-meta":"","astra-migrate-meta-layouts":"set","ast-page-background-enabled":"default","ast-page-background-meta":{"desktop":{"background-color":"","background-image":"","background-repeat":"repeat","background-position":"center center","background-size":"auto","background-attachment":"scroll","background-type":"","background-media":"","overlay-type":"","overlay-color":"","overlay-opacity":"","overlay-gradient":""},"tablet":{"background-color":"","background-image":"","background-repeat":"repeat","background-position":"center center","background-size":"auto","background-attachment":"scroll","background-type":"","background-media":"","overlay-type":"","overlay-color":"","overlay-opacity":"","overlay-gradient":""},"mobile":{"background-color":"","background-image":"","background-repeat":"repeat","background-position":"center center","background-size":"auto","background-attachment":"scroll","background-type":"","background-media":"","overlay-type":"","overlay-color":"","overlay-opacity":"","overlay-gradient":""}},"ast-content-background-meta":{"desktop":{"background-color":"var(--ast-global-color-5)","background-image":"","background-repeat":"repeat","background-position":"center center","background-size":"auto","background-attachment":"scroll","background-type":"","background-media":"","overlay-type":"","overlay-color":"","overlay-opacity":"","overlay-gradient":""},"tablet":{"background-color":"var(--ast-global-color-5)","background-image":"","background-repeat":"repeat","background-position":"center center","background-size":"auto","background-attachment":"scroll","background-type":"","background-media":"","overlay-type":"","overlay-color":"","overlay-opacity":"","overlay-gradient":""},"mobile":{"background-color":"var(--ast-global-color-5)","background-image":"","background-repeat":"repeat","background-position":"center center","background-size":"auto","background-attachment":"scroll","background-type":"","background-media":"","overlay-type":"","overlay-color":"","overlay-opacity":"","overlay-gradient":""}}},"product_brand":[],"product_cat":[16],"product_tag":[],"class_list":{"0":"post-7480","1":"product","2":"type-product","3":"status-publish","4":"has-post-thumbnail","6":"product_cat-cosmetique","7":"desktop-align-center","8":"tablet-align-center","9":"mobile-align-center","11":"first","12":"instock","13":"shipping-taxable","14":"purchasable","15":"product-type-simple"},"aioseo_notices":[],"uagb_featured_image_src":{"full":["https:\/\/allbiomorocco.com\/wp-content\/uploads\/2026\/01\/lait_corporel_rose.jpg",1024,1024,false],"thumbnail":["https:\/\/allbiomorocco.com\/wp-content\/uploads\/2026\/01\/lait_corporel_rose-150x150.jpg",150,150,true],"medium":["https:\/\/allbiomorocco.com\/wp-content\/uploads\/2026\/01\/lait_corporel_rose-300x300.jpg",300,300,true],"medium_large":["https:\/\/allbiomorocco.com\/wp-content\/uploads\/2026\/01\/lait_corporel_rose-768x768.jpg",768,768,true],"large":["https:\/\/allbiomorocco.com\/wp-content\/uploads\/2026\/01\/lait_corporel_rose.jpg",1024,1024,false],"1536x1536":["https:\/\/allbiomorocco.com\/wp-content\/uploads\/2026\/01\/lait_corporel_rose.jpg",1024,1024,false],"2048x2048":["https:\/\/allbiomorocco.com\/wp-content\/uploads\/2026\/01\/lait_corporel_rose.jpg",1024,1024,false],"trp-custom-language-flag":["https:\/\/allbiomorocco.com\/wp-content\/uploads\/2026\/01\/lait_corporel_rose-12x12.jpg",12,12,true],"woocommerce_thumbnail":["https:\/\/allbiomorocco.com\/wp-content\/uploads\/2026\/01\/lait_corporel_rose-300x300.jpg",300,300,true],"woocommerce_single":["https:\/\/allbiomorocco.com\/wp-content\/uploads\/2026\/01\/lait_corporel_rose-600x600.jpg",600,600,true],"woocommerce_gallery_thumbnail":["https:\/\/allbiomorocco.com\/wp-content\/uploads\/2026\/01\/lait_corporel_rose-100x100.jpg",100,100,true]},"uagb_author_info":{"display_name":"NOUZHA ABARDAQ","author_link":"https:\/\/allbiomorocco.com\/en\/author\/"},"uagb_comment_info":0,"uagb_excerpt":"1. Hydratation profonde Nourrit la peau gr\u00e2ce \u00e0 sa texture l\u00e9g\u00e8re et p\u00e9n\u00e9trante. Id\u00e9al pour les peaux s\u00e8ches et d\u00e9shydrat\u00e9es, il laisse une sensation douce et souple. 2. Apaisant &amp; calmant L\u2019extrait de rose poss\u00e8de des propri\u00e9t\u00e9s anti-inflammatoires qui calment les irritations et rougeurs. Apaise apr\u00e8s l\u2019exposition au soleil ou en cas de tiraillement de&hellip;","_links":{"self":[{"href":"https:\/\/allbiomorocco.com\/en\/wp-json\/wp\/v2\/product\/7480","targetHints":{"allow":["GET"]}}],"collection":[{"href":"https:\/\/allbiomorocco.com\/en\/wp-json\/wp\/v2\/product"}],"about":[{"href":"https:\/\/allbiomorocco.com\/en\/wp-json\/wp\/v2\/types\/product"}],"replies":[{"embeddable":true,"href":"https:\/\/allbiomorocco.com\/en\/wp-json\/wp\/v2\/comments?post=7480"}],"wp:featuredmedia":[{"embeddable":true,"href":"https:\/\/allbiomorocco.com\/en\/wp-json\/wp\/v2\/media\/8169"}],"wp:attachment":[{"href":"https:\/\/allbiomorocco.com\/en\/wp-json\/wp\/v2\/media?parent=7480"}],"wp:term":[{"taxonomy":"product_brand","embeddable":true,"href":"https:\/\/allbiomorocco.com\/en\/wp-json\/wp\/v2\/product_brand?post=7480"},{"taxonomy":"product_cat","embeddable":true,"href":"https:\/\/allbiomorocco.com\/en\/wp-json\/wp\/v2\/product_cat?post=7480"},{"taxonomy":"product_tag","embeddable":true,"href":"https:\/\/allbiomorocco.com\/en\/wp-json\/wp\/v2\/product_tag?post=7480"}],"curies":[{"name":"wp","href":"https:\/\/api.w.org\/{rel}","templated":true}]}}