{"id":7481,"date":"2026-01-21T13:49:13","date_gmt":"2026-01-21T13:49:13","guid":{"rendered":"https:\/\/allbiomorocco.com\/?post_type=product&#038;p=7481"},"modified":"2026-04-11T15:31:11","modified_gmt":"2026-04-11T15:31:11","slug":"leau-de-rose","status":"publish","type":"product","link":"https:\/\/allbiomorocco.com\/en\/product\/leau-de-rose\/","title":{"rendered":"0005"},"content":{"rendered":"<p>1. Tonifiante et rafra\u00eechissante<br \/>\nRevitalise la peau et apporte une sensation imm\u00e9diate de fra\u00eecheur.<br \/>\nResserrre les pores et donne un effet \u00ab\u00a0coup d\u2019\u00e9clat\u00a0\u00bb.<br \/>\n2. Hydratante l\u00e9g\u00e8re<br \/>\nApporte une hydratation douce, id\u00e9ale pour les peaux sensibles et d\u00e9licates.<br \/>\nLaisse la peau souple et velout\u00e9e.<br \/>\n3. Apaisante<br \/>\nCalme les rougeurs, les irritations et les inflammations cutan\u00e9es.<br \/>\nConvient parfaitement apr\u00e8s l\u2019exposition au soleil ou apr\u00e8s le rasage\/\u00e9pilation.<br \/>\n4. Anti-\u00e2ge naturel<br \/>\nRiche en antioxydants, elle aide \u00e0 lutter contre le vieillissement cutan\u00e9.<br \/>\nFavorise le renouvellement cellulaire et l\u2019\u00e9lasticit\u00e9 de la peau.<br \/>\n5. \u00c9clat du teint<br \/>\nIllumine et unifie le teint.<br \/>\nAide \u00e0 r\u00e9duire l\u2019aspect terne et fatigu\u00e9 de la peau.<br \/>\n6. Utilisations vari\u00e9es<br \/>\nLotion tonique matin et soir.<br \/>\nFixateur naturel de maquillage.<\/p>","protected":false},"excerpt":{"rendered":"<p>1. Tonifiante et rafra\u00eechissante Revitalise la peau et apporte une sensation imm\u00e9diate de fra\u00eecheur. Resserrre les pores et donne un effet \u00ab\u00a0coup d\u2019\u00e9clat\u00a0\u00bb. 2. Hydratante l\u00e9g\u00e8re Apporte une hydratation douce, id\u00e9ale pour les peaux sensibles et d\u00e9licates. Laisse la peau souple et velout\u00e9e. 3. Apaisante Calme les rougeurs, les irritations et les inflammations cutan\u00e9es. Convient [&hellip;]<\/p>\n","protected":false},"featured_media":6089,"comment_status":"open","ping_status":"closed","template":"","meta":{"_uag_custom_page_level_css":"","site-sidebar-layout":"default","site-content-layout":"","ast-site-content-layout":"default","site-content-style":"default","site-sidebar-style":"default","ast-global-header-display":"","ast-banner-title-visibility":"","ast-main-header-display":"","ast-hfb-above-header-display":"","ast-hfb-below-header-display":"","ast-hfb-mobile-header-display":"","site-post-title":"","ast-breadcrumbs-content":"","ast-featured-img":"","footer-sml-layout":"","ast-disable-related-posts":"","theme-transparent-header-meta":"default","adv-header-id-meta":"","stick-header-meta":"","header-above-stick-meta":"","header-main-stick-meta":"","header-below-stick-meta":"","astra-migrate-meta-layouts":"set","ast-page-background-enabled":"default","ast-page-background-meta":{"desktop":{"background-color":"","background-image":"","background-repeat":"repeat","background-position":"center center","background-size":"auto","background-attachment":"scroll","background-type":"","background-media":"","overlay-type":"","overlay-color":"","overlay-opacity":"","overlay-gradient":""},"tablet":{"background-color":"","background-image":"","background-repeat":"repeat","background-position":"center center","background-size":"auto","background-attachment":"scroll","background-type":"","background-media":"","overlay-type":"","overlay-color":"","overlay-opacity":"","overlay-gradient":""},"mobile":{"background-color":"","background-image":"","background-repeat":"repeat","background-position":"center center","background-size":"auto","background-attachment":"scroll","background-type":"","background-media":"","overlay-type":"","overlay-color":"","overlay-opacity":"","overlay-gradient":""}},"ast-content-background-meta":{"desktop":{"background-color":"var(--ast-global-color-5)","background-image":"","background-repeat":"repeat","background-position":"center center","background-size":"auto","background-attachment":"scroll","background-type":"","background-media":"","overlay-type":"","overlay-color":"","overlay-opacity":"","overlay-gradient":""},"tablet":{"background-color":"var(--ast-global-color-5)","background-image":"","background-repeat":"repeat","background-position":"center center","background-size":"auto","background-attachment":"scroll","background-type":"","background-media":"","overlay-type":"","overlay-color":"","overlay-opacity":"","overlay-gradient":""},"mobile":{"background-color":"var(--ast-global-color-5)","background-image":"","background-repeat":"repeat","background-position":"center center","background-size":"auto","background-attachment":"scroll","background-type":"","background-media":"","overlay-type":"","overlay-color":"","overlay-opacity":"","overlay-gradient":""}}},"product_brand":[],"product_cat":[16],"product_tag":[],"class_list":{"0":"post-7481","1":"product","2":"type-product","3":"status-publish","4":"has-post-thumbnail","6":"product_cat-cosmetique","7":"desktop-align-center","8":"tablet-align-center","9":"mobile-align-center","11":"first","12":"instock","13":"shipping-taxable","14":"product-type-simple"},"aioseo_notices":[],"uagb_featured_image_src":{"full":["https:\/\/allbiomorocco.com\/wp-content\/uploads\/2026\/01\/eau_roses.png",512,512,false],"thumbnail":["https:\/\/allbiomorocco.com\/wp-content\/uploads\/2026\/01\/eau_roses-150x150.png",150,150,true],"medium":["https:\/\/allbiomorocco.com\/wp-content\/uploads\/2026\/01\/eau_roses-300x300.png",300,300,true],"medium_large":["https:\/\/allbiomorocco.com\/wp-content\/uploads\/2026\/01\/eau_roses.png",512,512,false],"large":["https:\/\/allbiomorocco.com\/wp-content\/uploads\/2026\/01\/eau_roses.png",512,512,false],"1536x1536":["https:\/\/allbiomorocco.com\/wp-content\/uploads\/2026\/01\/eau_roses.png",512,512,false],"2048x2048":["https:\/\/allbiomorocco.com\/wp-content\/uploads\/2026\/01\/eau_roses.png",512,512,false],"trp-custom-language-flag":["https:\/\/allbiomorocco.com\/wp-content\/uploads\/2026\/01\/eau_roses.png",12,12,false],"woocommerce_thumbnail":["https:\/\/allbiomorocco.com\/wp-content\/uploads\/2026\/01\/eau_roses-300x300.png",300,300,true],"woocommerce_single":["https:\/\/allbiomorocco.com\/wp-content\/uploads\/2026\/01\/eau_roses.png",512,512,false],"woocommerce_gallery_thumbnail":["https:\/\/allbiomorocco.com\/wp-content\/uploads\/2026\/01\/eau_roses-100x100.png",100,100,true]},"uagb_author_info":{"display_name":"NOUZHA ABARDAQ","author_link":"https:\/\/allbiomorocco.com\/en\/author\/"},"uagb_comment_info":0,"uagb_excerpt":"1. Tonifiante et rafra\u00eechissante Revitalise la peau et apporte une sensation imm\u00e9diate de fra\u00eecheur. Resserrre les pores et donne un effet \u00ab\u00a0coup d\u2019\u00e9clat\u00a0\u00bb. 2. Hydratante l\u00e9g\u00e8re Apporte une hydratation douce, id\u00e9ale pour les peaux sensibles et d\u00e9licates. Laisse la peau souple et velout\u00e9e. 3. Apaisante Calme les rougeurs, les irritations et les inflammations cutan\u00e9es. Convient&hellip;","_links":{"self":[{"href":"https:\/\/allbiomorocco.com\/en\/wp-json\/wp\/v2\/product\/7481","targetHints":{"allow":["GET"]}}],"collection":[{"href":"https:\/\/allbiomorocco.com\/en\/wp-json\/wp\/v2\/product"}],"about":[{"href":"https:\/\/allbiomorocco.com\/en\/wp-json\/wp\/v2\/types\/product"}],"replies":[{"embeddable":true,"href":"https:\/\/allbiomorocco.com\/en\/wp-json\/wp\/v2\/comments?post=7481"}],"wp:featuredmedia":[{"embeddable":true,"href":"https:\/\/allbiomorocco.com\/en\/wp-json\/wp\/v2\/media\/6089"}],"wp:attachment":[{"href":"https:\/\/allbiomorocco.com\/en\/wp-json\/wp\/v2\/media?parent=7481"}],"wp:term":[{"taxonomy":"product_brand","embeddable":true,"href":"https:\/\/allbiomorocco.com\/en\/wp-json\/wp\/v2\/product_brand?post=7481"},{"taxonomy":"product_cat","embeddable":true,"href":"https:\/\/allbiomorocco.com\/en\/wp-json\/wp\/v2\/product_cat?post=7481"},{"taxonomy":"product_tag","embeddable":true,"href":"https:\/\/allbiomorocco.com\/en\/wp-json\/wp\/v2\/product_tag?post=7481"}],"curies":[{"name":"wp","href":"https:\/\/api.w.org\/{rel}","templated":true}]}}