{"id":7482,"date":"2026-01-21T13:49:13","date_gmt":"2026-01-21T13:49:13","guid":{"rendered":"https:\/\/allbiomorocco.com\/?post_type=product&#038;p=7482"},"modified":"2026-04-11T15:50:53","modified_gmt":"2026-04-11T15:50:53","slug":"shampoing-de-rose","status":"publish","type":"product","link":"https:\/\/allbiomorocco.com\/en\/product\/shampoing-de-rose\/","title":{"rendered":"Shampoing de rose"},"content":{"rendered":"<p>Le shampoing \u00e0 la rose est un soin capillaire doux et naturel, formul\u00e9 \u00e0 base d\u2019extrait ou d\u2019eau de rose. Voici ses principaux bienfaits :<br \/>\nBienfaits du shampoing \u00e0 la rose<br \/>\nHydratation &amp; douceur : il nourrit les cheveux secs et leur redonne brillance.<br \/>\nApaisant pour le cuir chevelu : l\u2019eau de rose a des propri\u00e9t\u00e9s calmantes et aide \u00e0 r\u00e9duire les irritations ou d\u00e9mangeaisons.<br \/>\nRenforcement des cheveux : il contribue \u00e0 fortifier la fibre capillaire et limite la casse.<br \/>\nParfum naturel : laisse une odeur d\u00e9licate et florale dans la chevelure.<br \/>\nEffet revitalisant : apporte \u00e9clat et l\u00e9g\u00e8ret\u00e9 aux cheveux ternes.<br \/>\n\ud83c\udf3f Types de cheveux concern\u00e9s<br \/>\nConvient surtout aux cheveux secs, ab\u00eem\u00e9s, cassants ou ternes.<br \/>\nId\u00e9al \u00e9galement pour les cuirs chevelus sensibles.<br \/>\nUtiliser comme un shampoing classique, masser d\u00e9licatement le cuir chevelu puis rincer \u00e0 l\u2019eau ti\u00e8de.<br \/>\nPour plus d\u2019efficacit\u00e9, compl\u00e9ter avec un apr\u00e8s-shampoing ou un masque \u00e0 la rose<\/p>","protected":false},"excerpt":{"rendered":"<p>Le shampoing \u00e0 la rose est un soin capillaire doux et naturel, formul\u00e9 \u00e0 base d\u2019extrait ou d\u2019eau de rose. Voici ses principaux bienfaits : Bienfaits du shampoing \u00e0 la rose Hydratation &amp; douceur : il nourrit les cheveux secs et leur redonne brillance. Apaisant pour le cuir chevelu : l\u2019eau de rose a des [&hellip;]<\/p>\n","protected":false},"featured_media":8171,"comment_status":"open","ping_status":"closed","template":"","meta":{"_uag_custom_page_level_css":"","site-sidebar-layout":"default","site-content-layout":"","ast-site-content-layout":"default","site-content-style":"default","site-sidebar-style":"default","ast-global-header-display":"","ast-banner-title-visibility":"","ast-main-header-display":"","ast-hfb-above-header-display":"","ast-hfb-below-header-display":"","ast-hfb-mobile-header-display":"","site-post-title":"","ast-breadcrumbs-content":"","ast-featured-img":"","footer-sml-layout":"","ast-disable-related-posts":"","theme-transparent-header-meta":"default","adv-header-id-meta":"","stick-header-meta":"","header-above-stick-meta":"","header-main-stick-meta":"","header-below-stick-meta":"","astra-migrate-meta-layouts":"set","ast-page-background-enabled":"default","ast-page-background-meta":{"desktop":{"background-color":"","background-image":"","background-repeat":"repeat","background-position":"center center","background-size":"auto","background-attachment":"scroll","background-type":"","background-media":"","overlay-type":"","overlay-color":"","overlay-opacity":"","overlay-gradient":""},"tablet":{"background-color":"","background-image":"","background-repeat":"repeat","background-position":"center center","background-size":"auto","background-attachment":"scroll","background-type":"","background-media":"","overlay-type":"","overlay-color":"","overlay-opacity":"","overlay-gradient":""},"mobile":{"background-color":"","background-image":"","background-repeat":"repeat","background-position":"center center","background-size":"auto","background-attachment":"scroll","background-type":"","background-media":"","overlay-type":"","overlay-color":"","overlay-opacity":"","overlay-gradient":""}},"ast-content-background-meta":{"desktop":{"background-color":"var(--ast-global-color-5)","background-image":"","background-repeat":"repeat","background-position":"center center","background-size":"auto","background-attachment":"scroll","background-type":"","background-media":"","overlay-type":"","overlay-color":"","overlay-opacity":"","overlay-gradient":""},"tablet":{"background-color":"var(--ast-global-color-5)","background-image":"","background-repeat":"repeat","background-position":"center center","background-size":"auto","background-attachment":"scroll","background-type":"","background-media":"","overlay-type":"","overlay-color":"","overlay-opacity":"","overlay-gradient":""},"mobile":{"background-color":"var(--ast-global-color-5)","background-image":"","background-repeat":"repeat","background-position":"center center","background-size":"auto","background-attachment":"scroll","background-type":"","background-media":"","overlay-type":"","overlay-color":"","overlay-opacity":"","overlay-gradient":""}}},"product_brand":[],"product_cat":[16],"product_tag":[],"class_list":{"0":"post-7482","1":"product","2":"type-product","3":"status-publish","4":"has-post-thumbnail","6":"product_cat-cosmetique","7":"desktop-align-center","8":"tablet-align-center","9":"mobile-align-center","11":"first","12":"instock","13":"shipping-taxable","14":"purchasable","15":"product-type-simple"},"aioseo_notices":[],"uagb_featured_image_src":{"full":["https:\/\/allbiomorocco.com\/wp-content\/uploads\/2026\/01\/shampoo_rose.jpg",1024,1024,false],"thumbnail":["https:\/\/allbiomorocco.com\/wp-content\/uploads\/2026\/01\/shampoo_rose-150x150.jpg",150,150,true],"medium":["https:\/\/allbiomorocco.com\/wp-content\/uploads\/2026\/01\/shampoo_rose-300x300.jpg",300,300,true],"medium_large":["https:\/\/allbiomorocco.com\/wp-content\/uploads\/2026\/01\/shampoo_rose-768x768.jpg",768,768,true],"large":["https:\/\/allbiomorocco.com\/wp-content\/uploads\/2026\/01\/shampoo_rose.jpg",1024,1024,false],"1536x1536":["https:\/\/allbiomorocco.com\/wp-content\/uploads\/2026\/01\/shampoo_rose.jpg",1024,1024,false],"2048x2048":["https:\/\/allbiomorocco.com\/wp-content\/uploads\/2026\/01\/shampoo_rose.jpg",1024,1024,false],"trp-custom-language-flag":["https:\/\/allbiomorocco.com\/wp-content\/uploads\/2026\/01\/shampoo_rose-12x12.jpg",12,12,true],"woocommerce_thumbnail":["https:\/\/allbiomorocco.com\/wp-content\/uploads\/2026\/01\/shampoo_rose-300x300.jpg",300,300,true],"woocommerce_single":["https:\/\/allbiomorocco.com\/wp-content\/uploads\/2026\/01\/shampoo_rose-600x600.jpg",600,600,true],"woocommerce_gallery_thumbnail":["https:\/\/allbiomorocco.com\/wp-content\/uploads\/2026\/01\/shampoo_rose-100x100.jpg",100,100,true]},"uagb_author_info":{"display_name":"NOUZHA ABARDAQ","author_link":"https:\/\/allbiomorocco.com\/en\/author\/"},"uagb_comment_info":0,"uagb_excerpt":"Le shampoing \u00e0 la rose est un soin capillaire doux et naturel, formul\u00e9 \u00e0 base d\u2019extrait ou d\u2019eau de rose. Voici ses principaux bienfaits : Bienfaits du shampoing \u00e0 la rose Hydratation &amp; douceur : il nourrit les cheveux secs et leur redonne brillance. Apaisant pour le cuir chevelu : l\u2019eau de rose a des&hellip;","_links":{"self":[{"href":"https:\/\/allbiomorocco.com\/en\/wp-json\/wp\/v2\/product\/7482","targetHints":{"allow":["GET"]}}],"collection":[{"href":"https:\/\/allbiomorocco.com\/en\/wp-json\/wp\/v2\/product"}],"about":[{"href":"https:\/\/allbiomorocco.com\/en\/wp-json\/wp\/v2\/types\/product"}],"replies":[{"embeddable":true,"href":"https:\/\/allbiomorocco.com\/en\/wp-json\/wp\/v2\/comments?post=7482"}],"wp:featuredmedia":[{"embeddable":true,"href":"https:\/\/allbiomorocco.com\/en\/wp-json\/wp\/v2\/media\/8171"}],"wp:attachment":[{"href":"https:\/\/allbiomorocco.com\/en\/wp-json\/wp\/v2\/media?parent=7482"}],"wp:term":[{"taxonomy":"product_brand","embeddable":true,"href":"https:\/\/allbiomorocco.com\/en\/wp-json\/wp\/v2\/product_brand?post=7482"},{"taxonomy":"product_cat","embeddable":true,"href":"https:\/\/allbiomorocco.com\/en\/wp-json\/wp\/v2\/product_cat?post=7482"},{"taxonomy":"product_tag","embeddable":true,"href":"https:\/\/allbiomorocco.com\/en\/wp-json\/wp\/v2\/product_tag?post=7482"}],"curies":[{"name":"wp","href":"https:\/\/api.w.org\/{rel}","templated":true}]}}