{"id":7485,"date":"2026-01-21T13:49:13","date_gmt":"2026-01-21T13:49:13","guid":{"rendered":"https:\/\/allbiomorocco.com\/?post_type=product&#038;p=7485"},"modified":"2026-04-11T15:53:03","modified_gmt":"2026-04-11T15:53:03","slug":"savon-de-rose","status":"publish","type":"product","link":"https:\/\/allbiomorocco.com\/en\/product\/savon-de-rose\/","title":{"rendered":"Savon de rose"},"content":{"rendered":"<p>\ud83c\udf39 Pour la peau<\/p>\n<p>Hydratation et douceur : La rose aide \u00e0 maintenir l\u2019hydratation de la peau, la laissant douce et souple.<\/p>\n<p>Apaisant : Calme les irritations, les rougeurs et les inflammations, id\u00e9al pour les peaux sensibles.<\/p>\n<p>\u00c9clat naturel : Redonne de la luminosit\u00e9 au teint et aide \u00e0 uniformiser la peau.<\/p>\n<p>Anti-\u00e2ge : Gr\u00e2ce \u00e0 ses antioxydants, il lutte contre les radicaux libres et pr\u00e9vient le vieillissement pr\u00e9matur\u00e9.<\/p>\n<p>\ud83c\udf3f Pour le bien-\u00eatre<\/p>\n<p>Aromath\u00e9rapie : Le parfum d\u00e9licat de la rose procure une sensation de relaxation et r\u00e9duit le stress.<\/p>\n<p>Sensation de fra\u00eecheur : Apporte une propret\u00e9 douce sans agresser la peau<\/p>","protected":false},"excerpt":{"rendered":"<p>\ud83c\udf39 Pour la peau Hydratation et douceur : La rose aide \u00e0 maintenir l\u2019hydratation de la peau, la laissant douce et souple. Apaisant : Calme les irritations, les rougeurs et les inflammations, id\u00e9al pour les peaux sensibles. \u00c9clat naturel : Redonne de la luminosit\u00e9 au teint et aide \u00e0 uniformiser la peau. Anti-\u00e2ge : Gr\u00e2ce [&hellip;]<\/p>\n","protected":false},"featured_media":8172,"comment_status":"open","ping_status":"closed","template":"","meta":{"_uag_custom_page_level_css":"","site-sidebar-layout":"default","site-content-layout":"","ast-site-content-layout":"default","site-content-style":"default","site-sidebar-style":"default","ast-global-header-display":"","ast-banner-title-visibility":"","ast-main-header-display":"","ast-hfb-above-header-display":"","ast-hfb-below-header-display":"","ast-hfb-mobile-header-display":"","site-post-title":"","ast-breadcrumbs-content":"","ast-featured-img":"","footer-sml-layout":"","ast-disable-related-posts":"","theme-transparent-header-meta":"default","adv-header-id-meta":"","stick-header-meta":"","header-above-stick-meta":"","header-main-stick-meta":"","header-below-stick-meta":"","astra-migrate-meta-layouts":"set","ast-page-background-enabled":"default","ast-page-background-meta":{"desktop":{"background-color":"","background-image":"","background-repeat":"repeat","background-position":"center center","background-size":"auto","background-attachment":"scroll","background-type":"","background-media":"","overlay-type":"","overlay-color":"","overlay-opacity":"","overlay-gradient":""},"tablet":{"background-color":"","background-image":"","background-repeat":"repeat","background-position":"center center","background-size":"auto","background-attachment":"scroll","background-type":"","background-media":"","overlay-type":"","overlay-color":"","overlay-opacity":"","overlay-gradient":""},"mobile":{"background-color":"","background-image":"","background-repeat":"repeat","background-position":"center center","background-size":"auto","background-attachment":"scroll","background-type":"","background-media":"","overlay-type":"","overlay-color":"","overlay-opacity":"","overlay-gradient":""}},"ast-content-background-meta":{"desktop":{"background-color":"var(--ast-global-color-5)","background-image":"","background-repeat":"repeat","background-position":"center center","background-size":"auto","background-attachment":"scroll","background-type":"","background-media":"","overlay-type":"","overlay-color":"","overlay-opacity":"","overlay-gradient":""},"tablet":{"background-color":"var(--ast-global-color-5)","background-image":"","background-repeat":"repeat","background-position":"center center","background-size":"auto","background-attachment":"scroll","background-type":"","background-media":"","overlay-type":"","overlay-color":"","overlay-opacity":"","overlay-gradient":""},"mobile":{"background-color":"var(--ast-global-color-5)","background-image":"","background-repeat":"repeat","background-position":"center center","background-size":"auto","background-attachment":"scroll","background-type":"","background-media":"","overlay-type":"","overlay-color":"","overlay-opacity":"","overlay-gradient":""}}},"product_brand":[],"product_cat":[16],"product_tag":[],"class_list":{"0":"post-7485","1":"product","2":"type-product","3":"status-publish","4":"has-post-thumbnail","6":"product_cat-cosmetique","7":"desktop-align-center","8":"tablet-align-center","9":"mobile-align-center","11":"first","12":"instock","13":"shipping-taxable","14":"purchasable","15":"product-type-simple"},"aioseo_notices":[],"uagb_featured_image_src":{"full":["https:\/\/allbiomorocco.com\/wp-content\/uploads\/2026\/01\/savon_solid_rose.jpg",575,1024,false],"thumbnail":["https:\/\/allbiomorocco.com\/wp-content\/uploads\/2026\/01\/savon_solid_rose-150x150.jpg",150,150,true],"medium":["https:\/\/allbiomorocco.com\/wp-content\/uploads\/2026\/01\/savon_solid_rose-168x300.jpg",168,300,true],"medium_large":["https:\/\/allbiomorocco.com\/wp-content\/uploads\/2026\/01\/savon_solid_rose.jpg",575,1024,false],"large":["https:\/\/allbiomorocco.com\/wp-content\/uploads\/2026\/01\/savon_solid_rose.jpg",575,1024,false],"1536x1536":["https:\/\/allbiomorocco.com\/wp-content\/uploads\/2026\/01\/savon_solid_rose.jpg",575,1024,false],"2048x2048":["https:\/\/allbiomorocco.com\/wp-content\/uploads\/2026\/01\/savon_solid_rose.jpg",575,1024,false],"trp-custom-language-flag":["https:\/\/allbiomorocco.com\/wp-content\/uploads\/2026\/01\/savon_solid_rose-7x12.jpg",7,12,true],"woocommerce_thumbnail":["https:\/\/allbiomorocco.com\/wp-content\/uploads\/2026\/01\/savon_solid_rose-300x300.jpg",300,300,true],"woocommerce_single":["https:\/\/allbiomorocco.com\/wp-content\/uploads\/2026\/01\/savon_solid_rose.jpg",575,1024,false],"woocommerce_gallery_thumbnail":["https:\/\/allbiomorocco.com\/wp-content\/uploads\/2026\/01\/savon_solid_rose-100x100.jpg",100,100,true]},"uagb_author_info":{"display_name":"NOUZHA ABARDAQ","author_link":"https:\/\/allbiomorocco.com\/en\/author\/"},"uagb_comment_info":0,"uagb_excerpt":"\ud83c\udf39 Pour la peau Hydratation et douceur : La rose aide \u00e0 maintenir l\u2019hydratation de la peau, la laissant douce et souple. Apaisant : Calme les irritations, les rougeurs et les inflammations, id\u00e9al pour les peaux sensibles. \u00c9clat naturel : Redonne de la luminosit\u00e9 au teint et aide \u00e0 uniformiser la peau. Anti-\u00e2ge : Gr\u00e2ce&hellip;","_links":{"self":[{"href":"https:\/\/allbiomorocco.com\/en\/wp-json\/wp\/v2\/product\/7485","targetHints":{"allow":["GET"]}}],"collection":[{"href":"https:\/\/allbiomorocco.com\/en\/wp-json\/wp\/v2\/product"}],"about":[{"href":"https:\/\/allbiomorocco.com\/en\/wp-json\/wp\/v2\/types\/product"}],"replies":[{"embeddable":true,"href":"https:\/\/allbiomorocco.com\/en\/wp-json\/wp\/v2\/comments?post=7485"}],"wp:featuredmedia":[{"embeddable":true,"href":"https:\/\/allbiomorocco.com\/en\/wp-json\/wp\/v2\/media\/8172"}],"wp:attachment":[{"href":"https:\/\/allbiomorocco.com\/en\/wp-json\/wp\/v2\/media?parent=7485"}],"wp:term":[{"taxonomy":"product_brand","embeddable":true,"href":"https:\/\/allbiomorocco.com\/en\/wp-json\/wp\/v2\/product_brand?post=7485"},{"taxonomy":"product_cat","embeddable":true,"href":"https:\/\/allbiomorocco.com\/en\/wp-json\/wp\/v2\/product_cat?post=7485"},{"taxonomy":"product_tag","embeddable":true,"href":"https:\/\/allbiomorocco.com\/en\/wp-json\/wp\/v2\/product_tag?post=7485"}],"curies":[{"name":"wp","href":"https:\/\/api.w.org\/{rel}","templated":true}]}}