{"id":7488,"date":"2026-01-21T13:49:17","date_gmt":"2026-01-21T13:49:17","guid":{"rendered":"https:\/\/allbiomorocco.com\/?post_type=product&#038;p=7488"},"modified":"2026-04-11T12:41:12","modified_gmt":"2026-04-11T12:41:12","slug":"huile-de-romarin","status":"publish","type":"product","link":"https:\/\/allbiomorocco.com\/en\/product\/huile-de-romarin\/","title":{"rendered":"Huile de Romarin"},"content":{"rendered":"<p>Description :<br \/>\nL\u2019huile de romarin est extraite des feuilles et des fleurs de la plante Romarins officinalis. Elle poss\u00e8de une odeur fra\u00eeche, herbac\u00e9e et l\u00e9g\u00e8rement bois\u00e9e. Elle est tr\u00e8s utilis\u00e9e en cosm\u00e9tique, en aromath\u00e9rapie et en soins capillaires pour ses propri\u00e9t\u00e9s stimulantes et purifiantes.<\/p>\n<p>Bienfaits principaux :<\/p>\n<p>Pour les cheveux :<\/p>\n<p>Stimule la circulation sanguine du cuir chevelu, favorisant la pousse.<\/p>\n<p>R\u00e9duit la chute des cheveux et renforce les follicules.<\/p>\n<p>Lutte contre les pellicules et r\u00e9gule l\u2019exc\u00e8s de s\u00e9bum.<\/p>\n<p>Apporte brillance et vitalit\u00e9 aux cheveux ternes.<\/p>\n<p>Pour la peau :<\/p>\n<p>Poss\u00e8de des propri\u00e9t\u00e9s purifiantes et antiseptiques, utile pour les peaux grasses ou \u00e0 tendance acn\u00e9ique.<\/p>\n<p>Aide \u00e0 tonifier et raffermir la peau.<\/p>\n<p>Pr\u00e9vient le vieillissement cutan\u00e9 gr\u00e2ce \u00e0 ses antioxydants naturels.<\/p>\n<p>Pour le bien-\u00eatre :<\/p>\n<p>Favorise la concentration et la m\u00e9moire (effet tonifiant mental).<\/p>\n<p>Soulage les tensions musculaires et les douleurs articulaires en massage dilu\u00e9e.<\/p>\n<p>Apaise les maux de t\u00eate et la fatigue.<\/p>","protected":false},"excerpt":{"rendered":"<p>Description : L\u2019huile de romarin est extraite des feuilles et des fleurs de la plante Romarins officinalis. Elle poss\u00e8de une odeur fra\u00eeche, herbac\u00e9e et l\u00e9g\u00e8rement bois\u00e9e. Elle est tr\u00e8s utilis\u00e9e en cosm\u00e9tique, en aromath\u00e9rapie et en soins capillaires pour ses propri\u00e9t\u00e9s stimulantes et purifiantes. Bienfaits principaux : Pour les cheveux : Stimule la circulation sanguine [&hellip;]<\/p>\n","protected":false},"featured_media":8137,"comment_status":"open","ping_status":"closed","template":"","meta":{"_uag_custom_page_level_css":"","site-sidebar-layout":"default","site-content-layout":"","ast-site-content-layout":"default","site-content-style":"default","site-sidebar-style":"default","ast-global-header-display":"","ast-banner-title-visibility":"","ast-main-header-display":"","ast-hfb-above-header-display":"","ast-hfb-below-header-display":"","ast-hfb-mobile-header-display":"","site-post-title":"","ast-breadcrumbs-content":"","ast-featured-img":"","footer-sml-layout":"","ast-disable-related-posts":"","theme-transparent-header-meta":"default","adv-header-id-meta":"","stick-header-meta":"","header-above-stick-meta":"","header-main-stick-meta":"","header-below-stick-meta":"","astra-migrate-meta-layouts":"set","ast-page-background-enabled":"default","ast-page-background-meta":{"desktop":{"background-color":"","background-image":"","background-repeat":"repeat","background-position":"center center","background-size":"auto","background-attachment":"scroll","background-type":"","background-media":"","overlay-type":"","overlay-color":"","overlay-opacity":"","overlay-gradient":""},"tablet":{"background-color":"","background-image":"","background-repeat":"repeat","background-position":"center center","background-size":"auto","background-attachment":"scroll","background-type":"","background-media":"","overlay-type":"","overlay-color":"","overlay-opacity":"","overlay-gradient":""},"mobile":{"background-color":"","background-image":"","background-repeat":"repeat","background-position":"center center","background-size":"auto","background-attachment":"scroll","background-type":"","background-media":"","overlay-type":"","overlay-color":"","overlay-opacity":"","overlay-gradient":""}},"ast-content-background-meta":{"desktop":{"background-color":"var(--ast-global-color-5)","background-image":"","background-repeat":"repeat","background-position":"center center","background-size":"auto","background-attachment":"scroll","background-type":"","background-media":"","overlay-type":"","overlay-color":"","overlay-opacity":"","overlay-gradient":""},"tablet":{"background-color":"var(--ast-global-color-5)","background-image":"","background-repeat":"repeat","background-position":"center center","background-size":"auto","background-attachment":"scroll","background-type":"","background-media":"","overlay-type":"","overlay-color":"","overlay-opacity":"","overlay-gradient":""},"mobile":{"background-color":"var(--ast-global-color-5)","background-image":"","background-repeat":"repeat","background-position":"center center","background-size":"auto","background-attachment":"scroll","background-type":"","background-media":"","overlay-type":"","overlay-color":"","overlay-opacity":"","overlay-gradient":""}}},"product_brand":[],"product_cat":[16],"product_tag":[],"class_list":{"0":"post-7488","1":"product","2":"type-product","3":"status-publish","4":"has-post-thumbnail","6":"product_cat-cosmetique","7":"desktop-align-center","8":"tablet-align-center","9":"mobile-align-center","11":"first","12":"instock","13":"shipping-taxable","14":"purchasable","15":"product-type-simple"},"aioseo_notices":[],"uagb_featured_image_src":{"full":["https:\/\/allbiomorocco.com\/wp-content\/uploads\/2026\/01\/huile_romarin.jpg",575,1024,false],"thumbnail":["https:\/\/allbiomorocco.com\/wp-content\/uploads\/2026\/01\/huile_romarin-150x150.jpg",150,150,true],"medium":["https:\/\/allbiomorocco.com\/wp-content\/uploads\/2026\/01\/huile_romarin-168x300.jpg",168,300,true],"medium_large":["https:\/\/allbiomorocco.com\/wp-content\/uploads\/2026\/01\/huile_romarin.jpg",575,1024,false],"large":["https:\/\/allbiomorocco.com\/wp-content\/uploads\/2026\/01\/huile_romarin.jpg",575,1024,false],"1536x1536":["https:\/\/allbiomorocco.com\/wp-content\/uploads\/2026\/01\/huile_romarin.jpg",575,1024,false],"2048x2048":["https:\/\/allbiomorocco.com\/wp-content\/uploads\/2026\/01\/huile_romarin.jpg",575,1024,false],"trp-custom-language-flag":["https:\/\/allbiomorocco.com\/wp-content\/uploads\/2026\/01\/huile_romarin-7x12.jpg",7,12,true],"woocommerce_thumbnail":["https:\/\/allbiomorocco.com\/wp-content\/uploads\/2026\/01\/huile_romarin-300x300.jpg",300,300,true],"woocommerce_single":["https:\/\/allbiomorocco.com\/wp-content\/uploads\/2026\/01\/huile_romarin.jpg",575,1024,false],"woocommerce_gallery_thumbnail":["https:\/\/allbiomorocco.com\/wp-content\/uploads\/2026\/01\/huile_romarin-100x100.jpg",100,100,true]},"uagb_author_info":{"display_name":"NOUZHA ABARDAQ","author_link":"https:\/\/allbiomorocco.com\/en\/author\/"},"uagb_comment_info":0,"uagb_excerpt":"Description : L\u2019huile de romarin est extraite des feuilles et des fleurs de la plante Romarins officinalis. Elle poss\u00e8de une odeur fra\u00eeche, herbac\u00e9e et l\u00e9g\u00e8rement bois\u00e9e. Elle est tr\u00e8s utilis\u00e9e en cosm\u00e9tique, en aromath\u00e9rapie et en soins capillaires pour ses propri\u00e9t\u00e9s stimulantes et purifiantes. Bienfaits principaux : Pour les cheveux : Stimule la circulation sanguine&hellip;","_links":{"self":[{"href":"https:\/\/allbiomorocco.com\/en\/wp-json\/wp\/v2\/product\/7488","targetHints":{"allow":["GET"]}}],"collection":[{"href":"https:\/\/allbiomorocco.com\/en\/wp-json\/wp\/v2\/product"}],"about":[{"href":"https:\/\/allbiomorocco.com\/en\/wp-json\/wp\/v2\/types\/product"}],"replies":[{"embeddable":true,"href":"https:\/\/allbiomorocco.com\/en\/wp-json\/wp\/v2\/comments?post=7488"}],"wp:featuredmedia":[{"embeddable":true,"href":"https:\/\/allbiomorocco.com\/en\/wp-json\/wp\/v2\/media\/8137"}],"wp:attachment":[{"href":"https:\/\/allbiomorocco.com\/en\/wp-json\/wp\/v2\/media?parent=7488"}],"wp:term":[{"taxonomy":"product_brand","embeddable":true,"href":"https:\/\/allbiomorocco.com\/en\/wp-json\/wp\/v2\/product_brand?post=7488"},{"taxonomy":"product_cat","embeddable":true,"href":"https:\/\/allbiomorocco.com\/en\/wp-json\/wp\/v2\/product_cat?post=7488"},{"taxonomy":"product_tag","embeddable":true,"href":"https:\/\/allbiomorocco.com\/en\/wp-json\/wp\/v2\/product_tag?post=7488"}],"curies":[{"name":"wp","href":"https:\/\/api.w.org\/{rel}","templated":true}]}}