{"id":7491,"date":"2026-01-21T13:49:17","date_gmt":"2026-01-21T13:49:17","guid":{"rendered":"https:\/\/allbiomorocco.com\/?post_type=product&#038;p=7491"},"modified":"2026-04-11T12:48:37","modified_gmt":"2026-04-11T12:48:37","slug":"conditionner-romarin","status":"publish","type":"product","link":"https:\/\/allbiomorocco.com\/en\/product\/conditionner-romarin\/","title":{"rendered":"Conditionner Romarin"},"content":{"rendered":"<p>Apr\u00e8s-Shampoing au Romarin (Conditioner) \u2013 Description et Bienfaits<\/p>\n<p>Description :<br \/>\nL\u2019apr\u00e8s-shampoing au romarin est un soin capillaire d\u00e9m\u00ealant et fortifiant qui compl\u00e8te parfaitement le shampoing. Enrichi en extraits de romarin, il nourrit les longueurs, facilite le coiffage et laisse les cheveux doux, brillants et revitalis\u00e9s.<\/p>\n<p>Bienfaits :<\/p>\n<p>D\u00e9m\u00eale en douceur<\/p>\n<p>Rend les cheveux plus souples et faciles \u00e0 coiffer sans les alourdir.<\/p>\n<p>Fortifie la fibre capillaire<\/p>\n<p>Le romarin renforce les cheveux et r\u00e9duit leur fragilit\u00e9.<\/p>\n<p>Purifie et apaise<\/p>\n<p>R\u00e9gule le cuir chevelu, pr\u00e9vient les pellicules et calme les irritations.<\/p>\n<p>Apporte \u00e9clat et vitalit\u00e9<\/p>\n<p>Redonne brillance et douceur naturelle aux cheveux ternes et fatigu\u00e9s.<\/p>\n<p>Conseils d\u2019utilisation :<\/p>\n<p>Apr\u00e8s le shampoing, appliquer une noisette d\u2019apr\u00e8s-shampoing sur cheveux mouill\u00e9s.<\/p>\n<p>R\u00e9partir sur les longueurs et les pointes, \u00e9viter les racines.<\/p>\n<p>Laisser agir 2 \u00e0 5 minutes.<\/p>\n<p>Rincer abondamment \u00e0 l\u2019eau ti\u00e8de.<\/p>","protected":false},"excerpt":{"rendered":"<p>Apr\u00e8s-Shampoing au Romarin (Conditioner) \u2013 Description et Bienfaits Description : L\u2019apr\u00e8s-shampoing au romarin est un soin capillaire d\u00e9m\u00ealant et fortifiant qui compl\u00e8te parfaitement le shampoing. Enrichi en extraits de romarin, il nourrit les longueurs, facilite le coiffage et laisse les cheveux doux, brillants et revitalis\u00e9s. Bienfaits : D\u00e9m\u00eale en douceur Rend les cheveux plus souples [&hellip;]<\/p>\n","protected":false},"featured_media":8140,"comment_status":"open","ping_status":"closed","template":"","meta":{"_uag_custom_page_level_css":"","site-sidebar-layout":"default","site-content-layout":"","ast-site-content-layout":"default","site-content-style":"default","site-sidebar-style":"default","ast-global-header-display":"","ast-banner-title-visibility":"","ast-main-header-display":"","ast-hfb-above-header-display":"","ast-hfb-below-header-display":"","ast-hfb-mobile-header-display":"","site-post-title":"","ast-breadcrumbs-content":"","ast-featured-img":"","footer-sml-layout":"","ast-disable-related-posts":"","theme-transparent-header-meta":"default","adv-header-id-meta":"","stick-header-meta":"","header-above-stick-meta":"","header-main-stick-meta":"","header-below-stick-meta":"","astra-migrate-meta-layouts":"set","ast-page-background-enabled":"default","ast-page-background-meta":{"desktop":{"background-color":"","background-image":"","background-repeat":"repeat","background-position":"center center","background-size":"auto","background-attachment":"scroll","background-type":"","background-media":"","overlay-type":"","overlay-color":"","overlay-opacity":"","overlay-gradient":""},"tablet":{"background-color":"","background-image":"","background-repeat":"repeat","background-position":"center center","background-size":"auto","background-attachment":"scroll","background-type":"","background-media":"","overlay-type":"","overlay-color":"","overlay-opacity":"","overlay-gradient":""},"mobile":{"background-color":"","background-image":"","background-repeat":"repeat","background-position":"center center","background-size":"auto","background-attachment":"scroll","background-type":"","background-media":"","overlay-type":"","overlay-color":"","overlay-opacity":"","overlay-gradient":""}},"ast-content-background-meta":{"desktop":{"background-color":"var(--ast-global-color-5)","background-image":"","background-repeat":"repeat","background-position":"center center","background-size":"auto","background-attachment":"scroll","background-type":"","background-media":"","overlay-type":"","overlay-color":"","overlay-opacity":"","overlay-gradient":""},"tablet":{"background-color":"var(--ast-global-color-5)","background-image":"","background-repeat":"repeat","background-position":"center center","background-size":"auto","background-attachment":"scroll","background-type":"","background-media":"","overlay-type":"","overlay-color":"","overlay-opacity":"","overlay-gradient":""},"mobile":{"background-color":"var(--ast-global-color-5)","background-image":"","background-repeat":"repeat","background-position":"center center","background-size":"auto","background-attachment":"scroll","background-type":"","background-media":"","overlay-type":"","overlay-color":"","overlay-opacity":"","overlay-gradient":""}}},"product_brand":[],"product_cat":[16],"product_tag":[],"class_list":{"0":"post-7491","1":"product","2":"type-product","3":"status-publish","4":"has-post-thumbnail","6":"product_cat-cosmetique","7":"desktop-align-center","8":"tablet-align-center","9":"mobile-align-center","11":"first","12":"instock","13":"shipping-taxable","14":"purchasable","15":"product-type-simple"},"aioseo_notices":[],"uagb_featured_image_src":{"full":["https:\/\/allbiomorocco.com\/wp-content\/uploads\/2026\/01\/apre_shampoing_romarin.jpg",575,1024,false],"thumbnail":["https:\/\/allbiomorocco.com\/wp-content\/uploads\/2026\/01\/apre_shampoing_romarin-150x150.jpg",150,150,true],"medium":["https:\/\/allbiomorocco.com\/wp-content\/uploads\/2026\/01\/apre_shampoing_romarin-168x300.jpg",168,300,true],"medium_large":["https:\/\/allbiomorocco.com\/wp-content\/uploads\/2026\/01\/apre_shampoing_romarin.jpg",575,1024,false],"large":["https:\/\/allbiomorocco.com\/wp-content\/uploads\/2026\/01\/apre_shampoing_romarin.jpg",575,1024,false],"1536x1536":["https:\/\/allbiomorocco.com\/wp-content\/uploads\/2026\/01\/apre_shampoing_romarin.jpg",575,1024,false],"2048x2048":["https:\/\/allbiomorocco.com\/wp-content\/uploads\/2026\/01\/apre_shampoing_romarin.jpg",575,1024,false],"trp-custom-language-flag":["https:\/\/allbiomorocco.com\/wp-content\/uploads\/2026\/01\/apre_shampoing_romarin-7x12.jpg",7,12,true],"woocommerce_thumbnail":["https:\/\/allbiomorocco.com\/wp-content\/uploads\/2026\/01\/apre_shampoing_romarin-300x300.jpg",300,300,true],"woocommerce_single":["https:\/\/allbiomorocco.com\/wp-content\/uploads\/2026\/01\/apre_shampoing_romarin.jpg",575,1024,false],"woocommerce_gallery_thumbnail":["https:\/\/allbiomorocco.com\/wp-content\/uploads\/2026\/01\/apre_shampoing_romarin-100x100.jpg",100,100,true]},"uagb_author_info":{"display_name":"NOUZHA ABARDAQ","author_link":"https:\/\/allbiomorocco.com\/en\/author\/"},"uagb_comment_info":0,"uagb_excerpt":"Apr\u00e8s-Shampoing au Romarin (Conditioner) \u2013 Description et Bienfaits Description : L\u2019apr\u00e8s-shampoing au romarin est un soin capillaire d\u00e9m\u00ealant et fortifiant qui compl\u00e8te parfaitement le shampoing. Enrichi en extraits de romarin, il nourrit les longueurs, facilite le coiffage et laisse les cheveux doux, brillants et revitalis\u00e9s. Bienfaits : D\u00e9m\u00eale en douceur Rend les cheveux plus souples&hellip;","_links":{"self":[{"href":"https:\/\/allbiomorocco.com\/en\/wp-json\/wp\/v2\/product\/7491","targetHints":{"allow":["GET"]}}],"collection":[{"href":"https:\/\/allbiomorocco.com\/en\/wp-json\/wp\/v2\/product"}],"about":[{"href":"https:\/\/allbiomorocco.com\/en\/wp-json\/wp\/v2\/types\/product"}],"replies":[{"embeddable":true,"href":"https:\/\/allbiomorocco.com\/en\/wp-json\/wp\/v2\/comments?post=7491"}],"wp:featuredmedia":[{"embeddable":true,"href":"https:\/\/allbiomorocco.com\/en\/wp-json\/wp\/v2\/media\/8140"}],"wp:attachment":[{"href":"https:\/\/allbiomorocco.com\/en\/wp-json\/wp\/v2\/media?parent=7491"}],"wp:term":[{"taxonomy":"product_brand","embeddable":true,"href":"https:\/\/allbiomorocco.com\/en\/wp-json\/wp\/v2\/product_brand?post=7491"},{"taxonomy":"product_cat","embeddable":true,"href":"https:\/\/allbiomorocco.com\/en\/wp-json\/wp\/v2\/product_cat?post=7491"},{"taxonomy":"product_tag","embeddable":true,"href":"https:\/\/allbiomorocco.com\/en\/wp-json\/wp\/v2\/product_tag?post=7491"}],"curies":[{"name":"wp","href":"https:\/\/api.w.org\/{rel}","templated":true}]}}