{"id":7492,"date":"2026-01-21T13:49:17","date_gmt":"2026-01-21T13:49:17","guid":{"rendered":"https:\/\/allbiomorocco.com\/?post_type=product&#038;p=7492"},"modified":"2026-04-11T13:20:43","modified_gmt":"2026-04-11T13:20:43","slug":"floral-romarin","status":"publish","type":"product","link":"https:\/\/allbiomorocco.com\/en\/product\/floral-romarin\/","title":{"rendered":"L &lsquo;eau Floral Romarin"},"content":{"rendered":"<p>Description :<br \/>\nL\u2019eau florale de romarin, aussi appel\u00e9e hydrolat de romarin, est obtenue par distillation des sommit\u00e9s fleuries de la plante Rosmarinus officinalis. Plus douce que l\u2019huile essentielle, elle est adapt\u00e9e aux soins de la peau, des cheveux et au bien-\u00eatre au quotidien.<\/p>\n<p>Bienfaits :<\/p>\n<p>Pour la peau :<\/p>\n<p>Purifie et \u00e9quilibre les peaux mixtes \u00e0 grasses.<\/p>\n<p>Ressert les pores et lutte contre l\u2019exc\u00e8s de s\u00e9bum.<\/p>\n<p>Apaise les irritations l\u00e9g\u00e8res et redonne \u00e9clat au teint fatigu\u00e9.<\/p>\n<p>Pour les cheveux :<\/p>\n<p>Tonifie le cuir chevelu et stimule la pousse.<\/p>\n<p>R\u00e9duit les pellicules et r\u00e9gule les cheveux gras.<\/p>\n<p>Apporte fra\u00eecheur et brillance.<\/p>\n<p>Pour le bien-\u00eatre :<\/p>\n<p>Effet tonifiant, aide \u00e0 la concentration.<\/p>\n<p>Rafra\u00eechit et revitalise en vaporisation corporelle.<\/p>\n<p>Conseils d\u2019utilisation :<\/p>\n<p>En lotion visage : vaporiser matin et soir sur peau propre avant la cr\u00e8me.<\/p>\n<p>En rin\u00e7age capillaire : apr\u00e8s le shampoing, pour stimuler la pousse et \u00e9quilibrer le cuir chevelu.<\/p>\n<p>En brume corporelle : pour une sensation de fra\u00eecheur naturelle.<\/p>","protected":false},"excerpt":{"rendered":"<p>Description : L\u2019eau florale de romarin, aussi appel\u00e9e hydrolat de romarin, est obtenue par distillation des sommit\u00e9s fleuries de la plante Rosmarinus officinalis. Plus douce que l\u2019huile essentielle, elle est adapt\u00e9e aux soins de la peau, des cheveux et au bien-\u00eatre au quotidien. Bienfaits : Pour la peau : Purifie et \u00e9quilibre les peaux mixtes [&hellip;]<\/p>\n","protected":false},"featured_media":8144,"comment_status":"open","ping_status":"closed","template":"","meta":{"_uag_custom_page_level_css":"","site-sidebar-layout":"default","site-content-layout":"","ast-site-content-layout":"default","site-content-style":"default","site-sidebar-style":"default","ast-global-header-display":"","ast-banner-title-visibility":"","ast-main-header-display":"","ast-hfb-above-header-display":"","ast-hfb-below-header-display":"","ast-hfb-mobile-header-display":"","site-post-title":"","ast-breadcrumbs-content":"","ast-featured-img":"","footer-sml-layout":"","ast-disable-related-posts":"","theme-transparent-header-meta":"default","adv-header-id-meta":"","stick-header-meta":"","header-above-stick-meta":"","header-main-stick-meta":"","header-below-stick-meta":"","astra-migrate-meta-layouts":"set","ast-page-background-enabled":"default","ast-page-background-meta":{"desktop":{"background-color":"","background-image":"","background-repeat":"repeat","background-position":"center center","background-size":"auto","background-attachment":"scroll","background-type":"","background-media":"","overlay-type":"","overlay-color":"","overlay-opacity":"","overlay-gradient":""},"tablet":{"background-color":"","background-image":"","background-repeat":"repeat","background-position":"center center","background-size":"auto","background-attachment":"scroll","background-type":"","background-media":"","overlay-type":"","overlay-color":"","overlay-opacity":"","overlay-gradient":""},"mobile":{"background-color":"","background-image":"","background-repeat":"repeat","background-position":"center center","background-size":"auto","background-attachment":"scroll","background-type":"","background-media":"","overlay-type":"","overlay-color":"","overlay-opacity":"","overlay-gradient":""}},"ast-content-background-meta":{"desktop":{"background-color":"var(--ast-global-color-5)","background-image":"","background-repeat":"repeat","background-position":"center center","background-size":"auto","background-attachment":"scroll","background-type":"","background-media":"","overlay-type":"","overlay-color":"","overlay-opacity":"","overlay-gradient":""},"tablet":{"background-color":"var(--ast-global-color-5)","background-image":"","background-repeat":"repeat","background-position":"center center","background-size":"auto","background-attachment":"scroll","background-type":"","background-media":"","overlay-type":"","overlay-color":"","overlay-opacity":"","overlay-gradient":""},"mobile":{"background-color":"var(--ast-global-color-5)","background-image":"","background-repeat":"repeat","background-position":"center center","background-size":"auto","background-attachment":"scroll","background-type":"","background-media":"","overlay-type":"","overlay-color":"","overlay-opacity":"","overlay-gradient":""}}},"product_brand":[],"product_cat":[16],"product_tag":[],"class_list":{"0":"post-7492","1":"product","2":"type-product","3":"status-publish","4":"has-post-thumbnail","6":"product_cat-cosmetique","7":"desktop-align-center","8":"tablet-align-center","9":"mobile-align-center","11":"first","12":"instock","13":"shipping-taxable","14":"purchasable","15":"product-type-simple"},"aioseo_notices":[],"uagb_featured_image_src":{"full":["https:\/\/allbiomorocco.com\/wp-content\/uploads\/2026\/01\/leau_floral_romarin.jpg",575,1024,false],"thumbnail":["https:\/\/allbiomorocco.com\/wp-content\/uploads\/2026\/01\/leau_floral_romarin-150x150.jpg",150,150,true],"medium":["https:\/\/allbiomorocco.com\/wp-content\/uploads\/2026\/01\/leau_floral_romarin-168x300.jpg",168,300,true],"medium_large":["https:\/\/allbiomorocco.com\/wp-content\/uploads\/2026\/01\/leau_floral_romarin.jpg",575,1024,false],"large":["https:\/\/allbiomorocco.com\/wp-content\/uploads\/2026\/01\/leau_floral_romarin.jpg",575,1024,false],"1536x1536":["https:\/\/allbiomorocco.com\/wp-content\/uploads\/2026\/01\/leau_floral_romarin.jpg",575,1024,false],"2048x2048":["https:\/\/allbiomorocco.com\/wp-content\/uploads\/2026\/01\/leau_floral_romarin.jpg",575,1024,false],"trp-custom-language-flag":["https:\/\/allbiomorocco.com\/wp-content\/uploads\/2026\/01\/leau_floral_romarin-7x12.jpg",7,12,true],"woocommerce_thumbnail":["https:\/\/allbiomorocco.com\/wp-content\/uploads\/2026\/01\/leau_floral_romarin-300x300.jpg",300,300,true],"woocommerce_single":["https:\/\/allbiomorocco.com\/wp-content\/uploads\/2026\/01\/leau_floral_romarin.jpg",575,1024,false],"woocommerce_gallery_thumbnail":["https:\/\/allbiomorocco.com\/wp-content\/uploads\/2026\/01\/leau_floral_romarin-100x100.jpg",100,100,true]},"uagb_author_info":{"display_name":"NOUZHA ABARDAQ","author_link":"https:\/\/allbiomorocco.com\/en\/author\/"},"uagb_comment_info":0,"uagb_excerpt":"Description : L\u2019eau florale de romarin, aussi appel\u00e9e hydrolat de romarin, est obtenue par distillation des sommit\u00e9s fleuries de la plante Rosmarinus officinalis. Plus douce que l\u2019huile essentielle, elle est adapt\u00e9e aux soins de la peau, des cheveux et au bien-\u00eatre au quotidien. Bienfaits : Pour la peau : Purifie et \u00e9quilibre les peaux mixtes&hellip;","_links":{"self":[{"href":"https:\/\/allbiomorocco.com\/en\/wp-json\/wp\/v2\/product\/7492","targetHints":{"allow":["GET"]}}],"collection":[{"href":"https:\/\/allbiomorocco.com\/en\/wp-json\/wp\/v2\/product"}],"about":[{"href":"https:\/\/allbiomorocco.com\/en\/wp-json\/wp\/v2\/types\/product"}],"replies":[{"embeddable":true,"href":"https:\/\/allbiomorocco.com\/en\/wp-json\/wp\/v2\/comments?post=7492"}],"wp:featuredmedia":[{"embeddable":true,"href":"https:\/\/allbiomorocco.com\/en\/wp-json\/wp\/v2\/media\/8144"}],"wp:attachment":[{"href":"https:\/\/allbiomorocco.com\/en\/wp-json\/wp\/v2\/media?parent=7492"}],"wp:term":[{"taxonomy":"product_brand","embeddable":true,"href":"https:\/\/allbiomorocco.com\/en\/wp-json\/wp\/v2\/product_brand?post=7492"},{"taxonomy":"product_cat","embeddable":true,"href":"https:\/\/allbiomorocco.com\/en\/wp-json\/wp\/v2\/product_cat?post=7492"},{"taxonomy":"product_tag","embeddable":true,"href":"https:\/\/allbiomorocco.com\/en\/wp-json\/wp\/v2\/product_tag?post=7492"}],"curies":[{"name":"wp","href":"https:\/\/api.w.org\/{rel}","templated":true}]}}