{"id":7494,"date":"2026-01-21T13:49:17","date_gmt":"2026-01-21T13:49:17","guid":{"rendered":"https:\/\/allbiomorocco.com\/?post_type=product&#038;p=7494"},"modified":"2026-04-11T19:09:52","modified_gmt":"2026-04-11T19:09:52","slug":"savon-noir-romarin","status":"publish","type":"product","link":"https:\/\/allbiomorocco.com\/en\/product\/savon-noir-romarin\/","title":{"rendered":"Gommage Romarin"},"content":{"rendered":"<h3 data-section-id=\"1kxrah7\" data-start=\"107\" data-end=\"150\"><span role=\"text\">\ud83c\udf3f <strong data-start=\"114\" data-end=\"150\">Gommage au Romarin \u2013 Description<\/strong><\/span><\/h3>\n<p data-start=\"152\" data-end=\"322\">Le gommage au romarin est un soin exfoliant naturel enrichi en extrait de <span class=\"hover:entity-accent entity-underline inline cursor-pointer align-baseline\"><span class=\"whitespace-normal\">Romarin (Rosmarinus officinalis)<\/span><\/span>, reconnu pour ses propri\u00e9t\u00e9s tonifiantes et purifiantes.<\/p>\n<p data-start=\"324\" data-end=\"547\">Gr\u00e2ce \u00e0 ses particules exfoliantes douces, il \u00e9limine les cellules mortes, d\u00e9sincruste les pores et laisse la peau propre, lisse et revitalis\u00e9e. Sa formule naturelle aide \u00e0 stimuler la peau tout en respectant son \u00e9quilibre.<\/p>\n<h3 data-section-id=\"16vxf1\" data-start=\"554\" data-end=\"595\"><span role=\"text\">\u2728 <strong data-start=\"560\" data-end=\"595\">Bienfaits du Gommage au Romarin<\/strong><\/span><\/h3>\n<ul data-start=\"597\" data-end=\"902\">\n<li data-section-id=\"1t3y0e1\" data-start=\"597\" data-end=\"657\">\ud83e\uddfc <strong data-start=\"602\" data-end=\"624\">Exfolie en douceur<\/strong> et \u00e9limine les cellules mortes<\/li>\n<li data-section-id=\"1om5793\" data-start=\"658\" data-end=\"708\">\ud83c\udf3f <strong data-start=\"663\" data-end=\"682\">Purifie la peau<\/strong> et r\u00e9duit les impuret\u00e9s<\/li>\n<li data-section-id=\"1asrdow\" data-start=\"709\" data-end=\"751\">\ud83d\udd04 <strong data-start=\"714\" data-end=\"749\">Stimule la circulation sanguine<\/strong><\/li>\n<li data-section-id=\"1wmrm0y\" data-start=\"752\" data-end=\"807\">\u2728 <strong data-start=\"756\" data-end=\"783\">Affine le grain de peau<\/strong> et la rend plus lisse<\/li>\n<li data-section-id=\"pcdg7p\" data-start=\"808\" data-end=\"861\">\ud83d\udca7 <strong data-start=\"813\" data-end=\"832\">Pr\u00e9pare la peau<\/strong> \u00e0 mieux absorber les soins<\/li>\n<li data-section-id=\"10v5cxl\" data-start=\"862\" data-end=\"902\">\ud83c\udf38 <strong data-start=\"867\" data-end=\"892\">Rafra\u00eechit et tonifie<\/strong> la peau<\/li>\n<\/ul>","protected":false},"excerpt":{"rendered":"<p>\ud83c\udf3f Gommage au Romarin \u2013 Description Le gommage au romarin est un soin exfoliant naturel enrichi en extrait de Romarin (Rosmarinus officinalis), reconnu pour ses propri\u00e9t\u00e9s tonifiantes et purifiantes. Gr\u00e2ce \u00e0 ses particules exfoliantes douces, il \u00e9limine les cellules mortes, d\u00e9sincruste les pores et laisse la peau propre, lisse et revitalis\u00e9e. Sa formule naturelle aide [&hellip;]<\/p>\n","protected":false},"featured_media":8202,"comment_status":"open","ping_status":"closed","template":"","meta":{"_uag_custom_page_level_css":"","site-sidebar-layout":"default","site-content-layout":"","ast-site-content-layout":"default","site-content-style":"default","site-sidebar-style":"default","ast-global-header-display":"","ast-banner-title-visibility":"","ast-main-header-display":"","ast-hfb-above-header-display":"","ast-hfb-below-header-display":"","ast-hfb-mobile-header-display":"","site-post-title":"","ast-breadcrumbs-content":"","ast-featured-img":"","footer-sml-layout":"","ast-disable-related-posts":"","theme-transparent-header-meta":"default","adv-header-id-meta":"","stick-header-meta":"","header-above-stick-meta":"","header-main-stick-meta":"","header-below-stick-meta":"","astra-migrate-meta-layouts":"set","ast-page-background-enabled":"default","ast-page-background-meta":{"desktop":{"background-color":"","background-image":"","background-repeat":"repeat","background-position":"center center","background-size":"auto","background-attachment":"scroll","background-type":"","background-media":"","overlay-type":"","overlay-color":"","overlay-opacity":"","overlay-gradient":""},"tablet":{"background-color":"","background-image":"","background-repeat":"repeat","background-position":"center center","background-size":"auto","background-attachment":"scroll","background-type":"","background-media":"","overlay-type":"","overlay-color":"","overlay-opacity":"","overlay-gradient":""},"mobile":{"background-color":"","background-image":"","background-repeat":"repeat","background-position":"center center","background-size":"auto","background-attachment":"scroll","background-type":"","background-media":"","overlay-type":"","overlay-color":"","overlay-opacity":"","overlay-gradient":""}},"ast-content-background-meta":{"desktop":{"background-color":"var(--ast-global-color-5)","background-image":"","background-repeat":"repeat","background-position":"center center","background-size":"auto","background-attachment":"scroll","background-type":"","background-media":"","overlay-type":"","overlay-color":"","overlay-opacity":"","overlay-gradient":""},"tablet":{"background-color":"var(--ast-global-color-5)","background-image":"","background-repeat":"repeat","background-position":"center center","background-size":"auto","background-attachment":"scroll","background-type":"","background-media":"","overlay-type":"","overlay-color":"","overlay-opacity":"","overlay-gradient":""},"mobile":{"background-color":"var(--ast-global-color-5)","background-image":"","background-repeat":"repeat","background-position":"center center","background-size":"auto","background-attachment":"scroll","background-type":"","background-media":"","overlay-type":"","overlay-color":"","overlay-opacity":"","overlay-gradient":""}}},"product_brand":[],"product_cat":[16],"product_tag":[],"class_list":{"0":"post-7494","1":"product","2":"type-product","3":"status-publish","4":"has-post-thumbnail","6":"product_cat-cosmetique","7":"desktop-align-center","8":"tablet-align-center","9":"mobile-align-center","11":"first","12":"instock","13":"shipping-taxable","14":"purchasable","15":"product-type-simple"},"aioseo_notices":[],"uagb_featured_image_src":{"full":["https:\/\/allbiomorocco.com\/wp-content\/uploads\/2026\/01\/gommage_romarin.jpg",1024,1024,false],"thumbnail":["https:\/\/allbiomorocco.com\/wp-content\/uploads\/2026\/01\/gommage_romarin-150x150.jpg",150,150,true],"medium":["https:\/\/allbiomorocco.com\/wp-content\/uploads\/2026\/01\/gommage_romarin-300x300.jpg",300,300,true],"medium_large":["https:\/\/allbiomorocco.com\/wp-content\/uploads\/2026\/01\/gommage_romarin-768x768.jpg",768,768,true],"large":["https:\/\/allbiomorocco.com\/wp-content\/uploads\/2026\/01\/gommage_romarin.jpg",1024,1024,false],"1536x1536":["https:\/\/allbiomorocco.com\/wp-content\/uploads\/2026\/01\/gommage_romarin.jpg",1024,1024,false],"2048x2048":["https:\/\/allbiomorocco.com\/wp-content\/uploads\/2026\/01\/gommage_romarin.jpg",1024,1024,false],"trp-custom-language-flag":["https:\/\/allbiomorocco.com\/wp-content\/uploads\/2026\/01\/gommage_romarin-12x12.jpg",12,12,true],"woocommerce_thumbnail":["https:\/\/allbiomorocco.com\/wp-content\/uploads\/2026\/01\/gommage_romarin-300x300.jpg",300,300,true],"woocommerce_single":["https:\/\/allbiomorocco.com\/wp-content\/uploads\/2026\/01\/gommage_romarin-600x600.jpg",600,600,true],"woocommerce_gallery_thumbnail":["https:\/\/allbiomorocco.com\/wp-content\/uploads\/2026\/01\/gommage_romarin-100x100.jpg",100,100,true]},"uagb_author_info":{"display_name":"NOUZHA ABARDAQ","author_link":"https:\/\/allbiomorocco.com\/en\/author\/"},"uagb_comment_info":0,"uagb_excerpt":"\ud83c\udf3f Gommage au Romarin \u2013 Description Le gommage au romarin est un soin exfoliant naturel enrichi en extrait de Romarin (Rosmarinus officinalis), reconnu pour ses propri\u00e9t\u00e9s tonifiantes et purifiantes. Gr\u00e2ce \u00e0 ses particules exfoliantes douces, il \u00e9limine les cellules mortes, d\u00e9sincruste les pores et laisse la peau propre, lisse et revitalis\u00e9e. Sa formule naturelle aide&hellip;","_links":{"self":[{"href":"https:\/\/allbiomorocco.com\/en\/wp-json\/wp\/v2\/product\/7494","targetHints":{"allow":["GET"]}}],"collection":[{"href":"https:\/\/allbiomorocco.com\/en\/wp-json\/wp\/v2\/product"}],"about":[{"href":"https:\/\/allbiomorocco.com\/en\/wp-json\/wp\/v2\/types\/product"}],"replies":[{"embeddable":true,"href":"https:\/\/allbiomorocco.com\/en\/wp-json\/wp\/v2\/comments?post=7494"}],"wp:featuredmedia":[{"embeddable":true,"href":"https:\/\/allbiomorocco.com\/en\/wp-json\/wp\/v2\/media\/8202"}],"wp:attachment":[{"href":"https:\/\/allbiomorocco.com\/en\/wp-json\/wp\/v2\/media?parent=7494"}],"wp:term":[{"taxonomy":"product_brand","embeddable":true,"href":"https:\/\/allbiomorocco.com\/en\/wp-json\/wp\/v2\/product_brand?post=7494"},{"taxonomy":"product_cat","embeddable":true,"href":"https:\/\/allbiomorocco.com\/en\/wp-json\/wp\/v2\/product_cat?post=7494"},{"taxonomy":"product_tag","embeddable":true,"href":"https:\/\/allbiomorocco.com\/en\/wp-json\/wp\/v2\/product_tag?post=7494"}],"curies":[{"name":"wp","href":"https:\/\/api.w.org\/{rel}","templated":true}]}}