{"id":7497,"date":"2026-01-21T13:49:17","date_gmt":"2026-01-21T13:49:17","guid":{"rendered":"https:\/\/allbiomorocco.com\/?post_type=product&#038;p=7497"},"modified":"2026-04-11T14:57:12","modified_gmt":"2026-04-11T14:57:12","slug":"nila-powder","status":"publish","type":"product","link":"https:\/\/allbiomorocco.com\/en\/product\/nila-powder\/","title":{"rendered":"Nila powder 01"},"content":{"rendered":"<p>\ud83c\udf3f Description de la poudre de Nila<\/p>\n<p>La Nila est une poudre naturelle d\u2019un bleu profond, traditionnellement utilis\u00e9e dans les soins de beaut\u00e9 marocains et sahariens. Elle est obtenue \u00e0 partir de min\u00e9raux et de plantes, puis finement broy\u00e9e. Tr\u00e8s pris\u00e9e dans les rituels de hammam, elle est reconnue pour ses propri\u00e9t\u00e9s \u00e9claircissantes, purifiantes et adoucissantes de la peau. On l\u2019utilise souvent m\u00e9lang\u00e9e \u00e0 du savon noir, du lait ou des masques \u00e0 l\u2019argile.<\/p>\n<p>\u2728 Bienfaits de la poudre de Nila<\/p>\n<p>\u00c9claircissante naturelle : att\u00e9nue les taches brunes, l\u2019hyperpigmentation et unifie le teint.<\/p>\n<p>Adoucissante : rend la peau plus lisse et soyeuse au toucher.<\/p>\n<p>Anti-t\u00e2ches : contribue \u00e0 estomper les traces laiss\u00e9es par l\u2019acn\u00e9 ou le soleil.<\/p>\n<p>Purifiante : nettoie en profondeur et resserre les pores.<\/p>\n<p>Anti-cernes : utilis\u00e9e en masque doux, elle aide \u00e0 \u00e9claircir le contour des yeux.<\/p>\n<p>Soin capillaire : redonne de l\u2019\u00e9clat et de la brillance aux cheveux lorsqu\u2019elle est int\u00e9gr\u00e9e \u00e0 des masques.<\/p>\n<p>Rituel de hammam : m\u00e9lang\u00e9e au savon noir, elle aide \u00e0 blanchir la peau et \u00e0 lui redonner luminosit\u00e9<\/p>","protected":false},"excerpt":{"rendered":"<p>\ud83c\udf3f Description de la poudre de Nila La Nila est une poudre naturelle d\u2019un bleu profond, traditionnellement utilis\u00e9e dans les soins de beaut\u00e9 marocains et sahariens. Elle est obtenue \u00e0 partir de min\u00e9raux et de plantes, puis finement broy\u00e9e. Tr\u00e8s pris\u00e9e dans les rituels de hammam, elle est reconnue pour ses propri\u00e9t\u00e9s \u00e9claircissantes, purifiantes et [&hellip;]<\/p>\n","protected":false},"featured_media":6497,"comment_status":"open","ping_status":"closed","template":"","meta":{"_uag_custom_page_level_css":"","site-sidebar-layout":"default","site-content-layout":"","ast-site-content-layout":"default","site-content-style":"default","site-sidebar-style":"default","ast-global-header-display":"","ast-banner-title-visibility":"","ast-main-header-display":"","ast-hfb-above-header-display":"","ast-hfb-below-header-display":"","ast-hfb-mobile-header-display":"","site-post-title":"","ast-breadcrumbs-content":"","ast-featured-img":"","footer-sml-layout":"","ast-disable-related-posts":"","theme-transparent-header-meta":"default","adv-header-id-meta":"","stick-header-meta":"","header-above-stick-meta":"","header-main-stick-meta":"","header-below-stick-meta":"","astra-migrate-meta-layouts":"set","ast-page-background-enabled":"default","ast-page-background-meta":{"desktop":{"background-color":"","background-image":"","background-repeat":"repeat","background-position":"center center","background-size":"auto","background-attachment":"scroll","background-type":"","background-media":"","overlay-type":"","overlay-color":"","overlay-opacity":"","overlay-gradient":""},"tablet":{"background-color":"","background-image":"","background-repeat":"repeat","background-position":"center center","background-size":"auto","background-attachment":"scroll","background-type":"","background-media":"","overlay-type":"","overlay-color":"","overlay-opacity":"","overlay-gradient":""},"mobile":{"background-color":"","background-image":"","background-repeat":"repeat","background-position":"center center","background-size":"auto","background-attachment":"scroll","background-type":"","background-media":"","overlay-type":"","overlay-color":"","overlay-opacity":"","overlay-gradient":""}},"ast-content-background-meta":{"desktop":{"background-color":"var(--ast-global-color-5)","background-image":"","background-repeat":"repeat","background-position":"center center","background-size":"auto","background-attachment":"scroll","background-type":"","background-media":"","overlay-type":"","overlay-color":"","overlay-opacity":"","overlay-gradient":""},"tablet":{"background-color":"var(--ast-global-color-5)","background-image":"","background-repeat":"repeat","background-position":"center center","background-size":"auto","background-attachment":"scroll","background-type":"","background-media":"","overlay-type":"","overlay-color":"","overlay-opacity":"","overlay-gradient":""},"mobile":{"background-color":"var(--ast-global-color-5)","background-image":"","background-repeat":"repeat","background-position":"center center","background-size":"auto","background-attachment":"scroll","background-type":"","background-media":"","overlay-type":"","overlay-color":"","overlay-opacity":"","overlay-gradient":""}}},"product_brand":[],"product_cat":[16],"product_tag":[],"class_list":{"0":"post-7497","1":"product","2":"type-product","3":"status-publish","4":"has-post-thumbnail","6":"product_cat-cosmetique","7":"desktop-align-center","8":"tablet-align-center","9":"mobile-align-center","11":"first","12":"instock","13":"shipping-taxable","14":"purchasable","15":"product-type-simple"},"aioseo_notices":[],"uagb_featured_image_src":{"full":["https:\/\/allbiomorocco.com\/wp-content\/uploads\/2026\/01\/nila_powder.png",1728,2496,false],"thumbnail":["https:\/\/allbiomorocco.com\/wp-content\/uploads\/2026\/01\/nila_powder-150x150.png",150,150,true],"medium":["https:\/\/allbiomorocco.com\/wp-content\/uploads\/2026\/01\/nila_powder-208x300.png",208,300,true],"medium_large":["https:\/\/allbiomorocco.com\/wp-content\/uploads\/2026\/01\/nila_powder-768x1109.png",768,1109,true],"large":["https:\/\/allbiomorocco.com\/wp-content\/uploads\/2026\/01\/nila_powder-709x1024.png",709,1024,true],"1536x1536":["https:\/\/allbiomorocco.com\/wp-content\/uploads\/2026\/01\/nila_powder-1063x1536.png",1063,1536,true],"2048x2048":["https:\/\/allbiomorocco.com\/wp-content\/uploads\/2026\/01\/nila_powder-1418x2048.png",1418,2048,true],"trp-custom-language-flag":["https:\/\/allbiomorocco.com\/wp-content\/uploads\/2026\/01\/nila_powder.png",8,12,false],"woocommerce_thumbnail":["https:\/\/allbiomorocco.com\/wp-content\/uploads\/2026\/01\/nila_powder-300x300.png",300,300,true],"woocommerce_single":["https:\/\/allbiomorocco.com\/wp-content\/uploads\/2026\/01\/nila_powder-600x867.png",600,867,true],"woocommerce_gallery_thumbnail":["https:\/\/allbiomorocco.com\/wp-content\/uploads\/2026\/01\/nila_powder-100x100.png",100,100,true]},"uagb_author_info":{"display_name":"NOUZHA ABARDAQ","author_link":"https:\/\/allbiomorocco.com\/en\/author\/"},"uagb_comment_info":0,"uagb_excerpt":"\ud83c\udf3f Description de la poudre de Nila La Nila est une poudre naturelle d\u2019un bleu profond, traditionnellement utilis\u00e9e dans les soins de beaut\u00e9 marocains et sahariens. Elle est obtenue \u00e0 partir de min\u00e9raux et de plantes, puis finement broy\u00e9e. Tr\u00e8s pris\u00e9e dans les rituels de hammam, elle est reconnue pour ses propri\u00e9t\u00e9s \u00e9claircissantes, purifiantes et&hellip;","_links":{"self":[{"href":"https:\/\/allbiomorocco.com\/en\/wp-json\/wp\/v2\/product\/7497","targetHints":{"allow":["GET"]}}],"collection":[{"href":"https:\/\/allbiomorocco.com\/en\/wp-json\/wp\/v2\/product"}],"about":[{"href":"https:\/\/allbiomorocco.com\/en\/wp-json\/wp\/v2\/types\/product"}],"replies":[{"embeddable":true,"href":"https:\/\/allbiomorocco.com\/en\/wp-json\/wp\/v2\/comments?post=7497"}],"wp:featuredmedia":[{"embeddable":true,"href":"https:\/\/allbiomorocco.com\/en\/wp-json\/wp\/v2\/media\/6497"}],"wp:attachment":[{"href":"https:\/\/allbiomorocco.com\/en\/wp-json\/wp\/v2\/media?parent=7497"}],"wp:term":[{"taxonomy":"product_brand","embeddable":true,"href":"https:\/\/allbiomorocco.com\/en\/wp-json\/wp\/v2\/product_brand?post=7497"},{"taxonomy":"product_cat","embeddable":true,"href":"https:\/\/allbiomorocco.com\/en\/wp-json\/wp\/v2\/product_cat?post=7497"},{"taxonomy":"product_tag","embeddable":true,"href":"https:\/\/allbiomorocco.com\/en\/wp-json\/wp\/v2\/product_tag?post=7497"}],"curies":[{"name":"wp","href":"https:\/\/api.w.org\/{rel}","templated":true}]}}