{"id":7499,"date":"2026-01-21T13:49:17","date_gmt":"2026-01-21T13:49:17","guid":{"rendered":"https:\/\/allbiomorocco.com\/?post_type=product&#038;p=7499"},"modified":"2026-04-11T13:22:22","modified_gmt":"2026-04-11T13:22:22","slug":"masque-nila-bleu-200g","status":"publish","type":"product","link":"https:\/\/allbiomorocco.com\/en\/product\/masque-nila-bleu-200g\/","title":{"rendered":"Masque Nila Bleu 200g"},"content":{"rendered":"<p>Le Masque Nila Bleu est un soin traditionnel \u00e9claircissant et purifiant, utilis\u00e9 depuis des g\u00e9n\u00e9rations dans les rituels de beaut\u00e9 sahariens. Formul\u00e9 \u00e0 base de poudre de Nila naturelle et d\u2019ingr\u00e9dients hydratants, il aide \u00e0 \u00e9claircir le teint, \u00e0 r\u00e9duire l\u2019apparence des taches brunes et \u00e0 adoucir la peau. Sa texture douce apporte \u00e9clat et uniformit\u00e9 au visage et au corps.<\/p>\n<p>\u2728 Bienfaits<\/p>\n<p>\u00c9claircit et unifie le teint.<\/p>\n<p>R\u00e9duit les taches et l\u2019hyperpigmentation.<\/p>\n<p>Purifie et resserre les pores.<\/p>\n<p>Adoucit et lisse la peau.<\/p>\n<p>Apporte \u00e9clat et luminosit\u00e9 naturelle.<\/p>\n<p>Convient \u00e0 tous types de peaux.<\/p>\n<p>Mode d\u2019utilisation<\/p>\n<p>Appliquer le masque en couche uniforme sur le visage et\/ou le corps propres.<\/p>\n<p>Laisser poser 10 \u00e0 15 minutes puis rincer \u00e0 l\u2019eau ti\u00e8de.<\/p>\n<p>Utiliser 1 \u00e0 2 fois par semaine<\/p>","protected":false},"excerpt":{"rendered":"<p>Le Masque Nila Bleu est un soin traditionnel \u00e9claircissant et purifiant, utilis\u00e9 depuis des g\u00e9n\u00e9rations dans les rituels de beaut\u00e9 sahariens. Formul\u00e9 \u00e0 base de poudre de Nila naturelle et d\u2019ingr\u00e9dients hydratants, il aide \u00e0 \u00e9claircir le teint, \u00e0 r\u00e9duire l\u2019apparence des taches brunes et \u00e0 adoucir la peau. Sa texture douce apporte \u00e9clat et [&hellip;]<\/p>\n","protected":false},"featured_media":8146,"comment_status":"open","ping_status":"closed","template":"","meta":{"_uag_custom_page_level_css":"","site-sidebar-layout":"default","site-content-layout":"","ast-site-content-layout":"default","site-content-style":"default","site-sidebar-style":"default","ast-global-header-display":"","ast-banner-title-visibility":"","ast-main-header-display":"","ast-hfb-above-header-display":"","ast-hfb-below-header-display":"","ast-hfb-mobile-header-display":"","site-post-title":"","ast-breadcrumbs-content":"","ast-featured-img":"","footer-sml-layout":"","ast-disable-related-posts":"","theme-transparent-header-meta":"default","adv-header-id-meta":"","stick-header-meta":"","header-above-stick-meta":"","header-main-stick-meta":"","header-below-stick-meta":"","astra-migrate-meta-layouts":"set","ast-page-background-enabled":"default","ast-page-background-meta":{"desktop":{"background-color":"","background-image":"","background-repeat":"repeat","background-position":"center center","background-size":"auto","background-attachment":"scroll","background-type":"","background-media":"","overlay-type":"","overlay-color":"","overlay-opacity":"","overlay-gradient":""},"tablet":{"background-color":"","background-image":"","background-repeat":"repeat","background-position":"center center","background-size":"auto","background-attachment":"scroll","background-type":"","background-media":"","overlay-type":"","overlay-color":"","overlay-opacity":"","overlay-gradient":""},"mobile":{"background-color":"","background-image":"","background-repeat":"repeat","background-position":"center center","background-size":"auto","background-attachment":"scroll","background-type":"","background-media":"","overlay-type":"","overlay-color":"","overlay-opacity":"","overlay-gradient":""}},"ast-content-background-meta":{"desktop":{"background-color":"var(--ast-global-color-5)","background-image":"","background-repeat":"repeat","background-position":"center center","background-size":"auto","background-attachment":"scroll","background-type":"","background-media":"","overlay-type":"","overlay-color":"","overlay-opacity":"","overlay-gradient":""},"tablet":{"background-color":"var(--ast-global-color-5)","background-image":"","background-repeat":"repeat","background-position":"center center","background-size":"auto","background-attachment":"scroll","background-type":"","background-media":"","overlay-type":"","overlay-color":"","overlay-opacity":"","overlay-gradient":""},"mobile":{"background-color":"var(--ast-global-color-5)","background-image":"","background-repeat":"repeat","background-position":"center center","background-size":"auto","background-attachment":"scroll","background-type":"","background-media":"","overlay-type":"","overlay-color":"","overlay-opacity":"","overlay-gradient":""}}},"product_brand":[],"product_cat":[16],"product_tag":[],"class_list":{"0":"post-7499","1":"product","2":"type-product","3":"status-publish","4":"has-post-thumbnail","6":"product_cat-cosmetique","7":"desktop-align-center","8":"tablet-align-center","9":"mobile-align-center","11":"first","12":"instock","13":"shipping-taxable","14":"purchasable","15":"product-type-simple"},"aioseo_notices":[],"uagb_featured_image_src":{"full":["https:\/\/allbiomorocco.com\/wp-content\/uploads\/2026\/01\/masque_nila_bleu.jpg",709,1024,false],"thumbnail":["https:\/\/allbiomorocco.com\/wp-content\/uploads\/2026\/01\/masque_nila_bleu-150x150.jpg",150,150,true],"medium":["https:\/\/allbiomorocco.com\/wp-content\/uploads\/2026\/01\/masque_nila_bleu-208x300.jpg",208,300,true],"medium_large":["https:\/\/allbiomorocco.com\/wp-content\/uploads\/2026\/01\/masque_nila_bleu.jpg",709,1024,false],"large":["https:\/\/allbiomorocco.com\/wp-content\/uploads\/2026\/01\/masque_nila_bleu.jpg",709,1024,false],"1536x1536":["https:\/\/allbiomorocco.com\/wp-content\/uploads\/2026\/01\/masque_nila_bleu.jpg",709,1024,false],"2048x2048":["https:\/\/allbiomorocco.com\/wp-content\/uploads\/2026\/01\/masque_nila_bleu.jpg",709,1024,false],"trp-custom-language-flag":["https:\/\/allbiomorocco.com\/wp-content\/uploads\/2026\/01\/masque_nila_bleu-8x12.jpg",8,12,true],"woocommerce_thumbnail":["https:\/\/allbiomorocco.com\/wp-content\/uploads\/2026\/01\/masque_nila_bleu-300x300.jpg",300,300,true],"woocommerce_single":["https:\/\/allbiomorocco.com\/wp-content\/uploads\/2026\/01\/masque_nila_bleu-600x867.jpg",600,867,true],"woocommerce_gallery_thumbnail":["https:\/\/allbiomorocco.com\/wp-content\/uploads\/2026\/01\/masque_nila_bleu-100x100.jpg",100,100,true]},"uagb_author_info":{"display_name":"NOUZHA ABARDAQ","author_link":"https:\/\/allbiomorocco.com\/en\/author\/"},"uagb_comment_info":0,"uagb_excerpt":"Le Masque Nila Bleu est un soin traditionnel \u00e9claircissant et purifiant, utilis\u00e9 depuis des g\u00e9n\u00e9rations dans les rituels de beaut\u00e9 sahariens. Formul\u00e9 \u00e0 base de poudre de Nila naturelle et d\u2019ingr\u00e9dients hydratants, il aide \u00e0 \u00e9claircir le teint, \u00e0 r\u00e9duire l\u2019apparence des taches brunes et \u00e0 adoucir la peau. Sa texture douce apporte \u00e9clat et&hellip;","_links":{"self":[{"href":"https:\/\/allbiomorocco.com\/en\/wp-json\/wp\/v2\/product\/7499","targetHints":{"allow":["GET"]}}],"collection":[{"href":"https:\/\/allbiomorocco.com\/en\/wp-json\/wp\/v2\/product"}],"about":[{"href":"https:\/\/allbiomorocco.com\/en\/wp-json\/wp\/v2\/types\/product"}],"replies":[{"embeddable":true,"href":"https:\/\/allbiomorocco.com\/en\/wp-json\/wp\/v2\/comments?post=7499"}],"wp:featuredmedia":[{"embeddable":true,"href":"https:\/\/allbiomorocco.com\/en\/wp-json\/wp\/v2\/media\/8146"}],"wp:attachment":[{"href":"https:\/\/allbiomorocco.com\/en\/wp-json\/wp\/v2\/media?parent=7499"}],"wp:term":[{"taxonomy":"product_brand","embeddable":true,"href":"https:\/\/allbiomorocco.com\/en\/wp-json\/wp\/v2\/product_brand?post=7499"},{"taxonomy":"product_cat","embeddable":true,"href":"https:\/\/allbiomorocco.com\/en\/wp-json\/wp\/v2\/product_cat?post=7499"},{"taxonomy":"product_tag","embeddable":true,"href":"https:\/\/allbiomorocco.com\/en\/wp-json\/wp\/v2\/product_tag?post=7499"}],"curies":[{"name":"wp","href":"https:\/\/api.w.org\/{rel}","templated":true}]}}