{"id":7502,"date":"2026-01-21T13:49:18","date_gmt":"2026-01-21T13:49:18","guid":{"rendered":"https:\/\/allbiomorocco.com\/?post_type=product&#038;p=7502"},"modified":"2026-04-11T12:38:54","modified_gmt":"2026-04-11T12:38:54","slug":"savon-traditionnel-nila-bleu-200g","status":"publish","type":"product","link":"https:\/\/allbiomorocco.com\/en\/product\/savon-traditionnel-nila-bleu-200g\/","title":{"rendered":"Savon Traditionnel Nila Bleu 200g"},"content":{"rendered":"<p>Description<\/p>\n<p>Le Savon Traditionnel Nila Bleu est un soin ancestral inspir\u00e9 des rituels sahariens de beaut\u00e9. Fabriqu\u00e9 artisanalement et enrichi en poudre de Nila naturelle, il aide \u00e0 \u00e9claircir, purifier et unifier le teint tout en nettoyant la peau en profondeur. Sa texture onctueuse et son parfum d\u00e9licat laissent la peau douce, fra\u00eeche et lumineuse.<\/p>\n<p>\u2728 Bienfaits<\/p>\n<p>Nettoie et purifie la peau en douceur.<\/p>\n<p>\u00c9claircit et unifie le teint.<\/p>\n<p>R\u00e9duit l\u2019apparence des taches et imperfections.<\/p>\n<p>Adoucit et lisse la peau.<\/p>\n<p>Redonne \u00e9clat et vitalit\u00e9 \u00e0 la peau.<\/p>\n<p>Convient au visage et au corps.<\/p>\n<p>Mode d\u2019utilisation<\/p>\n<p>Faire mousser le savon sur une peau humide, appliquer sur le visage et\/ou le corps, puis rincer abondamment \u00e0 l\u2019eau ti\u00e8de.<\/p>\n<p>Peut \u00eatre utilis\u00e9 quotidiennement, id\u00e9al apr\u00e8s le hammam ou la douche<\/p>","protected":false},"excerpt":{"rendered":"<p>Description Le Savon Traditionnel Nila Bleu est un soin ancestral inspir\u00e9 des rituels sahariens de beaut\u00e9. Fabriqu\u00e9 artisanalement et enrichi en poudre de Nila naturelle, il aide \u00e0 \u00e9claircir, purifier et unifier le teint tout en nettoyant la peau en profondeur. Sa texture onctueuse et son parfum d\u00e9licat laissent la peau douce, fra\u00eeche et lumineuse. [&hellip;]<\/p>\n","protected":false},"featured_media":8136,"comment_status":"open","ping_status":"closed","template":"","meta":{"_uag_custom_page_level_css":"","site-sidebar-layout":"default","site-content-layout":"","ast-site-content-layout":"default","site-content-style":"default","site-sidebar-style":"default","ast-global-header-display":"","ast-banner-title-visibility":"","ast-main-header-display":"","ast-hfb-above-header-display":"","ast-hfb-below-header-display":"","ast-hfb-mobile-header-display":"","site-post-title":"","ast-breadcrumbs-content":"","ast-featured-img":"","footer-sml-layout":"","ast-disable-related-posts":"","theme-transparent-header-meta":"default","adv-header-id-meta":"","stick-header-meta":"","header-above-stick-meta":"","header-main-stick-meta":"","header-below-stick-meta":"","astra-migrate-meta-layouts":"set","ast-page-background-enabled":"default","ast-page-background-meta":{"desktop":{"background-color":"","background-image":"","background-repeat":"repeat","background-position":"center center","background-size":"auto","background-attachment":"scroll","background-type":"","background-media":"","overlay-type":"","overlay-color":"","overlay-opacity":"","overlay-gradient":""},"tablet":{"background-color":"","background-image":"","background-repeat":"repeat","background-position":"center center","background-size":"auto","background-attachment":"scroll","background-type":"","background-media":"","overlay-type":"","overlay-color":"","overlay-opacity":"","overlay-gradient":""},"mobile":{"background-color":"","background-image":"","background-repeat":"repeat","background-position":"center center","background-size":"auto","background-attachment":"scroll","background-type":"","background-media":"","overlay-type":"","overlay-color":"","overlay-opacity":"","overlay-gradient":""}},"ast-content-background-meta":{"desktop":{"background-color":"var(--ast-global-color-5)","background-image":"","background-repeat":"repeat","background-position":"center center","background-size":"auto","background-attachment":"scroll","background-type":"","background-media":"","overlay-type":"","overlay-color":"","overlay-opacity":"","overlay-gradient":""},"tablet":{"background-color":"var(--ast-global-color-5)","background-image":"","background-repeat":"repeat","background-position":"center center","background-size":"auto","background-attachment":"scroll","background-type":"","background-media":"","overlay-type":"","overlay-color":"","overlay-opacity":"","overlay-gradient":""},"mobile":{"background-color":"var(--ast-global-color-5)","background-image":"","background-repeat":"repeat","background-position":"center center","background-size":"auto","background-attachment":"scroll","background-type":"","background-media":"","overlay-type":"","overlay-color":"","overlay-opacity":"","overlay-gradient":""}}},"product_brand":[],"product_cat":[16],"product_tag":[],"class_list":{"0":"post-7502","1":"product","2":"type-product","3":"status-publish","4":"has-post-thumbnail","6":"product_cat-cosmetique","7":"desktop-align-center","8":"tablet-align-center","9":"mobile-align-center","11":"first","12":"instock","13":"shipping-taxable","14":"purchasable","15":"product-type-simple"},"aioseo_notices":[],"uagb_featured_image_src":{"full":["https:\/\/allbiomorocco.com\/wp-content\/uploads\/2026\/01\/savon_traditionelle_nila_bleu.jpg",1024,1024,false],"thumbnail":["https:\/\/allbiomorocco.com\/wp-content\/uploads\/2026\/01\/savon_traditionelle_nila_bleu-150x150.jpg",150,150,true],"medium":["https:\/\/allbiomorocco.com\/wp-content\/uploads\/2026\/01\/savon_traditionelle_nila_bleu-300x300.jpg",300,300,true],"medium_large":["https:\/\/allbiomorocco.com\/wp-content\/uploads\/2026\/01\/savon_traditionelle_nila_bleu-768x768.jpg",768,768,true],"large":["https:\/\/allbiomorocco.com\/wp-content\/uploads\/2026\/01\/savon_traditionelle_nila_bleu.jpg",1024,1024,false],"1536x1536":["https:\/\/allbiomorocco.com\/wp-content\/uploads\/2026\/01\/savon_traditionelle_nila_bleu.jpg",1024,1024,false],"2048x2048":["https:\/\/allbiomorocco.com\/wp-content\/uploads\/2026\/01\/savon_traditionelle_nila_bleu.jpg",1024,1024,false],"trp-custom-language-flag":["https:\/\/allbiomorocco.com\/wp-content\/uploads\/2026\/01\/savon_traditionelle_nila_bleu-12x12.jpg",12,12,true],"woocommerce_thumbnail":["https:\/\/allbiomorocco.com\/wp-content\/uploads\/2026\/01\/savon_traditionelle_nila_bleu-300x300.jpg",300,300,true],"woocommerce_single":["https:\/\/allbiomorocco.com\/wp-content\/uploads\/2026\/01\/savon_traditionelle_nila_bleu-600x600.jpg",600,600,true],"woocommerce_gallery_thumbnail":["https:\/\/allbiomorocco.com\/wp-content\/uploads\/2026\/01\/savon_traditionelle_nila_bleu-100x100.jpg",100,100,true]},"uagb_author_info":{"display_name":"NOUZHA ABARDAQ","author_link":"https:\/\/allbiomorocco.com\/en\/author\/"},"uagb_comment_info":0,"uagb_excerpt":"Description Le Savon Traditionnel Nila Bleu est un soin ancestral inspir\u00e9 des rituels sahariens de beaut\u00e9. Fabriqu\u00e9 artisanalement et enrichi en poudre de Nila naturelle, il aide \u00e0 \u00e9claircir, purifier et unifier le teint tout en nettoyant la peau en profondeur. Sa texture onctueuse et son parfum d\u00e9licat laissent la peau douce, fra\u00eeche et lumineuse.&hellip;","_links":{"self":[{"href":"https:\/\/allbiomorocco.com\/en\/wp-json\/wp\/v2\/product\/7502","targetHints":{"allow":["GET"]}}],"collection":[{"href":"https:\/\/allbiomorocco.com\/en\/wp-json\/wp\/v2\/product"}],"about":[{"href":"https:\/\/allbiomorocco.com\/en\/wp-json\/wp\/v2\/types\/product"}],"replies":[{"embeddable":true,"href":"https:\/\/allbiomorocco.com\/en\/wp-json\/wp\/v2\/comments?post=7502"}],"wp:featuredmedia":[{"embeddable":true,"href":"https:\/\/allbiomorocco.com\/en\/wp-json\/wp\/v2\/media\/8136"}],"wp:attachment":[{"href":"https:\/\/allbiomorocco.com\/en\/wp-json\/wp\/v2\/media?parent=7502"}],"wp:term":[{"taxonomy":"product_brand","embeddable":true,"href":"https:\/\/allbiomorocco.com\/en\/wp-json\/wp\/v2\/product_brand?post=7502"},{"taxonomy":"product_cat","embeddable":true,"href":"https:\/\/allbiomorocco.com\/en\/wp-json\/wp\/v2\/product_cat?post=7502"},{"taxonomy":"product_tag","embeddable":true,"href":"https:\/\/allbiomorocco.com\/en\/wp-json\/wp\/v2\/product_tag?post=7502"}],"curies":[{"name":"wp","href":"https:\/\/api.w.org\/{rel}","templated":true}]}}