{"id":7505,"date":"2026-01-21T13:49:18","date_gmt":"2026-01-21T13:49:18","guid":{"rendered":"https:\/\/allbiomorocco.com\/?post_type=product&#038;p=7505"},"modified":"2026-04-11T13:12:12","modified_gmt":"2026-04-11T13:12:12","slug":"poudre-aker-fassi","status":"publish","type":"product","link":"https:\/\/allbiomorocco.com\/en\/product\/poudre-aker-fassi\/","title":{"rendered":"Poudre Aker Fassi"},"content":{"rendered":"<p>Description<br \/>\nLa Poudre Aker Fassi est un ingr\u00e9dient 100 % naturel et traditionnel du Maroc, obtenu \u00e0 partir de p\u00e9tales de coquelicot s\u00e9ch\u00e9s et d\u2019\u00e9corce de grenade. Utilis\u00e9e depuis des si\u00e8cles dans les rituels de beaut\u00e9 berb\u00e8res, elle est r\u00e9put\u00e9e pour ses propri\u00e9t\u00e9s colorantes, antioxydantes et \u00e9claircissantes. Elle peut \u00eatre utilis\u00e9e dans les masques visage, les soins capillaires, ou comme colorant naturel pour les l\u00e8vres et les joues.<br \/>\n\u2728 Bienfaits<br \/>\n\u00c9claircit et illumine le teint.<br \/>\nRiche en antioxydants : lutte contre le vieillissement cutan\u00e9.<br \/>\nAide \u00e0 r\u00e9duire les taches brunes et imperfections.<br \/>\nColorant naturel pour l\u00e8vres, joues et soins maison.<br \/>\nNourrit et donne brillance aux cheveux.<br \/>\n100 % naturel et sans additifs.<br \/>\nMode d\u2019utilisation<br \/>\nPour la peau : M\u00e9langer une petite quantit\u00e9 de poudre avec de l\u2019eau de rose, du miel ou du yaourt, puis appliquer en masque sur le visage.<br \/>\nPour les l\u00e8vres et joues : Appliquer l\u00e9g\u00e8rement la poudre humidifi\u00e9e comme un blush ou un rouge naturel.<br \/>\nPour les cheveux : Ajouter \u00e0 un masque capillaire pour renforcer l\u2019\u00e9clat et la vitalit\u00e9<\/p>","protected":false},"excerpt":{"rendered":"<p>Description La Poudre Aker Fassi est un ingr\u00e9dient 100 % naturel et traditionnel du Maroc, obtenu \u00e0 partir de p\u00e9tales de coquelicot s\u00e9ch\u00e9s et d\u2019\u00e9corce de grenade. Utilis\u00e9e depuis des si\u00e8cles dans les rituels de beaut\u00e9 berb\u00e8res, elle est r\u00e9put\u00e9e pour ses propri\u00e9t\u00e9s colorantes, antioxydantes et \u00e9claircissantes. Elle peut \u00eatre utilis\u00e9e dans les masques visage, [&hellip;]<\/p>\n","protected":false},"featured_media":8141,"comment_status":"open","ping_status":"closed","template":"","meta":{"_uag_custom_page_level_css":"","site-sidebar-layout":"default","site-content-layout":"","ast-site-content-layout":"default","site-content-style":"default","site-sidebar-style":"default","ast-global-header-display":"","ast-banner-title-visibility":"","ast-main-header-display":"","ast-hfb-above-header-display":"","ast-hfb-below-header-display":"","ast-hfb-mobile-header-display":"","site-post-title":"","ast-breadcrumbs-content":"","ast-featured-img":"","footer-sml-layout":"","ast-disable-related-posts":"","theme-transparent-header-meta":"default","adv-header-id-meta":"","stick-header-meta":"","header-above-stick-meta":"","header-main-stick-meta":"","header-below-stick-meta":"","astra-migrate-meta-layouts":"set","ast-page-background-enabled":"default","ast-page-background-meta":{"desktop":{"background-color":"","background-image":"","background-repeat":"repeat","background-position":"center center","background-size":"auto","background-attachment":"scroll","background-type":"","background-media":"","overlay-type":"","overlay-color":"","overlay-opacity":"","overlay-gradient":""},"tablet":{"background-color":"","background-image":"","background-repeat":"repeat","background-position":"center center","background-size":"auto","background-attachment":"scroll","background-type":"","background-media":"","overlay-type":"","overlay-color":"","overlay-opacity":"","overlay-gradient":""},"mobile":{"background-color":"","background-image":"","background-repeat":"repeat","background-position":"center center","background-size":"auto","background-attachment":"scroll","background-type":"","background-media":"","overlay-type":"","overlay-color":"","overlay-opacity":"","overlay-gradient":""}},"ast-content-background-meta":{"desktop":{"background-color":"var(--ast-global-color-5)","background-image":"","background-repeat":"repeat","background-position":"center center","background-size":"auto","background-attachment":"scroll","background-type":"","background-media":"","overlay-type":"","overlay-color":"","overlay-opacity":"","overlay-gradient":""},"tablet":{"background-color":"var(--ast-global-color-5)","background-image":"","background-repeat":"repeat","background-position":"center center","background-size":"auto","background-attachment":"scroll","background-type":"","background-media":"","overlay-type":"","overlay-color":"","overlay-opacity":"","overlay-gradient":""},"mobile":{"background-color":"var(--ast-global-color-5)","background-image":"","background-repeat":"repeat","background-position":"center center","background-size":"auto","background-attachment":"scroll","background-type":"","background-media":"","overlay-type":"","overlay-color":"","overlay-opacity":"","overlay-gradient":""}}},"product_brand":[],"product_cat":[16],"product_tag":[],"class_list":{"0":"post-7505","1":"product","2":"type-product","3":"status-publish","4":"has-post-thumbnail","6":"product_cat-cosmetique","7":"desktop-align-center","8":"tablet-align-center","9":"mobile-align-center","11":"first","12":"instock","13":"shipping-taxable","14":"purchasable","15":"product-type-simple"},"aioseo_notices":[],"uagb_featured_image_src":{"full":["https:\/\/allbiomorocco.com\/wp-content\/uploads\/2026\/01\/pouder_aker_fassi.jpg",575,1024,false],"thumbnail":["https:\/\/allbiomorocco.com\/wp-content\/uploads\/2026\/01\/pouder_aker_fassi-150x150.jpg",150,150,true],"medium":["https:\/\/allbiomorocco.com\/wp-content\/uploads\/2026\/01\/pouder_aker_fassi-168x300.jpg",168,300,true],"medium_large":["https:\/\/allbiomorocco.com\/wp-content\/uploads\/2026\/01\/pouder_aker_fassi.jpg",575,1024,false],"large":["https:\/\/allbiomorocco.com\/wp-content\/uploads\/2026\/01\/pouder_aker_fassi.jpg",575,1024,false],"1536x1536":["https:\/\/allbiomorocco.com\/wp-content\/uploads\/2026\/01\/pouder_aker_fassi.jpg",575,1024,false],"2048x2048":["https:\/\/allbiomorocco.com\/wp-content\/uploads\/2026\/01\/pouder_aker_fassi.jpg",575,1024,false],"trp-custom-language-flag":["https:\/\/allbiomorocco.com\/wp-content\/uploads\/2026\/01\/pouder_aker_fassi-7x12.jpg",7,12,true],"woocommerce_thumbnail":["https:\/\/allbiomorocco.com\/wp-content\/uploads\/2026\/01\/pouder_aker_fassi-300x300.jpg",300,300,true],"woocommerce_single":["https:\/\/allbiomorocco.com\/wp-content\/uploads\/2026\/01\/pouder_aker_fassi.jpg",575,1024,false],"woocommerce_gallery_thumbnail":["https:\/\/allbiomorocco.com\/wp-content\/uploads\/2026\/01\/pouder_aker_fassi-100x100.jpg",100,100,true]},"uagb_author_info":{"display_name":"NOUZHA ABARDAQ","author_link":"https:\/\/allbiomorocco.com\/en\/author\/"},"uagb_comment_info":0,"uagb_excerpt":"Description La Poudre Aker Fassi est un ingr\u00e9dient 100 % naturel et traditionnel du Maroc, obtenu \u00e0 partir de p\u00e9tales de coquelicot s\u00e9ch\u00e9s et d\u2019\u00e9corce de grenade. Utilis\u00e9e depuis des si\u00e8cles dans les rituels de beaut\u00e9 berb\u00e8res, elle est r\u00e9put\u00e9e pour ses propri\u00e9t\u00e9s colorantes, antioxydantes et \u00e9claircissantes. Elle peut \u00eatre utilis\u00e9e dans les masques visage,&hellip;","_links":{"self":[{"href":"https:\/\/allbiomorocco.com\/en\/wp-json\/wp\/v2\/product\/7505","targetHints":{"allow":["GET"]}}],"collection":[{"href":"https:\/\/allbiomorocco.com\/en\/wp-json\/wp\/v2\/product"}],"about":[{"href":"https:\/\/allbiomorocco.com\/en\/wp-json\/wp\/v2\/types\/product"}],"replies":[{"embeddable":true,"href":"https:\/\/allbiomorocco.com\/en\/wp-json\/wp\/v2\/comments?post=7505"}],"wp:featuredmedia":[{"embeddable":true,"href":"https:\/\/allbiomorocco.com\/en\/wp-json\/wp\/v2\/media\/8141"}],"wp:attachment":[{"href":"https:\/\/allbiomorocco.com\/en\/wp-json\/wp\/v2\/media?parent=7505"}],"wp:term":[{"taxonomy":"product_brand","embeddable":true,"href":"https:\/\/allbiomorocco.com\/en\/wp-json\/wp\/v2\/product_brand?post=7505"},{"taxonomy":"product_cat","embeddable":true,"href":"https:\/\/allbiomorocco.com\/en\/wp-json\/wp\/v2\/product_cat?post=7505"},{"taxonomy":"product_tag","embeddable":true,"href":"https:\/\/allbiomorocco.com\/en\/wp-json\/wp\/v2\/product_tag?post=7505"}],"curies":[{"name":"wp","href":"https:\/\/api.w.org\/{rel}","templated":true}]}}