{"id":7506,"date":"2026-01-21T13:49:18","date_gmt":"2026-01-21T13:49:18","guid":{"rendered":"https:\/\/allbiomorocco.com\/?post_type=product&#038;p=7506"},"modified":"2026-04-11T13:16:42","modified_gmt":"2026-04-11T13:16:42","slug":"lait-corporel-aker-fassi-200-ml","status":"publish","type":"product","link":"https:\/\/allbiomorocco.com\/en\/product\/lait-corporel-aker-fassi-200-ml\/","title":{"rendered":"Savon Solid Aker Fassi"},"content":{"rendered":"<p data-start=\"58\" data-end=\"521\">Le savon solide \u00e0 l\u2019Aker Fassi est un soin naturel inspir\u00e9 des rituels de beaut\u00e9 marocains. Il est enrichi en poudre d\u2019Aker Fassi, un m\u00e9lange traditionnel de <strong data-start=\"236\" data-end=\"279\">coquelicot s\u00e9ch\u00e9 et d\u2019\u00e9corce de grenade<\/strong>, reconnu pour ses propri\u00e9t\u00e9s cosm\u00e9tiques exceptionnelles. Ce savon est souvent formul\u00e9 avec des huiles v\u00e9g\u00e9tales (huile d\u2019olive, huile d\u2019argan\u2026) pour nettoyer la peau en douceur tout en la nourrissant.<\/p>\n<p data-start=\"523\" data-end=\"649\">Sa texture solide et pratique en fait un produit \u00e9cologique, id\u00e9al pour une utilisation quotidienne sur le visage et le corps.<\/p>\n<h3 data-section-id=\"8oclx4\" data-start=\"656\" data-end=\"698\">\u2728 Bienfaits du Savon Solide Aker Fassi<\/h3>\n<p data-start=\"700\" data-end=\"848\">\ud83c\udf38 <strong data-start=\"703\" data-end=\"728\">Nettoie en profondeur<\/strong><br data-start=\"728\" data-end=\"731\" \/>\u00c9limine les impuret\u00e9s, l\u2019exc\u00e8s de s\u00e9bum et les toxines sans agresser la peau.<\/p>\n<p data-start=\"850\" data-end=\"999\">\ud83c\udf3f <strong data-start=\"853\" data-end=\"884\">Illumine et unifie le teint<\/strong><br data-start=\"884\" data-end=\"887\" \/>Apporte de l\u2019\u00e9clat naturel et aide \u00e0 r\u00e9duire les taches et zones ternes.<\/p>\n<p data-start=\"1001\" data-end=\"1152\">\ud83e\uddd6\u200d\u2640\ufe0f <strong data-start=\"1007\" data-end=\"1029\">Exfolie en douceur<\/strong><br data-start=\"1029\" data-end=\"1032\" \/>\u00c9limine les cellules mortes et affine le grain de peau pour un effet peau neuve.<\/p>\n<p data-start=\"1154\" data-end=\"1305\">\ud83d\udca7 <strong data-start=\"1157\" data-end=\"1187\">Hydrate et adoucit la peau<\/strong><br data-start=\"1187\" data-end=\"1190\" \/>Gr\u00e2ce aux huiles v\u00e9g\u00e9tales, il laisse la peau souple, douce et confortable.<\/p>\n<p data-start=\"1307\" data-end=\"1472\">\ud83d\udee1\ufe0f <strong data-start=\"1311\" data-end=\"1346\">Action anti-\u00e2ge et antioxydante<\/strong><br data-start=\"1346\" data-end=\"1349\" \/>Prot\u00e8ge la peau contre le vieillissement pr\u00e9matur\u00e9 gr\u00e2ce aux antioxydants naturels.<\/p>\n<p data-start=\"1474\" data-end=\"1649\">\ud83c\udf3a <strong data-start=\"1477\" data-end=\"1507\">Apaise et r\u00e9g\u00e9n\u00e8re la peau<\/strong><br data-start=\"1507\" data-end=\"1510\" \/>Convient m\u00eame aux peaux sensibles, aide \u00e0 calmer les irritations et \u00e0 am\u00e9liorer la texture cutan\u00e9e<\/p>","protected":false},"excerpt":{"rendered":"<p>Le savon solide \u00e0 l\u2019Aker Fassi est un soin naturel inspir\u00e9 des rituels de beaut\u00e9 marocains. Il est enrichi en poudre d\u2019Aker Fassi, un m\u00e9lange traditionnel de coquelicot s\u00e9ch\u00e9 et d\u2019\u00e9corce de grenade, reconnu pour ses propri\u00e9t\u00e9s cosm\u00e9tiques exceptionnelles. Ce savon est souvent formul\u00e9 avec des huiles v\u00e9g\u00e9tales (huile d\u2019olive, huile d\u2019argan\u2026) pour nettoyer la [&hellip;]<\/p>\n","protected":false},"featured_media":8142,"comment_status":"open","ping_status":"closed","template":"","meta":{"_uag_custom_page_level_css":"","site-sidebar-layout":"default","site-content-layout":"","ast-site-content-layout":"default","site-content-style":"default","site-sidebar-style":"default","ast-global-header-display":"","ast-banner-title-visibility":"","ast-main-header-display":"","ast-hfb-above-header-display":"","ast-hfb-below-header-display":"","ast-hfb-mobile-header-display":"","site-post-title":"","ast-breadcrumbs-content":"","ast-featured-img":"","footer-sml-layout":"","ast-disable-related-posts":"","theme-transparent-header-meta":"default","adv-header-id-meta":"","stick-header-meta":"","header-above-stick-meta":"","header-main-stick-meta":"","header-below-stick-meta":"","astra-migrate-meta-layouts":"set","ast-page-background-enabled":"default","ast-page-background-meta":{"desktop":{"background-color":"","background-image":"","background-repeat":"repeat","background-position":"center center","background-size":"auto","background-attachment":"scroll","background-type":"","background-media":"","overlay-type":"","overlay-color":"","overlay-opacity":"","overlay-gradient":""},"tablet":{"background-color":"","background-image":"","background-repeat":"repeat","background-position":"center center","background-size":"auto","background-attachment":"scroll","background-type":"","background-media":"","overlay-type":"","overlay-color":"","overlay-opacity":"","overlay-gradient":""},"mobile":{"background-color":"","background-image":"","background-repeat":"repeat","background-position":"center center","background-size":"auto","background-attachment":"scroll","background-type":"","background-media":"","overlay-type":"","overlay-color":"","overlay-opacity":"","overlay-gradient":""}},"ast-content-background-meta":{"desktop":{"background-color":"var(--ast-global-color-5)","background-image":"","background-repeat":"repeat","background-position":"center center","background-size":"auto","background-attachment":"scroll","background-type":"","background-media":"","overlay-type":"","overlay-color":"","overlay-opacity":"","overlay-gradient":""},"tablet":{"background-color":"var(--ast-global-color-5)","background-image":"","background-repeat":"repeat","background-position":"center center","background-size":"auto","background-attachment":"scroll","background-type":"","background-media":"","overlay-type":"","overlay-color":"","overlay-opacity":"","overlay-gradient":""},"mobile":{"background-color":"var(--ast-global-color-5)","background-image":"","background-repeat":"repeat","background-position":"center center","background-size":"auto","background-attachment":"scroll","background-type":"","background-media":"","overlay-type":"","overlay-color":"","overlay-opacity":"","overlay-gradient":""}}},"product_brand":[],"product_cat":[16],"product_tag":[],"class_list":{"0":"post-7506","1":"product","2":"type-product","3":"status-publish","4":"has-post-thumbnail","6":"product_cat-cosmetique","7":"desktop-align-center","8":"tablet-align-center","9":"mobile-align-center","11":"first","12":"instock","13":"shipping-taxable","14":"purchasable","15":"product-type-simple"},"aioseo_notices":[],"uagb_featured_image_src":{"full":["https:\/\/allbiomorocco.com\/wp-content\/uploads\/2026\/01\/savon_solid_aker_fassi.jpg",575,1024,false],"thumbnail":["https:\/\/allbiomorocco.com\/wp-content\/uploads\/2026\/01\/savon_solid_aker_fassi-150x150.jpg",150,150,true],"medium":["https:\/\/allbiomorocco.com\/wp-content\/uploads\/2026\/01\/savon_solid_aker_fassi-168x300.jpg",168,300,true],"medium_large":["https:\/\/allbiomorocco.com\/wp-content\/uploads\/2026\/01\/savon_solid_aker_fassi.jpg",575,1024,false],"large":["https:\/\/allbiomorocco.com\/wp-content\/uploads\/2026\/01\/savon_solid_aker_fassi.jpg",575,1024,false],"1536x1536":["https:\/\/allbiomorocco.com\/wp-content\/uploads\/2026\/01\/savon_solid_aker_fassi.jpg",575,1024,false],"2048x2048":["https:\/\/allbiomorocco.com\/wp-content\/uploads\/2026\/01\/savon_solid_aker_fassi.jpg",575,1024,false],"trp-custom-language-flag":["https:\/\/allbiomorocco.com\/wp-content\/uploads\/2026\/01\/savon_solid_aker_fassi-7x12.jpg",7,12,true],"woocommerce_thumbnail":["https:\/\/allbiomorocco.com\/wp-content\/uploads\/2026\/01\/savon_solid_aker_fassi-300x300.jpg",300,300,true],"woocommerce_single":["https:\/\/allbiomorocco.com\/wp-content\/uploads\/2026\/01\/savon_solid_aker_fassi.jpg",575,1024,false],"woocommerce_gallery_thumbnail":["https:\/\/allbiomorocco.com\/wp-content\/uploads\/2026\/01\/savon_solid_aker_fassi-100x100.jpg",100,100,true]},"uagb_author_info":{"display_name":"NOUZHA ABARDAQ","author_link":"https:\/\/allbiomorocco.com\/en\/author\/"},"uagb_comment_info":0,"uagb_excerpt":"Le savon solide \u00e0 l\u2019Aker Fassi est un soin naturel inspir\u00e9 des rituels de beaut\u00e9 marocains. Il est enrichi en poudre d\u2019Aker Fassi, un m\u00e9lange traditionnel de coquelicot s\u00e9ch\u00e9 et d\u2019\u00e9corce de grenade, reconnu pour ses propri\u00e9t\u00e9s cosm\u00e9tiques exceptionnelles. Ce savon est souvent formul\u00e9 avec des huiles v\u00e9g\u00e9tales (huile d\u2019olive, huile d\u2019argan\u2026) pour nettoyer la&hellip;","_links":{"self":[{"href":"https:\/\/allbiomorocco.com\/en\/wp-json\/wp\/v2\/product\/7506","targetHints":{"allow":["GET"]}}],"collection":[{"href":"https:\/\/allbiomorocco.com\/en\/wp-json\/wp\/v2\/product"}],"about":[{"href":"https:\/\/allbiomorocco.com\/en\/wp-json\/wp\/v2\/types\/product"}],"replies":[{"embeddable":true,"href":"https:\/\/allbiomorocco.com\/en\/wp-json\/wp\/v2\/comments?post=7506"}],"wp:featuredmedia":[{"embeddable":true,"href":"https:\/\/allbiomorocco.com\/en\/wp-json\/wp\/v2\/media\/8142"}],"wp:attachment":[{"href":"https:\/\/allbiomorocco.com\/en\/wp-json\/wp\/v2\/media?parent=7506"}],"wp:term":[{"taxonomy":"product_brand","embeddable":true,"href":"https:\/\/allbiomorocco.com\/en\/wp-json\/wp\/v2\/product_brand?post=7506"},{"taxonomy":"product_cat","embeddable":true,"href":"https:\/\/allbiomorocco.com\/en\/wp-json\/wp\/v2\/product_cat?post=7506"},{"taxonomy":"product_tag","embeddable":true,"href":"https:\/\/allbiomorocco.com\/en\/wp-json\/wp\/v2\/product_tag?post=7506"}],"curies":[{"name":"wp","href":"https:\/\/api.w.org\/{rel}","templated":true}]}}