{"id":7507,"date":"2026-01-21T13:49:18","date_gmt":"2026-01-21T13:49:18","guid":{"rendered":"https:\/\/allbiomorocco.com\/?post_type=product&#038;p=7507"},"modified":"2026-04-11T12:44:25","modified_gmt":"2026-04-11T12:44:25","slug":"masque-aker-fassi-200g","status":"publish","type":"product","link":"https:\/\/allbiomorocco.com\/en\/product\/masque-aker-fassi-200g\/","title":{"rendered":"MASQUE Aker Fassi 200g"},"content":{"rendered":"<p>Description<\/p>\n<p>Le Masque Aker Fassi est un soin traditionnel marocain r\u00e9put\u00e9 pour ses vertus \u00e9claircissantes et antioxydantes. Formul\u00e9 \u00e0 base d\u2019Aker Fassi (p\u00e9tales de coquelicot s\u00e9ch\u00e9s et \u00e9corce de grenade), il redonne \u00e9clat et vitalit\u00e9 \u00e0 la peau tout en unifiant le teint. Riche en actifs naturels, il aide \u00e0 r\u00e9duire l\u2019apparence des taches et imperfections, tout en laissant la peau douce et lumineuse.<\/p>\n<p>\u2728 Bienfaits<\/p>\n<p>\u00c9claircit et illumine le teint.<\/p>\n<p>Riche en antioxydants : prot\u00e8ge contre le vieillissement cutan\u00e9.<\/p>\n<p>R\u00e9duit les taches brunes et les imperfections.<\/p>\n<p>Nourrit et adoucit la peau.<\/p>\n<p>Donne \u00e9clat et vitalit\u00e9 au visage et au corps.<\/p>\n<p>Convient \u00e0 tous types de peaux.<\/p>\n<p>Mode d\u2019utilisation<\/p>\n<p>M\u00e9langer une petite quantit\u00e9 de masque avec de l\u2019eau de rose, du yaourt ou du miel pour obtenir une p\u00e2te homog\u00e8ne.<\/p>\n<p>Appliquer en couche fine sur le visage et\/ou le corps propres.<\/p>\n<p>Laisser poser 10 \u00e0 15 minutes puis rincer \u00e0 l\u2019eau ti\u00e8de.<\/p>\n<p>Utiliser 1 \u00e0 2 fois par semaine.<\/p>","protected":false},"excerpt":{"rendered":"<p>Description Le Masque Aker Fassi est un soin traditionnel marocain r\u00e9put\u00e9 pour ses vertus \u00e9claircissantes et antioxydantes. Formul\u00e9 \u00e0 base d\u2019Aker Fassi (p\u00e9tales de coquelicot s\u00e9ch\u00e9s et \u00e9corce de grenade), il redonne \u00e9clat et vitalit\u00e9 \u00e0 la peau tout en unifiant le teint. Riche en actifs naturels, il aide \u00e0 r\u00e9duire l\u2019apparence des taches et [&hellip;]<\/p>\n","protected":false},"featured_media":8138,"comment_status":"open","ping_status":"closed","template":"","meta":{"_uag_custom_page_level_css":"","site-sidebar-layout":"default","site-content-layout":"","ast-site-content-layout":"default","site-content-style":"default","site-sidebar-style":"default","ast-global-header-display":"","ast-banner-title-visibility":"","ast-main-header-display":"","ast-hfb-above-header-display":"","ast-hfb-below-header-display":"","ast-hfb-mobile-header-display":"","site-post-title":"","ast-breadcrumbs-content":"","ast-featured-img":"","footer-sml-layout":"","ast-disable-related-posts":"","theme-transparent-header-meta":"default","adv-header-id-meta":"","stick-header-meta":"","header-above-stick-meta":"","header-main-stick-meta":"","header-below-stick-meta":"","astra-migrate-meta-layouts":"set","ast-page-background-enabled":"default","ast-page-background-meta":{"desktop":{"background-color":"","background-image":"","background-repeat":"repeat","background-position":"center center","background-size":"auto","background-attachment":"scroll","background-type":"","background-media":"","overlay-type":"","overlay-color":"","overlay-opacity":"","overlay-gradient":""},"tablet":{"background-color":"","background-image":"","background-repeat":"repeat","background-position":"center center","background-size":"auto","background-attachment":"scroll","background-type":"","background-media":"","overlay-type":"","overlay-color":"","overlay-opacity":"","overlay-gradient":""},"mobile":{"background-color":"","background-image":"","background-repeat":"repeat","background-position":"center center","background-size":"auto","background-attachment":"scroll","background-type":"","background-media":"","overlay-type":"","overlay-color":"","overlay-opacity":"","overlay-gradient":""}},"ast-content-background-meta":{"desktop":{"background-color":"var(--ast-global-color-5)","background-image":"","background-repeat":"repeat","background-position":"center center","background-size":"auto","background-attachment":"scroll","background-type":"","background-media":"","overlay-type":"","overlay-color":"","overlay-opacity":"","overlay-gradient":""},"tablet":{"background-color":"var(--ast-global-color-5)","background-image":"","background-repeat":"repeat","background-position":"center center","background-size":"auto","background-attachment":"scroll","background-type":"","background-media":"","overlay-type":"","overlay-color":"","overlay-opacity":"","overlay-gradient":""},"mobile":{"background-color":"var(--ast-global-color-5)","background-image":"","background-repeat":"repeat","background-position":"center center","background-size":"auto","background-attachment":"scroll","background-type":"","background-media":"","overlay-type":"","overlay-color":"","overlay-opacity":"","overlay-gradient":""}}},"product_brand":[],"product_cat":[16,34],"product_tag":[],"class_list":{"0":"post-7507","1":"product","2":"type-product","3":"status-publish","4":"has-post-thumbnail","6":"product_cat-cosmetique","7":"product_cat-trending","8":"desktop-align-center","9":"tablet-align-center","10":"mobile-align-center","12":"first","13":"instock","14":"featured","15":"shipping-taxable","16":"purchasable","17":"product-type-simple"},"aioseo_notices":[],"uagb_featured_image_src":{"full":["https:\/\/allbiomorocco.com\/wp-content\/uploads\/2026\/01\/mask_aker_fassi.jpg",709,1024,false],"thumbnail":["https:\/\/allbiomorocco.com\/wp-content\/uploads\/2026\/01\/mask_aker_fassi-150x150.jpg",150,150,true],"medium":["https:\/\/allbiomorocco.com\/wp-content\/uploads\/2026\/01\/mask_aker_fassi-208x300.jpg",208,300,true],"medium_large":["https:\/\/allbiomorocco.com\/wp-content\/uploads\/2026\/01\/mask_aker_fassi.jpg",709,1024,false],"large":["https:\/\/allbiomorocco.com\/wp-content\/uploads\/2026\/01\/mask_aker_fassi.jpg",709,1024,false],"1536x1536":["https:\/\/allbiomorocco.com\/wp-content\/uploads\/2026\/01\/mask_aker_fassi.jpg",709,1024,false],"2048x2048":["https:\/\/allbiomorocco.com\/wp-content\/uploads\/2026\/01\/mask_aker_fassi.jpg",709,1024,false],"trp-custom-language-flag":["https:\/\/allbiomorocco.com\/wp-content\/uploads\/2026\/01\/mask_aker_fassi-8x12.jpg",8,12,true],"woocommerce_thumbnail":["https:\/\/allbiomorocco.com\/wp-content\/uploads\/2026\/01\/mask_aker_fassi-300x300.jpg",300,300,true],"woocommerce_single":["https:\/\/allbiomorocco.com\/wp-content\/uploads\/2026\/01\/mask_aker_fassi-600x867.jpg",600,867,true],"woocommerce_gallery_thumbnail":["https:\/\/allbiomorocco.com\/wp-content\/uploads\/2026\/01\/mask_aker_fassi-100x100.jpg",100,100,true]},"uagb_author_info":{"display_name":"NOUZHA ABARDAQ","author_link":"https:\/\/allbiomorocco.com\/en\/author\/"},"uagb_comment_info":0,"uagb_excerpt":"Description Le Masque Aker Fassi est un soin traditionnel marocain r\u00e9put\u00e9 pour ses vertus \u00e9claircissantes et antioxydantes. Formul\u00e9 \u00e0 base d\u2019Aker Fassi (p\u00e9tales de coquelicot s\u00e9ch\u00e9s et \u00e9corce de grenade), il redonne \u00e9clat et vitalit\u00e9 \u00e0 la peau tout en unifiant le teint. Riche en actifs naturels, il aide \u00e0 r\u00e9duire l\u2019apparence des taches et&hellip;","_links":{"self":[{"href":"https:\/\/allbiomorocco.com\/en\/wp-json\/wp\/v2\/product\/7507","targetHints":{"allow":["GET"]}}],"collection":[{"href":"https:\/\/allbiomorocco.com\/en\/wp-json\/wp\/v2\/product"}],"about":[{"href":"https:\/\/allbiomorocco.com\/en\/wp-json\/wp\/v2\/types\/product"}],"replies":[{"embeddable":true,"href":"https:\/\/allbiomorocco.com\/en\/wp-json\/wp\/v2\/comments?post=7507"}],"wp:featuredmedia":[{"embeddable":true,"href":"https:\/\/allbiomorocco.com\/en\/wp-json\/wp\/v2\/media\/8138"}],"wp:attachment":[{"href":"https:\/\/allbiomorocco.com\/en\/wp-json\/wp\/v2\/media?parent=7507"}],"wp:term":[{"taxonomy":"product_brand","embeddable":true,"href":"https:\/\/allbiomorocco.com\/en\/wp-json\/wp\/v2\/product_brand?post=7507"},{"taxonomy":"product_cat","embeddable":true,"href":"https:\/\/allbiomorocco.com\/en\/wp-json\/wp\/v2\/product_cat?post=7507"},{"taxonomy":"product_tag","embeddable":true,"href":"https:\/\/allbiomorocco.com\/en\/wp-json\/wp\/v2\/product_tag?post=7507"}],"curies":[{"name":"wp","href":"https:\/\/api.w.org\/{rel}","templated":true}]}}