{"id":7508,"date":"2026-01-21T13:49:18","date_gmt":"2026-01-21T13:49:18","guid":{"rendered":"https:\/\/allbiomorocco.com\/?post_type=product&#038;p=7508"},"modified":"2026-04-11T13:29:31","modified_gmt":"2026-04-11T13:29:31","slug":"savon-traditionnel-aker-fassi-200g","status":"publish","type":"product","link":"https:\/\/allbiomorocco.com\/en\/product\/savon-traditionnel-aker-fassi-200g\/","title":{"rendered":"Metlya  Aker Fassi"},"content":{"rendered":"<p data-start=\"52\" data-end=\"418\">La <em data-start=\"75\" data-end=\"94\">Metlya Aker Fassi<\/em> est un soin traditionnel marocain riche et concentr\u00e9, inspir\u00e9 des rituels ancestraux de beaut\u00e9. Elle est g\u00e9n\u00e9ralement compos\u00e9e d\u2019un m\u00e9lange d\u2019<strong data-start=\"237\" data-end=\"251\">Aker Fassi<\/strong> (poudre de coquelicot et \u00e9corce de grenade), associ\u00e9 \u00e0 des huiles v\u00e9g\u00e9tales, beurres naturels ou bases nourrissantes (comme le beurre de karit\u00e9 ou huiles pr\u00e9cieuses).<\/p>\n<p data-start=\"420\" data-end=\"632\">Sa texture est souvent <strong data-start=\"443\" data-end=\"478\">onctueuse ou l\u00e9g\u00e8rement p\u00e2teuse<\/strong>, ce qui permet une application facile sur le corps, le visage ou m\u00eame les l\u00e8vres. Elle est utilis\u00e9e comme soin embellissant, nourrissant et illuminateur.<\/p>\n<p data-start=\"634\" data-end=\"786\">L\u2019Aker Fassi, ingr\u00e9dient principal, est reconnu pour ses propri\u00e9t\u00e9s <strong data-start=\"702\" data-end=\"746\">antioxydantes, hydratantes et apaisantes<\/strong><\/p>\n<h3 data-section-id=\"zf9wi8\" data-start=\"793\" data-end=\"832\">\u2728 Bienfaits de la Metlya Aker Fassi<\/h3>\n<p data-start=\"834\" data-end=\"949\">\ud83c\udf38 <strong data-start=\"837\" data-end=\"869\">Illumine et donne bonne mine<\/strong><br data-start=\"869\" data-end=\"872\" \/>Apporte un effet teint frais naturel gr\u00e2ce aux pigments rouges du coquelicot.<\/p>\n<p data-start=\"951\" data-end=\"1053\">\ud83c\udf3f <strong data-start=\"954\" data-end=\"988\">Hydrate et nourrit intens\u00e9ment<\/strong><br data-start=\"988\" data-end=\"991\" \/>Maintient l\u2019hydratation de la peau et la rend douce et souple.<\/p>\n<p data-start=\"1055\" data-end=\"1135\">\ud83e\uddd6\u200d\u2640\ufe0f <strong data-start=\"1061\" data-end=\"1080\">Unifie le teint<\/strong><br data-start=\"1080\" data-end=\"1083\" \/>Aide \u00e0 r\u00e9duire les taches et \u00e0 homog\u00e9n\u00e9iser la peau.<\/p>\n<p data-start=\"1137\" data-end=\"1242\">\ud83d\udca7 <strong data-start=\"1140\" data-end=\"1175\">Effet repulpant et embellissant<\/strong><br data-start=\"1175\" data-end=\"1178\" \/>Id\u00e9al pour les l\u00e8vres et les joues, donne un effet naturel ros\u00e9.<\/p>\n<p data-start=\"1244\" data-end=\"1412\">\ud83d\udee1\ufe0f <strong data-start=\"1248\" data-end=\"1282\">Action antioxydante &amp; anti-\u00e2ge<\/strong><br data-start=\"1282\" data-end=\"1285\" \/>Prot\u00e8ge la peau contre le vieillissement pr\u00e9matur\u00e9 gr\u00e2ce aux polyph\u00e9nols et flavono\u00efdes<\/p>\n<p data-start=\"1414\" data-end=\"1503\">\ud83c\udf3a <strong data-start=\"1417\" data-end=\"1446\">Apaise et adoucit la peau<\/strong><br data-start=\"1446\" data-end=\"1449\" \/>Calme les irritations et convient aux peaux sensibles.<\/p>","protected":false},"excerpt":{"rendered":"<p>La Metlya Aker Fassi est un soin traditionnel marocain riche et concentr\u00e9, inspir\u00e9 des rituels ancestraux de beaut\u00e9. Elle est g\u00e9n\u00e9ralement compos\u00e9e d\u2019un m\u00e9lange d\u2019Aker Fassi (poudre de coquelicot et \u00e9corce de grenade), associ\u00e9 \u00e0 des huiles v\u00e9g\u00e9tales, beurres naturels ou bases nourrissantes (comme le beurre de karit\u00e9 ou huiles pr\u00e9cieuses). Sa texture est souvent [&hellip;]<\/p>\n","protected":false},"featured_media":8149,"comment_status":"open","ping_status":"closed","template":"","meta":{"_uag_custom_page_level_css":"","site-sidebar-layout":"default","site-content-layout":"","ast-site-content-layout":"default","site-content-style":"default","site-sidebar-style":"default","ast-global-header-display":"","ast-banner-title-visibility":"","ast-main-header-display":"","ast-hfb-above-header-display":"","ast-hfb-below-header-display":"","ast-hfb-mobile-header-display":"","site-post-title":"","ast-breadcrumbs-content":"","ast-featured-img":"","footer-sml-layout":"","ast-disable-related-posts":"","theme-transparent-header-meta":"default","adv-header-id-meta":"","stick-header-meta":"","header-above-stick-meta":"","header-main-stick-meta":"","header-below-stick-meta":"","astra-migrate-meta-layouts":"set","ast-page-background-enabled":"default","ast-page-background-meta":{"desktop":{"background-color":"","background-image":"","background-repeat":"repeat","background-position":"center center","background-size":"auto","background-attachment":"scroll","background-type":"","background-media":"","overlay-type":"","overlay-color":"","overlay-opacity":"","overlay-gradient":""},"tablet":{"background-color":"","background-image":"","background-repeat":"repeat","background-position":"center center","background-size":"auto","background-attachment":"scroll","background-type":"","background-media":"","overlay-type":"","overlay-color":"","overlay-opacity":"","overlay-gradient":""},"mobile":{"background-color":"","background-image":"","background-repeat":"repeat","background-position":"center center","background-size":"auto","background-attachment":"scroll","background-type":"","background-media":"","overlay-type":"","overlay-color":"","overlay-opacity":"","overlay-gradient":""}},"ast-content-background-meta":{"desktop":{"background-color":"var(--ast-global-color-5)","background-image":"","background-repeat":"repeat","background-position":"center center","background-size":"auto","background-attachment":"scroll","background-type":"","background-media":"","overlay-type":"","overlay-color":"","overlay-opacity":"","overlay-gradient":""},"tablet":{"background-color":"var(--ast-global-color-5)","background-image":"","background-repeat":"repeat","background-position":"center center","background-size":"auto","background-attachment":"scroll","background-type":"","background-media":"","overlay-type":"","overlay-color":"","overlay-opacity":"","overlay-gradient":""},"mobile":{"background-color":"var(--ast-global-color-5)","background-image":"","background-repeat":"repeat","background-position":"center center","background-size":"auto","background-attachment":"scroll","background-type":"","background-media":"","overlay-type":"","overlay-color":"","overlay-opacity":"","overlay-gradient":""}}},"product_brand":[],"product_cat":[16],"product_tag":[],"class_list":{"0":"post-7508","1":"product","2":"type-product","3":"status-publish","4":"has-post-thumbnail","6":"product_cat-cosmetique","7":"desktop-align-center","8":"tablet-align-center","9":"mobile-align-center","11":"first","12":"instock","13":"shipping-taxable","14":"purchasable","15":"product-type-simple"},"aioseo_notices":[],"uagb_featured_image_src":{"full":["https:\/\/allbiomorocco.com\/wp-content\/uploads\/2026\/01\/metliya.jpg",714,1024,false],"thumbnail":["https:\/\/allbiomorocco.com\/wp-content\/uploads\/2026\/01\/metliya-150x150.jpg",150,150,true],"medium":["https:\/\/allbiomorocco.com\/wp-content\/uploads\/2026\/01\/metliya-209x300.jpg",209,300,true],"medium_large":["https:\/\/allbiomorocco.com\/wp-content\/uploads\/2026\/01\/metliya.jpg",714,1024,false],"large":["https:\/\/allbiomorocco.com\/wp-content\/uploads\/2026\/01\/metliya.jpg",714,1024,false],"1536x1536":["https:\/\/allbiomorocco.com\/wp-content\/uploads\/2026\/01\/metliya.jpg",714,1024,false],"2048x2048":["https:\/\/allbiomorocco.com\/wp-content\/uploads\/2026\/01\/metliya.jpg",714,1024,false],"trp-custom-language-flag":["https:\/\/allbiomorocco.com\/wp-content\/uploads\/2026\/01\/metliya-8x12.jpg",8,12,true],"woocommerce_thumbnail":["https:\/\/allbiomorocco.com\/wp-content\/uploads\/2026\/01\/metliya-300x300.jpg",300,300,true],"woocommerce_single":["https:\/\/allbiomorocco.com\/wp-content\/uploads\/2026\/01\/metliya-600x861.jpg",600,861,true],"woocommerce_gallery_thumbnail":["https:\/\/allbiomorocco.com\/wp-content\/uploads\/2026\/01\/metliya-100x100.jpg",100,100,true]},"uagb_author_info":{"display_name":"NOUZHA ABARDAQ","author_link":"https:\/\/allbiomorocco.com\/en\/author\/"},"uagb_comment_info":0,"uagb_excerpt":"La Metlya Aker Fassi est un soin traditionnel marocain riche et concentr\u00e9, inspir\u00e9 des rituels ancestraux de beaut\u00e9. Elle est g\u00e9n\u00e9ralement compos\u00e9e d\u2019un m\u00e9lange d\u2019Aker Fassi (poudre de coquelicot et \u00e9corce de grenade), associ\u00e9 \u00e0 des huiles v\u00e9g\u00e9tales, beurres naturels ou bases nourrissantes (comme le beurre de karit\u00e9 ou huiles pr\u00e9cieuses). Sa texture est souvent&hellip;","_links":{"self":[{"href":"https:\/\/allbiomorocco.com\/en\/wp-json\/wp\/v2\/product\/7508","targetHints":{"allow":["GET"]}}],"collection":[{"href":"https:\/\/allbiomorocco.com\/en\/wp-json\/wp\/v2\/product"}],"about":[{"href":"https:\/\/allbiomorocco.com\/en\/wp-json\/wp\/v2\/types\/product"}],"replies":[{"embeddable":true,"href":"https:\/\/allbiomorocco.com\/en\/wp-json\/wp\/v2\/comments?post=7508"}],"wp:featuredmedia":[{"embeddable":true,"href":"https:\/\/allbiomorocco.com\/en\/wp-json\/wp\/v2\/media\/8149"}],"wp:attachment":[{"href":"https:\/\/allbiomorocco.com\/en\/wp-json\/wp\/v2\/media?parent=7508"}],"wp:term":[{"taxonomy":"product_brand","embeddable":true,"href":"https:\/\/allbiomorocco.com\/en\/wp-json\/wp\/v2\/product_brand?post=7508"},{"taxonomy":"product_cat","embeddable":true,"href":"https:\/\/allbiomorocco.com\/en\/wp-json\/wp\/v2\/product_cat?post=7508"},{"taxonomy":"product_tag","embeddable":true,"href":"https:\/\/allbiomorocco.com\/en\/wp-json\/wp\/v2\/product_tag?post=7508"}],"curies":[{"name":"wp","href":"https:\/\/api.w.org\/{rel}","templated":true}]}}