{"id":7512,"date":"2026-01-21T13:49:18","date_gmt":"2026-01-21T13:49:18","guid":{"rendered":"https:\/\/allbiomorocco.com\/?post_type=product&#038;p=7512"},"modified":"2026-04-11T10:41:47","modified_gmt":"2026-04-11T10:41:47","slug":"creme-kaabe-hawanim","status":"publish","type":"product","link":"https:\/\/allbiomorocco.com\/en\/product\/creme-kaabe-hawanim\/","title":{"rendered":"Savon Noir Aker Fassi"},"content":{"rendered":"<p data-start=\"348\" data-end=\"549\">Ce savon se pr\u00e9sente sous forme de p\u00e2te onctueuse, de couleur brun fonc\u00e9 avec parfois des reflets rouges. Il est utilis\u00e9 pour <strong data-start=\"474\" data-end=\"516\">nettoyer, exfolier et pr\u00e9parer la peau<\/strong> au gommage avec le gant kessa.<\/p>\n<p data-start=\"551\" data-end=\"706\">Sa composition naturelle (huile d\u2019olive + Aker Fassi) en fait un soin doux et efficace adapt\u00e9 \u00e0 tous types de peau.<\/p>\n<h2 data-section-id=\"p4bcsk\" data-start=\"713\" data-end=\"727\">\u2728 Bienfaits<\/h2>\n<h3 data-section-id=\"1v3xqwm\" data-start=\"729\" data-end=\"750\">\ud83c\udf38 Pour la peau<\/h3>\n<ul data-start=\"751\" data-end=\"1045\">\n<li data-section-id=\"160ezhe\" data-start=\"751\" data-end=\"791\">Nettoie et <strong data-start=\"764\" data-end=\"789\">purifie en profondeur<\/strong><\/li>\n<li data-section-id=\"1yhtgru\" data-start=\"792\" data-end=\"827\">\u00c9limine les <strong data-start=\"806\" data-end=\"825\">cellules mortes<\/strong><\/li>\n<li data-section-id=\"knsl6r\" data-start=\"828\" data-end=\"866\">\u00c9claircit et <strong data-start=\"843\" data-end=\"864\">illumine le teint<\/strong><\/li>\n<li data-section-id=\"1csi0s0\" data-start=\"867\" data-end=\"915\">Aide \u00e0 unifier la peau et r\u00e9duire les taches<\/li>\n<li data-section-id=\"51rqgx\" data-start=\"916\" data-end=\"961\">Rend la peau <strong data-start=\"931\" data-end=\"959\">douce, lisse et velout\u00e9e<\/strong><\/li>\n<li data-section-id=\"16zv8aw\" data-start=\"962\" data-end=\"1045\">Favorise le <strong data-start=\"976\" data-end=\"1005\">renouvellement cellulaire<\/strong><\/li>\n<\/ul>\n<h3 data-section-id=\"6y4uyt\" data-start=\"1047\" data-end=\"1071\">\ud83d\udc86\u200d\u2640\ufe0f Effet beaut\u00e9<\/h3>\n<ul data-start=\"1072\" data-end=\"1195\">\n<li data-section-id=\"syazq3\" data-start=\"1072\" data-end=\"1113\">Donne un <strong data-start=\"1083\" data-end=\"1111\">effet bonne mine naturel<\/strong><\/li>\n<li data-section-id=\"zndb1f\" data-start=\"1114\" data-end=\"1157\">Apporte un teint plus frais et lumineux<\/li>\n<li data-section-id=\"g7olpr\" data-start=\"1158\" data-end=\"1195\">Laisse la peau propre et parfum\u00e9e<\/li>\n<\/ul>\n<h3 data-section-id=\"b2gnwd\" data-start=\"1197\" data-end=\"1218\">\ud83e\uddd6\u200d\u2640\ufe0f Au hammam<\/h3>\n<ul data-start=\"1219\" data-end=\"1381\">\n<li data-section-id=\"10ey5vd\" data-start=\"1219\" data-end=\"1259\">Pr\u00e9pare la peau au <strong data-start=\"1240\" data-end=\"1257\">gommage kessa<\/strong><\/li>\n<li data-section-id=\"1864dhx\" data-start=\"1260\" data-end=\"1300\">Facilite l\u2019\u00e9limination des impuret\u00e9s<\/li>\n<li data-section-id=\"15y41ee\" data-start=\"1301\" data-end=\"1381\">Offre un effet <strong data-start=\"1318\" data-end=\"1341\">peau neuve imm\u00e9dia<\/strong><\/li>\n<\/ul>\n<p>&nbsp;<\/p>","protected":false},"excerpt":{"rendered":"<p>Ce savon se pr\u00e9sente sous forme de p\u00e2te onctueuse, de couleur brun fonc\u00e9 avec parfois des reflets rouges. Il est utilis\u00e9 pour nettoyer, exfolier et pr\u00e9parer la peau au gommage avec le gant kessa. Sa composition naturelle (huile d\u2019olive + Aker Fassi) en fait un soin doux et efficace adapt\u00e9 \u00e0 tous types de peau. [&hellip;]<\/p>\n","protected":false},"featured_media":8115,"comment_status":"open","ping_status":"closed","template":"","meta":{"_uag_custom_page_level_css":"","site-sidebar-layout":"default","site-content-layout":"","ast-site-content-layout":"default","site-content-style":"default","site-sidebar-style":"default","ast-global-header-display":"","ast-banner-title-visibility":"","ast-main-header-display":"","ast-hfb-above-header-display":"","ast-hfb-below-header-display":"","ast-hfb-mobile-header-display":"","site-post-title":"","ast-breadcrumbs-content":"","ast-featured-img":"","footer-sml-layout":"","ast-disable-related-posts":"","theme-transparent-header-meta":"default","adv-header-id-meta":"","stick-header-meta":"","header-above-stick-meta":"","header-main-stick-meta":"","header-below-stick-meta":"","astra-migrate-meta-layouts":"set","ast-page-background-enabled":"default","ast-page-background-meta":{"desktop":{"background-color":"","background-image":"","background-repeat":"repeat","background-position":"center center","background-size":"auto","background-attachment":"scroll","background-type":"","background-media":"","overlay-type":"","overlay-color":"","overlay-opacity":"","overlay-gradient":""},"tablet":{"background-color":"","background-image":"","background-repeat":"repeat","background-position":"center center","background-size":"auto","background-attachment":"scroll","background-type":"","background-media":"","overlay-type":"","overlay-color":"","overlay-opacity":"","overlay-gradient":""},"mobile":{"background-color":"","background-image":"","background-repeat":"repeat","background-position":"center center","background-size":"auto","background-attachment":"scroll","background-type":"","background-media":"","overlay-type":"","overlay-color":"","overlay-opacity":"","overlay-gradient":""}},"ast-content-background-meta":{"desktop":{"background-color":"var(--ast-global-color-5)","background-image":"","background-repeat":"repeat","background-position":"center center","background-size":"auto","background-attachment":"scroll","background-type":"","background-media":"","overlay-type":"","overlay-color":"","overlay-opacity":"","overlay-gradient":""},"tablet":{"background-color":"var(--ast-global-color-5)","background-image":"","background-repeat":"repeat","background-position":"center center","background-size":"auto","background-attachment":"scroll","background-type":"","background-media":"","overlay-type":"","overlay-color":"","overlay-opacity":"","overlay-gradient":""},"mobile":{"background-color":"var(--ast-global-color-5)","background-image":"","background-repeat":"repeat","background-position":"center center","background-size":"auto","background-attachment":"scroll","background-type":"","background-media":"","overlay-type":"","overlay-color":"","overlay-opacity":"","overlay-gradient":""}}},"product_brand":[],"product_cat":[16],"product_tag":[],"class_list":{"0":"post-7512","1":"product","2":"type-product","3":"status-publish","4":"has-post-thumbnail","6":"product_cat-cosmetique","7":"desktop-align-center","8":"tablet-align-center","9":"mobile-align-center","11":"first","12":"instock","13":"shipping-taxable","14":"purchasable","15":"product-type-simple"},"aioseo_notices":[],"uagb_featured_image_src":{"full":["https:\/\/allbiomorocco.com\/wp-content\/uploads\/2026\/01\/savon_traditionel_aker_fassi.jpg",575,1024,false],"thumbnail":["https:\/\/allbiomorocco.com\/wp-content\/uploads\/2026\/01\/savon_traditionel_aker_fassi-150x150.jpg",150,150,true],"medium":["https:\/\/allbiomorocco.com\/wp-content\/uploads\/2026\/01\/savon_traditionel_aker_fassi-168x300.jpg",168,300,true],"medium_large":["https:\/\/allbiomorocco.com\/wp-content\/uploads\/2026\/01\/savon_traditionel_aker_fassi.jpg",575,1024,false],"large":["https:\/\/allbiomorocco.com\/wp-content\/uploads\/2026\/01\/savon_traditionel_aker_fassi.jpg",575,1024,false],"1536x1536":["https:\/\/allbiomorocco.com\/wp-content\/uploads\/2026\/01\/savon_traditionel_aker_fassi.jpg",575,1024,false],"2048x2048":["https:\/\/allbiomorocco.com\/wp-content\/uploads\/2026\/01\/savon_traditionel_aker_fassi.jpg",575,1024,false],"trp-custom-language-flag":["https:\/\/allbiomorocco.com\/wp-content\/uploads\/2026\/01\/savon_traditionel_aker_fassi-7x12.jpg",7,12,true],"woocommerce_thumbnail":["https:\/\/allbiomorocco.com\/wp-content\/uploads\/2026\/01\/savon_traditionel_aker_fassi-300x300.jpg",300,300,true],"woocommerce_single":["https:\/\/allbiomorocco.com\/wp-content\/uploads\/2026\/01\/savon_traditionel_aker_fassi.jpg",575,1024,false],"woocommerce_gallery_thumbnail":["https:\/\/allbiomorocco.com\/wp-content\/uploads\/2026\/01\/savon_traditionel_aker_fassi-100x100.jpg",100,100,true]},"uagb_author_info":{"display_name":"NOUZHA ABARDAQ","author_link":"https:\/\/allbiomorocco.com\/en\/author\/"},"uagb_comment_info":0,"uagb_excerpt":"Ce savon se pr\u00e9sente sous forme de p\u00e2te onctueuse, de couleur brun fonc\u00e9 avec parfois des reflets rouges. Il est utilis\u00e9 pour nettoyer, exfolier et pr\u00e9parer la peau au gommage avec le gant kessa. Sa composition naturelle (huile d\u2019olive + Aker Fassi) en fait un soin doux et efficace adapt\u00e9 \u00e0 tous types de peau.&hellip;","_links":{"self":[{"href":"https:\/\/allbiomorocco.com\/en\/wp-json\/wp\/v2\/product\/7512","targetHints":{"allow":["GET"]}}],"collection":[{"href":"https:\/\/allbiomorocco.com\/en\/wp-json\/wp\/v2\/product"}],"about":[{"href":"https:\/\/allbiomorocco.com\/en\/wp-json\/wp\/v2\/types\/product"}],"replies":[{"embeddable":true,"href":"https:\/\/allbiomorocco.com\/en\/wp-json\/wp\/v2\/comments?post=7512"}],"wp:featuredmedia":[{"embeddable":true,"href":"https:\/\/allbiomorocco.com\/en\/wp-json\/wp\/v2\/media\/8115"}],"wp:attachment":[{"href":"https:\/\/allbiomorocco.com\/en\/wp-json\/wp\/v2\/media?parent=7512"}],"wp:term":[{"taxonomy":"product_brand","embeddable":true,"href":"https:\/\/allbiomorocco.com\/en\/wp-json\/wp\/v2\/product_brand?post=7512"},{"taxonomy":"product_cat","embeddable":true,"href":"https:\/\/allbiomorocco.com\/en\/wp-json\/wp\/v2\/product_cat?post=7512"},{"taxonomy":"product_tag","embeddable":true,"href":"https:\/\/allbiomorocco.com\/en\/wp-json\/wp\/v2\/product_tag?post=7512"}],"curies":[{"name":"wp","href":"https:\/\/api.w.org\/{rel}","templated":true}]}}