{"id":7513,"date":"2026-01-21T13:49:18","date_gmt":"2026-01-21T13:49:18","guid":{"rendered":"https:\/\/allbiomorocco.com\/?post_type=product&#038;p=7513"},"modified":"2026-04-11T13:35:31","modified_gmt":"2026-04-11T13:35:31","slug":"gommage-buccal-aker-el-fassi","status":"publish","type":"product","link":"https:\/\/allbiomorocco.com\/en\/product\/gommage-buccal-aker-el-fassi\/","title":{"rendered":"Cr\u00e8me Romarin"},"content":{"rendered":"<h3 data-section-id=\"1wuazkh\" data-start=\"126\" data-end=\"167\"><span role=\"text\">\ud83c\udf3f <strong data-start=\"133\" data-end=\"167\">Cr\u00e8me au Romarin \u2013 Description<\/strong><\/span><\/h3>\n<p data-start=\"169\" data-end=\"459\">La cr\u00e8me au romarin est un soin naturel enrichi en extrait de <span class=\"hover:entity-accent entity-underline inline cursor-pointer align-baseline\"><span class=\"whitespace-normal\">Romarin (Rosmarinus officinalis)<\/span><\/span>, reconnue pour ses propri\u00e9t\u00e9s purifiantes, stimulantes et tonifiantes. Sa texture l\u00e9g\u00e8re p\u00e9n\u00e8tre rapidement la peau, offrant hydratation et fra\u00eecheur tout en revitalisant les tissus cutan\u00e9s.<\/p>\n<p data-start=\"461\" data-end=\"585\">Formul\u00e9e \u00e0 base d\u2019ingr\u00e9dients naturels, cette cr\u00e8me convient \u00e0 tous les types de peau, notamment les peaux mixtes \u00e0 grasses.<\/p>\n<h3 data-section-id=\"1e3vomi\" data-start=\"592\" data-end=\"634\"><span role=\"text\">\u2728 <strong data-start=\"598\" data-end=\"634\">Bienfaits de la Cr\u00e8me au Romarin<\/strong><\/span><\/h3>\n<ul data-start=\"636\" data-end=\"1098\">\n<li data-section-id=\"1en1gkq\" data-start=\"636\" data-end=\"721\">\ud83c\udf31 <strong data-start=\"641\" data-end=\"660\">Purifie la peau<\/strong> : aide \u00e0 \u00e9liminer les impuret\u00e9s et r\u00e9duit l\u2019exc\u00e8s de s\u00e9bum<\/li>\n<li data-section-id=\"ilrvsi\" data-start=\"722\" data-end=\"798\">\ud83d\udca7 <strong data-start=\"727\" data-end=\"752\">Hydrate en profondeur<\/strong> : maintient l\u2019\u00e9quilibre hydrique de la peau<\/li>\n<li data-section-id=\"8bu4o7\" data-start=\"799\" data-end=\"861\">\ud83c\udf38 <strong data-start=\"804\" data-end=\"826\">Resserre les pores<\/strong> : am\u00e9liore la texture de la peau<\/li>\n<li data-section-id=\"ysu0ts\" data-start=\"862\" data-end=\"944\">\ud83d\udd25 <strong data-start=\"867\" data-end=\"902\">Stimule la circulation sanguine<\/strong> : donne un teint plus \u00e9clatant et frais<\/li>\n<li data-section-id=\"scunx0\" data-start=\"945\" data-end=\"1031\">\ud83d\udee1\ufe0f <strong data-start=\"951\" data-end=\"977\">Action antibact\u00e9rienne<\/strong> : aide \u00e0 lutter contre les imperfections et boutons<\/li>\n<li data-section-id=\"1q7x7en\" data-start=\"1032\" data-end=\"1098\">\ud83c\udf3f <strong data-start=\"1037\" data-end=\"1056\">Effet tonifiant<\/strong> : redonne vitalit\u00e9 et fermet\u00e9 \u00e0 la peau<\/li>\n<\/ul>","protected":false},"excerpt":{"rendered":"<p>\ud83c\udf3f Cr\u00e8me au Romarin \u2013 Description La cr\u00e8me au romarin est un soin naturel enrichi en extrait de Romarin (Rosmarinus officinalis), reconnue pour ses propri\u00e9t\u00e9s purifiantes, stimulantes et tonifiantes. Sa texture l\u00e9g\u00e8re p\u00e9n\u00e8tre rapidement la peau, offrant hydratation et fra\u00eecheur tout en revitalisant les tissus cutan\u00e9s. Formul\u00e9e \u00e0 base d\u2019ingr\u00e9dients naturels, cette cr\u00e8me convient \u00e0 [&hellip;]<\/p>\n","protected":false},"featured_media":8151,"comment_status":"open","ping_status":"closed","template":"","meta":{"_uag_custom_page_level_css":"","site-sidebar-layout":"default","site-content-layout":"","ast-site-content-layout":"default","site-content-style":"default","site-sidebar-style":"default","ast-global-header-display":"","ast-banner-title-visibility":"","ast-main-header-display":"","ast-hfb-above-header-display":"","ast-hfb-below-header-display":"","ast-hfb-mobile-header-display":"","site-post-title":"","ast-breadcrumbs-content":"","ast-featured-img":"","footer-sml-layout":"","ast-disable-related-posts":"","theme-transparent-header-meta":"default","adv-header-id-meta":"","stick-header-meta":"","header-above-stick-meta":"","header-main-stick-meta":"","header-below-stick-meta":"","astra-migrate-meta-layouts":"set","ast-page-background-enabled":"default","ast-page-background-meta":{"desktop":{"background-color":"","background-image":"","background-repeat":"repeat","background-position":"center center","background-size":"auto","background-attachment":"scroll","background-type":"","background-media":"","overlay-type":"","overlay-color":"","overlay-opacity":"","overlay-gradient":""},"tablet":{"background-color":"","background-image":"","background-repeat":"repeat","background-position":"center center","background-size":"auto","background-attachment":"scroll","background-type":"","background-media":"","overlay-type":"","overlay-color":"","overlay-opacity":"","overlay-gradient":""},"mobile":{"background-color":"","background-image":"","background-repeat":"repeat","background-position":"center center","background-size":"auto","background-attachment":"scroll","background-type":"","background-media":"","overlay-type":"","overlay-color":"","overlay-opacity":"","overlay-gradient":""}},"ast-content-background-meta":{"desktop":{"background-color":"var(--ast-global-color-5)","background-image":"","background-repeat":"repeat","background-position":"center center","background-size":"auto","background-attachment":"scroll","background-type":"","background-media":"","overlay-type":"","overlay-color":"","overlay-opacity":"","overlay-gradient":""},"tablet":{"background-color":"var(--ast-global-color-5)","background-image":"","background-repeat":"repeat","background-position":"center center","background-size":"auto","background-attachment":"scroll","background-type":"","background-media":"","overlay-type":"","overlay-color":"","overlay-opacity":"","overlay-gradient":""},"mobile":{"background-color":"var(--ast-global-color-5)","background-image":"","background-repeat":"repeat","background-position":"center center","background-size":"auto","background-attachment":"scroll","background-type":"","background-media":"","overlay-type":"","overlay-color":"","overlay-opacity":"","overlay-gradient":""}}},"product_brand":[],"product_cat":[16],"product_tag":[],"class_list":{"0":"post-7513","1":"product","2":"type-product","3":"status-publish","4":"has-post-thumbnail","6":"product_cat-cosmetique","7":"desktop-align-center","8":"tablet-align-center","9":"mobile-align-center","11":"first","12":"instock","13":"shipping-taxable","14":"purchasable","15":"product-type-simple"},"aioseo_notices":[],"uagb_featured_image_src":{"full":["https:\/\/allbiomorocco.com\/wp-content\/uploads\/2026\/01\/creme_romarin.jpg",1024,1024,false],"thumbnail":["https:\/\/allbiomorocco.com\/wp-content\/uploads\/2026\/01\/creme_romarin-150x150.jpg",150,150,true],"medium":["https:\/\/allbiomorocco.com\/wp-content\/uploads\/2026\/01\/creme_romarin-300x300.jpg",300,300,true],"medium_large":["https:\/\/allbiomorocco.com\/wp-content\/uploads\/2026\/01\/creme_romarin-768x768.jpg",768,768,true],"large":["https:\/\/allbiomorocco.com\/wp-content\/uploads\/2026\/01\/creme_romarin.jpg",1024,1024,false],"1536x1536":["https:\/\/allbiomorocco.com\/wp-content\/uploads\/2026\/01\/creme_romarin.jpg",1024,1024,false],"2048x2048":["https:\/\/allbiomorocco.com\/wp-content\/uploads\/2026\/01\/creme_romarin.jpg",1024,1024,false],"trp-custom-language-flag":["https:\/\/allbiomorocco.com\/wp-content\/uploads\/2026\/01\/creme_romarin-12x12.jpg",12,12,true],"woocommerce_thumbnail":["https:\/\/allbiomorocco.com\/wp-content\/uploads\/2026\/01\/creme_romarin-300x300.jpg",300,300,true],"woocommerce_single":["https:\/\/allbiomorocco.com\/wp-content\/uploads\/2026\/01\/creme_romarin-600x600.jpg",600,600,true],"woocommerce_gallery_thumbnail":["https:\/\/allbiomorocco.com\/wp-content\/uploads\/2026\/01\/creme_romarin-100x100.jpg",100,100,true]},"uagb_author_info":{"display_name":"NOUZHA ABARDAQ","author_link":"https:\/\/allbiomorocco.com\/en\/author\/"},"uagb_comment_info":0,"uagb_excerpt":"\ud83c\udf3f Cr\u00e8me au Romarin \u2013 Description La cr\u00e8me au romarin est un soin naturel enrichi en extrait de Romarin (Rosmarinus officinalis), reconnue pour ses propri\u00e9t\u00e9s purifiantes, stimulantes et tonifiantes. Sa texture l\u00e9g\u00e8re p\u00e9n\u00e8tre rapidement la peau, offrant hydratation et fra\u00eecheur tout en revitalisant les tissus cutan\u00e9s. Formul\u00e9e \u00e0 base d\u2019ingr\u00e9dients naturels, cette cr\u00e8me convient \u00e0&hellip;","_links":{"self":[{"href":"https:\/\/allbiomorocco.com\/en\/wp-json\/wp\/v2\/product\/7513","targetHints":{"allow":["GET"]}}],"collection":[{"href":"https:\/\/allbiomorocco.com\/en\/wp-json\/wp\/v2\/product"}],"about":[{"href":"https:\/\/allbiomorocco.com\/en\/wp-json\/wp\/v2\/types\/product"}],"replies":[{"embeddable":true,"href":"https:\/\/allbiomorocco.com\/en\/wp-json\/wp\/v2\/comments?post=7513"}],"wp:featuredmedia":[{"embeddable":true,"href":"https:\/\/allbiomorocco.com\/en\/wp-json\/wp\/v2\/media\/8151"}],"wp:attachment":[{"href":"https:\/\/allbiomorocco.com\/en\/wp-json\/wp\/v2\/media?parent=7513"}],"wp:term":[{"taxonomy":"product_brand","embeddable":true,"href":"https:\/\/allbiomorocco.com\/en\/wp-json\/wp\/v2\/product_brand?post=7513"},{"taxonomy":"product_cat","embeddable":true,"href":"https:\/\/allbiomorocco.com\/en\/wp-json\/wp\/v2\/product_cat?post=7513"},{"taxonomy":"product_tag","embeddable":true,"href":"https:\/\/allbiomorocco.com\/en\/wp-json\/wp\/v2\/product_tag?post=7513"}],"curies":[{"name":"wp","href":"https:\/\/api.w.org\/{rel}","templated":true}]}}