{"id":7514,"date":"2026-01-21T13:49:18","date_gmt":"2026-01-21T13:49:18","guid":{"rendered":"https:\/\/allbiomorocco.com\/?post_type=product&#038;p=7514"},"modified":"2026-04-24T12:52:53","modified_gmt":"2026-04-24T12:52:53","slug":"la-creme-sarly-eclaircissante-nuit","status":"publish","type":"product","link":"https:\/\/allbiomorocco.com\/en\/product\/la-creme-sarly-eclaircissante-nuit\/","title":{"rendered":"Cr\u00e8me Sarly \u00c9claircissante corps"},"content":{"rendered":"<p data-path-to-node=\"9\">Dites adieu aux irr\u00e9gularit\u00e9s pigmentaires avec la solution <b data-path-to-node=\"9\" data-index-in-node=\"74\">Sarly<\/b>. Ce soin corporel haute performance est sp\u00e9cialement formul\u00e9 pour r\u00e9guler la production de m\u00e9lanine et favoriser le renouvellement cellulaire. Gr\u00e2ce \u00e0 sa haute concentration en actifs \u00e9claircissants naturels (inspir\u00e9s de la richesse de l&rsquo;Argan et des huiles nobles), il transforme la texture de votre peau d\u00e8s les premi\u00e8res semaines.<\/p>\n<ul data-path-to-node=\"10\">\n<li>\n<p data-path-to-node=\"10,0,0\"><b data-path-to-node=\"10,0,0\" data-index-in-node=\"0\">Actions cl\u00e9s :<\/b><\/p>\n<ol start=\"1\" data-path-to-node=\"10,0,1\">\n<li>\n<p data-path-to-node=\"10,0,1,0,0\"><b data-path-to-node=\"10,0,1,0,0\" data-index-in-node=\"0\">\u00c9claircissement cibl\u00e9<\/b> des taches pigmentaires.<\/p>\n<\/li>\n<li>\n<p data-path-to-node=\"10,0,1,1,0\"><b data-path-to-node=\"10,0,1,1,0\" data-index-in-node=\"0\">Hydratation 24h<\/b> pour une peau souple et \u00e9lastique.<\/p>\n<\/li>\n<li>\n<p data-path-to-node=\"10,0,1,2,0\"><b data-path-to-node=\"10,0,1,2,0\" data-index-in-node=\"0\">Protection<\/b> contre les agressions ext\u00e9rieures responsables du ternissement.<\/p>\n<\/li>\n<\/ol>\n<\/li>\n<li>\n<p data-path-to-node=\"10,1,0\"><b data-path-to-node=\"10,1,0\" data-index-in-node=\"0\">Conseils d&rsquo;utilisation :<\/b> Appliquer soir et matin sur une peau propre, en insistant sur les zones sombres.<\/p>\n<\/li>\n<\/ul>","protected":false},"excerpt":{"rendered":"<h3 style=\"text-align: right;\" data-path-to-node=\"2\"><\/h3>\n<p style=\"text-align: right;\" data-path-to-node=\"3\"><b data-path-to-node=\"3\" data-index-in-node=\"0\">\u0647\u0644 \u062a\u0639\u0627\u0646\u064a\u0646 \u0645\u0646 \u0627\u0644\u0628\u0642\u0639 \u0627\u0644\u062f\u0627\u0643\u0646\u0629 \u0648\u0639\u062f\u0645 \u062a\u0648\u062d\u062f \u0644\u0648\u0646 \u0627\u0644\u0628\u0634\u0631\u0629\u061f \u2728<\/b><\/p>\n<p style=\"text-align: right;\" data-path-to-node=\"4\">\u0625\u0644\u064a\u0643\u0650 <b data-path-to-node=\"4\" data-index-in-node=\"6\">\u0643\u0631\u064a\u0645 \u00ab\u00a0\u0633\u0627\u0631\u0644\u064a\u00a0\u00bb (Sarly) \u0644\u062a\u0641\u062a\u064a\u062d \u0627\u0644\u062c\u0633\u0645<\/b>\u060c \u0627\u0644\u0645\u0632\u064a\u062c \u0627\u0644\u0645\u062b\u0627\u0644\u064a \u0628\u064a\u0646 \u0627\u0644\u0641\u0639\u0627\u0644\u064a\u0629 \u0627\u0644\u062c\u0644\u062f\u064a\u0629 \u0627\u0644\u0645\u062a\u0637\u0648\u0631\u0629 \u0648\u0627\u0644\u0646\u0639\u0648\u0645\u0629 \u0627\u0644\u0637\u0628\u064a\u0639\u064a\u0629. \u062a\u0631\u0643\u064a\u0628\u0629 \u0635\u0645\u0645\u062a \u062e\u0635\u064a\u0635\u0627\u064b \u0644\u062a\u0639\u064a\u062f \u0644\u0628\u0634\u0631\u062a\u0643 \u0625\u0634\u0631\u0627\u0642\u062a\u0647\u0627 \u0627\u0644\u0645\u0641\u0642\u0648\u062f\u0629.<\/p>\n<p style=\"text-align: right;\" data-path-to-node=\"5\"><b data-path-to-node=\"5\" data-index-in-node=\"2\">\u0628\u0634\u0631\u0629 \u0645\u0648\u062d\u062f\u0629 \u0648\u0645\u0634\u0631\u0642\u0629:<\/b> \u064a\u0639\u0645\u0644 \u0639\u0644\u0649 \u062a\u0641\u062a\u064a\u062d \u0627\u0644\u0628\u0642\u0639 \u0627\u0644\u062f\u0627\u0643\u0646\u0629 \u0648\u062a\u0648\u062d\u064a\u062f \u0644\u0648\u0646 \u0627\u0644\u062c\u0633\u0645.\u2705<\/p>\n<p style=\"text-align: right;\" data-path-to-node=\"5\"><b data-path-to-node=\"5\" data-index-in-node=\"70\">\u062a\u0631\u0637\u064a\u0628 \u0645\u0643\u062b\u0641:<\/b> \u064a\u063a\u0630\u064a \u0627\u0644\u0628\u0634\u0631\u0629 \u0628\u0639\u0645\u0642 \u0648\u064a\u0645\u0646\u062d\u0647\u0627 \u0645\u0644\u0645\u0633\u0627\u064b \u0646\u0627\u0639\u0645\u0627\u064b \u0643\u0627\u0644\u062d\u0631\u064a\u0631. \u2705<\/p>\n<p style=\"text-align: right;\" data-path-to-node=\"5\"><b data-path-to-node=\"5\" data-index-in-node=\"132\">\u0642\u0648\u0627\u0645 \u062e\u0641\u064a\u0641:<\/b> \u064a\u0645\u062a\u0635 \u0628\u0633\u0631\u0639\u0629 \u062f\u0648\u0646 \u062a\u0631\u0643 \u0623\u064a \u0623\u062b\u0631 \u0644\u0632\u062c \u0623\u0648 \u062f\u0647\u0646\u064a.\u2705<\/p>\n<p style=\"text-align: right;\" data-path-to-node=\"6\"><b data-path-to-node=\"6\" data-index-in-node=\"0\">\u0627\u0643\u062a\u0634\u0641\u064a \u0633\u0631 \u062c\u0645\u0627\u0644\u0643 \u0627\u0644\u0637\u0628\u064a\u0639\u064a \u0645\u0639 \u00ab\u00a0\u0633\u0627\u0631\u0644\u064a\u00a0\u00bb. \ud83c\udf3f<\/b><\/p>","protected":false},"featured_media":8246,"comment_status":"open","ping_status":"closed","template":"","meta":{"_uag_custom_page_level_css":"","site-sidebar-layout":"default","site-content-layout":"","ast-site-content-layout":"default","site-content-style":"default","site-sidebar-style":"default","ast-global-header-display":"","ast-banner-title-visibility":"","ast-main-header-display":"","ast-hfb-above-header-display":"","ast-hfb-below-header-display":"","ast-hfb-mobile-header-display":"","site-post-title":"","ast-breadcrumbs-content":"","ast-featured-img":"","footer-sml-layout":"","ast-disable-related-posts":"","theme-transparent-header-meta":"default","adv-header-id-meta":"","stick-header-meta":"","header-above-stick-meta":"","header-main-stick-meta":"","header-below-stick-meta":"","astra-migrate-meta-layouts":"set","ast-page-background-enabled":"default","ast-page-background-meta":{"desktop":{"background-color":"","background-image":"","background-repeat":"repeat","background-position":"center center","background-size":"auto","background-attachment":"scroll","background-type":"","background-media":"","overlay-type":"","overlay-color":"","overlay-opacity":"","overlay-gradient":""},"tablet":{"background-color":"","background-image":"","background-repeat":"repeat","background-position":"center center","background-size":"auto","background-attachment":"scroll","background-type":"","background-media":"","overlay-type":"","overlay-color":"","overlay-opacity":"","overlay-gradient":""},"mobile":{"background-color":"","background-image":"","background-repeat":"repeat","background-position":"center center","background-size":"auto","background-attachment":"scroll","background-type":"","background-media":"","overlay-type":"","overlay-color":"","overlay-opacity":"","overlay-gradient":""}},"ast-content-background-meta":{"desktop":{"background-color":"var(--ast-global-color-5)","background-image":"","background-repeat":"repeat","background-position":"center center","background-size":"auto","background-attachment":"scroll","background-type":"","background-media":"","overlay-type":"","overlay-color":"","overlay-opacity":"","overlay-gradient":""},"tablet":{"background-color":"var(--ast-global-color-5)","background-image":"","background-repeat":"repeat","background-position":"center center","background-size":"auto","background-attachment":"scroll","background-type":"","background-media":"","overlay-type":"","overlay-color":"","overlay-opacity":"","overlay-gradient":""},"mobile":{"background-color":"var(--ast-global-color-5)","background-image":"","background-repeat":"repeat","background-position":"center center","background-size":"auto","background-attachment":"scroll","background-type":"","background-media":"","overlay-type":"","overlay-color":"","overlay-opacity":"","overlay-gradient":""}}},"product_brand":[],"product_cat":[16],"product_tag":[],"class_list":{"0":"post-7514","1":"product","2":"type-product","3":"status-publish","4":"has-post-thumbnail","6":"product_cat-cosmetique","7":"desktop-align-center","8":"tablet-align-center","9":"mobile-align-center","11":"first","12":"instock","13":"shipping-taxable","14":"purchasable","15":"product-type-simple"},"aioseo_notices":[],"uagb_featured_image_src":{"full":["https:\/\/allbiomorocco.com\/wp-content\/uploads\/2026\/01\/Gemini_Generated_Image_nicv4rnicv4rnicv-2-307x546-1.png",307,546,false],"thumbnail":["https:\/\/allbiomorocco.com\/wp-content\/uploads\/2026\/01\/Gemini_Generated_Image_nicv4rnicv4rnicv-2-307x546-1-150x150.png",150,150,true],"medium":["https:\/\/allbiomorocco.com\/wp-content\/uploads\/2026\/01\/Gemini_Generated_Image_nicv4rnicv4rnicv-2-307x546-1-169x300.png",169,300,true],"medium_large":["https:\/\/allbiomorocco.com\/wp-content\/uploads\/2026\/01\/Gemini_Generated_Image_nicv4rnicv4rnicv-2-307x546-1.png",307,546,false],"large":["https:\/\/allbiomorocco.com\/wp-content\/uploads\/2026\/01\/Gemini_Generated_Image_nicv4rnicv4rnicv-2-307x546-1.png",307,546,false],"1536x1536":["https:\/\/allbiomorocco.com\/wp-content\/uploads\/2026\/01\/Gemini_Generated_Image_nicv4rnicv4rnicv-2-307x546-1.png",307,546,false],"2048x2048":["https:\/\/allbiomorocco.com\/wp-content\/uploads\/2026\/01\/Gemini_Generated_Image_nicv4rnicv4rnicv-2-307x546-1.png",307,546,false],"trp-custom-language-flag":["https:\/\/allbiomorocco.com\/wp-content\/uploads\/2026\/01\/Gemini_Generated_Image_nicv4rnicv4rnicv-2-307x546-1-7x12.png",7,12,true],"woocommerce_thumbnail":["https:\/\/allbiomorocco.com\/wp-content\/uploads\/2026\/01\/Gemini_Generated_Image_nicv4rnicv4rnicv-2-307x546-1-300x300.png",300,300,true],"woocommerce_single":["https:\/\/allbiomorocco.com\/wp-content\/uploads\/2026\/01\/Gemini_Generated_Image_nicv4rnicv4rnicv-2-307x546-1.png",307,546,false],"woocommerce_gallery_thumbnail":["https:\/\/allbiomorocco.com\/wp-content\/uploads\/2026\/01\/Gemini_Generated_Image_nicv4rnicv4rnicv-2-307x546-1-100x100.png",100,100,true]},"uagb_author_info":{"display_name":"NOUZHA ABARDAQ","author_link":"https:\/\/allbiomorocco.com\/en\/author\/"},"uagb_comment_info":0,"uagb_excerpt":"\u0647\u0644 \u062a\u0639\u0627\u0646\u064a\u0646 \u0645\u0646 \u0627\u0644\u0628\u0642\u0639 \u0627\u0644\u062f\u0627\u0643\u0646\u0629 \u0648\u0639\u062f\u0645 \u062a\u0648\u062d\u062f \u0644\u0648\u0646 \u0627\u0644\u0628\u0634\u0631\u0629\u061f \u2728 \u0625\u0644\u064a\u0643\u0650 \u0643\u0631\u064a\u0645 \"\u0633\u0627\u0631\u0644\u064a\" (Sarly) \u0644\u062a\u0641\u062a\u064a\u062d \u0627\u0644\u062c\u0633\u0645\u060c \u0627\u0644\u0645\u0632\u064a\u062c \u0627\u0644\u0645\u062b\u0627\u0644\u064a \u0628\u064a\u0646 \u0627\u0644\u0641\u0639\u0627\u0644\u064a\u0629 \u0627\u0644\u062c\u0644\u062f\u064a\u0629 \u0627\u0644\u0645\u062a\u0637\u0648\u0631\u0629 \u0648\u0627\u0644\u0646\u0639\u0648\u0645\u0629 \u0627\u0644\u0637\u0628\u064a\u0639\u064a\u0629. \u062a\u0631\u0643\u064a\u0628\u0629 \u0635\u0645\u0645\u062a \u062e\u0635\u064a\u0635\u0627\u064b \u0644\u062a\u0639\u064a\u062f \u0644\u0628\u0634\u0631\u062a\u0643 \u0625\u0634\u0631\u0627\u0642\u062a\u0647\u0627 \u0627\u0644\u0645\u0641\u0642\u0648\u062f\u0629. \u0628\u0634\u0631\u0629 \u0645\u0648\u062d\u062f\u0629 \u0648\u0645\u0634\u0631\u0642\u0629: \u064a\u0639\u0645\u0644 \u0639\u0644\u0649 \u062a\u0641\u062a\u064a\u062d \u0627\u0644\u0628\u0642\u0639 \u0627\u0644\u062f\u0627\u0643\u0646\u0629 \u0648\u062a\u0648\u062d\u064a\u062f \u0644\u0648\u0646 \u0627\u0644\u062c\u0633\u0645.\u2705 \u062a\u0631\u0637\u064a\u0628 \u0645\u0643\u062b\u0641: \u064a\u063a\u0630\u064a \u0627\u0644\u0628\u0634\u0631\u0629 \u0628\u0639\u0645\u0642 \u0648\u064a\u0645\u0646\u062d\u0647\u0627 \u0645\u0644\u0645\u0633\u0627\u064b \u0646\u0627\u0639\u0645\u0627\u064b \u0643\u0627\u0644\u062d\u0631\u064a\u0631. \u2705 \u0642\u0648\u0627\u0645 \u062e\u0641\u064a\u0641: \u064a\u0645\u062a\u0635&hellip;","_links":{"self":[{"href":"https:\/\/allbiomorocco.com\/en\/wp-json\/wp\/v2\/product\/7514","targetHints":{"allow":["GET"]}}],"collection":[{"href":"https:\/\/allbiomorocco.com\/en\/wp-json\/wp\/v2\/product"}],"about":[{"href":"https:\/\/allbiomorocco.com\/en\/wp-json\/wp\/v2\/types\/product"}],"replies":[{"embeddable":true,"href":"https:\/\/allbiomorocco.com\/en\/wp-json\/wp\/v2\/comments?post=7514"}],"wp:featuredmedia":[{"embeddable":true,"href":"https:\/\/allbiomorocco.com\/en\/wp-json\/wp\/v2\/media\/8246"}],"wp:attachment":[{"href":"https:\/\/allbiomorocco.com\/en\/wp-json\/wp\/v2\/media?parent=7514"}],"wp:term":[{"taxonomy":"product_brand","embeddable":true,"href":"https:\/\/allbiomorocco.com\/en\/wp-json\/wp\/v2\/product_brand?post=7514"},{"taxonomy":"product_cat","embeddable":true,"href":"https:\/\/allbiomorocco.com\/en\/wp-json\/wp\/v2\/product_cat?post=7514"},{"taxonomy":"product_tag","embeddable":true,"href":"https:\/\/allbiomorocco.com\/en\/wp-json\/wp\/v2\/product_tag?post=7514"}],"curies":[{"name":"wp","href":"https:\/\/api.w.org\/{rel}","templated":true}]}}