{"id":7516,"date":"2026-01-21T13:49:18","date_gmt":"2026-01-21T13:49:18","guid":{"rendered":"https:\/\/allbiomorocco.com\/?post_type=product&#038;p=7516"},"modified":"2026-04-14T10:58:19","modified_gmt":"2026-04-14T10:58:19","slug":"creme-sarly-eclaircissante-corps","status":"publish","type":"product","link":"https:\/\/allbiomorocco.com\/en\/product\/creme-sarly-eclaircissante-corps\/","title":{"rendered":"Cr\u00e8me Sarly \u00e9claircissante"},"content":{"rendered":"<h3 data-section-id=\"zj8mr2\" data-start=\"0\" data-end=\"33\">\ud83c\udf38 Cr\u00e8me Sarly \u00c9claircissante<\/h3>\n<p data-start=\"35\" data-end=\"268\">La <strong data-start=\"38\" data-end=\"68\">Cr\u00e8me Sarly \u00c9claircissante<\/strong> est un soin cosm\u00e9tique con\u00e7u pour aider \u00e0 am\u00e9liorer l\u2019\u00e9clat du teint et \u00e0 r\u00e9duire les irr\u00e9gularit\u00e9s de la peau. Elle est g\u00e9n\u00e9ralement utilis\u00e9e pour donner un effet de peau plus lumineuse et uniforme.<\/p>\n<h2 data-section-id=\"2lniyr\" data-start=\"275\" data-end=\"294\">\ud83e\uddfe Description<\/h2>\n<p data-start=\"295\" data-end=\"524\">La Cr\u00e8me Sarly est une cr\u00e8me de soin visage et parfois corps, formul\u00e9e pour agir sur les zones ternes ou pigment\u00e9es. Elle est souvent utilis\u00e9e dans les routines beaut\u00e9 pour obtenir un <strong data-start=\"479\" data-end=\"521\">teint plus clair, homog\u00e8ne et \u00e9clatant<\/strong>.<\/p>\n<p data-start=\"526\" data-end=\"714\">Ce type de cr\u00e8me agit principalement en aidant \u00e0 att\u00e9nuer l\u2019apparence des <strong data-start=\"600\" data-end=\"617\">taches brunes<\/strong>, des marques et du teint irr\u00e9gulier gr\u00e2ce \u00e0 des actifs cosm\u00e9tiques \u00e9claircissants et hydratants.<\/p>\n<h2 data-section-id=\"p4bcsk\" data-start=\"721\" data-end=\"735\">\u2728 Bienfaits<\/h2>\n<h3 data-section-id=\"1v3xqwm\" data-start=\"737\" data-end=\"758\">\ud83c\udf38 Pour la peau<\/h3>\n<ul data-start=\"759\" data-end=\"995\">\n<li data-section-id=\"anfejk\" data-start=\"759\" data-end=\"790\">Aide \u00e0 <strong data-start=\"768\" data-end=\"788\">unifier le teint<\/strong><\/li>\n<li data-section-id=\"65c7lb\" data-start=\"791\" data-end=\"841\">R\u00e9duit l\u2019apparence des <strong data-start=\"816\" data-end=\"839\">taches pigmentaires<\/strong><\/li>\n<li data-section-id=\"i5q834\" data-start=\"842\" data-end=\"884\">Donne un effet <strong data-start=\"859\" data-end=\"882\">\u00e9clat et luminosit\u00e9<\/strong><\/li>\n<li data-section-id=\"19i9eeb\" data-start=\"885\" data-end=\"915\">Hydrate et adoucit la peau<\/li>\n<li data-section-id=\"u9bpn3\" data-start=\"916\" data-end=\"950\">Am\u00e9liore la texture de la peau<\/li>\n<li data-section-id=\"kfxmr8\" data-start=\"951\" data-end=\"995\">Rend le teint plus <strong data-start=\"972\" data-end=\"993\">lisse et uniforme<\/strong><\/li>\n<\/ul>\n<h3 data-section-id=\"6y4uyt\" data-start=\"997\" data-end=\"1021\">\ud83d\udc86\u200d\u2640\ufe0f Effet beaut\u00e9<\/h3>\n<ul data-start=\"1022\" data-end=\"1150\">\n<li data-section-id=\"1froo2d\" data-start=\"1022\" data-end=\"1074\">Peau plus claire et lumineuse (effet cosm\u00e9tique)<\/li>\n<li data-section-id=\"130h2oc\" data-start=\"1075\" data-end=\"1107\">Aspect plus propre et soign\u00e9<\/li>\n<li data-section-id=\"4h32h\" data-start=\"1108\" data-end=\"1150\">Convient aux peaux ternes ou fatigu\u00e9es<\/li>\n<\/ul>","protected":false},"excerpt":{"rendered":"<p>\ud83c\udf38 Cr\u00e8me Sarly \u00c9claircissante La Cr\u00e8me Sarly \u00c9claircissante est un soin cosm\u00e9tique con\u00e7u pour aider \u00e0 am\u00e9liorer l\u2019\u00e9clat du teint et \u00e0 r\u00e9duire les irr\u00e9gularit\u00e9s de la peau. Elle est g\u00e9n\u00e9ralement utilis\u00e9e pour donner un effet de peau plus lumineuse et uniforme. \ud83e\uddfe Description La Cr\u00e8me Sarly est une cr\u00e8me de soin visage et parfois [&hellip;]<\/p>","protected":false},"featured_media":8107,"comment_status":"open","ping_status":"closed","template":"","meta":{"_uag_custom_page_level_css":"","site-sidebar-layout":"default","site-content-layout":"","ast-site-content-layout":"default","site-content-style":"default","site-sidebar-style":"default","ast-global-header-display":"","ast-banner-title-visibility":"","ast-main-header-display":"","ast-hfb-above-header-display":"","ast-hfb-below-header-display":"","ast-hfb-mobile-header-display":"","site-post-title":"","ast-breadcrumbs-content":"","ast-featured-img":"","footer-sml-layout":"","ast-disable-related-posts":"","theme-transparent-header-meta":"default","adv-header-id-meta":"","stick-header-meta":"","header-above-stick-meta":"","header-main-stick-meta":"","header-below-stick-meta":"","astra-migrate-meta-layouts":"set","ast-page-background-enabled":"default","ast-page-background-meta":{"desktop":{"background-color":"","background-image":"","background-repeat":"repeat","background-position":"center center","background-size":"auto","background-attachment":"scroll","background-type":"","background-media":"","overlay-type":"","overlay-color":"","overlay-opacity":"","overlay-gradient":""},"tablet":{"background-color":"","background-image":"","background-repeat":"repeat","background-position":"center center","background-size":"auto","background-attachment":"scroll","background-type":"","background-media":"","overlay-type":"","overlay-color":"","overlay-opacity":"","overlay-gradient":""},"mobile":{"background-color":"","background-image":"","background-repeat":"repeat","background-position":"center center","background-size":"auto","background-attachment":"scroll","background-type":"","background-media":"","overlay-type":"","overlay-color":"","overlay-opacity":"","overlay-gradient":""}},"ast-content-background-meta":{"desktop":{"background-color":"var(--ast-global-color-5)","background-image":"","background-repeat":"repeat","background-position":"center center","background-size":"auto","background-attachment":"scroll","background-type":"","background-media":"","overlay-type":"","overlay-color":"","overlay-opacity":"","overlay-gradient":""},"tablet":{"background-color":"var(--ast-global-color-5)","background-image":"","background-repeat":"repeat","background-position":"center center","background-size":"auto","background-attachment":"scroll","background-type":"","background-media":"","overlay-type":"","overlay-color":"","overlay-opacity":"","overlay-gradient":""},"mobile":{"background-color":"var(--ast-global-color-5)","background-image":"","background-repeat":"repeat","background-position":"center center","background-size":"auto","background-attachment":"scroll","background-type":"","background-media":"","overlay-type":"","overlay-color":"","overlay-opacity":"","overlay-gradient":""}}},"product_brand":[],"product_cat":[33,16],"product_tag":[],"class_list":{"0":"post-7516","1":"product","2":"type-product","3":"status-publish","4":"has-post-thumbnail","6":"product_cat-best_seller","7":"product_cat-cosmetique","8":"desktop-align-center","9":"tablet-align-center","10":"mobile-align-center","12":"first","13":"instock","14":"featured","15":"shipping-taxable","16":"purchasable","17":"product-type-simple"},"aioseo_notices":[],"uagb_featured_image_src":{"full":["https:\/\/allbiomorocco.com\/wp-content\/uploads\/2026\/01\/creme_sarly.jpg",1024,1024,false],"thumbnail":["https:\/\/allbiomorocco.com\/wp-content\/uploads\/2026\/01\/creme_sarly-150x150.jpg",150,150,true],"medium":["https:\/\/allbiomorocco.com\/wp-content\/uploads\/2026\/01\/creme_sarly-300x300.jpg",300,300,true],"medium_large":["https:\/\/allbiomorocco.com\/wp-content\/uploads\/2026\/01\/creme_sarly-768x768.jpg",768,768,true],"large":["https:\/\/allbiomorocco.com\/wp-content\/uploads\/2026\/01\/creme_sarly.jpg",1024,1024,false],"1536x1536":["https:\/\/allbiomorocco.com\/wp-content\/uploads\/2026\/01\/creme_sarly.jpg",1024,1024,false],"2048x2048":["https:\/\/allbiomorocco.com\/wp-content\/uploads\/2026\/01\/creme_sarly.jpg",1024,1024,false],"trp-custom-language-flag":["https:\/\/allbiomorocco.com\/wp-content\/uploads\/2026\/01\/creme_sarly-12x12.jpg",12,12,true],"woocommerce_thumbnail":["https:\/\/allbiomorocco.com\/wp-content\/uploads\/2026\/01\/creme_sarly-300x300.jpg",300,300,true],"woocommerce_single":["https:\/\/allbiomorocco.com\/wp-content\/uploads\/2026\/01\/creme_sarly-600x600.jpg",600,600,true],"woocommerce_gallery_thumbnail":["https:\/\/allbiomorocco.com\/wp-content\/uploads\/2026\/01\/creme_sarly-100x100.jpg",100,100,true]},"uagb_author_info":{"display_name":"allbiomorocco@gmail.com","author_link":"https:\/\/allbiomorocco.com\/en\/author\/"},"uagb_comment_info":0,"uagb_excerpt":"\ud83c\udf38 Cr\u00e8me Sarly \u00c9claircissante La Cr\u00e8me Sarly \u00c9claircissante est un soin cosm\u00e9tique con\u00e7u pour aider \u00e0 am\u00e9liorer l\u2019\u00e9clat du teint et \u00e0 r\u00e9duire les irr\u00e9gularit\u00e9s de la peau. Elle est g\u00e9n\u00e9ralement utilis\u00e9e pour donner un effet de peau plus lumineuse et uniforme. \ud83e\uddfe Description La Cr\u00e8me Sarly est une cr\u00e8me de soin visage et parfois&hellip;","_links":{"self":[{"href":"https:\/\/allbiomorocco.com\/en\/wp-json\/wp\/v2\/product\/7516","targetHints":{"allow":["GET"]}}],"collection":[{"href":"https:\/\/allbiomorocco.com\/en\/wp-json\/wp\/v2\/product"}],"about":[{"href":"https:\/\/allbiomorocco.com\/en\/wp-json\/wp\/v2\/types\/product"}],"replies":[{"embeddable":true,"href":"https:\/\/allbiomorocco.com\/en\/wp-json\/wp\/v2\/comments?post=7516"}],"wp:featuredmedia":[{"embeddable":true,"href":"https:\/\/allbiomorocco.com\/en\/wp-json\/wp\/v2\/media\/8107"}],"wp:attachment":[{"href":"https:\/\/allbiomorocco.com\/en\/wp-json\/wp\/v2\/media?parent=7516"}],"wp:term":[{"taxonomy":"product_brand","embeddable":true,"href":"https:\/\/allbiomorocco.com\/en\/wp-json\/wp\/v2\/product_brand?post=7516"},{"taxonomy":"product_cat","embeddable":true,"href":"https:\/\/allbiomorocco.com\/en\/wp-json\/wp\/v2\/product_cat?post=7516"},{"taxonomy":"product_tag","embeddable":true,"href":"https:\/\/allbiomorocco.com\/en\/wp-json\/wp\/v2\/product_tag?post=7516"}],"curies":[{"name":"wp","href":"https:\/\/api.w.org\/{rel}","templated":true}]}}