{"id":7517,"date":"2026-01-21T13:49:23","date_gmt":"2026-01-21T13:49:23","guid":{"rendered":"https:\/\/allbiomorocco.com\/?post_type=product&#038;p=7517"},"modified":"2026-04-11T18:49:50","modified_gmt":"2026-04-11T18:49:50","slug":"creme-de-lait-danesse","status":"publish","type":"product","link":"https:\/\/allbiomorocco.com\/en\/product\/creme-de-lait-danesse\/","title":{"rendered":"Cr\u00e8me Blanchiment zones sensibles"},"content":{"rendered":"<h3 data-section-id=\"oi25fd\" data-start=\"192\" data-end=\"253\"><span role=\"text\">\ud83c\udf38 <strong data-start=\"199\" data-end=\"253\">Cr\u00e8me \u00c9claircissante Zones Sensibles \u2013 Description<\/strong><\/span><\/h3>\n<p data-start=\"255\" data-end=\"462\">La cr\u00e8me \u00e9claircissante pour zones sensibles est un soin doux sp\u00e9cialement formul\u00e9 pour unifier et illuminer les zones d\u00e9licates telles que les aisselles, l\u2019int\u00e9rieur des cuisses, les genoux ou les coudes.<\/p>\n<p data-start=\"464\" data-end=\"712\">Enrichie en actifs naturels \u00e9claircissants et apaisants comme l\u2019<span class=\"hover:entity-accent entity-underline inline cursor-pointer align-baseline\"><span class=\"whitespace-normal\">Aloe vera (Aloe barbadensis)<\/span><\/span> et la <span class=\"hover:entity-accent entity-underline inline cursor-pointer align-baseline\"><span class=\"whitespace-normal\">R\u00e9glisse (Glycyrrhiza glabra)<\/span><\/span>, sa formule respecte la sensibilit\u00e9 de la peau tout en aidant \u00e0 r\u00e9duire les zones d\u2019hyperpigmentation.<\/p>\n<p data-start=\"714\" data-end=\"811\">Sa texture l\u00e9g\u00e8re p\u00e9n\u00e8tre rapidement sans irriter, laissant la peau douce, uniforme et lumineuse.<\/p>\n<h3 data-section-id=\"1ortbl1\" data-start=\"818\" data-end=\"880\"><span role=\"text\">\u2728 <strong data-start=\"824\" data-end=\"880\">Bienfaits de la Cr\u00e8me \u00c9claircissante Zones Sensibles<\/strong><\/span><\/h3>\n<ul data-start=\"882\" data-end=\"1231\">\n<li data-section-id=\"1t51pfa\" data-start=\"882\" data-end=\"927\">\u2728 <strong data-start=\"886\" data-end=\"905\">Unifie le teint<\/strong> des zones sensibles<\/li>\n<li data-section-id=\"pl16rx\" data-start=\"928\" data-end=\"997\">\ud83c\udf3f <strong data-start=\"933\" data-end=\"974\">R\u00e9duit l\u2019apparence des taches sombres<\/strong> et hyperpigmentation<\/li>\n<li data-section-id=\"59wnws\" data-start=\"998\" data-end=\"1043\">\ud83d\udca7 <strong data-start=\"1003\" data-end=\"1024\">Hydrate et apaise<\/strong> la peau d\u00e9licate<\/li>\n<li data-section-id=\"18hz3mj\" data-start=\"1044\" data-end=\"1096\">\ud83c\udf38 <strong data-start=\"1049\" data-end=\"1083\">Adoucit et am\u00e9liore la texture<\/strong> de la peau<\/li>\n<li data-section-id=\"jumc4c\" data-start=\"1097\" data-end=\"1163\">\ud83d\udee1\ufe0f <strong data-start=\"1103\" data-end=\"1135\">Respecte les peaux sensibles<\/strong> gr\u00e2ce \u00e0 une formule douce<\/li>\n<li data-section-id=\"1s15tox\" data-start=\"1164\" data-end=\"1231\">\ud83d\udd04 <strong data-start=\"1169\" data-end=\"1213\">Favorise un teint plus clair et homog\u00e8ne<\/strong> progressivement<\/li>\n<\/ul>","protected":false},"excerpt":{"rendered":"<p>\ud83c\udf38 Cr\u00e8me \u00c9claircissante Zones Sensibles \u2013 Description La cr\u00e8me \u00e9claircissante pour zones sensibles est un soin doux sp\u00e9cialement formul\u00e9 pour unifier et illuminer les zones d\u00e9licates telles que les aisselles, l\u2019int\u00e9rieur des cuisses, les genoux ou les coudes. Enrichie en actifs naturels \u00e9claircissants et apaisants comme l\u2019Aloe vera (Aloe barbadensis) et la R\u00e9glisse (Glycyrrhiza glabra), [&hellip;]<\/p>\n","protected":false},"featured_media":8196,"comment_status":"open","ping_status":"closed","template":"","meta":{"_uag_custom_page_level_css":"","site-sidebar-layout":"default","site-content-layout":"","ast-site-content-layout":"default","site-content-style":"default","site-sidebar-style":"default","ast-global-header-display":"","ast-banner-title-visibility":"","ast-main-header-display":"","ast-hfb-above-header-display":"","ast-hfb-below-header-display":"","ast-hfb-mobile-header-display":"","site-post-title":"","ast-breadcrumbs-content":"","ast-featured-img":"","footer-sml-layout":"","ast-disable-related-posts":"","theme-transparent-header-meta":"default","adv-header-id-meta":"","stick-header-meta":"","header-above-stick-meta":"","header-main-stick-meta":"","header-below-stick-meta":"","astra-migrate-meta-layouts":"set","ast-page-background-enabled":"default","ast-page-background-meta":{"desktop":{"background-color":"","background-image":"","background-repeat":"repeat","background-position":"center center","background-size":"auto","background-attachment":"scroll","background-type":"","background-media":"","overlay-type":"","overlay-color":"","overlay-opacity":"","overlay-gradient":""},"tablet":{"background-color":"","background-image":"","background-repeat":"repeat","background-position":"center center","background-size":"auto","background-attachment":"scroll","background-type":"","background-media":"","overlay-type":"","overlay-color":"","overlay-opacity":"","overlay-gradient":""},"mobile":{"background-color":"","background-image":"","background-repeat":"repeat","background-position":"center center","background-size":"auto","background-attachment":"scroll","background-type":"","background-media":"","overlay-type":"","overlay-color":"","overlay-opacity":"","overlay-gradient":""}},"ast-content-background-meta":{"desktop":{"background-color":"var(--ast-global-color-5)","background-image":"","background-repeat":"repeat","background-position":"center center","background-size":"auto","background-attachment":"scroll","background-type":"","background-media":"","overlay-type":"","overlay-color":"","overlay-opacity":"","overlay-gradient":""},"tablet":{"background-color":"var(--ast-global-color-5)","background-image":"","background-repeat":"repeat","background-position":"center center","background-size":"auto","background-attachment":"scroll","background-type":"","background-media":"","overlay-type":"","overlay-color":"","overlay-opacity":"","overlay-gradient":""},"mobile":{"background-color":"var(--ast-global-color-5)","background-image":"","background-repeat":"repeat","background-position":"center center","background-size":"auto","background-attachment":"scroll","background-type":"","background-media":"","overlay-type":"","overlay-color":"","overlay-opacity":"","overlay-gradient":""}}},"product_brand":[],"product_cat":[16],"product_tag":[],"class_list":{"0":"post-7517","1":"product","2":"type-product","3":"status-publish","4":"has-post-thumbnail","6":"product_cat-cosmetique","7":"desktop-align-center","8":"tablet-align-center","9":"mobile-align-center","11":"first","12":"instock","13":"shipping-taxable","14":"purchasable","15":"product-type-simple"},"aioseo_notices":[],"uagb_featured_image_src":{"full":["https:\/\/allbiomorocco.com\/wp-content\/uploads\/2026\/01\/creme_Blanchiment_-zones-_sensibles.jpg",1024,1024,false],"thumbnail":["https:\/\/allbiomorocco.com\/wp-content\/uploads\/2026\/01\/creme_Blanchiment_-zones-_sensibles-150x150.jpg",150,150,true],"medium":["https:\/\/allbiomorocco.com\/wp-content\/uploads\/2026\/01\/creme_Blanchiment_-zones-_sensibles-300x300.jpg",300,300,true],"medium_large":["https:\/\/allbiomorocco.com\/wp-content\/uploads\/2026\/01\/creme_Blanchiment_-zones-_sensibles-768x768.jpg",768,768,true],"large":["https:\/\/allbiomorocco.com\/wp-content\/uploads\/2026\/01\/creme_Blanchiment_-zones-_sensibles.jpg",1024,1024,false],"1536x1536":["https:\/\/allbiomorocco.com\/wp-content\/uploads\/2026\/01\/creme_Blanchiment_-zones-_sensibles.jpg",1024,1024,false],"2048x2048":["https:\/\/allbiomorocco.com\/wp-content\/uploads\/2026\/01\/creme_Blanchiment_-zones-_sensibles.jpg",1024,1024,false],"trp-custom-language-flag":["https:\/\/allbiomorocco.com\/wp-content\/uploads\/2026\/01\/creme_Blanchiment_-zones-_sensibles-12x12.jpg",12,12,true],"woocommerce_thumbnail":["https:\/\/allbiomorocco.com\/wp-content\/uploads\/2026\/01\/creme_Blanchiment_-zones-_sensibles-300x300.jpg",300,300,true],"woocommerce_single":["https:\/\/allbiomorocco.com\/wp-content\/uploads\/2026\/01\/creme_Blanchiment_-zones-_sensibles-600x600.jpg",600,600,true],"woocommerce_gallery_thumbnail":["https:\/\/allbiomorocco.com\/wp-content\/uploads\/2026\/01\/creme_Blanchiment_-zones-_sensibles-100x100.jpg",100,100,true]},"uagb_author_info":{"display_name":"NOUZHA ABARDAQ","author_link":"https:\/\/allbiomorocco.com\/en\/author\/"},"uagb_comment_info":0,"uagb_excerpt":"\ud83c\udf38 Cr\u00e8me \u00c9claircissante Zones Sensibles \u2013 Description La cr\u00e8me \u00e9claircissante pour zones sensibles est un soin doux sp\u00e9cialement formul\u00e9 pour unifier et illuminer les zones d\u00e9licates telles que les aisselles, l\u2019int\u00e9rieur des cuisses, les genoux ou les coudes. Enrichie en actifs naturels \u00e9claircissants et apaisants comme l\u2019Aloe vera (Aloe barbadensis) et la R\u00e9glisse (Glycyrrhiza glabra),&hellip;","_links":{"self":[{"href":"https:\/\/allbiomorocco.com\/en\/wp-json\/wp\/v2\/product\/7517","targetHints":{"allow":["GET"]}}],"collection":[{"href":"https:\/\/allbiomorocco.com\/en\/wp-json\/wp\/v2\/product"}],"about":[{"href":"https:\/\/allbiomorocco.com\/en\/wp-json\/wp\/v2\/types\/product"}],"replies":[{"embeddable":true,"href":"https:\/\/allbiomorocco.com\/en\/wp-json\/wp\/v2\/comments?post=7517"}],"wp:featuredmedia":[{"embeddable":true,"href":"https:\/\/allbiomorocco.com\/en\/wp-json\/wp\/v2\/media\/8196"}],"wp:attachment":[{"href":"https:\/\/allbiomorocco.com\/en\/wp-json\/wp\/v2\/media?parent=7517"}],"wp:term":[{"taxonomy":"product_brand","embeddable":true,"href":"https:\/\/allbiomorocco.com\/en\/wp-json\/wp\/v2\/product_brand?post=7517"},{"taxonomy":"product_cat","embeddable":true,"href":"https:\/\/allbiomorocco.com\/en\/wp-json\/wp\/v2\/product_cat?post=7517"},{"taxonomy":"product_tag","embeddable":true,"href":"https:\/\/allbiomorocco.com\/en\/wp-json\/wp\/v2\/product_tag?post=7517"}],"curies":[{"name":"wp","href":"https:\/\/api.w.org\/{rel}","templated":true}]}}