{"id":7518,"date":"2026-01-21T13:49:23","date_gmt":"2026-01-21T13:49:23","guid":{"rendered":"https:\/\/allbiomorocco.com\/?post_type=product&#038;p=7518"},"modified":"2026-04-11T18:47:10","modified_gmt":"2026-04-11T18:47:10","slug":"lait-corporel-lait-danesse","status":"publish","type":"product","link":"https:\/\/allbiomorocco.com\/en\/product\/lait-corporel-lait-danesse\/","title":{"rendered":"Huile  Fenugrec"},"content":{"rendered":"<h3 data-section-id=\"vn0x8n\" data-start=\"106\" data-end=\"148\"><span role=\"text\">\ud83c\udf3f <strong data-start=\"113\" data-end=\"148\">Huile de Fenugrec \u2013 Description<\/strong><\/span><\/h3>\n<p data-start=\"150\" data-end=\"341\">L\u2019huile de fenugrec est une huile v\u00e9g\u00e9tale obtenue \u00e0 partir des graines de <span class=\"hover:entity-accent entity-underline inline cursor-pointer align-baseline\"><span class=\"whitespace-normal\">Fenugrec (Trigonella foenum-graecum)<\/span><\/span>, reconnue pour ses propri\u00e9t\u00e9s nourrissantes, fortifiantes et revitalisantes.<\/p>\n<p data-start=\"343\" data-end=\"501\">Riche en vitamines, prot\u00e9ines et compos\u00e9s actifs naturels, elle est particuli\u00e8rement appr\u00e9ci\u00e9e pour am\u00e9liorer l\u2019apparence de la peau et renforcer les cheveux.<\/p>\n<h3 data-section-id=\"ps0hz8\" data-start=\"508\" data-end=\"550\"><span role=\"text\">\u2728 <strong data-start=\"514\" data-end=\"550\">Bienfaits de l\u2019Huile de Fenugrec<\/strong><\/span><\/h3>\n<h4 data-start=\"552\" data-end=\"573\">\ud83c\udf51 Pour le corps<\/h4>\n<ul data-start=\"574\" data-end=\"813\">\n<li data-section-id=\"10j3dx0\" data-start=\"574\" data-end=\"638\">\ud83c\udf3f <strong data-start=\"579\" data-end=\"611\">Aide \u00e0 raffermir et tonifier<\/strong> certaines zones du corps<\/li>\n<li data-section-id=\"iq06fb\" data-start=\"639\" data-end=\"677\">\ud83d\udca7 <strong data-start=\"644\" data-end=\"667\">Nourrit intens\u00e9ment<\/strong> la peau<\/li>\n<li data-section-id=\"q94mg9\" data-start=\"678\" data-end=\"734\">\ud83d\udd04 <strong data-start=\"683\" data-end=\"708\">Am\u00e9liore l\u2019\u00e9lasticit\u00e9<\/strong> et la souplesse cutan\u00e9e<\/li>\n<li data-section-id=\"1spyaby\" data-start=\"735\" data-end=\"813\">\u2728 <strong data-start=\"739\" data-end=\"783\">Donne un aspect plus volumineux et galb\u00e9<\/strong> (effet naturel et progressif)<\/li>\n<\/ul>\n<h4 data-start=\"815\" data-end=\"842\">\ud83d\udc86\u200d\u2640\ufe0f Pour les cheveux<\/h4>\n<ul data-start=\"843\" data-end=\"1040\">\n<li data-section-id=\"7gwn4t\" data-start=\"843\" data-end=\"893\">\ud83d\udcaa <strong data-start=\"848\" data-end=\"872\">Fortifie les cheveux<\/strong> et r\u00e9duit la chute<\/li>\n<li data-section-id=\"nklrq2\" data-start=\"894\" data-end=\"934\">\ud83c\udf31 <strong data-start=\"899\" data-end=\"920\">Stimule la pousse<\/strong> des cheveux<\/li>\n<li data-section-id=\"1qe21y6\" data-start=\"935\" data-end=\"974\">\u2728 <strong data-start=\"939\" data-end=\"972\">Apporte brillance et vitalit\u00e9<\/strong><\/li>\n<li data-section-id=\"12ezcdp\" data-start=\"975\" data-end=\"1040\">\ud83e\uddf4 <strong data-start=\"980\" data-end=\"1007\">Nourrit le cuir chevelu<\/strong> et lutte contre les pellicules<\/li>\n<\/ul>\n<h4 data-start=\"1042\" data-end=\"1062\">\ud83c\udf38 Pour la peau<\/h4>\n<ul data-start=\"1063\" data-end=\"1196\">\n<li data-section-id=\"81cfkm\" data-start=\"1063\" data-end=\"1115\">\ud83d\udee1\ufe0f <strong data-start=\"1069\" data-end=\"1113\">Aide \u00e0 lutter contre les signes de l\u2019\u00e2ge<\/strong><\/li>\n<li data-section-id=\"xz7zso\" data-start=\"1116\" data-end=\"1152\">\ud83c\udf3f <strong data-start=\"1121\" data-end=\"1142\">Apaise et adoucit<\/strong> la peau<\/li>\n<li data-section-id=\"1s0sxa0\" data-start=\"1153\" data-end=\"1196\"><\/li>\n<\/ul>","protected":false},"excerpt":{"rendered":"<p>\ud83c\udf3f Huile de Fenugrec \u2013 Description L\u2019huile de fenugrec est une huile v\u00e9g\u00e9tale obtenue \u00e0 partir des graines de Fenugrec (Trigonella foenum-graecum), reconnue pour ses propri\u00e9t\u00e9s nourrissantes, fortifiantes et revitalisantes. Riche en vitamines, prot\u00e9ines et compos\u00e9s actifs naturels, elle est particuli\u00e8rement appr\u00e9ci\u00e9e pour am\u00e9liorer l\u2019apparence de la peau et renforcer les cheveux. \u2728 Bienfaits de [&hellip;]<\/p>\n","protected":false},"featured_media":8198,"comment_status":"open","ping_status":"closed","template":"","meta":{"_uag_custom_page_level_css":"","site-sidebar-layout":"default","site-content-layout":"","ast-site-content-layout":"default","site-content-style":"default","site-sidebar-style":"default","ast-global-header-display":"","ast-banner-title-visibility":"","ast-main-header-display":"","ast-hfb-above-header-display":"","ast-hfb-below-header-display":"","ast-hfb-mobile-header-display":"","site-post-title":"","ast-breadcrumbs-content":"","ast-featured-img":"","footer-sml-layout":"","ast-disable-related-posts":"","theme-transparent-header-meta":"default","adv-header-id-meta":"","stick-header-meta":"","header-above-stick-meta":"","header-main-stick-meta":"","header-below-stick-meta":"","astra-migrate-meta-layouts":"set","ast-page-background-enabled":"default","ast-page-background-meta":{"desktop":{"background-color":"","background-image":"","background-repeat":"repeat","background-position":"center center","background-size":"auto","background-attachment":"scroll","background-type":"","background-media":"","overlay-type":"","overlay-color":"","overlay-opacity":"","overlay-gradient":""},"tablet":{"background-color":"","background-image":"","background-repeat":"repeat","background-position":"center center","background-size":"auto","background-attachment":"scroll","background-type":"","background-media":"","overlay-type":"","overlay-color":"","overlay-opacity":"","overlay-gradient":""},"mobile":{"background-color":"","background-image":"","background-repeat":"repeat","background-position":"center center","background-size":"auto","background-attachment":"scroll","background-type":"","background-media":"","overlay-type":"","overlay-color":"","overlay-opacity":"","overlay-gradient":""}},"ast-content-background-meta":{"desktop":{"background-color":"var(--ast-global-color-5)","background-image":"","background-repeat":"repeat","background-position":"center center","background-size":"auto","background-attachment":"scroll","background-type":"","background-media":"","overlay-type":"","overlay-color":"","overlay-opacity":"","overlay-gradient":""},"tablet":{"background-color":"var(--ast-global-color-5)","background-image":"","background-repeat":"repeat","background-position":"center center","background-size":"auto","background-attachment":"scroll","background-type":"","background-media":"","overlay-type":"","overlay-color":"","overlay-opacity":"","overlay-gradient":""},"mobile":{"background-color":"var(--ast-global-color-5)","background-image":"","background-repeat":"repeat","background-position":"center center","background-size":"auto","background-attachment":"scroll","background-type":"","background-media":"","overlay-type":"","overlay-color":"","overlay-opacity":"","overlay-gradient":""}}},"product_brand":[],"product_cat":[16],"product_tag":[],"class_list":{"0":"post-7518","1":"product","2":"type-product","3":"status-publish","4":"has-post-thumbnail","6":"product_cat-cosmetique","7":"desktop-align-center","8":"tablet-align-center","9":"mobile-align-center","11":"first","12":"instock","13":"shipping-taxable","14":"purchasable","15":"product-type-simple"},"aioseo_notices":[],"uagb_featured_image_src":{"full":["https:\/\/allbiomorocco.com\/wp-content\/uploads\/2026\/01\/huile_funegrec-307x546-1.png",307,546,false],"thumbnail":["https:\/\/allbiomorocco.com\/wp-content\/uploads\/2026\/01\/huile_funegrec-307x546-1-150x150.png",150,150,true],"medium":["https:\/\/allbiomorocco.com\/wp-content\/uploads\/2026\/01\/huile_funegrec-307x546-1-169x300.png",169,300,true],"medium_large":["https:\/\/allbiomorocco.com\/wp-content\/uploads\/2026\/01\/huile_funegrec-307x546-1.png",307,546,false],"large":["https:\/\/allbiomorocco.com\/wp-content\/uploads\/2026\/01\/huile_funegrec-307x546-1.png",307,546,false],"1536x1536":["https:\/\/allbiomorocco.com\/wp-content\/uploads\/2026\/01\/huile_funegrec-307x546-1.png",307,546,false],"2048x2048":["https:\/\/allbiomorocco.com\/wp-content\/uploads\/2026\/01\/huile_funegrec-307x546-1.png",307,546,false],"trp-custom-language-flag":["https:\/\/allbiomorocco.com\/wp-content\/uploads\/2026\/01\/huile_funegrec-307x546-1-7x12.png",7,12,true],"woocommerce_thumbnail":["https:\/\/allbiomorocco.com\/wp-content\/uploads\/2026\/01\/huile_funegrec-307x546-1-300x300.png",300,300,true],"woocommerce_single":["https:\/\/allbiomorocco.com\/wp-content\/uploads\/2026\/01\/huile_funegrec-307x546-1.png",307,546,false],"woocommerce_gallery_thumbnail":["https:\/\/allbiomorocco.com\/wp-content\/uploads\/2026\/01\/huile_funegrec-307x546-1-100x100.png",100,100,true]},"uagb_author_info":{"display_name":"NOUZHA ABARDAQ","author_link":"https:\/\/allbiomorocco.com\/en\/author\/"},"uagb_comment_info":0,"uagb_excerpt":"\ud83c\udf3f Huile de Fenugrec \u2013 Description L\u2019huile de fenugrec est une huile v\u00e9g\u00e9tale obtenue \u00e0 partir des graines de Fenugrec (Trigonella foenum-graecum), reconnue pour ses propri\u00e9t\u00e9s nourrissantes, fortifiantes et revitalisantes. Riche en vitamines, prot\u00e9ines et compos\u00e9s actifs naturels, elle est particuli\u00e8rement appr\u00e9ci\u00e9e pour am\u00e9liorer l\u2019apparence de la peau et renforcer les cheveux. \u2728 Bienfaits de&hellip;","_links":{"self":[{"href":"https:\/\/allbiomorocco.com\/en\/wp-json\/wp\/v2\/product\/7518","targetHints":{"allow":["GET"]}}],"collection":[{"href":"https:\/\/allbiomorocco.com\/en\/wp-json\/wp\/v2\/product"}],"about":[{"href":"https:\/\/allbiomorocco.com\/en\/wp-json\/wp\/v2\/types\/product"}],"replies":[{"embeddable":true,"href":"https:\/\/allbiomorocco.com\/en\/wp-json\/wp\/v2\/comments?post=7518"}],"wp:featuredmedia":[{"embeddable":true,"href":"https:\/\/allbiomorocco.com\/en\/wp-json\/wp\/v2\/media\/8198"}],"wp:attachment":[{"href":"https:\/\/allbiomorocco.com\/en\/wp-json\/wp\/v2\/media?parent=7518"}],"wp:term":[{"taxonomy":"product_brand","embeddable":true,"href":"https:\/\/allbiomorocco.com\/en\/wp-json\/wp\/v2\/product_brand?post=7518"},{"taxonomy":"product_cat","embeddable":true,"href":"https:\/\/allbiomorocco.com\/en\/wp-json\/wp\/v2\/product_cat?post=7518"},{"taxonomy":"product_tag","embeddable":true,"href":"https:\/\/allbiomorocco.com\/en\/wp-json\/wp\/v2\/product_tag?post=7518"}],"curies":[{"name":"wp","href":"https:\/\/api.w.org\/{rel}","templated":true}]}}