{"id":7523,"date":"2026-01-21T13:49:23","date_gmt":"2026-01-21T13:49:23","guid":{"rendered":"https:\/\/allbiomorocco.com\/?post_type=product&#038;p=7523"},"modified":"2026-04-11T12:45:57","modified_gmt":"2026-04-11T12:45:57","slug":"huile-argan-naturel","status":"publish","type":"product","link":"https:\/\/allbiomorocco.com\/en\/product\/huile-argan-naturel\/","title":{"rendered":"Huile Argan Naturel"},"content":{"rendered":"<p>L\u2019huile d\u2019argan artisanale est un produit exceptionnel cr\u00e9\u00e9 par Allbiomorocco. Huile 100%<\/p>\n<p>naturelle. L\u2019huile d\u2019argan est un des tr\u00e9sors du Maroc. Issue de cet arbre qui ne pousse \u00e0 l\u2019\u00e9tat<\/p>\n<p>naturel qu\u2019au Maroc et consomm\u00e9e depuis des temps imm\u00e9moriaux, elle poss\u00e8de des vertus<\/p>\n<p>r\u00e9g\u00e9n\u00e9rantes et nourrissantes exceptionnelles. Son action au niveau de la peau est connue de<\/p>\n<p>longue date. Elle prot\u00e8ge et assouplit la peau, nourrit les cheveux, les prot\u00e8ge des agressions et<\/p>\n<p>leur redonne de l\u2019\u00e9clat. Elle soigne les ongles cassants. Elle doit ses exceptionnelles qualit\u00e9s \u00e0 sa<\/p>\n<p>richesse en actifs insaponifiables recherch\u00e9s en cosm\u00e9tique, comme la vitamine E, les om\u00e9gas 6 et<\/p>\n<p>9, les st\u00e9rols et les compos\u00e9s ph\u00e9noliques, et a ses propri\u00e9t\u00e9s antioxydantes qui ralentissent le<\/p>\n<p>vieillissement cutan\u00e9. Ses qualit\u00e9s sont si vari\u00e9es que l\u2019huile d\u2019argan peut remplacer votre cr\u00e8me<\/p>\n<p>de jour pour le visage, mais \u00e9galement pour tout le corps. Elle a des vertus cicatrisantes<\/p>\n<p>exceptionnelles qui apaisent l\u2019ecz\u00e9ma, les irritations, att\u00e9nue les cicatrices, soigne les ger\u00e7ures, les<\/p>\n<p>vergetures. Elle combat l\u2019acn\u00e9, gr\u00e2ce \u00e0 son pouvoir antioxydant, et permet aux peaux grasses de<\/p>\n<p>retrouver leur \u00e9quilibre. Elle p\u00e9n\u00e8tre profond\u00e9ment votre peau et la prot\u00e8ge<\/p>","protected":false},"excerpt":{"rendered":"<p>L\u2019huile d\u2019argan artisanale est un produit exceptionnel cr\u00e9\u00e9 par Allbiomorocco. Huile 100% naturelle. L\u2019huile d\u2019argan est un des tr\u00e9sors du Maroc. Issue de cet arbre qui ne pousse \u00e0 l\u2019\u00e9tat naturel qu\u2019au Maroc et consomm\u00e9e depuis des temps imm\u00e9moriaux, elle poss\u00e8de des vertus r\u00e9g\u00e9n\u00e9rantes et nourrissantes exceptionnelles. Son action au niveau de la peau est [&hellip;]<\/p>\n","protected":false},"featured_media":8129,"comment_status":"open","ping_status":"closed","template":"","meta":{"_uag_custom_page_level_css":"","site-sidebar-layout":"default","site-content-layout":"","ast-site-content-layout":"default","site-content-style":"default","site-sidebar-style":"default","ast-global-header-display":"","ast-banner-title-visibility":"","ast-main-header-display":"","ast-hfb-above-header-display":"","ast-hfb-below-header-display":"","ast-hfb-mobile-header-display":"","site-post-title":"","ast-breadcrumbs-content":"","ast-featured-img":"","footer-sml-layout":"","ast-disable-related-posts":"","theme-transparent-header-meta":"default","adv-header-id-meta":"","stick-header-meta":"","header-above-stick-meta":"","header-main-stick-meta":"","header-below-stick-meta":"","astra-migrate-meta-layouts":"set","ast-page-background-enabled":"default","ast-page-background-meta":{"desktop":{"background-color":"","background-image":"","background-repeat":"repeat","background-position":"center center","background-size":"auto","background-attachment":"scroll","background-type":"","background-media":"","overlay-type":"","overlay-color":"","overlay-opacity":"","overlay-gradient":""},"tablet":{"background-color":"","background-image":"","background-repeat":"repeat","background-position":"center center","background-size":"auto","background-attachment":"scroll","background-type":"","background-media":"","overlay-type":"","overlay-color":"","overlay-opacity":"","overlay-gradient":""},"mobile":{"background-color":"","background-image":"","background-repeat":"repeat","background-position":"center center","background-size":"auto","background-attachment":"scroll","background-type":"","background-media":"","overlay-type":"","overlay-color":"","overlay-opacity":"","overlay-gradient":""}},"ast-content-background-meta":{"desktop":{"background-color":"var(--ast-global-color-5)","background-image":"","background-repeat":"repeat","background-position":"center center","background-size":"auto","background-attachment":"scroll","background-type":"","background-media":"","overlay-type":"","overlay-color":"","overlay-opacity":"","overlay-gradient":""},"tablet":{"background-color":"var(--ast-global-color-5)","background-image":"","background-repeat":"repeat","background-position":"center center","background-size":"auto","background-attachment":"scroll","background-type":"","background-media":"","overlay-type":"","overlay-color":"","overlay-opacity":"","overlay-gradient":""},"mobile":{"background-color":"var(--ast-global-color-5)","background-image":"","background-repeat":"repeat","background-position":"center center","background-size":"auto","background-attachment":"scroll","background-type":"","background-media":"","overlay-type":"","overlay-color":"","overlay-opacity":"","overlay-gradient":""}}},"product_brand":[],"product_cat":[16],"product_tag":[],"class_list":{"0":"post-7523","1":"product","2":"type-product","3":"status-publish","4":"has-post-thumbnail","6":"product_cat-cosmetique","7":"desktop-align-center","8":"tablet-align-center","9":"mobile-align-center","11":"first","12":"instock","13":"shipping-taxable","14":"purchasable","15":"product-type-simple"},"aioseo_notices":[],"uagb_featured_image_src":{"full":["https:\/\/allbiomorocco.com\/wp-content\/uploads\/2026\/01\/huile_argan_naturelle-505x336-1.png",505,336,false],"thumbnail":["https:\/\/allbiomorocco.com\/wp-content\/uploads\/2026\/01\/huile_argan_naturelle-505x336-1-150x150.png",150,150,true],"medium":["https:\/\/allbiomorocco.com\/wp-content\/uploads\/2026\/01\/huile_argan_naturelle-505x336-1-300x200.png",300,200,true],"medium_large":["https:\/\/allbiomorocco.com\/wp-content\/uploads\/2026\/01\/huile_argan_naturelle-505x336-1.png",505,336,false],"large":["https:\/\/allbiomorocco.com\/wp-content\/uploads\/2026\/01\/huile_argan_naturelle-505x336-1.png",505,336,false],"1536x1536":["https:\/\/allbiomorocco.com\/wp-content\/uploads\/2026\/01\/huile_argan_naturelle-505x336-1.png",505,336,false],"2048x2048":["https:\/\/allbiomorocco.com\/wp-content\/uploads\/2026\/01\/huile_argan_naturelle-505x336-1.png",505,336,false],"trp-custom-language-flag":["https:\/\/allbiomorocco.com\/wp-content\/uploads\/2026\/01\/huile_argan_naturelle-505x336-1-18x12.png",18,12,true],"woocommerce_thumbnail":["https:\/\/allbiomorocco.com\/wp-content\/uploads\/2026\/01\/huile_argan_naturelle-505x336-1-300x300.png",300,300,true],"woocommerce_single":["https:\/\/allbiomorocco.com\/wp-content\/uploads\/2026\/01\/huile_argan_naturelle-505x336-1.png",505,336,false],"woocommerce_gallery_thumbnail":["https:\/\/allbiomorocco.com\/wp-content\/uploads\/2026\/01\/huile_argan_naturelle-505x336-1-100x100.png",100,100,true]},"uagb_author_info":{"display_name":"NOUZHA ABARDAQ","author_link":"https:\/\/allbiomorocco.com\/en\/author\/"},"uagb_comment_info":0,"uagb_excerpt":"L\u2019huile d\u2019argan artisanale est un produit exceptionnel cr\u00e9\u00e9 par Allbiomorocco. Huile 100% naturelle. L\u2019huile d\u2019argan est un des tr\u00e9sors du Maroc. Issue de cet arbre qui ne pousse \u00e0 l\u2019\u00e9tat naturel qu\u2019au Maroc et consomm\u00e9e depuis des temps imm\u00e9moriaux, elle poss\u00e8de des vertus r\u00e9g\u00e9n\u00e9rantes et nourrissantes exceptionnelles. Son action au niveau de la peau est&hellip;","_links":{"self":[{"href":"https:\/\/allbiomorocco.com\/en\/wp-json\/wp\/v2\/product\/7523","targetHints":{"allow":["GET"]}}],"collection":[{"href":"https:\/\/allbiomorocco.com\/en\/wp-json\/wp\/v2\/product"}],"about":[{"href":"https:\/\/allbiomorocco.com\/en\/wp-json\/wp\/v2\/types\/product"}],"replies":[{"embeddable":true,"href":"https:\/\/allbiomorocco.com\/en\/wp-json\/wp\/v2\/comments?post=7523"}],"wp:featuredmedia":[{"embeddable":true,"href":"https:\/\/allbiomorocco.com\/en\/wp-json\/wp\/v2\/media\/8129"}],"wp:attachment":[{"href":"https:\/\/allbiomorocco.com\/en\/wp-json\/wp\/v2\/media?parent=7523"}],"wp:term":[{"taxonomy":"product_brand","embeddable":true,"href":"https:\/\/allbiomorocco.com\/en\/wp-json\/wp\/v2\/product_brand?post=7523"},{"taxonomy":"product_cat","embeddable":true,"href":"https:\/\/allbiomorocco.com\/en\/wp-json\/wp\/v2\/product_cat?post=7523"},{"taxonomy":"product_tag","embeddable":true,"href":"https:\/\/allbiomorocco.com\/en\/wp-json\/wp\/v2\/product_tag?post=7523"}],"curies":[{"name":"wp","href":"https:\/\/api.w.org\/{rel}","templated":true}]}}