{"id":7530,"date":"2026-01-21T13:49:24","date_gmt":"2026-01-21T13:49:24","guid":{"rendered":"https:\/\/allbiomorocco.com\/?post_type=product&#038;p=7530"},"modified":"2026-04-23T12:26:35","modified_gmt":"2026-04-23T12:26:35","slug":"masque-capillaire-argan","status":"publish","type":"product","link":"https:\/\/allbiomorocco.com\/en\/product\/masque-capillaire-argan\/","title":{"rendered":"Masque Capillaire Argan"},"content":{"rendered":"<p>Le masque capillaire \u00e0 l\u2019huile d\u2019argan est un soin r\u00e9parateur, nourrissant et protecteur pour vos<br \/>\ncheveux. Sa forte teneur en huile d\u2019Argan bio restructure, prot\u00e8ge et fortifie la fibre capillaire. Il<br \/>\npurifie et assainit le cuir chevelu. Il r\u00e9g\u00e9n\u00e8re et nourrit en profondeur les cheveux secs et<br \/>\nd\u00e9vitalis\u00e9s. Il pr\u00e9serve votre chevelure des agressions ext\u00e9rieures. Gr\u00e2ce au masque capillaire \u00e0<br \/>\nl\u2019huile d\u2019argan, vos cheveux retrouvent, jour apr\u00e8s jour, beaut\u00e9, \u00e9clat et douceur naturelle. L\u2019huile<br \/>\nd\u2019argan doit ses exceptionnelles qualit\u00e9s \u00e0 sa richesse en actifs insaponifiables recherch\u00e9s en<br \/>\ncosm\u00e9tique, comme la vitamine E, les om\u00e9gas 6 et 9, les st\u00e9rols et les compos\u00e9s ph\u00e9noliques, et a<br \/>\nses propri\u00e9t\u00e9s antioxydantes qui ralentissent le vieillissement cutan\u00e9. Ainsi, Allbiomorocco vous<br \/>\ngarantie une huile d\u2019argan 100 % naturelle. Une qualit\u00e9 exceptionnelle gr\u00e2ce au soin m\u00e9ticuleux<br \/>\napport\u00e9 \u00e0 toutes les \u00e9tapes d\u2019un processus ma\u00eetris\u00e9. La gamme soins capillaires permet de<br \/>\nprot\u00e9ger vos cheveux et les soigner contre la chute. Ils servent aux diff\u00e9rents types de cheveux que<br \/>\nse soient: les cheveux raides, ondul\u00e9s, fris\u00e9s ou cr\u00e9pus. Deux \u00e0 trois fois par semaine, apr\u00e8s le<br \/>\nshampoing, r\u00e9partir le masque sur l\u2019ensemble de la chevelure, du cuir chevelu jusqu\u2019aux pointes.<br \/>\nLaisser les actifs p\u00e9n\u00e9trer et agir cinq \u00e0 dix minutes et rincer soigneusement \u00e0 l\u2019eau claire<\/p>","protected":false},"excerpt":{"rendered":"<p>Le masque capillaire \u00e0 l\u2019huile d\u2019argan est un soin r\u00e9parateur, nourrissant et protecteur pour vos cheveux. Sa forte teneur en huile d\u2019Argan bio restructure, prot\u00e8ge et fortifie la fibre capillaire. Il purifie et assainit le cuir chevelu. Il r\u00e9g\u00e9n\u00e8re et nourrit en profondeur les cheveux secs et d\u00e9vitalis\u00e9s. Il pr\u00e9serve votre chevelure des agressions ext\u00e9rieures. [&hellip;]<\/p>\n","protected":false},"featured_media":8227,"comment_status":"open","ping_status":"closed","template":"","meta":{"_uag_custom_page_level_css":"","site-sidebar-layout":"default","site-content-layout":"","ast-site-content-layout":"default","site-content-style":"default","site-sidebar-style":"default","ast-global-header-display":"","ast-banner-title-visibility":"","ast-main-header-display":"","ast-hfb-above-header-display":"","ast-hfb-below-header-display":"","ast-hfb-mobile-header-display":"","site-post-title":"","ast-breadcrumbs-content":"","ast-featured-img":"","footer-sml-layout":"","ast-disable-related-posts":"","theme-transparent-header-meta":"default","adv-header-id-meta":"","stick-header-meta":"","header-above-stick-meta":"","header-main-stick-meta":"","header-below-stick-meta":"","astra-migrate-meta-layouts":"set","ast-page-background-enabled":"default","ast-page-background-meta":{"desktop":{"background-color":"","background-image":"","background-repeat":"repeat","background-position":"center center","background-size":"auto","background-attachment":"scroll","background-type":"","background-media":"","overlay-type":"","overlay-color":"","overlay-opacity":"","overlay-gradient":""},"tablet":{"background-color":"","background-image":"","background-repeat":"repeat","background-position":"center center","background-size":"auto","background-attachment":"scroll","background-type":"","background-media":"","overlay-type":"","overlay-color":"","overlay-opacity":"","overlay-gradient":""},"mobile":{"background-color":"","background-image":"","background-repeat":"repeat","background-position":"center center","background-size":"auto","background-attachment":"scroll","background-type":"","background-media":"","overlay-type":"","overlay-color":"","overlay-opacity":"","overlay-gradient":""}},"ast-content-background-meta":{"desktop":{"background-color":"var(--ast-global-color-5)","background-image":"","background-repeat":"repeat","background-position":"center center","background-size":"auto","background-attachment":"scroll","background-type":"","background-media":"","overlay-type":"","overlay-color":"","overlay-opacity":"","overlay-gradient":""},"tablet":{"background-color":"var(--ast-global-color-5)","background-image":"","background-repeat":"repeat","background-position":"center center","background-size":"auto","background-attachment":"scroll","background-type":"","background-media":"","overlay-type":"","overlay-color":"","overlay-opacity":"","overlay-gradient":""},"mobile":{"background-color":"var(--ast-global-color-5)","background-image":"","background-repeat":"repeat","background-position":"center center","background-size":"auto","background-attachment":"scroll","background-type":"","background-media":"","overlay-type":"","overlay-color":"","overlay-opacity":"","overlay-gradient":""}}},"product_brand":[],"product_cat":[16],"product_tag":[],"class_list":{"0":"post-7530","1":"product","2":"type-product","3":"status-publish","4":"has-post-thumbnail","6":"product_cat-cosmetique","7":"desktop-align-center","8":"tablet-align-center","9":"mobile-align-center","11":"first","12":"instock","13":"shipping-taxable","14":"purchasable","15":"product-type-simple"},"aioseo_notices":[],"uagb_featured_image_src":{"full":["https:\/\/allbiomorocco.com\/wp-content\/uploads\/2026\/01\/Gemini_Generated_Image_kvs3wpkvs3wpkvs3-460x820-1.png",460,820,false],"thumbnail":["https:\/\/allbiomorocco.com\/wp-content\/uploads\/2026\/01\/Gemini_Generated_Image_kvs3wpkvs3wpkvs3-460x820-1-150x150.png",150,150,true],"medium":["https:\/\/allbiomorocco.com\/wp-content\/uploads\/2026\/01\/Gemini_Generated_Image_kvs3wpkvs3wpkvs3-460x820-1-168x300.png",168,300,true],"medium_large":["https:\/\/allbiomorocco.com\/wp-content\/uploads\/2026\/01\/Gemini_Generated_Image_kvs3wpkvs3wpkvs3-460x820-1.png",460,820,false],"large":["https:\/\/allbiomorocco.com\/wp-content\/uploads\/2026\/01\/Gemini_Generated_Image_kvs3wpkvs3wpkvs3-460x820-1.png",460,820,false],"1536x1536":["https:\/\/allbiomorocco.com\/wp-content\/uploads\/2026\/01\/Gemini_Generated_Image_kvs3wpkvs3wpkvs3-460x820-1.png",460,820,false],"2048x2048":["https:\/\/allbiomorocco.com\/wp-content\/uploads\/2026\/01\/Gemini_Generated_Image_kvs3wpkvs3wpkvs3-460x820-1.png",460,820,false],"trp-custom-language-flag":["https:\/\/allbiomorocco.com\/wp-content\/uploads\/2026\/01\/Gemini_Generated_Image_kvs3wpkvs3wpkvs3-460x820-1-7x12.png",7,12,true],"woocommerce_thumbnail":["https:\/\/allbiomorocco.com\/wp-content\/uploads\/2026\/01\/Gemini_Generated_Image_kvs3wpkvs3wpkvs3-460x820-1-300x300.png",300,300,true],"woocommerce_single":["https:\/\/allbiomorocco.com\/wp-content\/uploads\/2026\/01\/Gemini_Generated_Image_kvs3wpkvs3wpkvs3-460x820-1.png",460,820,false],"woocommerce_gallery_thumbnail":["https:\/\/allbiomorocco.com\/wp-content\/uploads\/2026\/01\/Gemini_Generated_Image_kvs3wpkvs3wpkvs3-460x820-1-100x100.png",100,100,true]},"uagb_author_info":{"display_name":"NOUZHA ABARDAQ","author_link":"https:\/\/allbiomorocco.com\/en\/author\/"},"uagb_comment_info":0,"uagb_excerpt":"Le masque capillaire \u00e0 l\u2019huile d\u2019argan est un soin r\u00e9parateur, nourrissant et protecteur pour vos cheveux. Sa forte teneur en huile d\u2019Argan bio restructure, prot\u00e8ge et fortifie la fibre capillaire. Il purifie et assainit le cuir chevelu. Il r\u00e9g\u00e9n\u00e8re et nourrit en profondeur les cheveux secs et d\u00e9vitalis\u00e9s. Il pr\u00e9serve votre chevelure des agressions ext\u00e9rieures.&hellip;","_links":{"self":[{"href":"https:\/\/allbiomorocco.com\/en\/wp-json\/wp\/v2\/product\/7530","targetHints":{"allow":["GET"]}}],"collection":[{"href":"https:\/\/allbiomorocco.com\/en\/wp-json\/wp\/v2\/product"}],"about":[{"href":"https:\/\/allbiomorocco.com\/en\/wp-json\/wp\/v2\/types\/product"}],"replies":[{"embeddable":true,"href":"https:\/\/allbiomorocco.com\/en\/wp-json\/wp\/v2\/comments?post=7530"}],"wp:featuredmedia":[{"embeddable":true,"href":"https:\/\/allbiomorocco.com\/en\/wp-json\/wp\/v2\/media\/8227"}],"wp:attachment":[{"href":"https:\/\/allbiomorocco.com\/en\/wp-json\/wp\/v2\/media?parent=7530"}],"wp:term":[{"taxonomy":"product_brand","embeddable":true,"href":"https:\/\/allbiomorocco.com\/en\/wp-json\/wp\/v2\/product_brand?post=7530"},{"taxonomy":"product_cat","embeddable":true,"href":"https:\/\/allbiomorocco.com\/en\/wp-json\/wp\/v2\/product_cat?post=7530"},{"taxonomy":"product_tag","embeddable":true,"href":"https:\/\/allbiomorocco.com\/en\/wp-json\/wp\/v2\/product_tag?post=7530"}],"curies":[{"name":"wp","href":"https:\/\/api.w.org\/{rel}","templated":true}]}}