{"id":7532,"date":"2026-01-21T13:49:24","date_gmt":"2026-01-21T13:49:24","guid":{"rendered":"https:\/\/allbiomorocco.com\/?post_type=product&#038;p=7532"},"modified":"2026-04-10T17:38:47","modified_gmt":"2026-04-10T17:38:47","slug":"gommage-argan","status":"publish","type":"product","link":"https:\/\/allbiomorocco.com\/en\/product\/gommage-argan\/","title":{"rendered":"Gommage Argan"},"content":{"rendered":"<p>Le gommage doux \u00e0 l\u2019huile d\u2019Argan bio, en beurre de karit\u00e9 et en peeling naturel (poudre d\u2019argan)<\/p>\n<p>pr\u00e9pare la peau aux diff\u00e9rents soins. Il am\u00e9liore d\u00e9licatement la fermet\u00e9 de la peau, l\u2019hydrate en<\/p>\n<p>profondeur et \u00e9limine naturellement les cellules mortes. L\u2019huile d\u2019argan est tr\u00e8s riche en actifs<\/p>\n<p>insaponifiables, comme la vitamine E, les om\u00e9gas 6 et 9, les st\u00e9rols et les compos\u00e9s ph\u00e9noliques.<\/p>\n<p>Elle poss\u00e8de des propri\u00e9t\u00e9s antioxydantes qui ralentissent le vieillissement cutan\u00e9. Elle prot\u00e8ge et<\/p>\n<p>assouplit la peau du visage. Ainsi, Allbiomorocco vous garantit une huile d\u2019argan 100 % naturelle<\/p>\n<p>d\u2019une qualit\u00e9 exceptionnelle. Et ce, gr\u00e2ce au soin m\u00e9ticuleux apport\u00e9 \u00e0 toutes les \u00e9tapes d\u2019un<\/p>\n<p>processus ma\u00eetris\u00e9, depuis la cueillette, la collecte, le tri, le nettoyage de la pulpe, le s\u00e9chage, le<\/p>\n<p>concassage des coques, toutes des op\u00e9rations exclusivement manuelles, jusqu\u2019au pressage final \u00e0<\/p>\n<p>froid. D\u00e9poser une noisette de produit au creux de votre main ou sur un gant de toilette. Masser<\/p>\n<p>d\u00e9licatement par mouvements circulaires sur la peau humide en prenant soin d\u2019\u00e9viter les yeux.<\/p>\n<p>Rincer \u00e0 l\u2019eau ti\u00e8de. La gamme Rituels Hammam d\u2019Apia vous fait red\u00e9couvrir les bienfaits du<\/p>\n<p>hammam marocain gr\u00e2ce \u00e0 ses senteurs parfum\u00e9es et ses textures douces et onctueuses<\/p>","protected":false},"excerpt":{"rendered":"<p>Le gommage doux \u00e0 l\u2019huile d\u2019Argan bio, en beurre de karit\u00e9 et en peeling naturel (poudre d\u2019argan) pr\u00e9pare la peau aux diff\u00e9rents soins. Il am\u00e9liore d\u00e9licatement la fermet\u00e9 de la peau, l\u2019hydrate en profondeur et \u00e9limine naturellement les cellules mortes. L\u2019huile d\u2019argan est tr\u00e8s riche en actifs insaponifiables, comme la vitamine E, les om\u00e9gas 6 [&hellip;]<\/p>\n","protected":false},"featured_media":8087,"comment_status":"open","ping_status":"closed","template":"","meta":{"_uag_custom_page_level_css":"","site-sidebar-layout":"default","site-content-layout":"","ast-site-content-layout":"default","site-content-style":"default","site-sidebar-style":"default","ast-global-header-display":"","ast-banner-title-visibility":"","ast-main-header-display":"","ast-hfb-above-header-display":"","ast-hfb-below-header-display":"","ast-hfb-mobile-header-display":"","site-post-title":"","ast-breadcrumbs-content":"","ast-featured-img":"","footer-sml-layout":"","ast-disable-related-posts":"","theme-transparent-header-meta":"default","adv-header-id-meta":"","stick-header-meta":"","header-above-stick-meta":"","header-main-stick-meta":"","header-below-stick-meta":"","astra-migrate-meta-layouts":"set","ast-page-background-enabled":"default","ast-page-background-meta":{"desktop":{"background-color":"","background-image":"","background-repeat":"repeat","background-position":"center center","background-size":"auto","background-attachment":"scroll","background-type":"","background-media":"","overlay-type":"","overlay-color":"","overlay-opacity":"","overlay-gradient":""},"tablet":{"background-color":"","background-image":"","background-repeat":"repeat","background-position":"center center","background-size":"auto","background-attachment":"scroll","background-type":"","background-media":"","overlay-type":"","overlay-color":"","overlay-opacity":"","overlay-gradient":""},"mobile":{"background-color":"","background-image":"","background-repeat":"repeat","background-position":"center center","background-size":"auto","background-attachment":"scroll","background-type":"","background-media":"","overlay-type":"","overlay-color":"","overlay-opacity":"","overlay-gradient":""}},"ast-content-background-meta":{"desktop":{"background-color":"var(--ast-global-color-5)","background-image":"","background-repeat":"repeat","background-position":"center center","background-size":"auto","background-attachment":"scroll","background-type":"","background-media":"","overlay-type":"","overlay-color":"","overlay-opacity":"","overlay-gradient":""},"tablet":{"background-color":"var(--ast-global-color-5)","background-image":"","background-repeat":"repeat","background-position":"center center","background-size":"auto","background-attachment":"scroll","background-type":"","background-media":"","overlay-type":"","overlay-color":"","overlay-opacity":"","overlay-gradient":""},"mobile":{"background-color":"var(--ast-global-color-5)","background-image":"","background-repeat":"repeat","background-position":"center center","background-size":"auto","background-attachment":"scroll","background-type":"","background-media":"","overlay-type":"","overlay-color":"","overlay-opacity":"","overlay-gradient":""}}},"product_brand":[],"product_cat":[16],"product_tag":[],"class_list":{"0":"post-7532","1":"product","2":"type-product","3":"status-publish","4":"has-post-thumbnail","6":"product_cat-cosmetique","7":"desktop-align-center","8":"tablet-align-center","9":"mobile-align-center","11":"first","12":"instock","13":"featured","14":"shipping-taxable","15":"purchasable","16":"product-type-simple"},"aioseo_notices":[],"uagb_featured_image_src":{"full":["https:\/\/allbiomorocco.com\/wp-content\/uploads\/2026\/01\/gommage_argan-307x204-1.png",307,204,false],"thumbnail":["https:\/\/allbiomorocco.com\/wp-content\/uploads\/2026\/01\/gommage_argan-307x204-1-150x150.png",150,150,true],"medium":["https:\/\/allbiomorocco.com\/wp-content\/uploads\/2026\/01\/gommage_argan-307x204-1-300x199.png",300,199,true],"medium_large":["https:\/\/allbiomorocco.com\/wp-content\/uploads\/2026\/01\/gommage_argan-307x204-1.png",307,204,false],"large":["https:\/\/allbiomorocco.com\/wp-content\/uploads\/2026\/01\/gommage_argan-307x204-1.png",307,204,false],"1536x1536":["https:\/\/allbiomorocco.com\/wp-content\/uploads\/2026\/01\/gommage_argan-307x204-1.png",307,204,false],"2048x2048":["https:\/\/allbiomorocco.com\/wp-content\/uploads\/2026\/01\/gommage_argan-307x204-1.png",307,204,false],"trp-custom-language-flag":["https:\/\/allbiomorocco.com\/wp-content\/uploads\/2026\/01\/gommage_argan-307x204-1-18x12.png",18,12,true],"woocommerce_thumbnail":["https:\/\/allbiomorocco.com\/wp-content\/uploads\/2026\/01\/gommage_argan-307x204-1-300x204.png",300,204,true],"woocommerce_single":["https:\/\/allbiomorocco.com\/wp-content\/uploads\/2026\/01\/gommage_argan-307x204-1.png",307,204,false],"woocommerce_gallery_thumbnail":["https:\/\/allbiomorocco.com\/wp-content\/uploads\/2026\/01\/gommage_argan-307x204-1-100x100.png",100,100,true]},"uagb_author_info":{"display_name":"NOUZHA ABARDAQ","author_link":"https:\/\/allbiomorocco.com\/en\/author\/"},"uagb_comment_info":0,"uagb_excerpt":"Le gommage doux \u00e0 l\u2019huile d\u2019Argan bio, en beurre de karit\u00e9 et en peeling naturel (poudre d\u2019argan) pr\u00e9pare la peau aux diff\u00e9rents soins. Il am\u00e9liore d\u00e9licatement la fermet\u00e9 de la peau, l\u2019hydrate en profondeur et \u00e9limine naturellement les cellules mortes. L\u2019huile d\u2019argan est tr\u00e8s riche en actifs insaponifiables, comme la vitamine E, les om\u00e9gas 6&hellip;","_links":{"self":[{"href":"https:\/\/allbiomorocco.com\/en\/wp-json\/wp\/v2\/product\/7532","targetHints":{"allow":["GET"]}}],"collection":[{"href":"https:\/\/allbiomorocco.com\/en\/wp-json\/wp\/v2\/product"}],"about":[{"href":"https:\/\/allbiomorocco.com\/en\/wp-json\/wp\/v2\/types\/product"}],"replies":[{"embeddable":true,"href":"https:\/\/allbiomorocco.com\/en\/wp-json\/wp\/v2\/comments?post=7532"}],"wp:featuredmedia":[{"embeddable":true,"href":"https:\/\/allbiomorocco.com\/en\/wp-json\/wp\/v2\/media\/8087"}],"wp:attachment":[{"href":"https:\/\/allbiomorocco.com\/en\/wp-json\/wp\/v2\/media?parent=7532"}],"wp:term":[{"taxonomy":"product_brand","embeddable":true,"href":"https:\/\/allbiomorocco.com\/en\/wp-json\/wp\/v2\/product_brand?post=7532"},{"taxonomy":"product_cat","embeddable":true,"href":"https:\/\/allbiomorocco.com\/en\/wp-json\/wp\/v2\/product_cat?post=7532"},{"taxonomy":"product_tag","embeddable":true,"href":"https:\/\/allbiomorocco.com\/en\/wp-json\/wp\/v2\/product_tag?post=7532"}],"curies":[{"name":"wp","href":"https:\/\/api.w.org\/{rel}","templated":true}]}}