{"id":7533,"date":"2026-01-21T13:49:24","date_gmt":"2026-01-21T13:49:24","guid":{"rendered":"https:\/\/allbiomorocco.com\/?post_type=product&#038;p=7533"},"modified":"2026-04-10T18:42:15","modified_gmt":"2026-04-10T18:42:15","slug":"creme-de-main","status":"publish","type":"product","link":"https:\/\/allbiomorocco.com\/en\/product\/creme-de-main\/","title":{"rendered":"Cr\u00e8me de Main"},"content":{"rendered":"<p>La cr\u00e8me mains \u00e0 l\u2019huile d\u2019Argan est enrichie au beurre de Karit\u00e9 et \u00e0 la vitamine E. Elle permet de<\/p>\n<p>lutter contre les peaux s\u00e8ches pour retrouver des mains douces et souples. L\u2019huile d\u2019argan est tr\u00e8s<\/p>\n<p>riche en actifs insaponifiables recherch\u00e9s en cosm\u00e9tique, comme la vitamine E, les om\u00e9gas 6 et 9,<\/p>\n<p>les st\u00e9rols et les compos\u00e9s ph\u00e9noliques. Elle poss\u00e8de des propri\u00e9t\u00e9s antioxydantes qui ralentissent<\/p>\n<p>le vieillissement cutan\u00e9. Elle prot\u00e8ge et assouplit la peau. Allbiomorrocco garantie une huile<\/p>\n<p>d\u2019argan 100 % naturelle d\u2019une qualit\u00e9 exceptionnelle gr\u00e2ce au soin m\u00e9ticuleux apport\u00e9 \u00e0 toutes les<\/p>\n<p>\u00e9tapes d\u2019un processus ma\u00eetris\u00e9, depuis la cueillette, la collecte, le tri, le nettoyage de la pulpe, le<\/p>\n<p>s\u00e9chage, le concassage des coques, toutes des op\u00e9rations exclusivement manuelles, jusqu\u2019au<\/p>\n<p>pressage final \u00e0 froid. Le beurre de karit\u00e9 hydrate et prot\u00e8ge la peau. Il apporte \u00e9lasticit\u00e9 et<\/p>\n<p>souplesse. Gr\u00e2ce \u00e0 la vitamine F et aux acides gras contenus dans ce beurre naturel, il permet<\/p>\n<p>d\u2019att\u00e9nuer les rides et favorise le renouvellement cellulaire. La vitamine E prot\u00e8ge et tonifie la<\/p>\n<p>Peau<\/p>","protected":false},"excerpt":{"rendered":"<p>La cr\u00e8me mains \u00e0 l\u2019huile d\u2019Argan est enrichie au beurre de Karit\u00e9 et \u00e0 la vitamine E. Elle permet de lutter contre les peaux s\u00e8ches pour retrouver des mains douces et souples. L\u2019huile d\u2019argan est tr\u00e8s riche en actifs insaponifiables recherch\u00e9s en cosm\u00e9tique, comme la vitamine E, les om\u00e9gas 6 et 9, les st\u00e9rols et [&hellip;]<\/p>\n","protected":false},"featured_media":8101,"comment_status":"open","ping_status":"closed","template":"","meta":{"_uag_custom_page_level_css":"","site-sidebar-layout":"default","site-content-layout":"","ast-site-content-layout":"default","site-content-style":"default","site-sidebar-style":"default","ast-global-header-display":"","ast-banner-title-visibility":"","ast-main-header-display":"","ast-hfb-above-header-display":"","ast-hfb-below-header-display":"","ast-hfb-mobile-header-display":"","site-post-title":"","ast-breadcrumbs-content":"","ast-featured-img":"","footer-sml-layout":"","ast-disable-related-posts":"","theme-transparent-header-meta":"default","adv-header-id-meta":"","stick-header-meta":"","header-above-stick-meta":"","header-main-stick-meta":"","header-below-stick-meta":"","astra-migrate-meta-layouts":"set","ast-page-background-enabled":"default","ast-page-background-meta":{"desktop":{"background-color":"","background-image":"","background-repeat":"repeat","background-position":"center center","background-size":"auto","background-attachment":"scroll","background-type":"","background-media":"","overlay-type":"","overlay-color":"","overlay-opacity":"","overlay-gradient":""},"tablet":{"background-color":"","background-image":"","background-repeat":"repeat","background-position":"center center","background-size":"auto","background-attachment":"scroll","background-type":"","background-media":"","overlay-type":"","overlay-color":"","overlay-opacity":"","overlay-gradient":""},"mobile":{"background-color":"","background-image":"","background-repeat":"repeat","background-position":"center center","background-size":"auto","background-attachment":"scroll","background-type":"","background-media":"","overlay-type":"","overlay-color":"","overlay-opacity":"","overlay-gradient":""}},"ast-content-background-meta":{"desktop":{"background-color":"var(--ast-global-color-5)","background-image":"","background-repeat":"repeat","background-position":"center center","background-size":"auto","background-attachment":"scroll","background-type":"","background-media":"","overlay-type":"","overlay-color":"","overlay-opacity":"","overlay-gradient":""},"tablet":{"background-color":"var(--ast-global-color-5)","background-image":"","background-repeat":"repeat","background-position":"center center","background-size":"auto","background-attachment":"scroll","background-type":"","background-media":"","overlay-type":"","overlay-color":"","overlay-opacity":"","overlay-gradient":""},"mobile":{"background-color":"var(--ast-global-color-5)","background-image":"","background-repeat":"repeat","background-position":"center center","background-size":"auto","background-attachment":"scroll","background-type":"","background-media":"","overlay-type":"","overlay-color":"","overlay-opacity":"","overlay-gradient":""}}},"product_brand":[],"product_cat":[16],"product_tag":[],"class_list":{"0":"post-7533","1":"product","2":"type-product","3":"status-publish","4":"has-post-thumbnail","6":"product_cat-cosmetique","7":"desktop-align-center","8":"tablet-align-center","9":"mobile-align-center","11":"first","12":"instock","13":"featured","14":"shipping-taxable","15":"purchasable","16":"product-type-simple"},"aioseo_notices":[],"uagb_featured_image_src":{"full":["https:\/\/allbiomorocco.com\/wp-content\/uploads\/2026\/01\/creme_main-505x336-1.png",505,336,false],"thumbnail":["https:\/\/allbiomorocco.com\/wp-content\/uploads\/2026\/01\/creme_main-505x336-1-150x150.png",150,150,true],"medium":["https:\/\/allbiomorocco.com\/wp-content\/uploads\/2026\/01\/creme_main-505x336-1-300x200.png",300,200,true],"medium_large":["https:\/\/allbiomorocco.com\/wp-content\/uploads\/2026\/01\/creme_main-505x336-1.png",505,336,false],"large":["https:\/\/allbiomorocco.com\/wp-content\/uploads\/2026\/01\/creme_main-505x336-1.png",505,336,false],"1536x1536":["https:\/\/allbiomorocco.com\/wp-content\/uploads\/2026\/01\/creme_main-505x336-1.png",505,336,false],"2048x2048":["https:\/\/allbiomorocco.com\/wp-content\/uploads\/2026\/01\/creme_main-505x336-1.png",505,336,false],"trp-custom-language-flag":["https:\/\/allbiomorocco.com\/wp-content\/uploads\/2026\/01\/creme_main-505x336-1-18x12.png",18,12,true],"woocommerce_thumbnail":["https:\/\/allbiomorocco.com\/wp-content\/uploads\/2026\/01\/creme_main-505x336-1-300x300.png",300,300,true],"woocommerce_single":["https:\/\/allbiomorocco.com\/wp-content\/uploads\/2026\/01\/creme_main-505x336-1.png",505,336,false],"woocommerce_gallery_thumbnail":["https:\/\/allbiomorocco.com\/wp-content\/uploads\/2026\/01\/creme_main-505x336-1-100x100.png",100,100,true]},"uagb_author_info":{"display_name":"NOUZHA ABARDAQ","author_link":"https:\/\/allbiomorocco.com\/en\/author\/"},"uagb_comment_info":0,"uagb_excerpt":"La cr\u00e8me mains \u00e0 l\u2019huile d\u2019Argan est enrichie au beurre de Karit\u00e9 et \u00e0 la vitamine E. Elle permet de lutter contre les peaux s\u00e8ches pour retrouver des mains douces et souples. L\u2019huile d\u2019argan est tr\u00e8s riche en actifs insaponifiables recherch\u00e9s en cosm\u00e9tique, comme la vitamine E, les om\u00e9gas 6 et 9, les st\u00e9rols et&hellip;","_links":{"self":[{"href":"https:\/\/allbiomorocco.com\/en\/wp-json\/wp\/v2\/product\/7533","targetHints":{"allow":["GET"]}}],"collection":[{"href":"https:\/\/allbiomorocco.com\/en\/wp-json\/wp\/v2\/product"}],"about":[{"href":"https:\/\/allbiomorocco.com\/en\/wp-json\/wp\/v2\/types\/product"}],"replies":[{"embeddable":true,"href":"https:\/\/allbiomorocco.com\/en\/wp-json\/wp\/v2\/comments?post=7533"}],"wp:featuredmedia":[{"embeddable":true,"href":"https:\/\/allbiomorocco.com\/en\/wp-json\/wp\/v2\/media\/8101"}],"wp:attachment":[{"href":"https:\/\/allbiomorocco.com\/en\/wp-json\/wp\/v2\/media?parent=7533"}],"wp:term":[{"taxonomy":"product_brand","embeddable":true,"href":"https:\/\/allbiomorocco.com\/en\/wp-json\/wp\/v2\/product_brand?post=7533"},{"taxonomy":"product_cat","embeddable":true,"href":"https:\/\/allbiomorocco.com\/en\/wp-json\/wp\/v2\/product_cat?post=7533"},{"taxonomy":"product_tag","embeddable":true,"href":"https:\/\/allbiomorocco.com\/en\/wp-json\/wp\/v2\/product_tag?post=7533"}],"curies":[{"name":"wp","href":"https:\/\/api.w.org\/{rel}","templated":true}]}}