{"id":7534,"date":"2026-01-21T13:49:24","date_gmt":"2026-01-21T13:49:24","guid":{"rendered":"https:\/\/allbiomorocco.com\/?post_type=product&#038;p=7534"},"modified":"2026-04-10T18:27:31","modified_gmt":"2026-04-10T18:27:31","slug":"creme-de-pied","status":"publish","type":"product","link":"https:\/\/allbiomorocco.com\/en\/product\/creme-de-pied\/","title":{"rendered":"Cr\u00e8me de pied"},"content":{"rendered":"<p>La cr\u00e8me pour les pieds \u00e0 l\u2019huile d\u2019Argan est enrichie au beurre de Karit\u00e9 et \u00e0 la vitamine E. Elle<\/p>\n<p>permet de lutter contre les peaux s\u00e8ches et dures des pieds, et de leur redonner souplesse et<\/p>\n<p>douceur. L\u2019huile d\u2019argan est tr\u00e8s riche en actifs insaponifiables recherch\u00e9s en cosm\u00e9tique, comme<\/p>\n<p>la vitamine E, les om\u00e9gas 6 et 9, les st\u00e9rols et les compos\u00e9s ph\u00e9noliques. Elle poss\u00e8de des<\/p>\n<p>propri\u00e9t\u00e9s antioxydantes qui ralentissent le vieillissement cutan\u00e9. Elle prot\u00e8ge et assouplit la peau.<\/p>\n<p>Allbiomorocco ganrantie une huile d\u2019argan 100 % naturelle d\u2019une qualit\u00e9 exceptionnelle gr\u00e2ce au<\/p>\n<p>soin m\u00e9ticuleux apport\u00e9 \u00e0 toutes les \u00e9tapes d\u2019un processus ma\u00eetris\u00e9. Le beurre de karit\u00e9 hydrate et<\/p>\n<p>prot\u00e9ger la peau. Il apporte \u00e9lasticit\u00e9 et souplesse. Gr\u00e2ce \u00e0 la vitamine F et aux acides gras<\/p>\n<p>contenus dans ce beurre naturel, il permet d\u2019att\u00e9nuer les rides et favorise le renouvellement<\/p>\n<p>cellulaire. La vitamine E prot\u00e8ge et tonifie la peau. La cr\u00e8me pieds et un soin corporel \u00e0 appliquer<\/p>\n<p>g\u00e9n\u00e9reusement sur les pieds, en insistant sur les zones s\u00e8ches<\/p>","protected":false},"excerpt":{"rendered":"<p>La cr\u00e8me pour les pieds \u00e0 l\u2019huile d\u2019Argan est enrichie au beurre de Karit\u00e9 et \u00e0 la vitamine E. Elle permet de lutter contre les peaux s\u00e8ches et dures des pieds, et de leur redonner souplesse et douceur. L\u2019huile d\u2019argan est tr\u00e8s riche en actifs insaponifiables recherch\u00e9s en cosm\u00e9tique, comme la vitamine E, les om\u00e9gas [&hellip;]<\/p>\n","protected":false},"featured_media":8100,"comment_status":"open","ping_status":"closed","template":"","meta":{"_uag_custom_page_level_css":"","site-sidebar-layout":"default","site-content-layout":"","ast-site-content-layout":"default","site-content-style":"default","site-sidebar-style":"default","ast-global-header-display":"","ast-banner-title-visibility":"","ast-main-header-display":"","ast-hfb-above-header-display":"","ast-hfb-below-header-display":"","ast-hfb-mobile-header-display":"","site-post-title":"","ast-breadcrumbs-content":"","ast-featured-img":"","footer-sml-layout":"","ast-disable-related-posts":"","theme-transparent-header-meta":"default","adv-header-id-meta":"","stick-header-meta":"","header-above-stick-meta":"","header-main-stick-meta":"","header-below-stick-meta":"","astra-migrate-meta-layouts":"set","ast-page-background-enabled":"default","ast-page-background-meta":{"desktop":{"background-color":"","background-image":"","background-repeat":"repeat","background-position":"center center","background-size":"auto","background-attachment":"scroll","background-type":"","background-media":"","overlay-type":"","overlay-color":"","overlay-opacity":"","overlay-gradient":""},"tablet":{"background-color":"","background-image":"","background-repeat":"repeat","background-position":"center center","background-size":"auto","background-attachment":"scroll","background-type":"","background-media":"","overlay-type":"","overlay-color":"","overlay-opacity":"","overlay-gradient":""},"mobile":{"background-color":"","background-image":"","background-repeat":"repeat","background-position":"center center","background-size":"auto","background-attachment":"scroll","background-type":"","background-media":"","overlay-type":"","overlay-color":"","overlay-opacity":"","overlay-gradient":""}},"ast-content-background-meta":{"desktop":{"background-color":"var(--ast-global-color-5)","background-image":"","background-repeat":"repeat","background-position":"center center","background-size":"auto","background-attachment":"scroll","background-type":"","background-media":"","overlay-type":"","overlay-color":"","overlay-opacity":"","overlay-gradient":""},"tablet":{"background-color":"var(--ast-global-color-5)","background-image":"","background-repeat":"repeat","background-position":"center center","background-size":"auto","background-attachment":"scroll","background-type":"","background-media":"","overlay-type":"","overlay-color":"","overlay-opacity":"","overlay-gradient":""},"mobile":{"background-color":"var(--ast-global-color-5)","background-image":"","background-repeat":"repeat","background-position":"center center","background-size":"auto","background-attachment":"scroll","background-type":"","background-media":"","overlay-type":"","overlay-color":"","overlay-opacity":"","overlay-gradient":""}}},"product_brand":[],"product_cat":[16],"product_tag":[],"class_list":{"0":"post-7534","1":"product","2":"type-product","3":"status-publish","4":"has-post-thumbnail","6":"product_cat-cosmetique","7":"desktop-align-center","8":"tablet-align-center","9":"mobile-align-center","11":"first","12":"instock","13":"featured","14":"shipping-taxable","15":"purchasable","16":"product-type-simple"},"aioseo_notices":[],"uagb_featured_image_src":{"full":["https:\/\/allbiomorocco.com\/wp-content\/uploads\/2026\/01\/creme_pied-1264x842-2.png",1264,842,false],"thumbnail":["https:\/\/allbiomorocco.com\/wp-content\/uploads\/2026\/01\/creme_pied-1264x842-2-150x150.png",150,150,true],"medium":["https:\/\/allbiomorocco.com\/wp-content\/uploads\/2026\/01\/creme_pied-1264x842-2-300x200.png",300,200,true],"medium_large":["https:\/\/allbiomorocco.com\/wp-content\/uploads\/2026\/01\/creme_pied-1264x842-2-768x512.png",768,512,true],"large":["https:\/\/allbiomorocco.com\/wp-content\/uploads\/2026\/01\/creme_pied-1264x842-2-1024x682.png",1024,682,true],"1536x1536":["https:\/\/allbiomorocco.com\/wp-content\/uploads\/2026\/01\/creme_pied-1264x842-2.png",1264,842,false],"2048x2048":["https:\/\/allbiomorocco.com\/wp-content\/uploads\/2026\/01\/creme_pied-1264x842-2.png",1264,842,false],"trp-custom-language-flag":["https:\/\/allbiomorocco.com\/wp-content\/uploads\/2026\/01\/creme_pied-1264x842-2-18x12.png",18,12,true],"woocommerce_thumbnail":["https:\/\/allbiomorocco.com\/wp-content\/uploads\/2026\/01\/creme_pied-1264x842-2-300x300.png",300,300,true],"woocommerce_single":["https:\/\/allbiomorocco.com\/wp-content\/uploads\/2026\/01\/creme_pied-1264x842-2-600x400.png",600,400,true],"woocommerce_gallery_thumbnail":["https:\/\/allbiomorocco.com\/wp-content\/uploads\/2026\/01\/creme_pied-1264x842-2-100x100.png",100,100,true]},"uagb_author_info":{"display_name":"NOUZHA ABARDAQ","author_link":"https:\/\/allbiomorocco.com\/en\/author\/"},"uagb_comment_info":0,"uagb_excerpt":"La cr\u00e8me pour les pieds \u00e0 l\u2019huile d\u2019Argan est enrichie au beurre de Karit\u00e9 et \u00e0 la vitamine E. Elle permet de lutter contre les peaux s\u00e8ches et dures des pieds, et de leur redonner souplesse et douceur. L\u2019huile d\u2019argan est tr\u00e8s riche en actifs insaponifiables recherch\u00e9s en cosm\u00e9tique, comme la vitamine E, les om\u00e9gas&hellip;","_links":{"self":[{"href":"https:\/\/allbiomorocco.com\/en\/wp-json\/wp\/v2\/product\/7534","targetHints":{"allow":["GET"]}}],"collection":[{"href":"https:\/\/allbiomorocco.com\/en\/wp-json\/wp\/v2\/product"}],"about":[{"href":"https:\/\/allbiomorocco.com\/en\/wp-json\/wp\/v2\/types\/product"}],"replies":[{"embeddable":true,"href":"https:\/\/allbiomorocco.com\/en\/wp-json\/wp\/v2\/comments?post=7534"}],"wp:featuredmedia":[{"embeddable":true,"href":"https:\/\/allbiomorocco.com\/en\/wp-json\/wp\/v2\/media\/8100"}],"wp:attachment":[{"href":"https:\/\/allbiomorocco.com\/en\/wp-json\/wp\/v2\/media?parent=7534"}],"wp:term":[{"taxonomy":"product_brand","embeddable":true,"href":"https:\/\/allbiomorocco.com\/en\/wp-json\/wp\/v2\/product_brand?post=7534"},{"taxonomy":"product_cat","embeddable":true,"href":"https:\/\/allbiomorocco.com\/en\/wp-json\/wp\/v2\/product_cat?post=7534"},{"taxonomy":"product_tag","embeddable":true,"href":"https:\/\/allbiomorocco.com\/en\/wp-json\/wp\/v2\/product_tag?post=7534"}],"curies":[{"name":"wp","href":"https:\/\/api.w.org\/{rel}","templated":true}]}}