{"id":7535,"date":"2026-01-21T13:49:24","date_gmt":"2026-01-21T13:49:24","guid":{"rendered":"https:\/\/allbiomorocco.com\/?post_type=product&#038;p=7535"},"modified":"2026-04-10T18:44:47","modified_gmt":"2026-04-10T18:44:47","slug":"gel-douche-argan","status":"publish","type":"product","link":"https:\/\/allbiomorocco.com\/en\/product\/gel-douche-argan\/","title":{"rendered":"Gel Douche Argan"},"content":{"rendered":"<p>Le gel douche hydratant \u00e0 l\u2019huile d\u2019argan associe les vertus nourrissantes et protectrices de l\u2019huile<\/p>\n<p>d\u2019argan \u00e0 celles antiseptiques et nettoyantes. Il nettoie le corps en laissant une sensation de<\/p>\n<p>douceur sur la peau. Sa mousse riche \u00e0 la texture ultra l\u00e9g\u00e8re offre un v\u00e9ritable moment de bien-<\/p>\n<p>\u00eatre. Votre peau reste douce, hydrat\u00e9e et d\u00e9licatement parfum\u00e9e. Ce gel douche glyc\u00e9rin\u00e9 est<\/p>\n<p>id\u00e9al pour les peaux s\u00e8ches et sensibles. L\u2019huile d\u2019argan est tr\u00e8s riche en actifs insaponifiables<\/p>\n<p>recherch\u00e9s en cosm\u00e9tique, comme la vitamine E, les om\u00e9gas 6 et 9, les st\u00e9rols et les compos\u00e9s<\/p>\n<p>ph\u00e9noliques. Elle poss\u00e8de des propri\u00e9t\u00e9s antioxydantes qui ralentissent le vieillissement cutan\u00e9.<\/p>\n<p>Elle prot\u00e8ge et assouplit la peau. Allbiomorocco ganrantie une huile d\u2019argan 100 % naturelle d\u2019une<\/p>\n<p>qualit\u00e9 exceptionnelle gr\u00e2ce au soin m\u00e9ticuleux apport\u00e9 \u00e0 toutes les \u00e9tapes d\u2019un processus<\/p>\n<p>ma\u00eetris\u00e9. La lavande est connue depuis longtemps pour ses vertus antiseptiques et nettoyantes.<\/p>\n<p>Elle est aussi r\u00e9paratrice, apaise les peaux sensibles et \u00e0 probl\u00e8me. Elle laissera \u00e9galement son<\/p>\n<p>odeur fleurie sur votre peau. Ce produit est essentiel pour le rituel hammam marocain. \u00c0 utiliser<\/p>\n<p>sous la douche ou dans le bain<\/p>","protected":false},"excerpt":{"rendered":"<p>Le gel douche hydratant \u00e0 l\u2019huile d\u2019argan associe les vertus nourrissantes et protectrices de l\u2019huile d\u2019argan \u00e0 celles antiseptiques et nettoyantes. Il nettoie le corps en laissant une sensation de douceur sur la peau. Sa mousse riche \u00e0 la texture ultra l\u00e9g\u00e8re offre un v\u00e9ritable moment de bien- \u00eatre. Votre peau reste douce, hydrat\u00e9e et [&hellip;]<\/p>\n","protected":false},"featured_media":8105,"comment_status":"open","ping_status":"closed","template":"","meta":{"_uag_custom_page_level_css":"","site-sidebar-layout":"default","site-content-layout":"","ast-site-content-layout":"default","site-content-style":"default","site-sidebar-style":"default","ast-global-header-display":"","ast-banner-title-visibility":"","ast-main-header-display":"","ast-hfb-above-header-display":"","ast-hfb-below-header-display":"","ast-hfb-mobile-header-display":"","site-post-title":"","ast-breadcrumbs-content":"","ast-featured-img":"","footer-sml-layout":"","ast-disable-related-posts":"","theme-transparent-header-meta":"default","adv-header-id-meta":"","stick-header-meta":"","header-above-stick-meta":"","header-main-stick-meta":"","header-below-stick-meta":"","astra-migrate-meta-layouts":"set","ast-page-background-enabled":"default","ast-page-background-meta":{"desktop":{"background-color":"","background-image":"","background-repeat":"repeat","background-position":"center center","background-size":"auto","background-attachment":"scroll","background-type":"","background-media":"","overlay-type":"","overlay-color":"","overlay-opacity":"","overlay-gradient":""},"tablet":{"background-color":"","background-image":"","background-repeat":"repeat","background-position":"center center","background-size":"auto","background-attachment":"scroll","background-type":"","background-media":"","overlay-type":"","overlay-color":"","overlay-opacity":"","overlay-gradient":""},"mobile":{"background-color":"","background-image":"","background-repeat":"repeat","background-position":"center center","background-size":"auto","background-attachment":"scroll","background-type":"","background-media":"","overlay-type":"","overlay-color":"","overlay-opacity":"","overlay-gradient":""}},"ast-content-background-meta":{"desktop":{"background-color":"var(--ast-global-color-5)","background-image":"","background-repeat":"repeat","background-position":"center center","background-size":"auto","background-attachment":"scroll","background-type":"","background-media":"","overlay-type":"","overlay-color":"","overlay-opacity":"","overlay-gradient":""},"tablet":{"background-color":"var(--ast-global-color-5)","background-image":"","background-repeat":"repeat","background-position":"center center","background-size":"auto","background-attachment":"scroll","background-type":"","background-media":"","overlay-type":"","overlay-color":"","overlay-opacity":"","overlay-gradient":""},"mobile":{"background-color":"var(--ast-global-color-5)","background-image":"","background-repeat":"repeat","background-position":"center center","background-size":"auto","background-attachment":"scroll","background-type":"","background-media":"","overlay-type":"","overlay-color":"","overlay-opacity":"","overlay-gradient":""}}},"product_brand":[],"product_cat":[16],"product_tag":[],"class_list":{"0":"post-7535","1":"product","2":"type-product","3":"status-publish","4":"has-post-thumbnail","6":"product_cat-cosmetique","7":"desktop-align-center","8":"tablet-align-center","9":"mobile-align-center","11":"first","12":"instock","13":"featured","14":"shipping-taxable","15":"purchasable","16":"product-type-simple"},"aioseo_notices":[],"uagb_featured_image_src":{"full":["https:\/\/allbiomorocco.com\/wp-content\/uploads\/2026\/01\/gel_douche_argan.jpg",575,1024,false],"thumbnail":["https:\/\/allbiomorocco.com\/wp-content\/uploads\/2026\/01\/gel_douche_argan-150x150.jpg",150,150,true],"medium":["https:\/\/allbiomorocco.com\/wp-content\/uploads\/2026\/01\/gel_douche_argan-168x300.jpg",168,300,true],"medium_large":["https:\/\/allbiomorocco.com\/wp-content\/uploads\/2026\/01\/gel_douche_argan.jpg",575,1024,false],"large":["https:\/\/allbiomorocco.com\/wp-content\/uploads\/2026\/01\/gel_douche_argan.jpg",575,1024,false],"1536x1536":["https:\/\/allbiomorocco.com\/wp-content\/uploads\/2026\/01\/gel_douche_argan.jpg",575,1024,false],"2048x2048":["https:\/\/allbiomorocco.com\/wp-content\/uploads\/2026\/01\/gel_douche_argan.jpg",575,1024,false],"trp-custom-language-flag":["https:\/\/allbiomorocco.com\/wp-content\/uploads\/2026\/01\/gel_douche_argan-7x12.jpg",7,12,true],"woocommerce_thumbnail":["https:\/\/allbiomorocco.com\/wp-content\/uploads\/2026\/01\/gel_douche_argan-300x300.jpg",300,300,true],"woocommerce_single":["https:\/\/allbiomorocco.com\/wp-content\/uploads\/2026\/01\/gel_douche_argan.jpg",575,1024,false],"woocommerce_gallery_thumbnail":["https:\/\/allbiomorocco.com\/wp-content\/uploads\/2026\/01\/gel_douche_argan-100x100.jpg",100,100,true]},"uagb_author_info":{"display_name":"NOUZHA ABARDAQ","author_link":"https:\/\/allbiomorocco.com\/en\/author\/"},"uagb_comment_info":0,"uagb_excerpt":"Le gel douche hydratant \u00e0 l\u2019huile d\u2019argan associe les vertus nourrissantes et protectrices de l\u2019huile d\u2019argan \u00e0 celles antiseptiques et nettoyantes. Il nettoie le corps en laissant une sensation de douceur sur la peau. Sa mousse riche \u00e0 la texture ultra l\u00e9g\u00e8re offre un v\u00e9ritable moment de bien- \u00eatre. Votre peau reste douce, hydrat\u00e9e et&hellip;","_links":{"self":[{"href":"https:\/\/allbiomorocco.com\/en\/wp-json\/wp\/v2\/product\/7535","targetHints":{"allow":["GET"]}}],"collection":[{"href":"https:\/\/allbiomorocco.com\/en\/wp-json\/wp\/v2\/product"}],"about":[{"href":"https:\/\/allbiomorocco.com\/en\/wp-json\/wp\/v2\/types\/product"}],"replies":[{"embeddable":true,"href":"https:\/\/allbiomorocco.com\/en\/wp-json\/wp\/v2\/comments?post=7535"}],"wp:featuredmedia":[{"embeddable":true,"href":"https:\/\/allbiomorocco.com\/en\/wp-json\/wp\/v2\/media\/8105"}],"wp:attachment":[{"href":"https:\/\/allbiomorocco.com\/en\/wp-json\/wp\/v2\/media?parent=7535"}],"wp:term":[{"taxonomy":"product_brand","embeddable":true,"href":"https:\/\/allbiomorocco.com\/en\/wp-json\/wp\/v2\/product_brand?post=7535"},{"taxonomy":"product_cat","embeddable":true,"href":"https:\/\/allbiomorocco.com\/en\/wp-json\/wp\/v2\/product_cat?post=7535"},{"taxonomy":"product_tag","embeddable":true,"href":"https:\/\/allbiomorocco.com\/en\/wp-json\/wp\/v2\/product_tag?post=7535"}],"curies":[{"name":"wp","href":"https:\/\/api.w.org\/{rel}","templated":true}]}}