{"id":7536,"date":"2026-01-21T13:49:24","date_gmt":"2026-01-21T13:49:24","guid":{"rendered":"https:\/\/allbiomorocco.com\/?post_type=product&#038;p=7536"},"modified":"2026-04-10T18:46:27","modified_gmt":"2026-04-10T18:46:27","slug":"savon-marocaintraditionnel-argan","status":"publish","type":"product","link":"https:\/\/allbiomorocco.com\/en\/product\/savon-marocaintraditionnel-argan\/","title":{"rendered":"Savon MarocainTraditionnel Argan"},"content":{"rendered":"<p>Le savon \u00e0 l\u2019huile d\u2019argan a une merveilleuse texture cr\u00e9meuse et onctueuse, une couleur fonc\u00e9e<\/p>\n<p>et profonde. Il est id\u00e9al pour \u00e9liminer les toxines du corps et pr\u00e9parer la peau au gommage au<\/p>\n<p>hammam. C\u2019est un savon noir beldi Allbiomorocco , fabriqu\u00e9 exclusivement \u00e0 partir de produits<\/p>\n<p>naturels v\u00e9g\u00e9taux issus du terroir marocain. L\u2019huile d\u2019argan est tr\u00e8s riche en actifs insaponifiables<\/p>\n<p>recherch\u00e9s en cosm\u00e9tique, comme la vitamine E, les om\u00e9gas 6 et 9, les st\u00e9rols et les compos\u00e9s<\/p>\n<p>ph\u00e9noliques. Elle poss\u00e8de aussi des propri\u00e9t\u00e9s antioxydantes qui ralentissent le vieillissement<\/p>\n<p>cutan\u00e9. Ainsi, Apia vous garantie une huile d\u2019argan 100 % naturelle d\u2019une qualit\u00e9 exceptionnelle<\/p>\n<p>gr\u00e2ce au soin m\u00e9ticuleux apport\u00e9 \u00e0 toutes les \u00e9tapes d\u2019un processus ma\u00eetris\u00e9. La gamme savons<\/p>\n<p>noirs est con\u00e7u pour conserver la forme d\u2019hygi\u00e8ne traditionnelle. Chaque savon est issu des plantes<\/p>\n<p>naturelles. Appliquez \u00e0 la main le savon noir en couche semi-\u00e9paisse sur une peau humide et<\/p>\n<p>propre et laissez agir pendant dix minutes. Proc\u00e9dez ensuite au gommage avec un gant de<\/p>\n<p>gommage traditionnel kessa. Rincez abondamment. Pour le visage, \u00e9vitez le contour des yeux,<\/p>\n<p>utilisez une houppette de maquillage et rincez. Le savon Argan beldi est fabriqu\u00e9 exclusivement \u00e0<\/p>\n<p>partir de produits naturels issus du terroir marocain.<\/p>","protected":false},"excerpt":{"rendered":"<p>Le savon \u00e0 l\u2019huile d\u2019argan a une merveilleuse texture cr\u00e9meuse et onctueuse, une couleur fonc\u00e9e et profonde. Il est id\u00e9al pour \u00e9liminer les toxines du corps et pr\u00e9parer la peau au gommage au hammam. C\u2019est un savon noir beldi Allbiomorocco , fabriqu\u00e9 exclusivement \u00e0 partir de produits naturels v\u00e9g\u00e9taux issus du terroir marocain. L\u2019huile d\u2019argan [&hellip;]<\/p>\n","protected":false},"featured_media":6067,"comment_status":"open","ping_status":"closed","template":"","meta":{"_uag_custom_page_level_css":"","site-sidebar-layout":"default","site-content-layout":"","ast-site-content-layout":"default","site-content-style":"default","site-sidebar-style":"default","ast-global-header-display":"","ast-banner-title-visibility":"","ast-main-header-display":"","ast-hfb-above-header-display":"","ast-hfb-below-header-display":"","ast-hfb-mobile-header-display":"","site-post-title":"","ast-breadcrumbs-content":"","ast-featured-img":"","footer-sml-layout":"","ast-disable-related-posts":"","theme-transparent-header-meta":"default","adv-header-id-meta":"","stick-header-meta":"","header-above-stick-meta":"","header-main-stick-meta":"","header-below-stick-meta":"","astra-migrate-meta-layouts":"set","ast-page-background-enabled":"default","ast-page-background-meta":{"desktop":{"background-color":"","background-image":"","background-repeat":"repeat","background-position":"center center","background-size":"auto","background-attachment":"scroll","background-type":"","background-media":"","overlay-type":"","overlay-color":"","overlay-opacity":"","overlay-gradient":""},"tablet":{"background-color":"","background-image":"","background-repeat":"repeat","background-position":"center center","background-size":"auto","background-attachment":"scroll","background-type":"","background-media":"","overlay-type":"","overlay-color":"","overlay-opacity":"","overlay-gradient":""},"mobile":{"background-color":"","background-image":"","background-repeat":"repeat","background-position":"center center","background-size":"auto","background-attachment":"scroll","background-type":"","background-media":"","overlay-type":"","overlay-color":"","overlay-opacity":"","overlay-gradient":""}},"ast-content-background-meta":{"desktop":{"background-color":"var(--ast-global-color-5)","background-image":"","background-repeat":"repeat","background-position":"center center","background-size":"auto","background-attachment":"scroll","background-type":"","background-media":"","overlay-type":"","overlay-color":"","overlay-opacity":"","overlay-gradient":""},"tablet":{"background-color":"var(--ast-global-color-5)","background-image":"","background-repeat":"repeat","background-position":"center center","background-size":"auto","background-attachment":"scroll","background-type":"","background-media":"","overlay-type":"","overlay-color":"","overlay-opacity":"","overlay-gradient":""},"mobile":{"background-color":"var(--ast-global-color-5)","background-image":"","background-repeat":"repeat","background-position":"center center","background-size":"auto","background-attachment":"scroll","background-type":"","background-media":"","overlay-type":"","overlay-color":"","overlay-opacity":"","overlay-gradient":""}}},"product_brand":[],"product_cat":[16],"product_tag":[],"class_list":{"0":"post-7536","1":"product","2":"type-product","3":"status-publish","4":"has-post-thumbnail","6":"product_cat-cosmetique","7":"desktop-align-center","8":"tablet-align-center","9":"mobile-align-center","11":"first","12":"instock","13":"featured","14":"shipping-taxable","15":"purchasable","16":"product-type-simple"},"aioseo_notices":[],"uagb_featured_image_src":{"full":["https:\/\/allbiomorocco.com\/wp-content\/uploads\/2026\/01\/savon_traditionnel_argan.png",1536,1024,false],"thumbnail":["https:\/\/allbiomorocco.com\/wp-content\/uploads\/2026\/01\/savon_traditionnel_argan-150x150.png",150,150,true],"medium":["https:\/\/allbiomorocco.com\/wp-content\/uploads\/2026\/01\/savon_traditionnel_argan-300x200.png",300,200,true],"medium_large":["https:\/\/allbiomorocco.com\/wp-content\/uploads\/2026\/01\/savon_traditionnel_argan-768x512.png",768,512,true],"large":["https:\/\/allbiomorocco.com\/wp-content\/uploads\/2026\/01\/savon_traditionnel_argan-1024x683.png",1024,683,true],"1536x1536":["https:\/\/allbiomorocco.com\/wp-content\/uploads\/2026\/01\/savon_traditionnel_argan.png",1536,1024,false],"2048x2048":["https:\/\/allbiomorocco.com\/wp-content\/uploads\/2026\/01\/savon_traditionnel_argan.png",1536,1024,false],"trp-custom-language-flag":["https:\/\/allbiomorocco.com\/wp-content\/uploads\/2026\/01\/savon_traditionnel_argan.png",18,12,false],"woocommerce_thumbnail":["https:\/\/allbiomorocco.com\/wp-content\/uploads\/2026\/01\/savon_traditionnel_argan-300x300.png",300,300,true],"woocommerce_single":["https:\/\/allbiomorocco.com\/wp-content\/uploads\/2026\/01\/savon_traditionnel_argan-600x400.png",600,400,true],"woocommerce_gallery_thumbnail":["https:\/\/allbiomorocco.com\/wp-content\/uploads\/2026\/01\/savon_traditionnel_argan-100x100.png",100,100,true]},"uagb_author_info":{"display_name":"NOUZHA ABARDAQ","author_link":"https:\/\/allbiomorocco.com\/en\/author\/"},"uagb_comment_info":0,"uagb_excerpt":"Le savon \u00e0 l\u2019huile d\u2019argan a une merveilleuse texture cr\u00e9meuse et onctueuse, une couleur fonc\u00e9e et profonde. Il est id\u00e9al pour \u00e9liminer les toxines du corps et pr\u00e9parer la peau au gommage au hammam. C\u2019est un savon noir beldi Allbiomorocco , fabriqu\u00e9 exclusivement \u00e0 partir de produits naturels v\u00e9g\u00e9taux issus du terroir marocain. L\u2019huile d\u2019argan&hellip;","_links":{"self":[{"href":"https:\/\/allbiomorocco.com\/en\/wp-json\/wp\/v2\/product\/7536","targetHints":{"allow":["GET"]}}],"collection":[{"href":"https:\/\/allbiomorocco.com\/en\/wp-json\/wp\/v2\/product"}],"about":[{"href":"https:\/\/allbiomorocco.com\/en\/wp-json\/wp\/v2\/types\/product"}],"replies":[{"embeddable":true,"href":"https:\/\/allbiomorocco.com\/en\/wp-json\/wp\/v2\/comments?post=7536"}],"wp:featuredmedia":[{"embeddable":true,"href":"https:\/\/allbiomorocco.com\/en\/wp-json\/wp\/v2\/media\/6067"}],"wp:attachment":[{"href":"https:\/\/allbiomorocco.com\/en\/wp-json\/wp\/v2\/media?parent=7536"}],"wp:term":[{"taxonomy":"product_brand","embeddable":true,"href":"https:\/\/allbiomorocco.com\/en\/wp-json\/wp\/v2\/product_brand?post=7536"},{"taxonomy":"product_cat","embeddable":true,"href":"https:\/\/allbiomorocco.com\/en\/wp-json\/wp\/v2\/product_cat?post=7536"},{"taxonomy":"product_tag","embeddable":true,"href":"https:\/\/allbiomorocco.com\/en\/wp-json\/wp\/v2\/product_tag?post=7536"}],"curies":[{"name":"wp","href":"https:\/\/api.w.org\/{rel}","templated":true}]}}