{"id":7537,"date":"2026-01-21T13:49:24","date_gmt":"2026-01-21T13:49:24","guid":{"rendered":"https:\/\/allbiomorocco.com\/?post_type=product&#038;p=7537"},"modified":"2026-04-11T16:50:59","modified_gmt":"2026-04-11T16:50:59","slug":"savon-argan","status":"publish","type":"product","link":"https:\/\/allbiomorocco.com\/en\/product\/savon-argan\/","title":{"rendered":"Savon  Solid Argan"},"content":{"rendered":"<p>Le savon Argan, 100 % naturel \u00e0 l\u2019huile d\u2019argan hydrate et prot\u00e8ge votre peau. Ce savon sur gras<\/p>\n<p>prend soin de votre peau et ne l\u2019agresse pas. Il est id\u00e9al pour un usage quotidien. L\u2019huile d\u2019argan<\/p>\n<p>est tr\u00e8s riche en actifs insaponifiables recherch\u00e9s en cosm\u00e9tique, comme la vitamine E, les om\u00e9gas<\/p>\n<p>6 et 9, les st\u00e9rols et les compos\u00e9s ph\u00e9noliques. Elle poss\u00e8de des propri\u00e9t\u00e9s antioxydants qui<\/p>\n<p>ralentissent le vieillissement cutan\u00e9. Elle prot\u00e8ge et assouplit la peau. Ainsi, Allbiomorocco<\/p>\n<p>garantie une huile d\u2019argan 100 % naturelle d\u2019une qualit\u00e9 exceptionnelle gr\u00e2ce au soin m\u00e9ticuleux<\/p>\n<p>apport\u00e9 \u00e0 toutes les \u00e9tapes d\u2019un processus ma\u00eetris\u00e9, depuis la cueillette jusqu\u2019au pressage final \u00e0<\/p>\n<p>froid. Par ailleurs, le jasmin, symbole de la beaut\u00e9 et de la s\u00e9duction f\u00e9minine, est subtilement<\/p>\n<p>odorant. Son parfum capiteux et fleuri est tr\u00e8s recherch\u00e9 dans l\u2019Orient depuis la nuit des temps. La<\/p>\n<p>gamme Rituels Hammam d\u2019Allbiomorocco vous fait red\u00e9couvrir les bienfaits du hammam marocain<\/p>\n<p>gr\u00e2ce \u00e0 ses senteurs parfum\u00e9es et ses textures douces et onctueuses. \u00c0 utiliser pendant le bain ou<\/p>\n<p>sous la douche.<\/p>","protected":false},"excerpt":{"rendered":"<p>Le savon Argan, 100 % naturel \u00e0 l\u2019huile d\u2019argan hydrate et prot\u00e8ge votre peau. Ce savon sur gras prend soin de votre peau et ne l\u2019agresse pas. Il est id\u00e9al pour un usage quotidien. L\u2019huile d\u2019argan est tr\u00e8s riche en actifs insaponifiables recherch\u00e9s en cosm\u00e9tique, comme la vitamine E, les om\u00e9gas 6 et 9, les [&hellip;]<\/p>\n","protected":false},"featured_media":8178,"comment_status":"open","ping_status":"closed","template":"","meta":{"_uag_custom_page_level_css":"","site-sidebar-layout":"default","site-content-layout":"","ast-site-content-layout":"default","site-content-style":"default","site-sidebar-style":"default","ast-global-header-display":"","ast-banner-title-visibility":"","ast-main-header-display":"","ast-hfb-above-header-display":"","ast-hfb-below-header-display":"","ast-hfb-mobile-header-display":"","site-post-title":"","ast-breadcrumbs-content":"","ast-featured-img":"","footer-sml-layout":"","ast-disable-related-posts":"","theme-transparent-header-meta":"default","adv-header-id-meta":"","stick-header-meta":"","header-above-stick-meta":"","header-main-stick-meta":"","header-below-stick-meta":"","astra-migrate-meta-layouts":"set","ast-page-background-enabled":"default","ast-page-background-meta":{"desktop":{"background-color":"","background-image":"","background-repeat":"repeat","background-position":"center center","background-size":"auto","background-attachment":"scroll","background-type":"","background-media":"","overlay-type":"","overlay-color":"","overlay-opacity":"","overlay-gradient":""},"tablet":{"background-color":"","background-image":"","background-repeat":"repeat","background-position":"center center","background-size":"auto","background-attachment":"scroll","background-type":"","background-media":"","overlay-type":"","overlay-color":"","overlay-opacity":"","overlay-gradient":""},"mobile":{"background-color":"","background-image":"","background-repeat":"repeat","background-position":"center center","background-size":"auto","background-attachment":"scroll","background-type":"","background-media":"","overlay-type":"","overlay-color":"","overlay-opacity":"","overlay-gradient":""}},"ast-content-background-meta":{"desktop":{"background-color":"var(--ast-global-color-5)","background-image":"","background-repeat":"repeat","background-position":"center center","background-size":"auto","background-attachment":"scroll","background-type":"","background-media":"","overlay-type":"","overlay-color":"","overlay-opacity":"","overlay-gradient":""},"tablet":{"background-color":"var(--ast-global-color-5)","background-image":"","background-repeat":"repeat","background-position":"center center","background-size":"auto","background-attachment":"scroll","background-type":"","background-media":"","overlay-type":"","overlay-color":"","overlay-opacity":"","overlay-gradient":""},"mobile":{"background-color":"var(--ast-global-color-5)","background-image":"","background-repeat":"repeat","background-position":"center center","background-size":"auto","background-attachment":"scroll","background-type":"","background-media":"","overlay-type":"","overlay-color":"","overlay-opacity":"","overlay-gradient":""}}},"product_brand":[],"product_cat":[16],"product_tag":[],"class_list":{"0":"post-7537","1":"product","2":"type-product","3":"status-publish","4":"has-post-thumbnail","6":"product_cat-cosmetique","7":"desktop-align-center","8":"tablet-align-center","9":"mobile-align-center","11":"first","12":"instock","13":"shipping-taxable","14":"purchasable","15":"product-type-simple"},"aioseo_notices":[],"uagb_featured_image_src":{"full":["https:\/\/allbiomorocco.com\/wp-content\/uploads\/2026\/01\/savon_argan-1.png",1728,2496,false],"thumbnail":["https:\/\/allbiomorocco.com\/wp-content\/uploads\/2026\/01\/savon_argan-1-150x150.png",150,150,true],"medium":["https:\/\/allbiomorocco.com\/wp-content\/uploads\/2026\/01\/savon_argan-1-208x300.png",208,300,true],"medium_large":["https:\/\/allbiomorocco.com\/wp-content\/uploads\/2026\/01\/savon_argan-1-768x1109.png",768,1109,true],"large":["https:\/\/allbiomorocco.com\/wp-content\/uploads\/2026\/01\/savon_argan-1-709x1024.png",709,1024,true],"1536x1536":["https:\/\/allbiomorocco.com\/wp-content\/uploads\/2026\/01\/savon_argan-1-1063x1536.png",1063,1536,true],"2048x2048":["https:\/\/allbiomorocco.com\/wp-content\/uploads\/2026\/01\/savon_argan-1-1418x2048.png",1418,2048,true],"trp-custom-language-flag":["https:\/\/allbiomorocco.com\/wp-content\/uploads\/2026\/01\/savon_argan-1-8x12.png",8,12,true],"woocommerce_thumbnail":["https:\/\/allbiomorocco.com\/wp-content\/uploads\/2026\/01\/savon_argan-1-300x300.png",300,300,true],"woocommerce_single":["https:\/\/allbiomorocco.com\/wp-content\/uploads\/2026\/01\/savon_argan-1-600x867.png",600,867,true],"woocommerce_gallery_thumbnail":["https:\/\/allbiomorocco.com\/wp-content\/uploads\/2026\/01\/savon_argan-1-100x100.png",100,100,true]},"uagb_author_info":{"display_name":"NOUZHA ABARDAQ","author_link":"https:\/\/allbiomorocco.com\/en\/author\/"},"uagb_comment_info":0,"uagb_excerpt":"Le savon Argan, 100 % naturel \u00e0 l\u2019huile d\u2019argan hydrate et prot\u00e8ge votre peau. Ce savon sur gras prend soin de votre peau et ne l\u2019agresse pas. Il est id\u00e9al pour un usage quotidien. L\u2019huile d\u2019argan est tr\u00e8s riche en actifs insaponifiables recherch\u00e9s en cosm\u00e9tique, comme la vitamine E, les om\u00e9gas 6 et 9, les&hellip;","_links":{"self":[{"href":"https:\/\/allbiomorocco.com\/en\/wp-json\/wp\/v2\/product\/7537","targetHints":{"allow":["GET"]}}],"collection":[{"href":"https:\/\/allbiomorocco.com\/en\/wp-json\/wp\/v2\/product"}],"about":[{"href":"https:\/\/allbiomorocco.com\/en\/wp-json\/wp\/v2\/types\/product"}],"replies":[{"embeddable":true,"href":"https:\/\/allbiomorocco.com\/en\/wp-json\/wp\/v2\/comments?post=7537"}],"wp:featuredmedia":[{"embeddable":true,"href":"https:\/\/allbiomorocco.com\/en\/wp-json\/wp\/v2\/media\/8178"}],"wp:attachment":[{"href":"https:\/\/allbiomorocco.com\/en\/wp-json\/wp\/v2\/media?parent=7537"}],"wp:term":[{"taxonomy":"product_brand","embeddable":true,"href":"https:\/\/allbiomorocco.com\/en\/wp-json\/wp\/v2\/product_brand?post=7537"},{"taxonomy":"product_cat","embeddable":true,"href":"https:\/\/allbiomorocco.com\/en\/wp-json\/wp\/v2\/product_cat?post=7537"},{"taxonomy":"product_tag","embeddable":true,"href":"https:\/\/allbiomorocco.com\/en\/wp-json\/wp\/v2\/product_tag?post=7537"}],"curies":[{"name":"wp","href":"https:\/\/api.w.org\/{rel}","templated":true}]}}